{"id":1010,"date":"2014-06-10T14:13:24","date_gmt":"2014-06-10T14:13:24","guid":{"rendered":"http:\/\/divulgah2.es\/?page_id=1010"},"modified":"2014-06-10T16:01:41","modified_gmt":"2014-06-10T16:01:41","slug":"cuanto-sabes-de-nivel-3","status":"publish","type":"page","link":"https:\/\/divulgah2.es\/en\/aprende-sobre\/cuanto-sabes-de\/cuanto-sabes-de-nivel-3\/","title":{"rendered":"What do you know about\u2026? (Level 3)"},"content":{"rendered":"<p><div id=\"watu_quiz\" class=\"quiz-area \">\n<form action=\"\" method=\"post\" class=\"quiz-form \" id=\"quiz-7\" >\n<div class='watu-question' id='question-1'><div class='question-content'><p>What elements can be combined to find hydrogen?<\/p>\n<\/div><input type='hidden' name='question_id[]' value='25' \/><div class='watu-questions-wrap '><input type='hidden' name='answer_ids[]' class='watu-answer-ids' value='401' \/><div class='watu-question-choice'><input type='radio' name='answer-25[]' id='answer-id-401' class='answer answer-1  answerof-25' value='401' \/>&nbsp;<label for='answer-id-401' id='answer-label-401' class=' answer label-1'><span class='answer'>Con la madera<\/span><\/label><\/div>\n<input type='hidden' name='answer_ids[]' class='watu-answer-ids' value='402' \/><div class='watu-question-choice'><input type='radio' name='answer-25[]' id='answer-id-402' class='answer answer-1  answerof-25' value='402' \/>&nbsp;<label for='answer-id-402' id='answer-label-402' class=' answer label-1'><span class='answer'>Con ox\u00edgeno para formar agua o carbono para formar hidrocarburos<\/span><\/label><\/div>\n<input type='hidden' name='answer_ids[]' class='watu-answer-ids' value='403' \/><div class='watu-question-choice'><input type='radio' name='answer-25[]' id='answer-id-403' class='answer answer-1  answerof-25' value='403' \/>&nbsp;<label for='answer-id-403' id='answer-label-403' class=' answer label-1'><span class='answer'>Con ning\u00fan elemento, el hidr\u00f3geno se encuentra aislado<\/span><\/label><\/div>\n<input type='hidden' name='answer_ids[]' class='watu-answer-ids' value='404' \/><div class='watu-question-choice'><input type='radio' name='answer-25[]' id='answer-id-404' class='answer answer-1  answerof-25' value='404' \/>&nbsp;<label for='answer-id-404' id='answer-label-404' class=' answer label-1'><span class='answer'>Ninguna de las respuestas anteriores es correcta<\/span><\/label><\/div>\n<\/div><input type='hidden' id='questionType1' value='radio' class='required'><\/div><div class='watu-question' id='question-2'><div class='question-content'><p>The energy released by a kilogram of hydrogen is &#8230;<\/p>\n<\/div><input type='hidden' name='question_id[]' value='26' \/><div class='watu-questions-wrap '><input type='hidden' name='answer_ids[]' class='watu-answer-ids' value='405' \/><div class='watu-question-choice'><input type='radio' name='answer-26[]' id='answer-id-405' class='answer answer-2  answerof-26' value='405' \/>&nbsp;<label for='answer-id-405' id='answer-label-405' class=' answer label-2'><span class='answer'>Menor que la liberada por la gasolina<\/span><\/label><\/div>\n<input type='hidden' name='answer_ids[]' class='watu-answer-ids' value='406' \/><div class='watu-question-choice'><input type='radio' name='answer-26[]' id='answer-id-406' class='answer answer-2  answerof-26' value='406' \/>&nbsp;<label for='answer-id-406' id='answer-label-406' class=' answer label-2'><span class='answer'>Igual que la liberada por la gasolina<\/span><\/label><\/div>\n<input type='hidden' name='answer_ids[]' class='watu-answer-ids' value='407' \/><div class='watu-question-choice'><input type='radio' name='answer-26[]' id='answer-id-407' class='answer answer-2  answerof-26' value='407' \/>&nbsp;<label for='answer-id-407' id='answer-label-407' class=' answer label-2'><span class='answer'>Mayor que la liberada por la gasolina<\/span><\/label><\/div>\n<input type='hidden' name='answer_ids[]' class='watu-answer-ids' value='408' \/><div class='watu-question-choice'><input type='radio' name='answer-26[]' id='answer-id-408' class='answer answer-2  answerof-26' value='408' \/>&nbsp;<label for='answer-id-408' id='answer-label-408' class=' answer label-2'><span class='answer'>No se libera energ\u00eda<\/span><\/label><\/div>\n<\/div><input type='hidden' id='questionType2' value='radio' class='required'><\/div><div class='watu-question' id='question-3'><div class='question-content'><p>Hydrogen storage as a compressed gas &#8230;<\/p>\n<\/div><input type='hidden' name='question_id[]' value='27' \/><div class='watu-questions-wrap '><input type='hidden' name='answer_ids[]' class='watu-answer-ids' value='409' \/><div class='watu-question-choice'><input type='radio' name='answer-27[]' id='answer-id-409' class='answer answer-3  answerof-27' value='409' \/>&nbsp;<label for='answer-id-409' id='answer-label-409' class=' answer label-3'><span class='answer'>Es una t\u00e9cnica poco conocida<\/span><\/label><\/div>\n<input type='hidden' name='answer_ids[]' class='watu-answer-ids' value='410' \/><div class='watu-question-choice'><input type='radio' name='answer-27[]' id='answer-id-410' class='answer answer-3  answerof-27' value='410' \/>&nbsp;<label for='answer-id-410' id='answer-label-410' class=' answer label-3'><span class='answer'>Se puede almacenar hidr\u00f3geno hasta presiones de 700 bar<\/span><\/label><\/div>\n<input type='hidden' name='answer_ids[]' class='watu-answer-ids' value='411' \/><div class='watu-question-choice'><input type='radio' name='answer-27[]' id='answer-id-411' class='answer answer-3  answerof-27' value='411' \/>&nbsp;<label for='answer-id-411' id='answer-label-411' class=' answer label-3'><span class='answer'>Es una t\u00e9cnica cara y poco disponible<\/span><\/label><\/div>\n<input type='hidden' name='answer_ids[]' class='watu-answer-ids' value='412' \/><div class='watu-question-choice'><input type='radio' name='answer-27[]' id='answer-id-412' class='answer answer-3  answerof-27' value='412' \/>&nbsp;<label for='answer-id-412' id='answer-label-412' class=' answer label-3'><span class='answer'>No es recomendable<\/span><\/label><\/div>\n<\/div><input type='hidden' id='questionType3' value='radio' class='required'><\/div><div class='watu-question' id='question-4'><div class='question-content'><p>What is a hidrogenera?<\/p>\n<\/div><input type='hidden' name='question_id[]' value='28' \/><div class='watu-questions-wrap '><input type='hidden' name='answer_ids[]' class='watu-answer-ids' value='413' \/><div class='watu-question-choice'><input type='radio' name='answer-28[]' id='answer-id-413' class='answer answer-4  answerof-28' value='413' \/>&nbsp;<label for='answer-id-413' id='answer-label-413' class=' answer label-4'><span class='answer'>Es un sistema que suministra agua<\/span><\/label><\/div>\n<input type='hidden' name='answer_ids[]' class='watu-answer-ids' value='414' \/><div class='watu-question-choice'><input type='radio' name='answer-28[]' id='answer-id-414' class='answer answer-4  answerof-28' value='414' \/>&nbsp;<label for='answer-id-414' id='answer-label-414' class=' answer label-4'><span class='answer'>Es una estaci\u00f3n de servicio que suministra hidr\u00f3geno<\/span><\/label><\/div>\n<input type='hidden' name='answer_ids[]' class='watu-answer-ids' value='415' \/><div class='watu-question-choice'><input type='radio' name='answer-28[]' id='answer-id-415' class='answer answer-4  answerof-28' value='415' \/>&nbsp;<label for='answer-id-415' id='answer-label-415' class=' answer label-4'><span class='answer'>Es un dispositivo que genera electricidad y calor<\/span><\/label><\/div>\n<input type='hidden' name='answer_ids[]' class='watu-answer-ids' value='416' \/><div class='watu-question-choice'><input type='radio' name='answer-28[]' id='answer-id-416' class='answer answer-4  answerof-28' value='416' \/>&nbsp;<label for='answer-id-416' id='answer-label-416' class=' answer label-4'><span class='answer'>Ninguna de las respuestas es correcta<\/span><\/label><\/div>\n<\/div><input type='hidden' id='questionType4' value='radio' class='required'><\/div><div class='watu-question' id='question-5'><div class='question-content'><p>Which of the following do they form split components of a fuel cell?<\/p>\n<\/div><input type='hidden' name='question_id[]' value='29' \/><div class='watu-questions-wrap '><input type='hidden' name='answer_ids[]' class='watu-answer-ids' value='417' \/><div class='watu-question-choice'><input type='radio' name='answer-29[]' id='answer-id-417' class='answer answer-5  answerof-29' value='417' \/>&nbsp;<label for='answer-id-417' id='answer-label-417' class=' answer label-5'><span class='answer'>V\u00e1lvula<\/span><\/label><\/div>\n<input type='hidden' name='answer_ids[]' class='watu-answer-ids' value='418' \/><div class='watu-question-choice'><input type='radio' name='answer-29[]' id='answer-id-418' class='answer answer-5  answerof-29' value='418' \/>&nbsp;<label for='answer-id-418' id='answer-label-418' class=' answer label-5'><span class='answer'>Filtros<\/span><\/label><\/div>\n<input type='hidden' name='answer_ids[]' class='watu-answer-ids' value='419' \/><div class='watu-question-choice'><input type='radio' name='answer-29[]' id='answer-id-419' class='answer answer-5  answerof-29' value='419' \/>&nbsp;<label for='answer-id-419' id='answer-label-419' class=' answer label-5'><span class='answer'>Bomba<\/span><\/label><\/div>\n<input type='hidden' name='answer_ids[]' class='watu-answer-ids' value='420' \/><div class='watu-question-choice'><input type='radio' name='answer-29[]' id='answer-id-420' class='answer answer-5  answerof-29' value='420' \/>&nbsp;<label for='answer-id-420' id='answer-label-420' class=' answer label-5'><span class='answer'>Electrodos (\u00e1nodo y c\u00e1todo)<\/span><\/label><\/div>\n<\/div><input type='hidden' id='questionType5' value='radio' class='required'><\/div><div class='watu-question' id='question-6'><div class='question-content'><p>What fuel cells can operate at higher temperatures?<\/p>\n<\/div><input type='hidden' name='question_id[]' value='30' \/><div class='watu-questions-wrap '><input type='hidden' name='answer_ids[]' class='watu-answer-ids' value='429' \/><div class='watu-question-choice'><input type='radio' name='answer-30[]' id='answer-id-429' class='answer answer-6  answerof-30' value='429' \/>&nbsp;<label for='answer-id-429' id='answer-label-429' class=' answer label-6'><span class='answer'>Pilas de combustible de \u00d3xidos S\u00f3lidos (SOFC)<\/span><\/label><\/div>\n<input type='hidden' name='answer_ids[]' class='watu-answer-ids' value='430' \/><div class='watu-question-choice'><input type='radio' name='answer-30[]' id='answer-id-430' class='answer answer-6  answerof-30' value='430' \/>&nbsp;<label for='answer-id-430' id='answer-label-430' class=' answer label-6'><span class='answer'>Pilas de combustible de Membrana Polim\u00e9rcia (PEMFC)<\/span><\/label><\/div>\n<input type='hidden' name='answer_ids[]' class='watu-answer-ids' value='431' \/><div class='watu-question-choice'><input type='radio' name='answer-30[]' id='answer-id-431' class='answer answer-6  answerof-30' value='431' \/>&nbsp;<label for='answer-id-431' id='answer-label-431' class=' answer label-6'><span class='answer'>Pilas de combustible de \u00c1cido Fosf\u00f3rico (PAFC)<\/span><\/label><\/div>\n<input type='hidden' name='answer_ids[]' class='watu-answer-ids' value='432' \/><div class='watu-question-choice'><input type='radio' name='answer-30[]' id='answer-id-432' class='answer answer-6  answerof-30' value='432' \/>&nbsp;<label for='answer-id-432' id='answer-label-432' class=' answer label-6'><span class='answer'>Pilas de combustible de Carbonatos Fundidos (MCFC)<\/span><\/label><\/div>\n<\/div><input type='hidden' id='questionType6' value='radio' class='required'><\/div><div class='watu-question' id='question-7'><div class='question-content'><p>What kind of applications MCFC fuel cells are used?<\/p>\n<\/div><input type='hidden' name='question_id[]' value='31' \/><div class='watu-questions-wrap '><input type='hidden' name='answer_ids[]' class='watu-answer-ids' value='421' \/><div class='watu-question-choice'><input type='radio' name='answer-31[]' id='answer-id-421' class='answer answer-7  answerof-31' value='421' \/>&nbsp;<label for='answer-id-421' id='answer-label-421' class=' answer label-7'><span class='answer'>Aplicaciones port\u00e1tiles<\/span><\/label><\/div>\n<input type='hidden' name='answer_ids[]' class='watu-answer-ids' value='422' \/><div class='watu-question-choice'><input type='radio' name='answer-31[]' id='answer-id-422' class='answer answer-7  answerof-31' value='422' \/>&nbsp;<label for='answer-id-422' id='answer-label-422' class=' answer label-7'><span class='answer'>Aplicaciones que requieren baja potencia<\/span><\/label><\/div>\n<input type='hidden' name='answer_ids[]' class='watu-answer-ids' value='423' \/><div class='watu-question-choice'><input type='radio' name='answer-31[]' id='answer-id-423' class='answer answer-7  answerof-31' value='423' \/>&nbsp;<label for='answer-id-423' id='answer-label-423' class=' answer label-7'><span class='answer'>Aplicaciones estacionarias que requieren elevada temperatura y potencia<\/span><\/label><\/div>\n<input type='hidden' name='answer_ids[]' class='watu-answer-ids' value='424' \/><div class='watu-question-choice'><input type='radio' name='answer-31[]' id='answer-id-424' class='answer answer-7  answerof-31' value='424' \/>&nbsp;<label for='answer-id-424' id='answer-label-424' class=' answer label-7'><span class='answer'>Aplicaciones espaciales<\/span><\/label><\/div>\n<\/div><input type='hidden' id='questionType7' value='radio' class='required'><\/div><div class='watu-question' id='question-8'><div class='question-content'><p>The risk of a hydrogen explosion is &#8230;<\/p>\n<\/div><input type='hidden' name='question_id[]' value='32' \/><div class='watu-questions-wrap '><input type='hidden' name='answer_ids[]' class='watu-answer-ids' value='425' \/><div class='watu-question-choice'><input type='radio' name='answer-32[]' id='answer-id-425' class='answer answer-8  answerof-32' value='425' \/>&nbsp;<label for='answer-id-425' id='answer-label-425' class=' answer label-8'><span class='answer'>Mayor que la gasolina o el gas natural porque es m\u00e1s pesado<\/span><\/label><\/div>\n<input type='hidden' name='answer_ids[]' class='watu-answer-ids' value='426' \/><div class='watu-question-choice'><input type='radio' name='answer-32[]' id='answer-id-426' class='answer answer-8  answerof-32' value='426' \/>&nbsp;<label for='answer-id-426' id='answer-label-426' class=' answer label-8'><span class='answer'>Menor que la gasolina o el gas natural porque es m\u00e1s ligero<\/span><\/label><\/div>\n<input type='hidden' name='answer_ids[]' class='watu-answer-ids' value='427' \/><div class='watu-question-choice'><input type='radio' name='answer-32[]' id='answer-id-427' class='answer answer-8  answerof-32' value='427' \/>&nbsp;<label for='answer-id-427' id='answer-label-427' class=' answer label-8'><span class='answer'>Tiene el mismo riesgo que otros combustibles<\/span><\/label><\/div>\n<input type='hidden' name='answer_ids[]' class='watu-answer-ids' value='428' \/><div class='watu-question-choice'><input type='radio' name='answer-32[]' id='answer-id-428' class='answer answer-8  answerof-32' value='428' \/>&nbsp;<label for='answer-id-428' id='answer-label-428' class=' answer label-8'><span class='answer'>El hidr\u00f3geno no tiene riesgo de explosi\u00f3n<\/span><\/label><\/div>\n<\/div><input type='hidden' id='questionType8' value='radio' class='required'><\/div><div style='display:none' id='question-9'><br \/><div class='question-content'><img loading=\"lazy\" decoding=\"async\" src=\"https:\/\/divulgah2.es\/wp-content\/plugins\/watu\/loading.gif\" width=\"16\" height=\"16\" alt=\"Loading ...\" title=\"Loading ...\" \/>&nbsp;Loading &#8230;<\/div><\/div><br \/>\n\t<p>Question <span id='numQ'>1<\/span> of 8<\/p>\n\t\t<input type=\"button\" id=\"next-question\" value=\"Next &gt;\"  \/>\n<input type=\"button\" name=\"action\" onclick=\"Watu.submitResult()\" id=\"action-button\" value=\"Submit\"  class=\"watu-submit-button\" \/>\n<input type=\"hidden\" name=\"no_ajax\" value=\"0\"><input type=\"hidden\" name=\"quiz_id\" value=\"7\" \/>\n<input type=\"hidden\" id=\"watuStartTime\" name=\"start_time\" value=\"2026-05-01 05:41:30\" \/>\n<\/form>\n<\/div>\n<div id=\"watu-loading-result\" style=\"display:none;\">\n\t<p align=\"center\"><img loading=\"lazy\" decoding=\"async\" src=\"https:\/\/divulgah2.es\/wp-content\/plugins\/watu\/loading.gif\" width=\"16\" height=\"16\" alt=\"Loading\" title=\"Loading\" \/><\/p>\n<\/div>\t\n<script type=\"text\/javascript\">\nvar exam_id=0;\nvar question_ids='';\nvar watuURL='';\njQuery(function($){\nquestion_ids = \"25,26,27,28,29,30,31,32\";\nexam_id = 7;\nWatu.exam_id = exam_id;\nWatu.qArr = question_ids.split(',');\nWatu.post_id = 1010;\nWatu.singlePage = '0';\nWatu.hAppID = \"0.76113900 1777614090\";\nwatuURL = \"https:\/\/divulgah2.es\/wp-admin\/admin-ajax.php\";\nWatu.noAlertUnanswered = 0;\n});\n<\/script><\/p>","protected":false},"excerpt":{"rendered":"","protected":false},"author":1,"featured_media":0,"parent":880,"menu_order":0,"comment_status":"closed","ping_status":"closed","template":"page_sidebar.php","meta":{"ngg_post_thumbnail":0,"footnotes":""},"class_list":["post-1010","page","type-page","status-publish","hentry"],"yoast_head":"<!-- This site is optimized with the Yoast SEO plugin v27.4 - https:\/\/yoast.com\/product\/yoast-seo-wordpress\/ -->\n<title>What do you know about\u2026? (Level 3)\u00bfCu\u00e1nto sabes de\u2026? (Nivel 3) - DivulgaH2<\/title>\n<meta name=\"robots\" content=\"index, follow, max-snippet:-1, max-image-preview:large, max-video-preview:-1\" \/>\n<link rel=\"canonical\" href=\"https:\/\/divulgah2.es\/aprende-sobre\/cuanto-sabes-de\/cuanto-sabes-de-nivel-3\/\" \/>\n<meta property=\"og:locale\" content=\"en_US\" \/>\n<meta property=\"og:type\" content=\"article\" \/>\n<meta property=\"og:title\" content=\"What do you know about\u2026? (Level 3)\u00bfCu\u00e1nto sabes de\u2026? (Nivel 3) - DivulgaH2\" \/>\n<meta property=\"og:url\" content=\"https:\/\/divulgah2.es\/aprende-sobre\/cuanto-sabes-de\/cuanto-sabes-de-nivel-3\/\" \/>\n<meta property=\"og:site_name\" content=\"DivulgaH2\" \/>\n<meta property=\"article:publisher\" content=\"https:\/\/www.facebook.com\/divulgah2?ref=hl\" \/>\n<meta property=\"article:modified_time\" content=\"2014-06-10T16:01:41+00:00\" \/>\n<script type=\"application\/ld+json\" class=\"yoast-schema-graph\">{\"@context\":\"https:\\\/\\\/schema.org\",\"@graph\":[{\"@type\":\"WebPage\",\"@id\":\"https:\\\/\\\/divulgah2.es\\\/aprende-sobre\\\/cuanto-sabes-de\\\/cuanto-sabes-de-nivel-3\\\/\",\"url\":\"https:\\\/\\\/divulgah2.es\\\/aprende-sobre\\\/cuanto-sabes-de\\\/cuanto-sabes-de-nivel-3\\\/\",\"name\":\"What do you know about\u2026? (Level 3)\u00bfCu\u00e1nto sabes de\u2026? (Nivel 3) - DivulgaH2\",\"isPartOf\":{\"@id\":\"https:\\\/\\\/divulgah2.es\\\/#website\"},\"datePublished\":\"2014-06-10T14:13:24+00:00\",\"dateModified\":\"2014-06-10T16:01:41+00:00\",\"breadcrumb\":{\"@id\":\"https:\\\/\\\/divulgah2.es\\\/aprende-sobre\\\/cuanto-sabes-de\\\/cuanto-sabes-de-nivel-3\\\/#breadcrumb\"},\"inLanguage\":\"en-US\",\"potentialAction\":[{\"@type\":\"ReadAction\",\"target\":[\"https:\\\/\\\/divulgah2.es\\\/aprende-sobre\\\/cuanto-sabes-de\\\/cuanto-sabes-de-nivel-3\\\/\"]}]},{\"@type\":\"BreadcrumbList\",\"@id\":\"https:\\\/\\\/divulgah2.es\\\/aprende-sobre\\\/cuanto-sabes-de\\\/cuanto-sabes-de-nivel-3\\\/#breadcrumb\",\"itemListElement\":[{\"@type\":\"ListItem\",\"position\":1,\"name\":\"Portada\",\"item\":\"https:\\\/\\\/divulgah2.es\\\/\"},{\"@type\":\"ListItem\",\"position\":2,\"name\":\"Aprende sobre&#8230;\",\"item\":\"https:\\\/\\\/divulgah2.es\\\/aprende-sobre\\\/\"},{\"@type\":\"ListItem\",\"position\":3,\"name\":\"\u00bfCu\u00e1nto sabes de&#8230;?\",\"item\":\"https:\\\/\\\/divulgah2.es\\\/aprende-sobre\\\/cuanto-sabes-de\\\/\"},{\"@type\":\"ListItem\",\"position\":4,\"name\":\"\u00bfCu\u00e1nto sabes de\u2026? (Nivel 3)\"}]},{\"@type\":\"WebSite\",\"@id\":\"https:\\\/\\\/divulgah2.es\\\/#website\",\"url\":\"https:\\\/\\\/divulgah2.es\\\/\",\"name\":\"DivulgaH2\",\"description\":\"Divulgaci\u00f3n de las tecnolog\u00edas de hidr\u00f3geno y pilas de combustible a la sociedad\",\"potentialAction\":[{\"@type\":\"SearchAction\",\"target\":{\"@type\":\"EntryPoint\",\"urlTemplate\":\"https:\\\/\\\/divulgah2.es\\\/?s={search_term_string}\"},\"query-input\":{\"@type\":\"PropertyValueSpecification\",\"valueRequired\":true,\"valueName\":\"search_term_string\"}}],\"inLanguage\":\"en-US\"}]}<\/script>\n<!-- \/ Yoast SEO plugin. -->","yoast_head_json":{"title":"What do you know about\u2026? (Level 3)\u00bfCu\u00e1nto sabes de\u2026? (Nivel 3) - DivulgaH2","robots":{"index":"index","follow":"follow","max-snippet":"max-snippet:-1","max-image-preview":"max-image-preview:large","max-video-preview":"max-video-preview:-1"},"canonical":"https:\/\/divulgah2.es\/aprende-sobre\/cuanto-sabes-de\/cuanto-sabes-de-nivel-3\/","og_locale":"en_US","og_type":"article","og_title":"What do you know about\u2026? (Level 3)\u00bfCu\u00e1nto sabes de\u2026? (Nivel 3) - DivulgaH2","og_url":"https:\/\/divulgah2.es\/aprende-sobre\/cuanto-sabes-de\/cuanto-sabes-de-nivel-3\/","og_site_name":"DivulgaH2","article_publisher":"https:\/\/www.facebook.com\/divulgah2?ref=hl","article_modified_time":"2014-06-10T16:01:41+00:00","schema":{"@context":"https:\/\/schema.org","@graph":[{"@type":"WebPage","@id":"https:\/\/divulgah2.es\/aprende-sobre\/cuanto-sabes-de\/cuanto-sabes-de-nivel-3\/","url":"https:\/\/divulgah2.es\/aprende-sobre\/cuanto-sabes-de\/cuanto-sabes-de-nivel-3\/","name":"What do you know about\u2026? (Level 3)\u00bfCu\u00e1nto sabes de\u2026? (Nivel 3) - DivulgaH2","isPartOf":{"@id":"https:\/\/divulgah2.es\/#website"},"datePublished":"2014-06-10T14:13:24+00:00","dateModified":"2014-06-10T16:01:41+00:00","breadcrumb":{"@id":"https:\/\/divulgah2.es\/aprende-sobre\/cuanto-sabes-de\/cuanto-sabes-de-nivel-3\/#breadcrumb"},"inLanguage":"en-US","potentialAction":[{"@type":"ReadAction","target":["https:\/\/divulgah2.es\/aprende-sobre\/cuanto-sabes-de\/cuanto-sabes-de-nivel-3\/"]}]},{"@type":"BreadcrumbList","@id":"https:\/\/divulgah2.es\/aprende-sobre\/cuanto-sabes-de\/cuanto-sabes-de-nivel-3\/#breadcrumb","itemListElement":[{"@type":"ListItem","position":1,"name":"Portada","item":"https:\/\/divulgah2.es\/"},{"@type":"ListItem","position":2,"name":"Aprende sobre&#8230;","item":"https:\/\/divulgah2.es\/aprende-sobre\/"},{"@type":"ListItem","position":3,"name":"\u00bfCu\u00e1nto sabes de&#8230;?","item":"https:\/\/divulgah2.es\/aprende-sobre\/cuanto-sabes-de\/"},{"@type":"ListItem","position":4,"name":"\u00bfCu\u00e1nto sabes de\u2026? (Nivel 3)"}]},{"@type":"WebSite","@id":"https:\/\/divulgah2.es\/#website","url":"https:\/\/divulgah2.es\/","name":"DivulgaH2","description":"Divulgaci\u00f3n de las tecnolog\u00edas de hidr\u00f3geno y pilas de combustible a la sociedad","potentialAction":[{"@type":"SearchAction","target":{"@type":"EntryPoint","urlTemplate":"https:\/\/divulgah2.es\/?s={search_term_string}"},"query-input":{"@type":"PropertyValueSpecification","valueRequired":true,"valueName":"search_term_string"}}],"inLanguage":"en-US"}]}},"_links":{"self":[{"href":"https:\/\/divulgah2.es\/en\/wp-json\/wp\/v2\/pages\/1010","targetHints":{"allow":["GET"]}}],"collection":[{"href":"https:\/\/divulgah2.es\/en\/wp-json\/wp\/v2\/pages"}],"about":[{"href":"https:\/\/divulgah2.es\/en\/wp-json\/wp\/v2\/types\/page"}],"author":[{"embeddable":true,"href":"https:\/\/divulgah2.es\/en\/wp-json\/wp\/v2\/users\/1"}],"replies":[{"embeddable":true,"href":"https:\/\/divulgah2.es\/en\/wp-json\/wp\/v2\/comments?post=1010"}],"version-history":[{"count":2,"href":"https:\/\/divulgah2.es\/en\/wp-json\/wp\/v2\/pages\/1010\/revisions"}],"predecessor-version":[{"id":1027,"href":"https:\/\/divulgah2.es\/en\/wp-json\/wp\/v2\/pages\/1010\/revisions\/1027"}],"up":[{"embeddable":true,"href":"https:\/\/divulgah2.es\/en\/wp-json\/wp\/v2\/pages\/880"}],"wp:attachment":[{"href":"https:\/\/divulgah2.es\/en\/wp-json\/wp\/v2\/media?parent=1010"}],"curies":[{"name":"wp","href":"https:\/\/api.w.org\/{rel}","templated":true}]}}