{"id":116,"date":"2012-12-11T16:26:35","date_gmt":"2012-12-11T16:26:35","guid":{"rendered":"http:\/\/blueowlcreative.com\/wp\/aqua\/?page_id=116"},"modified":"2014-09-02T12:32:05","modified_gmt":"2014-09-02T12:32:05","slug":"multimedia","status":"publish","type":"page","link":"https:\/\/divulgah2.es\/en\/multimedia\/","title":{"rendered":"Multimedia"},"content":{"rendered":"<p>Introducir texto<\/p>","protected":false},"excerpt":{"rendered":"<p>Introducir texto<\/p>\n","protected":false},"author":1,"featured_media":0,"parent":0,"menu_order":2,"comment_status":"closed","ping_status":"closed","template":"page_sidebar.php","meta":{"ngg_post_thumbnail":0,"footnotes":""},"class_list":["post-116","page","type-page","status-publish","hentry"],"yoast_head":"<!-- This site is optimized with the Yoast SEO plugin v27.4 - https:\/\/yoast.com\/product\/yoast-seo-wordpress\/ -->\n<title>MultimediaMultimedia - DivulgaH2<\/title>\n<meta name=\"description\" content=\"CONTENIDO MULTIMEDIA GENERADO POR LAS ACCIONES DEL PROYECTO DIVULGAH2\" \/>\n<meta name=\"robots\" content=\"index, follow, max-snippet:-1, max-image-preview:large, max-video-preview:-1\" \/>\n<link rel=\"canonical\" href=\"https:\/\/divulgah2.es\/multimedia\/\" \/>\n<meta property=\"og:locale\" content=\"en_US\" \/>\n<meta property=\"og:type\" content=\"article\" \/>\n<meta property=\"og:title\" content=\"MultimediaMultimedia - DivulgaH2\" \/>\n<meta property=\"og:description\" content=\"CONTENIDO MULTIMEDIA GENERADO POR LAS ACCIONES DEL PROYECTO DIVULGAH2\" \/>\n<meta property=\"og:url\" content=\"https:\/\/divulgah2.es\/multimedia\/\" \/>\n<meta property=\"og:site_name\" content=\"DivulgaH2\" \/>\n<meta property=\"article:publisher\" content=\"https:\/\/www.facebook.com\/divulgah2?ref=hl\" \/>\n<meta property=\"article:modified_time\" content=\"2014-09-02T12:32:05+00:00\" \/>\n<script type=\"application\/ld+json\" class=\"yoast-schema-graph\">{\"@context\":\"https:\\\/\\\/schema.org\",\"@graph\":[{\"@type\":\"WebPage\",\"@id\":\"https:\\\/\\\/divulgah2.es\\\/multimedia\\\/\",\"url\":\"https:\\\/\\\/divulgah2.es\\\/multimedia\\\/\",\"name\":\"MultimediaMultimedia - DivulgaH2\",\"isPartOf\":{\"@id\":\"https:\\\/\\\/divulgah2.es\\\/#website\"},\"datePublished\":\"2012-12-11T16:26:35+00:00\",\"dateModified\":\"2014-09-02T12:32:05+00:00\",\"description\":\"CONTENIDO MULTIMEDIA GENERADO POR LAS ACCIONES DEL PROYECTO DIVULGAH2\",\"breadcrumb\":{\"@id\":\"https:\\\/\\\/divulgah2.es\\\/multimedia\\\/#breadcrumb\"},\"inLanguage\":\"en-US\",\"potentialAction\":[{\"@type\":\"ReadAction\",\"target\":[\"https:\\\/\\\/divulgah2.es\\\/multimedia\\\/\"]}]},{\"@type\":\"BreadcrumbList\",\"@id\":\"https:\\\/\\\/divulgah2.es\\\/multimedia\\\/#breadcrumb\",\"itemListElement\":[{\"@type\":\"ListItem\",\"position\":1,\"name\":\"Portada\",\"item\":\"https:\\\/\\\/divulgah2.es\\\/\"},{\"@type\":\"ListItem\",\"position\":2,\"name\":\"Multimedia\"}]},{\"@type\":\"WebSite\",\"@id\":\"https:\\\/\\\/divulgah2.es\\\/#website\",\"url\":\"https:\\\/\\\/divulgah2.es\\\/\",\"name\":\"DivulgaH2\",\"description\":\"Divulgaci\u00f3n de las tecnolog\u00edas de hidr\u00f3geno y pilas de combustible a la sociedad\",\"potentialAction\":[{\"@type\":\"SearchAction\",\"target\":{\"@type\":\"EntryPoint\",\"urlTemplate\":\"https:\\\/\\\/divulgah2.es\\\/?s={search_term_string}\"},\"query-input\":{\"@type\":\"PropertyValueSpecification\",\"valueRequired\":true,\"valueName\":\"search_term_string\"}}],\"inLanguage\":\"en-US\"}]}<\/script>\n<!-- \/ Yoast SEO plugin. -->","yoast_head_json":{"title":"MultimediaMultimedia - DivulgaH2","description":"CONTENIDO MULTIMEDIA GENERADO POR LAS ACCIONES DEL PROYECTO DIVULGAH2","robots":{"index":"index","follow":"follow","max-snippet":"max-snippet:-1","max-image-preview":"max-image-preview:large","max-video-preview":"max-video-preview:-1"},"canonical":"https:\/\/divulgah2.es\/multimedia\/","og_locale":"en_US","og_type":"article","og_title":"MultimediaMultimedia - DivulgaH2","og_description":"CONTENIDO MULTIMEDIA GENERADO POR LAS ACCIONES DEL PROYECTO DIVULGAH2","og_url":"https:\/\/divulgah2.es\/multimedia\/","og_site_name":"DivulgaH2","article_publisher":"https:\/\/www.facebook.com\/divulgah2?ref=hl","article_modified_time":"2014-09-02T12:32:05+00:00","schema":{"@context":"https:\/\/schema.org","@graph":[{"@type":"WebPage","@id":"https:\/\/divulgah2.es\/multimedia\/","url":"https:\/\/divulgah2.es\/multimedia\/","name":"MultimediaMultimedia - DivulgaH2","isPartOf":{"@id":"https:\/\/divulgah2.es\/#website"},"datePublished":"2012-12-11T16:26:35+00:00","dateModified":"2014-09-02T12:32:05+00:00","description":"CONTENIDO MULTIMEDIA GENERADO POR LAS ACCIONES DEL PROYECTO DIVULGAH2","breadcrumb":{"@id":"https:\/\/divulgah2.es\/multimedia\/#breadcrumb"},"inLanguage":"en-US","potentialAction":[{"@type":"ReadAction","target":["https:\/\/divulgah2.es\/multimedia\/"]}]},{"@type":"BreadcrumbList","@id":"https:\/\/divulgah2.es\/multimedia\/#breadcrumb","itemListElement":[{"@type":"ListItem","position":1,"name":"Portada","item":"https:\/\/divulgah2.es\/"},{"@type":"ListItem","position":2,"name":"Multimedia"}]},{"@type":"WebSite","@id":"https:\/\/divulgah2.es\/#website","url":"https:\/\/divulgah2.es\/","name":"DivulgaH2","description":"Divulgaci\u00f3n de las tecnolog\u00edas de hidr\u00f3geno y pilas de combustible a la sociedad","potentialAction":[{"@type":"SearchAction","target":{"@type":"EntryPoint","urlTemplate":"https:\/\/divulgah2.es\/?s={search_term_string}"},"query-input":{"@type":"PropertyValueSpecification","valueRequired":true,"valueName":"search_term_string"}}],"inLanguage":"en-US"}]}},"_links":{"self":[{"href":"https:\/\/divulgah2.es\/en\/wp-json\/wp\/v2\/pages\/116","targetHints":{"allow":["GET"]}}],"collection":[{"href":"https:\/\/divulgah2.es\/en\/wp-json\/wp\/v2\/pages"}],"about":[{"href":"https:\/\/divulgah2.es\/en\/wp-json\/wp\/v2\/types\/page"}],"author":[{"embeddable":true,"href":"https:\/\/divulgah2.es\/en\/wp-json\/wp\/v2\/users\/1"}],"replies":[{"embeddable":true,"href":"https:\/\/divulgah2.es\/en\/wp-json\/wp\/v2\/comments?post=116"}],"version-history":[{"count":5,"href":"https:\/\/divulgah2.es\/en\/wp-json\/wp\/v2\/pages\/116\/revisions"}],"predecessor-version":[{"id":1601,"href":"https:\/\/divulgah2.es\/en\/wp-json\/wp\/v2\/pages\/116\/revisions\/1601"}],"wp:attachment":[{"href":"https:\/\/divulgah2.es\/en\/wp-json\/wp\/v2\/media?parent=116"}],"curies":[{"name":"wp","href":"https:\/\/api.w.org\/{rel}","templated":true}]}}