{"id":1399,"date":"2014-07-21T14:41:39","date_gmt":"2014-07-21T14:41:39","guid":{"rendered":"http:\/\/divulgah2.es\/?page_id=1399"},"modified":"2014-07-21T14:43:43","modified_gmt":"2014-07-21T14:43:43","slug":"proteccion-de-datos-de-caracter-personal","status":"publish","type":"page","link":"https:\/\/divulgah2.es\/en\/proteccion-de-datos-de-caracter-personal\/","title":{"rendered":"Protecci\u00f3n de Datos de Car\u00e1cter Personal"},"content":{"rendered":"<p><strong>INFORMACI\u00d3N SOBRE PROTECCI\u00d3N DE DATOS DE CAR\u00c1CTER PERSONAL<\/strong><\/p>\n<p>En cumplimiento de la Ley Org\u00e1nica de Protecci\u00f3n de Datos de Car\u00e1cter Personal (LOPD), se le informa de que sus datos personales pueden ser incluidos en un fichero de tratamiento del que es titular el Centro Nacional de Experimentaci\u00f3n de Tecnolog\u00eda de Hidr\u00f3geno y Pilas de Combustible (CNH2).<\/p>\n<p>El usuario\/titular de los datos acepta y autoriza al tratamiento de sus datos personales. El Centro Nacional de Experimentaci\u00f3n de Tecnolog\u00eda de Hidr\u00f3geno y Pilas de Combustible se compromete al cumplimiento de su obligaci\u00f3n en materia de protecci\u00f3n de datos, a cuyos efectos ha establecido todos los medios t\u00e9cnicos a su alcance para protegerlos adecuadamente y adoptar las medidas necesarias para evitar cualquier alteraci\u00f3n, p\u00e9rdida, tratamiento, mal uso, acceso no autorizado o apropiaci\u00f3n indebida de los mismos.<\/p>\n<p>Puede ejercitar los derechos de acceso, rectificaci\u00f3n, cancelaci\u00f3n y oposici\u00f3n previstos en la ley mediante:<\/p>\n<ul>\n<ul>\n<li>Carta dirigida a \u201cDepartamento de Gerencia&#8221; Centro Nacional de Experimentaci\u00f3n de Tecnolog\u00eda de Hidr\u00f3geno y Pilas de Combustible (CNH2). Prolongaci\u00f3n Fernando el Santo S\/N, 13500 Puertollano. Ciudad Real,<\/li>\n<li>FAX al 926 420 340, \u00f3<\/li>\n<li>Email a <a href=\"mailto:lopd@cnh2.es\">lopd@cnh2.es<\/a>,<\/li>\n<\/ul>\n<\/ul>\n<p>disponiendo de los siguienes formularios al efecto:<\/p>\n<p><a href=\"https:\/\/www.cnh2.es\/wp-content\/uploads\/2013\/02\/Ejercicio_derecho_acceso_LOPD_CNH2.docx\">Ejercicio derecho de acceso<\/a><br \/>\n<a href=\"https:\/\/www.cnh2.es\/wp-content\/uploads\/2013\/02\/Ejercicio_derecho_cancelacion_LOPD_CNH2.docx\">Ejercicio derecho de cancelaci\u00f3n<\/a><br \/>\n<a href=\"https:\/\/www.cnh2.es\/wp-content\/uploads\/2013\/02\/Ejercicio_derecho_oposicion_LOPD_CNH2.docx\">Ejercicio derecho de oposici\u00f3n<\/a><br \/>\n<a href=\"https:\/\/www.cnh2.es\/wp-content\/uploads\/2013\/02\/Ejercicio_derecho_rectificacion_LOPD_CNH2.docx\">Ejercicio derecho de rectificaci\u00f3n<\/a><\/p>","protected":false},"excerpt":{"rendered":"<p>INFORMACI\u00d3N SOBRE PROTECCI\u00d3N DE DATOS DE CAR\u00c1CTER PERSONAL En cumplimiento de la Ley Org\u00e1nica de Protecci\u00f3n de Datos de Car\u00e1cter Personal (LOPD), se le informa de que sus datos personales pueden ser incluidos en un fichero de tratamiento del que es titular el Centro Nacional de Experimentaci\u00f3n de Tecnolog\u00eda de Hidr\u00f3geno y Pilas de Combustible [&hellip;]<\/p>\n","protected":false},"author":1,"featured_media":0,"parent":0,"menu_order":0,"comment_status":"closed","ping_status":"closed","template":"page.php","meta":{"ngg_post_thumbnail":0,"footnotes":""},"class_list":["post-1399","page","type-page","status-publish","hentry"],"yoast_head":"<!-- This site is optimized with the Yoast SEO plugin v27.4 - https:\/\/yoast.com\/product\/yoast-seo-wordpress\/ -->\n<title>Protecci\u00f3n de Datos de Car\u00e1cter PersonalProtecci\u00f3n de Datos de Car\u00e1cter Personal - DivulgaH2<\/title>\n<meta name=\"robots\" content=\"index, follow, max-snippet:-1, max-image-preview:large, max-video-preview:-1\" \/>\n<link rel=\"canonical\" href=\"https:\/\/divulgah2.es\/proteccion-de-datos-de-caracter-personal\/\" \/>\n<meta property=\"og:locale\" content=\"en_US\" \/>\n<meta property=\"og:type\" content=\"article\" \/>\n<meta property=\"og:title\" content=\"Protecci\u00f3n de Datos de Car\u00e1cter PersonalProtecci\u00f3n de Datos de Car\u00e1cter Personal - DivulgaH2\" \/>\n<meta property=\"og:description\" content=\"INFORMACI\u00d3N SOBRE PROTECCI\u00d3N DE DATOS DE CAR\u00c1CTER PERSONAL En cumplimiento de la Ley Org\u00e1nica de Protecci\u00f3n de Datos de Car\u00e1cter Personal (LOPD), se le informa de que sus datos personales pueden ser incluidos en un fichero de tratamiento del que es titular el Centro Nacional de Experimentaci\u00f3n de Tecnolog\u00eda de Hidr\u00f3geno y Pilas de Combustible [&hellip;]\" \/>\n<meta property=\"og:url\" content=\"https:\/\/divulgah2.es\/proteccion-de-datos-de-caracter-personal\/\" \/>\n<meta property=\"og:site_name\" content=\"DivulgaH2\" \/>\n<meta property=\"article:publisher\" content=\"https:\/\/www.facebook.com\/divulgah2?ref=hl\" \/>\n<meta property=\"article:modified_time\" content=\"2014-07-21T14:43:43+00:00\" \/>\n<meta name=\"twitter:label1\" content=\"Est. reading time\" \/>\n\t<meta name=\"twitter:data1\" content=\"2 minutes\" \/>\n<script type=\"application\/ld+json\" class=\"yoast-schema-graph\">{\"@context\":\"https:\\\/\\\/schema.org\",\"@graph\":[{\"@type\":\"WebPage\",\"@id\":\"https:\\\/\\\/divulgah2.es\\\/proteccion-de-datos-de-caracter-personal\\\/\",\"url\":\"https:\\\/\\\/divulgah2.es\\\/proteccion-de-datos-de-caracter-personal\\\/\",\"name\":\"Protecci\u00f3n de Datos de Car\u00e1cter PersonalProtecci\u00f3n de Datos de Car\u00e1cter Personal - DivulgaH2\",\"isPartOf\":{\"@id\":\"https:\\\/\\\/divulgah2.es\\\/#website\"},\"datePublished\":\"2014-07-21T14:41:39+00:00\",\"dateModified\":\"2014-07-21T14:43:43+00:00\",\"breadcrumb\":{\"@id\":\"https:\\\/\\\/divulgah2.es\\\/proteccion-de-datos-de-caracter-personal\\\/#breadcrumb\"},\"inLanguage\":\"en-US\",\"potentialAction\":[{\"@type\":\"ReadAction\",\"target\":[\"https:\\\/\\\/divulgah2.es\\\/proteccion-de-datos-de-caracter-personal\\\/\"]}]},{\"@type\":\"BreadcrumbList\",\"@id\":\"https:\\\/\\\/divulgah2.es\\\/proteccion-de-datos-de-caracter-personal\\\/#breadcrumb\",\"itemListElement\":[{\"@type\":\"ListItem\",\"position\":1,\"name\":\"Portada\",\"item\":\"https:\\\/\\\/divulgah2.es\\\/\"},{\"@type\":\"ListItem\",\"position\":2,\"name\":\"Protecci\u00f3n de Datos de Car\u00e1cter Personal\"}]},{\"@type\":\"WebSite\",\"@id\":\"https:\\\/\\\/divulgah2.es\\\/#website\",\"url\":\"https:\\\/\\\/divulgah2.es\\\/\",\"name\":\"DivulgaH2\",\"description\":\"Divulgaci\u00f3n de las tecnolog\u00edas de hidr\u00f3geno y pilas de combustible a la sociedad\",\"potentialAction\":[{\"@type\":\"SearchAction\",\"target\":{\"@type\":\"EntryPoint\",\"urlTemplate\":\"https:\\\/\\\/divulgah2.es\\\/?s={search_term_string}\"},\"query-input\":{\"@type\":\"PropertyValueSpecification\",\"valueRequired\":true,\"valueName\":\"search_term_string\"}}],\"inLanguage\":\"en-US\"}]}<\/script>\n<!-- \/ Yoast SEO plugin. -->","yoast_head_json":{"title":"Protecci\u00f3n de Datos de Car\u00e1cter PersonalProtecci\u00f3n de Datos de Car\u00e1cter Personal - DivulgaH2","robots":{"index":"index","follow":"follow","max-snippet":"max-snippet:-1","max-image-preview":"max-image-preview:large","max-video-preview":"max-video-preview:-1"},"canonical":"https:\/\/divulgah2.es\/proteccion-de-datos-de-caracter-personal\/","og_locale":"en_US","og_type":"article","og_title":"Protecci\u00f3n de Datos de Car\u00e1cter PersonalProtecci\u00f3n de Datos de Car\u00e1cter Personal - DivulgaH2","og_description":"INFORMACI\u00d3N SOBRE PROTECCI\u00d3N DE DATOS DE CAR\u00c1CTER PERSONAL En cumplimiento de la Ley Org\u00e1nica de Protecci\u00f3n de Datos de Car\u00e1cter Personal (LOPD), se le informa de que sus datos personales pueden ser incluidos en un fichero de tratamiento del que es titular el Centro Nacional de Experimentaci\u00f3n de Tecnolog\u00eda de Hidr\u00f3geno y Pilas de Combustible [&hellip;]","og_url":"https:\/\/divulgah2.es\/proteccion-de-datos-de-caracter-personal\/","og_site_name":"DivulgaH2","article_publisher":"https:\/\/www.facebook.com\/divulgah2?ref=hl","article_modified_time":"2014-07-21T14:43:43+00:00","twitter_misc":{"Est. reading time":"2 minutes"},"schema":{"@context":"https:\/\/schema.org","@graph":[{"@type":"WebPage","@id":"https:\/\/divulgah2.es\/proteccion-de-datos-de-caracter-personal\/","url":"https:\/\/divulgah2.es\/proteccion-de-datos-de-caracter-personal\/","name":"Protecci\u00f3n de Datos de Car\u00e1cter PersonalProtecci\u00f3n de Datos de Car\u00e1cter Personal - DivulgaH2","isPartOf":{"@id":"https:\/\/divulgah2.es\/#website"},"datePublished":"2014-07-21T14:41:39+00:00","dateModified":"2014-07-21T14:43:43+00:00","breadcrumb":{"@id":"https:\/\/divulgah2.es\/proteccion-de-datos-de-caracter-personal\/#breadcrumb"},"inLanguage":"en-US","potentialAction":[{"@type":"ReadAction","target":["https:\/\/divulgah2.es\/proteccion-de-datos-de-caracter-personal\/"]}]},{"@type":"BreadcrumbList","@id":"https:\/\/divulgah2.es\/proteccion-de-datos-de-caracter-personal\/#breadcrumb","itemListElement":[{"@type":"ListItem","position":1,"name":"Portada","item":"https:\/\/divulgah2.es\/"},{"@type":"ListItem","position":2,"name":"Protecci\u00f3n de Datos de Car\u00e1cter Personal"}]},{"@type":"WebSite","@id":"https:\/\/divulgah2.es\/#website","url":"https:\/\/divulgah2.es\/","name":"DivulgaH2","description":"Divulgaci\u00f3n de las tecnolog\u00edas de hidr\u00f3geno y pilas de combustible a la sociedad","potentialAction":[{"@type":"SearchAction","target":{"@type":"EntryPoint","urlTemplate":"https:\/\/divulgah2.es\/?s={search_term_string}"},"query-input":{"@type":"PropertyValueSpecification","valueRequired":true,"valueName":"search_term_string"}}],"inLanguage":"en-US"}]}},"_links":{"self":[{"href":"https:\/\/divulgah2.es\/en\/wp-json\/wp\/v2\/pages\/1399","targetHints":{"allow":["GET"]}}],"collection":[{"href":"https:\/\/divulgah2.es\/en\/wp-json\/wp\/v2\/pages"}],"about":[{"href":"https:\/\/divulgah2.es\/en\/wp-json\/wp\/v2\/types\/page"}],"author":[{"embeddable":true,"href":"https:\/\/divulgah2.es\/en\/wp-json\/wp\/v2\/users\/1"}],"replies":[{"embeddable":true,"href":"https:\/\/divulgah2.es\/en\/wp-json\/wp\/v2\/comments?post=1399"}],"version-history":[{"count":3,"href":"https:\/\/divulgah2.es\/en\/wp-json\/wp\/v2\/pages\/1399\/revisions"}],"predecessor-version":[{"id":1402,"href":"https:\/\/divulgah2.es\/en\/wp-json\/wp\/v2\/pages\/1399\/revisions\/1402"}],"wp:attachment":[{"href":"https:\/\/divulgah2.es\/en\/wp-json\/wp\/v2\/media?parent=1399"}],"curies":[{"name":"wp","href":"https:\/\/api.w.org\/{rel}","templated":true}]}}