{"id":143,"date":"2012-12-11T19:56:16","date_gmt":"2012-12-11T19:56:16","guid":{"rendered":"http:\/\/blueowlcreative.com\/wp\/aqua\/?page_id=143"},"modified":"2017-02-03T09:36:12","modified_gmt":"2017-02-03T09:36:12","slug":"actividades-divulgah2","status":"publish","type":"page","link":"https:\/\/divulgah2.es\/en\/actividades-divulgah2\/","title":{"rendered":"DivulgaH2 Activities"},"content":{"rendered":"<p>In this section you can meet each of the activities developed in the DivulgaH2 project, their objectives, the audience to which they are directed, documentation, news and all information concerning them.<\/p>\n<\/p>\n<ul id=\"seguridad\">\n<li><a href=\"\/actividades-divulgah2\/semana-de-la-ciencia-2014\/?lang=en\">Science Week 2014.<\/a><\/li>\n<li><a href=\"\/actividades-divulgah2\/ruta-de-la-energia\/?lang=en\">Energy Week in Puertollano:<em> \u201cEnergy Route\u201d.<\/em><\/a><\/li>\n<li><a href=\"\/actividades-divulgah2\/el-hidrogeno-te-mueve\/?lang=en\">II Educational Sessions <em>\u201cHydrogen moves you\u201d.<\/em><\/a><\/li>\n<li><a href=\"\/actividades-divulgah2\/jornada-puertas-abiertas\/?lang=en\">CNH2 Open Days.<\/a><\/li>\n<li><a href=\"\/actividades-divulgah2\/formacion-colegios-e-institutos\/?lang=en\">Training in schools and colleges.<\/a><\/li>\n<li><a href=\"\/actividades-divulgah2\/web-divulgah2\/?lang=en\">Web www.divulgah2.es and social networks.<\/a><\/li>\n<\/ul>\n<p>\n<blockquote><p><a href=\"\/actividades-divulgah2\/quieres-participar\/?lang=en\">Do you want to participate?<\/a><\/p><\/blockquote>\n<p><\/p>","protected":false},"excerpt":{"rendered":"<p>In this section you can meet each of the activities developed in the DivulgaH2 project, their objectives, the audience to which they are directed, documentation, news and all information concerning them. Do you want to participate?<\/p>\n","protected":false},"author":1,"featured_media":0,"parent":0,"menu_order":2,"comment_status":"closed","ping_status":"closed","template":"page_sidebar.php","meta":{"ngg_post_thumbnail":0,"footnotes":""},"class_list":["post-143","page","type-page","status-publish","hentry"],"yoast_head":"<!-- This site is optimized with the Yoast SEO plugin v27.4 - https:\/\/yoast.com\/product\/yoast-seo-wordpress\/ -->\n<title>Actividades - DivulgaH2<\/title>\n<meta name=\"description\" content=\"En esta secci\u00f3n podr\u00e1s conocer cada una de las actividades a desarrollar en el proyecto DivulgaH2, los objetivos, el p\u00fablico al que van dirigidas...\" \/>\n<meta name=\"robots\" content=\"index, follow, max-snippet:-1, max-image-preview:large, max-video-preview:-1\" \/>\n<link rel=\"canonical\" href=\"https:\/\/divulgah2.es\/actividades-divulgah2\/\" \/>\n<meta property=\"og:locale\" content=\"en_US\" \/>\n<meta property=\"og:type\" content=\"article\" \/>\n<meta property=\"og:title\" content=\"Actividades - DivulgaH2\" \/>\n<meta property=\"og:description\" content=\"En esta secci\u00f3n podr\u00e1s conocer cada una de las actividades a desarrollar en el proyecto DivulgaH2, los objetivos, el p\u00fablico al que van dirigidas...\" \/>\n<meta property=\"og:url\" content=\"https:\/\/divulgah2.es\/actividades-divulgah2\/\" \/>\n<meta property=\"og:site_name\" content=\"DivulgaH2\" \/>\n<meta property=\"article:publisher\" content=\"https:\/\/www.facebook.com\/divulgah2?ref=hl\" \/>\n<meta property=\"article:modified_time\" content=\"2017-02-03T09:36:12+00:00\" \/>\n<meta name=\"twitter:label1\" content=\"Est. reading time\" \/>\n\t<meta name=\"twitter:data1\" content=\"1 minute\" \/>\n<script type=\"application\/ld+json\" class=\"yoast-schema-graph\">{\"@context\":\"https:\\\/\\\/schema.org\",\"@graph\":[{\"@type\":\"WebPage\",\"@id\":\"https:\\\/\\\/divulgah2.es\\\/actividades-divulgah2\\\/\",\"url\":\"https:\\\/\\\/divulgah2.es\\\/actividades-divulgah2\\\/\",\"name\":\"Actividades - DivulgaH2\",\"isPartOf\":{\"@id\":\"https:\\\/\\\/divulgah2.es\\\/#website\"},\"datePublished\":\"2012-12-11T19:56:16+00:00\",\"dateModified\":\"2017-02-03T09:36:12+00:00\",\"description\":\"En esta secci\u00f3n podr\u00e1s conocer cada una de las actividades a desarrollar en el proyecto DivulgaH2, los objetivos, el p\u00fablico al que van dirigidas...\",\"breadcrumb\":{\"@id\":\"https:\\\/\\\/divulgah2.es\\\/actividades-divulgah2\\\/#breadcrumb\"},\"inLanguage\":\"en-US\",\"potentialAction\":[{\"@type\":\"ReadAction\",\"target\":[\"https:\\\/\\\/divulgah2.es\\\/actividades-divulgah2\\\/\"]}]},{\"@type\":\"BreadcrumbList\",\"@id\":\"https:\\\/\\\/divulgah2.es\\\/actividades-divulgah2\\\/#breadcrumb\",\"itemListElement\":[{\"@type\":\"ListItem\",\"position\":1,\"name\":\"Portada\",\"item\":\"https:\\\/\\\/divulgah2.es\\\/\"},{\"@type\":\"ListItem\",\"position\":2,\"name\":\"DivulgaH2 Activities\"}]},{\"@type\":\"WebSite\",\"@id\":\"https:\\\/\\\/divulgah2.es\\\/#website\",\"url\":\"https:\\\/\\\/divulgah2.es\\\/\",\"name\":\"DivulgaH2\",\"description\":\"Divulgaci\u00f3n de las tecnolog\u00edas de hidr\u00f3geno y pilas de combustible a la sociedad\",\"potentialAction\":[{\"@type\":\"SearchAction\",\"target\":{\"@type\":\"EntryPoint\",\"urlTemplate\":\"https:\\\/\\\/divulgah2.es\\\/?s={search_term_string}\"},\"query-input\":{\"@type\":\"PropertyValueSpecification\",\"valueRequired\":true,\"valueName\":\"search_term_string\"}}],\"inLanguage\":\"en-US\"}]}<\/script>\n<!-- \/ Yoast SEO plugin. -->","yoast_head_json":{"title":"Actividades - DivulgaH2","description":"En esta secci\u00f3n podr\u00e1s conocer cada una de las actividades a desarrollar en el proyecto DivulgaH2, los objetivos, el p\u00fablico al que van dirigidas...","robots":{"index":"index","follow":"follow","max-snippet":"max-snippet:-1","max-image-preview":"max-image-preview:large","max-video-preview":"max-video-preview:-1"},"canonical":"https:\/\/divulgah2.es\/actividades-divulgah2\/","og_locale":"en_US","og_type":"article","og_title":"Actividades - DivulgaH2","og_description":"En esta secci\u00f3n podr\u00e1s conocer cada una de las actividades a desarrollar en el proyecto DivulgaH2, los objetivos, el p\u00fablico al que van dirigidas...","og_url":"https:\/\/divulgah2.es\/actividades-divulgah2\/","og_site_name":"DivulgaH2","article_publisher":"https:\/\/www.facebook.com\/divulgah2?ref=hl","article_modified_time":"2017-02-03T09:36:12+00:00","twitter_misc":{"Est. reading time":"1 minute"},"schema":{"@context":"https:\/\/schema.org","@graph":[{"@type":"WebPage","@id":"https:\/\/divulgah2.es\/actividades-divulgah2\/","url":"https:\/\/divulgah2.es\/actividades-divulgah2\/","name":"Actividades - DivulgaH2","isPartOf":{"@id":"https:\/\/divulgah2.es\/#website"},"datePublished":"2012-12-11T19:56:16+00:00","dateModified":"2017-02-03T09:36:12+00:00","description":"En esta secci\u00f3n podr\u00e1s conocer cada una de las actividades a desarrollar en el proyecto DivulgaH2, los objetivos, el p\u00fablico al que van dirigidas...","breadcrumb":{"@id":"https:\/\/divulgah2.es\/actividades-divulgah2\/#breadcrumb"},"inLanguage":"en-US","potentialAction":[{"@type":"ReadAction","target":["https:\/\/divulgah2.es\/actividades-divulgah2\/"]}]},{"@type":"BreadcrumbList","@id":"https:\/\/divulgah2.es\/actividades-divulgah2\/#breadcrumb","itemListElement":[{"@type":"ListItem","position":1,"name":"Portada","item":"https:\/\/divulgah2.es\/"},{"@type":"ListItem","position":2,"name":"DivulgaH2 Activities"}]},{"@type":"WebSite","@id":"https:\/\/divulgah2.es\/#website","url":"https:\/\/divulgah2.es\/","name":"DivulgaH2","description":"Divulgaci\u00f3n de las tecnolog\u00edas de hidr\u00f3geno y pilas de combustible a la sociedad","potentialAction":[{"@type":"SearchAction","target":{"@type":"EntryPoint","urlTemplate":"https:\/\/divulgah2.es\/?s={search_term_string}"},"query-input":{"@type":"PropertyValueSpecification","valueRequired":true,"valueName":"search_term_string"}}],"inLanguage":"en-US"}]}},"_links":{"self":[{"href":"https:\/\/divulgah2.es\/en\/wp-json\/wp\/v2\/pages\/143","targetHints":{"allow":["GET"]}}],"collection":[{"href":"https:\/\/divulgah2.es\/en\/wp-json\/wp\/v2\/pages"}],"about":[{"href":"https:\/\/divulgah2.es\/en\/wp-json\/wp\/v2\/types\/page"}],"author":[{"embeddable":true,"href":"https:\/\/divulgah2.es\/en\/wp-json\/wp\/v2\/users\/1"}],"replies":[{"embeddable":true,"href":"https:\/\/divulgah2.es\/en\/wp-json\/wp\/v2\/comments?post=143"}],"version-history":[{"count":31,"href":"https:\/\/divulgah2.es\/en\/wp-json\/wp\/v2\/pages\/143\/revisions"}],"predecessor-version":[{"id":3671,"href":"https:\/\/divulgah2.es\/en\/wp-json\/wp\/v2\/pages\/143\/revisions\/3671"}],"wp:attachment":[{"href":"https:\/\/divulgah2.es\/en\/wp-json\/wp\/v2\/media?parent=143"}],"curies":[{"name":"wp","href":"https:\/\/api.w.org\/{rel}","templated":true}]}}