{"id":1635,"date":"2014-09-19T07:20:34","date_gmt":"2014-09-19T07:20:34","guid":{"rendered":"http:\/\/divulgah2.es\/?page_id=1635"},"modified":"2014-09-19T07:30:16","modified_gmt":"2014-09-19T07:30:16","slug":"aviso-legal","status":"publish","type":"page","link":"https:\/\/divulgah2.es\/en\/aviso-legal\/","title":{"rendered":"Legal Notice"},"content":{"rendered":"<p><strong>POL\u00cdTICA DE PRIVACIDAD\/CONDICIONES DE USO<\/strong><\/p>\n<p><strong>1. Objeto y aceptaci\u00f3n<\/strong><\/p>\n<p>El presente aviso legal regula el uso del sitio web <a href=\"http:\/\/www.divulgah2.es\">www.divulgah2.es<\/a>.<\/p>\n<p>El acceso a la p\u00e1gina <a href=\"http:\/\/www.divulgah2.es\">www.divulgah2.es<\/a> implica la aceptaci\u00f3n plena y sin reservas de todas y cada una de las condiciones incluidas en este documento, que pueden sufrir modificaciones. Las condiciones de acceso y uso del presente sitio web se rigen estrictamente por la legalidad vigente y por el principio de buena fe comprometi\u00e9ndose el USUARIO a realizar un buen uso de la web.  Quedan prohibidos todos los actos que vulneren la legalidad, derechos o intereses de terceros: derecho a la intimidad, protecci\u00f3n de datos, propiedad intelectual, etc. El Usuario responder\u00e1 frente al CENTRO NACIONAL DEL HIDR\u00d3GENO y frente a terceros, de los da\u00f1os y perjuicios que pudieran causarse como consecuencia del incumplimiento de dicha obligaci\u00f3n.<\/p>\n<p><strong>2. Condiciones de acceso y utilizaci\u00f3n<\/strong><\/p>\n<p>El sitio web y sus servicios son de acceso libre y gratuito.<\/p>\n<p>El usuario garantiza la autenticidad y actualidad de todos aquellos datos que comunique al CENTRO NACIONAL DEL HIDR\u00d3GENO y ser\u00e1 el \u00fanico responsable de las manifestaciones falsas o inexactas que realice.<\/p>\n<p>El Usuario se compromete expresamente a hacer un uso adecuado de los contenidos y servicios ofrecidos y a no emplearlos para:<\/p>\n<ol>\n<li>Difundir contenidos delictivos, violentos, pornogr\u00e1ficos, racistas, xen\u00f3fobo, ofensivos, de apolog\u00eda del terrorismo o, en general, contrarios a la ley o al orden p\u00fablico.<\/li>\n<li>Realizar acciones que puedan producir en el sitio web o a trav\u00e9s del mismo por cualquier medio cualquier tipo de da\u00f1o a los sistemas del CNH2 o a terceros.<\/li>\n<li>Vulnerar los derechos de propiedad intelectual o industrial, as\u00ed como violar la confidencialidad de la informaci\u00f3n de CENTRO NACIONAL DEL HIDR\u00d3GENO o de terceros.<\/li>\n<li>Realizar sin la debida autorizaci\u00f3n cualquier tipo de publicidad o informaci\u00f3n comercial directamente o de forma encubierta, el env\u00edo de correos masivos (&#8220;spaming&#8221;) o env\u00edo de grandes mensajes con el fin de bloquear servidores de la red (&#8220;mail bombing&#8221;).<\/li>\n<li>Reproducir, copiar, distribuir, poner a disposici\u00f3n o de cualquier otra forma comunicar p\u00fablicamente, transformar o modificar los Contenidos, a menos que se cuente con la autorizaci\u00f3n del titular de los correspondientes derechos o ello resulte legalmente permitido.<\/li>\n<\/ol>\n<p>Todos los contenidos del sitio web, como textos, fotograf\u00edas, gr\u00e1ficos, im\u00e1genes, iconos, tecnolog\u00eda, software, as\u00ed como su dise\u00f1o gr\u00e1fico y c\u00f3digos fuente, constituyen una obra cuya propiedad pertenece a CENTRO NACIONAL DEL HIDR\u00d3GENO, sin que puedan entenderse cedidos al Usuario ninguno de los derechos de explotaci\u00f3n sobre los mismos m\u00e1s all\u00e1 de lo estrictamente necesario para el correcto uso de la web.<\/p>\n<p>As\u00ed mismo, todas las marcas, nombres comerciales o signos distintivos de cualquier clase que aparecen en el sitio web son propiedad CENTRO NACIONAL DEL HIDR\u00d3GENO, sin que pueda entenderse que el uso o acceso al mismo atribuya al Usuario derecho alguno sobre los mismos.<\/p>\n<p>El CENTRO NACIONAL DEL HIDR\u00d3GENO podr\u00e1 interrumpir en cualquier momento el acceso a su sitio web si detecta un uso contrario a la legalidad, la buena fe o a las presentes condiciones generales.<\/p>\n<p>Los contenidos incorporados en este sitio web han sido elaborados e incluidos por el CENTRO NACIONAL DEL HIDR\u00d3GENO utilizando fuentes internas y externas de tal modo que el CENTRO NACIONAL DEL HIDR\u00d3GENO \u00fanicamente se hace responsable por los contenidos elaborados de forma interna. El CENTRO NACIONAL DEL HIDR\u00d3GENO se reserva el derecho a modificar en cualquier momento los contenidos existentes en su sitio web.<\/p>\n<p><strong>3. Procedimiento en caso de realizaci\u00f3n de actividades de car\u00e1cter il\u00edcito<\/strong><\/p>\n<p>En el caso de que cualquier usuario o un tercero considere que existen hechos o circunstancias que revelen el car\u00e1cter il\u00edcito de la utilizaci\u00f3n de cualquier contenido y\/o de la realizaci\u00f3n de cualquier actividad en las p\u00e1ginas web incluidas o accesibles a trav\u00e9s del sitio web, deber\u00e1 enviar una notificaci\u00f3n al CENTRO NACIONAL DEL HIDR\u00d3GENO identific\u00e1ndose debidamente, especificando las supuestas infracciones y declarando expresamente y bajo su responsabilidad que la informaci\u00f3n proporcionada en la notificaci\u00f3n es exacta.<\/p>\n<p><strong>4. Jurisdicci\u00f3n y Ley Aplicable <\/strong><\/p>\n<p>Las presentes condiciones generales se rigen por la legislaci\u00f3n espa\u00f1ola. Son competentes para resolver toda controversia o conflicto que se derive de las presentes condiciones generales los Tribunales de Castilla &#8211; La Mancha renunciando expresamente el USUARIO a cualquier otro fuero que pudiera corresponderle.<\/p>\n<p><strong>5. Notificaciones <\/strong><\/p>\n<p>Todas las notificaciones y comunicaciones entre los usuarios y el CENTRO NACIONAL DEL HIDR\u00d3GENO se considerar\u00e1n eficaces, a todos los efectos, cuando se realicen a trav\u00e9s de correo postal o correo electr\u00f3nico o comunicaci\u00f3n telef\u00f3nica. Los usuarios deber\u00e1n dirigirse al CENTRO NACIONAL DEL HIDR\u00d3GENO mediante:<\/p>\n<p>a) Env\u00edo por correo postal a la siguiente direcci\u00f3n:<\/p>\n<p>Centro Nacional del Hidr\u00f3geno, Prolongaci\u00f3n Fernando el Santo, s\/n, 13500 Puertollano (Ciudad Real) Spain.<\/p>\n<p>b) Env\u00edo por correo electr\u00f3nico a la siguiente direcci\u00f3n:<\/p>\n<p><a href=\"mailto:info@cnh2.es\">info@cnh2.es<\/a><\/p>","protected":false},"excerpt":{"rendered":"<p>POL\u00cdTICA DE PRIVACIDAD\/CONDICIONES DE USO 1. Objeto y aceptaci\u00f3n El presente aviso legal regula el uso del sitio web www.divulgah2.es. El acceso a la p\u00e1gina www.divulgah2.es implica la aceptaci\u00f3n plena y sin reservas de todas y cada una de las condiciones incluidas en este documento, que pueden sufrir modificaciones. Las condiciones de acceso y uso [&hellip;]<\/p>\n","protected":false},"author":1,"featured_media":0,"parent":0,"menu_order":0,"comment_status":"closed","ping_status":"closed","template":"page.php","meta":{"ngg_post_thumbnail":0,"footnotes":""},"class_list":["post-1635","page","type-page","status-publish","hentry"],"yoast_head":"<!-- This site is optimized with the Yoast SEO plugin v27.4 - https:\/\/yoast.com\/product\/yoast-seo-wordpress\/ -->\n<title>Aviso Legal | Legal Notice - Divulgah2<\/title>\n<meta name=\"description\" content=\"Aviso Legal - Divulgah2\" \/>\n<meta name=\"robots\" content=\"index, follow, max-snippet:-1, max-image-preview:large, max-video-preview:-1\" \/>\n<link rel=\"canonical\" href=\"https:\/\/divulgah2.es\/en\/aviso-legal\/\" \/>\n<meta property=\"og:locale\" content=\"en_US\" \/>\n<meta property=\"og:type\" content=\"article\" \/>\n<meta property=\"og:title\" content=\"Aviso Legal | Legal Notice - Divulgah2\" \/>\n<meta property=\"og:description\" content=\"Aviso Legal - Divulgah2\" \/>\n<meta property=\"og:url\" content=\"https:\/\/divulgah2.es\/en\/aviso-legal\/\" \/>\n<meta property=\"og:site_name\" content=\"DivulgaH2\" \/>\n<meta property=\"article:publisher\" content=\"https:\/\/www.facebook.com\/divulgah2?ref=hl\" \/>\n<meta property=\"article:modified_time\" content=\"2014-09-19T07:30:16+00:00\" \/>\n<meta name=\"twitter:label1\" content=\"Est. reading time\" \/>\n\t<meta name=\"twitter:data1\" content=\"9 minutes\" \/>\n<script type=\"application\/ld+json\" class=\"yoast-schema-graph\">{\"@context\":\"https:\\\/\\\/schema.org\",\"@graph\":[{\"@type\":\"WebPage\",\"@id\":\"https:\\\/\\\/divulgah2.es\\\/en\\\/aviso-legal\\\/\",\"url\":\"https:\\\/\\\/divulgah2.es\\\/en\\\/aviso-legal\\\/\",\"name\":\"Aviso Legal | Legal Notice - Divulgah2\",\"isPartOf\":{\"@id\":\"https:\\\/\\\/divulgah2.es\\\/#website\"},\"datePublished\":\"2014-09-19T07:20:34+00:00\",\"dateModified\":\"2014-09-19T07:30:16+00:00\",\"description\":\"Aviso Legal - Divulgah2\",\"breadcrumb\":{\"@id\":\"https:\\\/\\\/divulgah2.es\\\/en\\\/aviso-legal\\\/#breadcrumb\"},\"inLanguage\":\"en-US\",\"potentialAction\":[{\"@type\":\"ReadAction\",\"target\":[\"https:\\\/\\\/divulgah2.es\\\/en\\\/aviso-legal\\\/\"]}]},{\"@type\":\"BreadcrumbList\",\"@id\":\"https:\\\/\\\/divulgah2.es\\\/en\\\/aviso-legal\\\/#breadcrumb\",\"itemListElement\":[{\"@type\":\"ListItem\",\"position\":1,\"name\":\"Portada\",\"item\":\"https:\\\/\\\/divulgah2.es\\\/\"},{\"@type\":\"ListItem\",\"position\":2,\"name\":\"Legal Notice\"}]},{\"@type\":\"WebSite\",\"@id\":\"https:\\\/\\\/divulgah2.es\\\/#website\",\"url\":\"https:\\\/\\\/divulgah2.es\\\/\",\"name\":\"DivulgaH2\",\"description\":\"Divulgaci\u00f3n de las tecnolog\u00edas de hidr\u00f3geno y pilas de combustible a la sociedad\",\"potentialAction\":[{\"@type\":\"SearchAction\",\"target\":{\"@type\":\"EntryPoint\",\"urlTemplate\":\"https:\\\/\\\/divulgah2.es\\\/?s={search_term_string}\"},\"query-input\":{\"@type\":\"PropertyValueSpecification\",\"valueRequired\":true,\"valueName\":\"search_term_string\"}}],\"inLanguage\":\"en-US\"}]}<\/script>\n<!-- \/ Yoast SEO plugin. -->","yoast_head_json":{"title":"Aviso Legal | Legal Notice - Divulgah2","description":"Aviso Legal - Divulgah2","robots":{"index":"index","follow":"follow","max-snippet":"max-snippet:-1","max-image-preview":"max-image-preview:large","max-video-preview":"max-video-preview:-1"},"canonical":"https:\/\/divulgah2.es\/en\/aviso-legal\/","og_locale":"en_US","og_type":"article","og_title":"Aviso Legal | Legal Notice - Divulgah2","og_description":"Aviso Legal - Divulgah2","og_url":"https:\/\/divulgah2.es\/en\/aviso-legal\/","og_site_name":"DivulgaH2","article_publisher":"https:\/\/www.facebook.com\/divulgah2?ref=hl","article_modified_time":"2014-09-19T07:30:16+00:00","twitter_misc":{"Est. reading time":"9 minutes"},"schema":{"@context":"https:\/\/schema.org","@graph":[{"@type":"WebPage","@id":"https:\/\/divulgah2.es\/en\/aviso-legal\/","url":"https:\/\/divulgah2.es\/en\/aviso-legal\/","name":"Aviso Legal | Legal Notice - Divulgah2","isPartOf":{"@id":"https:\/\/divulgah2.es\/#website"},"datePublished":"2014-09-19T07:20:34+00:00","dateModified":"2014-09-19T07:30:16+00:00","description":"Aviso Legal - Divulgah2","breadcrumb":{"@id":"https:\/\/divulgah2.es\/en\/aviso-legal\/#breadcrumb"},"inLanguage":"en-US","potentialAction":[{"@type":"ReadAction","target":["https:\/\/divulgah2.es\/en\/aviso-legal\/"]}]},{"@type":"BreadcrumbList","@id":"https:\/\/divulgah2.es\/en\/aviso-legal\/#breadcrumb","itemListElement":[{"@type":"ListItem","position":1,"name":"Portada","item":"https:\/\/divulgah2.es\/"},{"@type":"ListItem","position":2,"name":"Legal Notice"}]},{"@type":"WebSite","@id":"https:\/\/divulgah2.es\/#website","url":"https:\/\/divulgah2.es\/","name":"DivulgaH2","description":"Divulgaci\u00f3n de las tecnolog\u00edas de hidr\u00f3geno y pilas de combustible a la sociedad","potentialAction":[{"@type":"SearchAction","target":{"@type":"EntryPoint","urlTemplate":"https:\/\/divulgah2.es\/?s={search_term_string}"},"query-input":{"@type":"PropertyValueSpecification","valueRequired":true,"valueName":"search_term_string"}}],"inLanguage":"en-US"}]}},"_links":{"self":[{"href":"https:\/\/divulgah2.es\/en\/wp-json\/wp\/v2\/pages\/1635","targetHints":{"allow":["GET"]}}],"collection":[{"href":"https:\/\/divulgah2.es\/en\/wp-json\/wp\/v2\/pages"}],"about":[{"href":"https:\/\/divulgah2.es\/en\/wp-json\/wp\/v2\/types\/page"}],"author":[{"embeddable":true,"href":"https:\/\/divulgah2.es\/en\/wp-json\/wp\/v2\/users\/1"}],"replies":[{"embeddable":true,"href":"https:\/\/divulgah2.es\/en\/wp-json\/wp\/v2\/comments?post=1635"}],"version-history":[{"count":3,"href":"https:\/\/divulgah2.es\/en\/wp-json\/wp\/v2\/pages\/1635\/revisions"}],"predecessor-version":[{"id":1638,"href":"https:\/\/divulgah2.es\/en\/wp-json\/wp\/v2\/pages\/1635\/revisions\/1638"}],"wp:attachment":[{"href":"https:\/\/divulgah2.es\/en\/wp-json\/wp\/v2\/media?parent=1635"}],"curies":[{"name":"wp","href":"https:\/\/api.w.org\/{rel}","templated":true}]}}