{"id":1647,"date":"2014-10-01T10:29:53","date_gmt":"2014-10-01T10:29:53","guid":{"rendered":"http:\/\/divulgah2.es\/?page_id=1647"},"modified":"2014-10-01T10:29:53","modified_gmt":"2014-10-01T10:29:53","slug":"cuanto-sabes-de-nivel-1-2","status":"publish","type":"page","link":"https:\/\/divulgah2.es\/en\/aprende-sobre\/cuanto-sabes-de\/cuanto-sabes-de-nivel-1-2\/","title":{"rendered":"What do you know about\u2026? (Level 1)"},"content":{"rendered":"<p><div id=\"watu_quiz\" class=\"quiz-area \">\n<form action=\"\" method=\"post\" class=\"quiz-form \" id=\"quiz-9\" >\n<div class='watu-question' id='question-1'><div class='question-content'><p>\u00bfWhat position does the hydrogen in the periodic table?<\/p>\n<\/div><input type='hidden' name='question_id[]' value='41' \/><div class='watu-questions-wrap '><input type='hidden' name='answer_ids[]' class='watu-answer-ids' value='497' \/><div class='watu-question-choice'><input type='radio' name='answer-41[]' id='answer-id-497' class='answer answer-1  answerof-41' value='497' \/>&nbsp;<label for='answer-id-497' id='answer-label-497' class=' answer label-1'><span class='answer'>Last position<\/span><\/label><\/div>\n<input type='hidden' name='answer_ids[]' class='watu-answer-ids' value='498' \/><div class='watu-question-choice'><input type='radio' name='answer-41[]' id='answer-id-498' class='answer answer-1  answerof-41' value='498' \/>&nbsp;<label for='answer-id-498' id='answer-label-498' class=' answer label-1'><span class='answer'>First position<\/span><\/label><\/div>\n<input type='hidden' name='answer_ids[]' class='watu-answer-ids' value='499' \/><div class='watu-question-choice'><input type='radio' name='answer-41[]' id='answer-id-499' class='answer answer-1  answerof-41' value='499' \/>&nbsp;<label for='answer-id-499' id='answer-label-499' class=' answer label-1'><span class='answer'>Tenth position<\/span><\/label><\/div>\n<input type='hidden' name='answer_ids[]' class='watu-answer-ids' value='500' \/><div class='watu-question-choice'><input type='radio' name='answer-41[]' id='answer-id-500' class='answer answer-1  answerof-41' value='500' \/>&nbsp;<label for='answer-id-500' id='answer-label-500' class=' answer label-1'><span class='answer'>Fifth position<\/span><\/label><\/div>\n<\/div><input type='hidden' id='questionType1' value='radio' class='required'><\/div><div class='watu-question' id='question-2'><div class='question-content'><p>Hydrogen can be obtained from:<\/p>\n<\/div><input type='hidden' name='question_id[]' value='42' \/><div class='watu-questions-wrap '><input type='hidden' name='answer_ids[]' class='watu-answer-ids' value='561' \/><div class='watu-question-choice'><input type='radio' name='answer-42[]' id='answer-id-561' class='answer answer-2  answerof-42' value='561' \/>&nbsp;<label for='answer-id-561' id='answer-label-561' class=' answer label-2'><span class='answer'>Coal, oil, natural gas<\/span><\/label><\/div>\n<input type='hidden' name='answer_ids[]' class='watu-answer-ids' value='562' \/><div class='watu-question-choice'><input type='radio' name='answer-42[]' id='answer-id-562' class='answer answer-2  answerof-42' value='562' \/>&nbsp;<label for='answer-id-562' id='answer-label-562' class=' answer label-2'><span class='answer'>Aqua<\/span><\/label><\/div>\n<input type='hidden' name='answer_ids[]' class='watu-answer-ids' value='563' \/><div class='watu-question-choice'><input type='radio' name='answer-42[]' id='answer-id-563' class='answer answer-2  answerof-42' value='563' \/>&nbsp;<label for='answer-id-563' id='answer-label-563' class=' answer label-2'><span class='answer'>Biomass<\/span><\/label><\/div>\n<input type='hidden' name='answer_ids[]' class='watu-answer-ids' value='564' \/><div class='watu-question-choice'><input type='radio' name='answer-42[]' id='answer-id-564' class='answer answer-2  answerof-42' value='564' \/>&nbsp;<label for='answer-id-564' id='answer-label-564' class=' answer label-2'><span class='answer'>All answers are correct<\/span><\/label><\/div>\n<\/div><input type='hidden' id='questionType2' value='radio' class='required'><\/div><div class='watu-question' id='question-3'><div class='question-content'><p>Can be hydrogen stored?<\/p>\n<\/div><input type='hidden' name='question_id[]' value='43' \/><div class='watu-questions-wrap '><input type='hidden' name='answer_ids[]' class='watu-answer-ids' value='505' \/><div class='watu-question-choice'><input type='radio' name='answer-43[]' id='answer-id-505' class='answer answer-3  answerof-43' value='505' \/>&nbsp;<label for='answer-id-505' id='answer-label-505' class=' answer label-3'><span class='answer'>Yes, it can be stored anywhere<\/span><\/label><\/div>\n<input type='hidden' name='answer_ids[]' class='watu-answer-ids' value='506' \/><div class='watu-question-choice'><input type='radio' name='answer-43[]' id='answer-id-506' class='answer answer-3  answerof-43' value='506' \/>&nbsp;<label for='answer-id-506' id='answer-label-506' class=' answer label-3'><span class='answer'>Yes, it can be stored in open bottles<\/span><\/label><\/div>\n<input type='hidden' name='answer_ids[]' class='watu-answer-ids' value='507' \/><div class='watu-question-choice'><input type='radio' name='answer-43[]' id='answer-id-507' class='answer answer-3  answerof-43' value='507' \/>&nbsp;<label for='answer-id-507' id='answer-label-507' class=' answer label-3'><span class='answer'>Yes, there are different ways to store depending on your state<\/span><\/label><\/div>\n<input type='hidden' name='answer_ids[]' class='watu-answer-ids' value='508' \/><div class='watu-question-choice'><input type='radio' name='answer-43[]' id='answer-id-508' class='answer answer-3  answerof-43' value='508' \/>&nbsp;<label for='answer-id-508' id='answer-label-508' class=' answer label-3'><span class='answer'>You can not store<\/span><\/label><\/div>\n<\/div><input type='hidden' id='questionType3' value='radio' class='required'><\/div><div class='watu-question' id='question-4'><div class='question-content'><p>Hydrogen is an element &#8230;<\/p>\n<\/div><input type='hidden' name='question_id[]' value='44' \/><div class='watu-questions-wrap '><input type='hidden' name='answer_ids[]' class='watu-answer-ids' value='537' \/><div class='watu-question-choice'><input type='radio' name='answer-44[]' id='answer-id-537' class='answer answer-4  answerof-44' value='537' \/>&nbsp;<label for='answer-id-537' id='answer-label-537' class=' answer label-4'><span class='answer'>Little known and has limited use<\/span><\/label><\/div>\n<input type='hidden' name='answer_ids[]' class='watu-answer-ids' value='538' \/><div class='watu-question-choice'><input type='radio' name='answer-44[]' id='answer-id-538' class='answer answer-4  answerof-44' value='538' \/>&nbsp;<label for='answer-id-538' id='answer-label-538' class=' answer label-4'><span class='answer'>It has been recently discovered<\/span><\/label><\/div>\n<input type='hidden' name='answer_ids[]' class='watu-answer-ids' value='539' \/><div class='watu-question-choice'><input type='radio' name='answer-44[]' id='answer-id-539' class='answer answer-4  answerof-44' value='539' \/>&nbsp;<label for='answer-id-539' id='answer-label-539' class=' answer label-4'><span class='answer'>It is known but there is a widespread industry<\/span><\/label><\/div>\n<input type='hidden' name='answer_ids[]' class='watu-answer-ids' value='540' \/><div class='watu-question-choice'><input type='radio' name='answer-44[]' id='answer-id-540' class='answer answer-4  answerof-44' value='540' \/>&nbsp;<label for='answer-id-540' id='answer-label-540' class=' answer label-4'><span class='answer'>It has been known for decades and has many uses and applications<\/span><\/label><\/div>\n<\/div><input type='hidden' id='questionType4' value='radio' class='required'><\/div><div class='watu-question' id='question-5'><div class='question-content'><p>What elements does a fuel cell need to generate electricity?<\/p>\n<\/div><input type='hidden' name='question_id[]' value='45' \/><div class='watu-questions-wrap '><input type='hidden' name='answer_ids[]' class='watu-answer-ids' value='557' \/><div class='watu-question-choice'><input type='radio' name='answer-45[]' id='answer-id-557' class='answer answer-5  answerof-45' value='557' \/>&nbsp;<label for='answer-id-557' id='answer-label-557' class=' answer label-5'><span class='answer'>Helio<\/span><\/label><\/div>\n<input type='hidden' name='answer_ids[]' class='watu-answer-ids' value='558' \/><div class='watu-question-choice'><input type='radio' name='answer-45[]' id='answer-id-558' class='answer answer-5  answerof-45' value='558' \/>&nbsp;<label for='answer-id-558' id='answer-label-558' class=' answer label-5'><span class='answer'>Only oxygen<\/span><\/label><\/div>\n<input type='hidden' name='answer_ids[]' class='watu-answer-ids' value='559' \/><div class='watu-question-choice'><input type='radio' name='answer-45[]' id='answer-id-559' class='answer answer-5  answerof-45' value='559' \/>&nbsp;<label for='answer-id-559' id='answer-label-559' class=' answer label-5'><span class='answer'>Hydrogen and oxygen<\/span><\/label><\/div>\n<input type='hidden' name='answer_ids[]' class='watu-answer-ids' value='560' \/><div class='watu-question-choice'><input type='radio' name='answer-45[]' id='answer-id-560' class='answer answer-5  answerof-45' value='560' \/>&nbsp;<label for='answer-id-560' id='answer-label-560' class=' answer label-5'><span class='answer'>Aqua<\/span><\/label><\/div>\n<\/div><input type='hidden' id='questionType5' value='radio' class='required'><\/div><div class='watu-question' id='question-6'><div class='question-content'><p>Which is the main feature to classify fuel cells?<\/p>\n<\/div><input type='hidden' name='question_id[]' value='46' \/><div class='watu-questions-wrap '><input type='hidden' name='answer_ids[]' class='watu-answer-ids' value='545' \/><div class='watu-question-choice'><input type='radio' name='answer-46[]' id='answer-id-545' class='answer answer-6  answerof-46' value='545' \/>&nbsp;<label for='answer-id-545' id='answer-label-545' class=' answer label-6'><span class='answer'>For its size<\/span><\/label><\/div>\n<input type='hidden' name='answer_ids[]' class='watu-answer-ids' value='546' \/><div class='watu-question-choice'><input type='radio' name='answer-46[]' id='answer-id-546' class='answer answer-6  answerof-46' value='546' \/>&nbsp;<label for='answer-id-546' id='answer-label-546' class=' answer label-6'><span class='answer'>By using the electrolyte<\/span><\/label><\/div>\n<input type='hidden' name='answer_ids[]' class='watu-answer-ids' value='547' \/><div class='watu-question-choice'><input type='radio' name='answer-46[]' id='answer-id-547' class='answer answer-6  answerof-46' value='547' \/>&nbsp;<label for='answer-id-547' id='answer-label-547' class=' answer label-6'><span class='answer'>For materials which are made<\/span><\/label><\/div>\n<input type='hidden' name='answer_ids[]' class='watu-answer-ids' value='548' \/><div class='watu-question-choice'><input type='radio' name='answer-46[]' id='answer-id-548' class='answer answer-6  answerof-46' value='548' \/>&nbsp;<label for='answer-id-548' id='answer-label-548' class=' answer label-6'><span class='answer'>Fuel cells are not classified<\/span><\/label><\/div>\n<\/div><input type='hidden' id='questionType6' value='radio' class='required'><\/div><div class='watu-question' id='question-7'><div class='question-content'><p>A fuel cell can be used in:<\/p>\n<\/div><input type='hidden' name='question_id[]' value='47' \/><div class='watu-questions-wrap '><input type='hidden' name='answer_ids[]' class='watu-answer-ids' value='549' \/><div class='watu-question-choice'><input type='radio' name='answer-47[]' id='answer-id-549' class='answer answer-7  answerof-47' value='549' \/>&nbsp;<label for='answer-id-549' id='answer-label-549' class=' answer label-7'><span class='answer'>Computers, mobile phones, tablets, &#8230;<\/span><\/label><\/div>\n<input type='hidden' name='answer_ids[]' class='watu-answer-ids' value='550' \/><div class='watu-question-choice'><input type='radio' name='answer-47[]' id='answer-id-550' class='answer answer-7  answerof-47' value='550' \/>&nbsp;<label for='answer-id-550' id='answer-label-550' class=' answer label-7'><span class='answer'>Offices and hospitals to generate electricity and heat<\/span><\/label><\/div>\n<input type='hidden' name='answer_ids[]' class='watu-answer-ids' value='551' \/><div class='watu-question-choice'><input type='radio' name='answer-47[]' id='answer-id-551' class='answer answer-7  answerof-47' value='551' \/>&nbsp;<label for='answer-id-551' id='answer-label-551' class=' answer label-7'><span class='answer'>Electric vehicles using hydrogen as fuel<\/span><\/label><\/div>\n<input type='hidden' name='answer_ids[]' class='watu-answer-ids' value='552' \/><div class='watu-question-choice'><input type='radio' name='answer-47[]' id='answer-id-552' class='answer answer-7  answerof-47' value='552' \/>&nbsp;<label for='answer-id-552' id='answer-label-552' class=' answer label-7'><span class='answer'>All answers are correct<\/span><\/label><\/div>\n<\/div><input type='hidden' id='questionType7' value='radio' class='required'><\/div><div class='watu-question' id='question-8'><div class='question-content'><p>Do You think it&#8217;s important to consider the issue of safety in the use of hydrogen?<\/p>\n<\/div><input type='hidden' name='question_id[]' value='48' \/><div class='watu-questions-wrap '><input type='hidden' name='answer_ids[]' class='watu-answer-ids' value='553' \/><div class='watu-question-choice'><input type='radio' name='answer-48[]' id='answer-id-553' class='answer answer-8  answerof-48' value='553' \/>&nbsp;<label for='answer-id-553' id='answer-label-553' class=' answer label-8'><span class='answer'>Yes, but only in matters relating to the production of hydrogen<\/span><\/label><\/div>\n<input type='hidden' name='answer_ids[]' class='watu-answer-ids' value='554' \/><div class='watu-question-choice'><input type='radio' name='answer-48[]' id='answer-id-554' class='answer answer-8  answerof-48' value='554' \/>&nbsp;<label for='answer-id-554' id='answer-label-554' class=' answer label-8'><span class='answer'>Yes, but only when used in transport applications<\/span><\/label><\/div>\n<input type='hidden' name='answer_ids[]' class='watu-answer-ids' value='555' \/><div class='watu-question-choice'><input type='radio' name='answer-48[]' id='answer-id-555' class='answer answer-8  answerof-48' value='555' \/>&nbsp;<label for='answer-id-555' id='answer-label-555' class=' answer label-8'><span class='answer'>Yes, in all aspects of hydrogen energy cycle<\/span><\/label><\/div>\n<input type='hidden' name='answer_ids[]' class='watu-answer-ids' value='556' \/><div class='watu-question-choice'><input type='radio' name='answer-48[]' id='answer-id-556' class='answer answer-8  answerof-48' value='556' \/>&nbsp;<label for='answer-id-556' id='answer-label-556' class=' answer label-8'><span class='answer'>It is not necessary because hydrogen is risk<\/span><\/label><\/div>\n<\/div><input type='hidden' id='questionType8' value='radio' class='required'><\/div><div style='display:none' id='question-9'><br \/><div class='question-content'><img loading=\"lazy\" decoding=\"async\" src=\"https:\/\/divulgah2.es\/wp-content\/plugins\/watu\/loading.gif\" width=\"16\" height=\"16\" alt=\"Loading ...\" title=\"Loading ...\" \/>&nbsp;Loading &#8230;<\/div><\/div><br \/>\n\t<p>Question <span id='numQ'>1<\/span> of 8<\/p>\n\t\t<input type=\"button\" id=\"next-question\" value=\"Next &gt;\"  \/>\n<input type=\"button\" name=\"action\" onclick=\"Watu.submitResult()\" id=\"action-button\" value=\"Submit\"  class=\"watu-submit-button\" \/>\n<input type=\"hidden\" name=\"no_ajax\" value=\"0\"><input type=\"hidden\" name=\"quiz_id\" value=\"9\" \/>\n<input type=\"hidden\" id=\"watuStartTime\" name=\"start_time\" value=\"2026-05-01 05:46:42\" \/>\n<\/form>\n<\/div>\n<div id=\"watu-loading-result\" style=\"display:none;\">\n\t<p align=\"center\"><img loading=\"lazy\" decoding=\"async\" src=\"https:\/\/divulgah2.es\/wp-content\/plugins\/watu\/loading.gif\" width=\"16\" height=\"16\" alt=\"Loading\" title=\"Loading\" \/><\/p>\n<\/div>\t\n<script type=\"text\/javascript\">\nvar exam_id=0;\nvar question_ids='';\nvar watuURL='';\njQuery(function($){\nquestion_ids = \"41,42,43,44,45,46,47,48\";\nexam_id = 9;\nWatu.exam_id = exam_id;\nWatu.qArr = question_ids.split(',');\nWatu.post_id = 1647;\nWatu.singlePage = '0';\nWatu.hAppID = \"0.30796800 1777614402\";\nwatuURL = \"https:\/\/divulgah2.es\/wp-admin\/admin-ajax.php\";\nWatu.noAlertUnanswered = 0;\n});\n<\/script><\/p>","protected":false},"excerpt":{"rendered":"","protected":false},"author":1,"featured_media":0,"parent":880,"menu_order":0,"comment_status":"closed","ping_status":"closed","template":"page_sidebar.php","meta":{"ngg_post_thumbnail":0,"footnotes":""},"class_list":["post-1647","page","type-page","status-publish","hentry"],"yoast_head":"<!-- This site is optimized with the Yoast SEO plugin v27.4 - https:\/\/yoast.com\/product\/yoast-seo-wordpress\/ -->\n<title>What do you know about\u2026? (Level 1)\u00bfCu\u00e1nto sabes de\u2026? (Nivel 1) - DivulgaH2<\/title>\n<meta name=\"robots\" content=\"index, follow, max-snippet:-1, max-image-preview:large, max-video-preview:-1\" \/>\n<link rel=\"canonical\" href=\"https:\/\/divulgah2.es\/aprende-sobre\/cuanto-sabes-de\/cuanto-sabes-de-nivel-1-2\/\" \/>\n<meta property=\"og:locale\" content=\"en_US\" \/>\n<meta property=\"og:type\" content=\"article\" \/>\n<meta property=\"og:title\" content=\"What do you know about\u2026? (Level 1)\u00bfCu\u00e1nto sabes de\u2026? (Nivel 1) - DivulgaH2\" \/>\n<meta property=\"og:url\" content=\"https:\/\/divulgah2.es\/aprende-sobre\/cuanto-sabes-de\/cuanto-sabes-de-nivel-1-2\/\" \/>\n<meta property=\"og:site_name\" content=\"DivulgaH2\" \/>\n<meta property=\"article:publisher\" content=\"https:\/\/www.facebook.com\/divulgah2?ref=hl\" \/>\n<script type=\"application\/ld+json\" class=\"yoast-schema-graph\">{\"@context\":\"https:\\\/\\\/schema.org\",\"@graph\":[{\"@type\":\"WebPage\",\"@id\":\"https:\\\/\\\/divulgah2.es\\\/aprende-sobre\\\/cuanto-sabes-de\\\/cuanto-sabes-de-nivel-1-2\\\/\",\"url\":\"https:\\\/\\\/divulgah2.es\\\/aprende-sobre\\\/cuanto-sabes-de\\\/cuanto-sabes-de-nivel-1-2\\\/\",\"name\":\"What do you know about\u2026? (Level 1)\u00bfCu\u00e1nto sabes de\u2026? (Nivel 1) - DivulgaH2\",\"isPartOf\":{\"@id\":\"https:\\\/\\\/divulgah2.es\\\/#website\"},\"datePublished\":\"2014-10-01T10:29:53+00:00\",\"breadcrumb\":{\"@id\":\"https:\\\/\\\/divulgah2.es\\\/aprende-sobre\\\/cuanto-sabes-de\\\/cuanto-sabes-de-nivel-1-2\\\/#breadcrumb\"},\"inLanguage\":\"en-US\",\"potentialAction\":[{\"@type\":\"ReadAction\",\"target\":[\"https:\\\/\\\/divulgah2.es\\\/aprende-sobre\\\/cuanto-sabes-de\\\/cuanto-sabes-de-nivel-1-2\\\/\"]}]},{\"@type\":\"BreadcrumbList\",\"@id\":\"https:\\\/\\\/divulgah2.es\\\/aprende-sobre\\\/cuanto-sabes-de\\\/cuanto-sabes-de-nivel-1-2\\\/#breadcrumb\",\"itemListElement\":[{\"@type\":\"ListItem\",\"position\":1,\"name\":\"Portada\",\"item\":\"https:\\\/\\\/divulgah2.es\\\/\"},{\"@type\":\"ListItem\",\"position\":2,\"name\":\"Aprende sobre&#8230;\",\"item\":\"https:\\\/\\\/divulgah2.es\\\/aprende-sobre\\\/\"},{\"@type\":\"ListItem\",\"position\":3,\"name\":\"\u00bfCu\u00e1nto sabes de&#8230;?\",\"item\":\"https:\\\/\\\/divulgah2.es\\\/aprende-sobre\\\/cuanto-sabes-de\\\/\"},{\"@type\":\"ListItem\",\"position\":4,\"name\":\"\u00bfCu\u00e1nto sabes de\u2026? (Nivel 1)\"}]},{\"@type\":\"WebSite\",\"@id\":\"https:\\\/\\\/divulgah2.es\\\/#website\",\"url\":\"https:\\\/\\\/divulgah2.es\\\/\",\"name\":\"DivulgaH2\",\"description\":\"Divulgaci\u00f3n de las tecnolog\u00edas de hidr\u00f3geno y pilas de combustible a la sociedad\",\"potentialAction\":[{\"@type\":\"SearchAction\",\"target\":{\"@type\":\"EntryPoint\",\"urlTemplate\":\"https:\\\/\\\/divulgah2.es\\\/?s={search_term_string}\"},\"query-input\":{\"@type\":\"PropertyValueSpecification\",\"valueRequired\":true,\"valueName\":\"search_term_string\"}}],\"inLanguage\":\"en-US\"}]}<\/script>\n<!-- \/ Yoast SEO plugin. -->","yoast_head_json":{"title":"What do you know about\u2026? (Level 1)\u00bfCu\u00e1nto sabes de\u2026? (Nivel 1) - DivulgaH2","robots":{"index":"index","follow":"follow","max-snippet":"max-snippet:-1","max-image-preview":"max-image-preview:large","max-video-preview":"max-video-preview:-1"},"canonical":"https:\/\/divulgah2.es\/aprende-sobre\/cuanto-sabes-de\/cuanto-sabes-de-nivel-1-2\/","og_locale":"en_US","og_type":"article","og_title":"What do you know about\u2026? (Level 1)\u00bfCu\u00e1nto sabes de\u2026? (Nivel 1) - DivulgaH2","og_url":"https:\/\/divulgah2.es\/aprende-sobre\/cuanto-sabes-de\/cuanto-sabes-de-nivel-1-2\/","og_site_name":"DivulgaH2","article_publisher":"https:\/\/www.facebook.com\/divulgah2?ref=hl","schema":{"@context":"https:\/\/schema.org","@graph":[{"@type":"WebPage","@id":"https:\/\/divulgah2.es\/aprende-sobre\/cuanto-sabes-de\/cuanto-sabes-de-nivel-1-2\/","url":"https:\/\/divulgah2.es\/aprende-sobre\/cuanto-sabes-de\/cuanto-sabes-de-nivel-1-2\/","name":"What do you know about\u2026? (Level 1)\u00bfCu\u00e1nto sabes de\u2026? (Nivel 1) - DivulgaH2","isPartOf":{"@id":"https:\/\/divulgah2.es\/#website"},"datePublished":"2014-10-01T10:29:53+00:00","breadcrumb":{"@id":"https:\/\/divulgah2.es\/aprende-sobre\/cuanto-sabes-de\/cuanto-sabes-de-nivel-1-2\/#breadcrumb"},"inLanguage":"en-US","potentialAction":[{"@type":"ReadAction","target":["https:\/\/divulgah2.es\/aprende-sobre\/cuanto-sabes-de\/cuanto-sabes-de-nivel-1-2\/"]}]},{"@type":"BreadcrumbList","@id":"https:\/\/divulgah2.es\/aprende-sobre\/cuanto-sabes-de\/cuanto-sabes-de-nivel-1-2\/#breadcrumb","itemListElement":[{"@type":"ListItem","position":1,"name":"Portada","item":"https:\/\/divulgah2.es\/"},{"@type":"ListItem","position":2,"name":"Aprende sobre&#8230;","item":"https:\/\/divulgah2.es\/aprende-sobre\/"},{"@type":"ListItem","position":3,"name":"\u00bfCu\u00e1nto sabes de&#8230;?","item":"https:\/\/divulgah2.es\/aprende-sobre\/cuanto-sabes-de\/"},{"@type":"ListItem","position":4,"name":"\u00bfCu\u00e1nto sabes de\u2026? (Nivel 1)"}]},{"@type":"WebSite","@id":"https:\/\/divulgah2.es\/#website","url":"https:\/\/divulgah2.es\/","name":"DivulgaH2","description":"Divulgaci\u00f3n de las tecnolog\u00edas de hidr\u00f3geno y pilas de combustible a la sociedad","potentialAction":[{"@type":"SearchAction","target":{"@type":"EntryPoint","urlTemplate":"https:\/\/divulgah2.es\/?s={search_term_string}"},"query-input":{"@type":"PropertyValueSpecification","valueRequired":true,"valueName":"search_term_string"}}],"inLanguage":"en-US"}]}},"_links":{"self":[{"href":"https:\/\/divulgah2.es\/en\/wp-json\/wp\/v2\/pages\/1647","targetHints":{"allow":["GET"]}}],"collection":[{"href":"https:\/\/divulgah2.es\/en\/wp-json\/wp\/v2\/pages"}],"about":[{"href":"https:\/\/divulgah2.es\/en\/wp-json\/wp\/v2\/types\/page"}],"author":[{"embeddable":true,"href":"https:\/\/divulgah2.es\/en\/wp-json\/wp\/v2\/users\/1"}],"replies":[{"embeddable":true,"href":"https:\/\/divulgah2.es\/en\/wp-json\/wp\/v2\/comments?post=1647"}],"version-history":[{"count":1,"href":"https:\/\/divulgah2.es\/en\/wp-json\/wp\/v2\/pages\/1647\/revisions"}],"predecessor-version":[{"id":1648,"href":"https:\/\/divulgah2.es\/en\/wp-json\/wp\/v2\/pages\/1647\/revisions\/1648"}],"up":[{"embeddable":true,"href":"https:\/\/divulgah2.es\/en\/wp-json\/wp\/v2\/pages\/880"}],"wp:attachment":[{"href":"https:\/\/divulgah2.es\/en\/wp-json\/wp\/v2\/media?parent=1647"}],"curies":[{"name":"wp","href":"https:\/\/api.w.org\/{rel}","templated":true}]}}