{"id":268,"date":"2012-12-13T14:06:53","date_gmt":"2012-12-13T14:06:53","guid":{"rendered":"http:\/\/blueowlcreative.com\/wp\/aqua\/?page_id=268"},"modified":"2014-07-30T19:12:12","modified_gmt":"2014-07-30T19:12:12","slug":"elements","status":"publish","type":"page","link":"https:\/\/divulgah2.es\/en\/elements\/","title":{"rendered":"Elements"},"content":{"rendered":"<p><div class=\"eight columns  alpha\">\n<h2 class=\"title\"><span>Accordions<\/span><\/h2>\n<p><div class=\"acc_item\"><h4 class=\"accordion\"><span class=\"acc_control acc_is_open\"><\/span><span class=\"acc_heading\">Outstanding Support<\/span><\/h4><div class=\"accordion_content\">To live is the rarest thing in the world. Most people exist, that is all.<\/div><\/div><div class=\"acc_item\"><h4 class=\"accordion\"><span class=\"acc_control\"><\/span><span class=\"acc_heading\">Customer Satisfaction<\/span><\/h4><div class=\"accordion_content\">To be yourself in a world that is constantly trying to make you something else is the greatest accomplishment.<\/div><\/div><div class=\"acc_item\"><h4 class=\"accordion\"><span class=\"acc_control\"><\/span><span class=\"acc_heading\">Detailed Documentation<\/span><\/h4><div class=\"accordion_content\">Darkness cannot drive out darkness: only light can do that. Hate cannot drive out hate: only love can do that.<\/div><\/div><\/p>\n<\/div> <div class=\"eight columns  omega\">\n<h2 class=\"title\"><span>Client Testimonials<\/span><\/h2><!-- Testimonials -->\n\t\t\t\t<div class=\"testimonials\">\n\t\t\t\t\t<div class=\"carousel_arrows_bgr\"><\/div>\n\t\t\t\t\t<ul class=\"testimonials_carousel auto_scroll\"><li class=\"eight columns alpha\">\n\t\t\t\t\t\t\t<div class=\"testimonial_quote\">\n\t                            <div class=\"quote_content\">\n\t                                <p>Wow, just the template we were looking for! Stunning clean design, element rich, clean code, browser friendly and easy to manage. Keep up the good work BlueOwlCreative!<\/p>\n\t                                <span class=\"quote_arrow\"><\/span>\n\t                            <\/div>\n\t                            <div class=\"quote_author\"><div class=\"icon_testimonial\">Eric Rogers<\/div><span class=\"quote_author_description\">Developer, COMODO<\/span>\n\t                            <\/div>\n\t                        <\/div>\n\t                    <\/li><li class=\"eight columns alpha\">\n\t\t\t\t\t\t\t<div class=\"testimonial_quote\">\n\t                            <div class=\"quote_content\">\n\t                                <p>On extremely short notice, BlueOwlCreative came up with the perfect design I previously envisioned for my company. Thank you for the personal touch, understanding and responsiveness to all our needs!<\/p>\n\t                                <span class=\"quote_arrow\"><\/span>\n\t                            <\/div>\n\t                            <div class=\"quote_author\"><div class=\"icon_testimonial\">Alex Gigoff<\/div><span class=\"quote_author_description\">Managing Partner, LUXDRESSES<\/span>\n\t                            <\/div>\n\t                        <\/div>\n\t                    <\/li><li class=\"eight columns alpha\">\n\t\t\t\t\t\t\t<div class=\"testimonial_quote\">\n\t                            <div class=\"quote_content\">\n\t                                <p>Awesome theme! Very intuitive to use, clean coded, and easy to customize. Just rated 5 stars! Will recommend to all our partners and friend! Thanks a lot again!<\/p>\n\t                                <span class=\"quote_arrow\"><\/span>\n\t                            <\/div>\n\t                            <div class=\"quote_author\"><div class=\"icon_testimonial\">John Picket<\/div><span class=\"quote_author_description\">Designer, BLUEOWLCREATIVE<\/span>\n\t                            <\/div>\n\t                        <\/div>\n\t                    <\/li><\/ul>\n\t\t\t\t<\/div>\n\t\t\t\t<!-- Testimonials::END -->\n<\/div><br class=\"h10 clear\"\/><\/p>\n<div class=\"eight columns  alpha\">\n<p><h2 class=\"title\"><span>Tabs<\/span><\/h2><\/p>\n<p><div class=\"tabs htabs\"><a href=\"#tab1\">Clean Design<\/a><a href=\"#tab2\">Element Rich<\/a><a href=\"#tab3\">Simply Awesome<\/a><\/div><div class=\"tab-content\"  id=\"tab1\"><img decoding=\"async\" style=\"float: left; margin: 6px 5% 10px 0; width: 34%;\" alt=\"\" src=\"https:\/\/divulgah2.es\/wp-content\/uploads\/2012\/12\/bird.jpg\" \/><\/p>\n<div style=\"float: left; width: 61%;\">\n<h4>Cleanest design out there<\/h4>\n<ul class=\"checked\">\n<li>Visually aesthetic and easy on the eye<\/li>\n<li>Well balanced abd easy to navigate<\/li>\n<li>Intuitive and pleasant user experience<\/li>\n<\/ul>\n<\/div>\n<\/div><div class=\"tab-content\"  id=\"tab2\">\n<h4>Our templates are very functional and Element-rich<\/h4>\n<ul class=\"arrowed\">\n<li>Plenty of Shortcodes<\/li>\n<li>Premade and ready to use icons<\/li>\n<li>Sliders, carousels, tabbed data, testimonials and more<\/li>\n<\/ul>\n<\/div><div class=\"tab-content\"  id=\"tab3\">Our templates are very functional and element rich, this way you have plenty of resources within a hand reach. They are also very easy to customize, clearly coded and documented.<\/div><\/p>\n<\/div>\n<div class=\"eight columns  omega\">\n<p><h2 class=\"title\"><span>Messages<\/span><\/h2><div class=\"information closable\">Information Message<\/div><div class=\"success closable\">Success Message<\/div><div class=\"attention closable\">AttentionMessage<\/div><div class=\"warning closable\">WarningMessage<\/div><\/p>\n<\/div><br class=\"h10 clear\"\/>\n<p>\u00a0<\/p>\n<div class=\"column one-third  alpha\">\n<p><h2 class=\"title\"><span>Tooltips &#038; Highlights<\/span><\/h2><\/p>\n<p>Lorem <strong class=\"hilite\"><span class=\"aqua_tooltip\" original-title=\"A Cool Tooltip Text\">ipsum dolor<\/span><\/strong> sit amet, consectetur adipiscing elit. Duis vehicula pretium erat non fermentum. Nullam nec nisl id felis cursus dignissim. Cras <strong class=\"hilite_dark\"><span class=\"aqua_tooltip\" original-title=\"A Cool Tooltip Text\">iaculis<\/span><\/strong>lacinia ipsum, vel consectetur nulla gravida nec.<\/p>\n<p>\u00a0<\/p>\n<\/div>\n<div class=\"column one-third  \">\n<p><h2 class=\"title\"><span>Styled Lists<\/span><\/h2><\/p>\n<p><\/p>\n<ul class=\"arrowed\">\n<li>Visually aesthetic and easy on the eye<\/li>\n<li>Well balanced and easy to navigate<\/li>\n<\/ul>\n<p><\/p>\n<p><\/p>\n<ul class=\"checked\">\n<li>Visually aesthetic and easy on the eye<\/li>\n<li>Well balanced and easy to navigate<\/li>\n<\/ul>\n<p><\/p>\n<\/div>\n<div class=\"column one-third  omega\">\n<p><h2 class=\"title\"><span>Buttons<\/span><\/h2><\/p>\n<p><a href=\"\" class=\"button \" >Button<\/a> \u00a0 <a href=\"\" class=\"button button_hilite\" >Button<\/a> \u00a0 <a href=\"\" class=\"button button_pale\" >Button<\/a><\/p>\n<p><a href=\"\" class=\"button sm_button\" >Button<\/a> \u00a0 <a href=\"\" class=\"button button_hilite sm_button\" >Button<\/a> \u00a0 <a href=\"\" class=\"button button_pale sm_button\" >Button<\/a><\/p>\n<\/div><br class=\"h10 clear\"\/>\n<div class=\"section_big_title\"><div class=\"h10 divider_bgr\"><\/div><\/p>\n<h1>Sometimes I worry about <strong>being a success<\/strong> in a mediocre world<\/h1>\n<h2>The richest man is not the one who has the most, but the one who needs the least&#8230;<\/h2>\n<p><a href=\"#\" class=\"button \"  target='_blank'>Continue<\/a>\u00a0\u00a0<a href=\"#\" class=\"button button_hilite\" >Portfolio<\/a><\/div>\n<p>\u00a0<\/p>\n<h2 class=\"title\"><span>Featured Texts with Cool Icons<\/span><\/h2>\n<p><div class=\"column one-third  alpha\"><div class=\"section_featured_texts\"><span class=\"icon big_screen\"><\/span><h3>Clean & Modern Design<\/h3><p>Imagination is more important than knowledge. Knowledge is limited. Imagination encircles the world.<\/p><\/div> <\/div> <div class=\"column one-third  alpha\"> <div class=\"section_featured_texts\"><span class=\"icon big_cog\"><\/span><h3>Easy Customization<\/h3><p>Whenever you find yourself on the side of the majority, it is time to pause and reflect.<\/p><\/div><\/div> <div class=\"column one-third  omega\"><div class=\"section_featured_texts\"><span class=\"icon big_profile\"><\/span><h3>Responsive Design<\/h3><p>I am so clever that sometimes I don&#8217;t understand a single word of what I am saying.<\/p><\/div> <\/div><br class=\"h10 clear\"\/><div class=\"column one-third  alpha\"><div class=\"section_featured_texts\"><span class=\"icon big_university\"><\/span><h3>Clean & Modern Design<\/h3><p>Imagination is more important than knowledge. Knowledge is limited. Imagination encircles the world.<\/p><\/div> <\/div> <div class=\"column one-third  alpha\"> <div class=\"section_featured_texts\"><span class=\"icon big_pencil\"><\/span><h3>Easy Customization<\/h3><p>Whenever you find yourself on the side of the majority, it is time to pause and reflect.<\/p><\/div><\/div> <div class=\"column one-third  omega\"><div class=\"section_featured_texts\"><span class=\"icon big_brush\"><\/span><h3>Responsive Design<\/h3><p>I am so clever that sometimes I don&#8217;t understand a single word of what I am saying.<\/p><\/div> <\/div><br class=\"h10 clear\"\/><div class=\"column one-third  alpha\"><div class=\"section_featured_texts\"><span class=\"icon big_chat\"><\/span><h3>Clean & Modern Design<\/h3><p>Imagination is more important than knowledge. Knowledge is limited. Imagination encircles the world.<\/p><\/div> <\/div> <div class=\"column one-third  alpha\"> <div class=\"section_featured_texts\"><span class=\"icon big_check\"><\/span><h3>Easy Customization<\/h3><p>Whenever you find yourself on the side of the majority, it is time to pause and reflect.<\/p><\/div><\/div> <div class=\"column one-third  omega\"><div class=\"section_featured_texts\"><span class=\"icon big_download\"><\/span><h3>Responsive Design<\/h3><p>I am so clever that sometimes I don&#8217;t understand a single word of what I am saying.<\/p><\/div> <\/div><br class=\"h10 clear\"\/><div class=\"column one-third  alpha\"><div class=\"section_featured_texts\"><span class=\"icon big_graph\"><\/span><h3>Clean & Modern Design<\/h3><p>Imagination is more important than knowledge. Knowledge is limited. Imagination encircles the world.<\/p><\/div> <\/div> <div class=\"column one-third  alpha\"> <div class=\"section_featured_texts\"><span class=\"icon big_heart\"><\/span><h3>Easy Customization<\/h3><p>Whenever you find yourself on the side of the majority, it is time to pause and reflect.<\/p><\/div><\/div> <div class=\"column one-third  omega\"><div class=\"section_featured_texts\"><span class=\"icon big_portfolio\"><\/span><h3>Responsive Design<\/h3><p>I am so clever that sometimes I don&#8217;t understand a single word of what I am saying.<\/p><\/div> <\/div><br class=\"h10 clear\"\/><\/p>\n<h2 class=\"title\"><span>Tabled Data<\/span><\/h2>\n<table class=\"aqua_table\" width=\"100%\">\n<tbody>\n<tr>\n<th>Header 1<\/th>\n<th>Header 2<\/th>\n<th>Header 3<\/th>\n<th>Header 4<\/th>\n<th>Header 5<\/th>\n<\/tr>\n<tr>\n<td>Item 1<\/td>\n<td>Description of Item 1<\/td>\n<td>$200<\/td>\n<td>$400<\/td>\n<td>$600<\/td>\n<\/tr>\n<tr class=\"odd\">\n<td>Item 2<\/td>\n<td>Description of Item 2<\/td>\n<td>$300<\/td>\n<td>$400<\/td>\n<td>$600<\/td>\n<\/tr>\n<tr>\n<td>Item 3<\/td>\n<td>Description of Item 3<\/td>\n<td>$300<\/td>\n<td>$400<\/td>\n<td>$600<\/td>\n<\/tr>\n<tr class=\"odd\">\n<td>Item 4<\/td>\n<td>Description of Item 4<\/td>\n<td>$300<\/td>\n<td>$400<\/td>\n<td>$600<\/td>\n<\/tr>\n<tr>\n<td>Item 5<\/td>\n<td>Description of Item 5<\/td>\n<td>$300<\/td>\n<td>$400<\/td>\n<td>$600<\/td>\n<\/tr>\n<\/tbody>\n<\/table>\n<p><\/p>","protected":false},"excerpt":{"rendered":"<p>\u00a0 \u00a0 Header 1 Header 2 Header 3 Header 4 Header 5 Item 1 Description of Item 1 $200 $400 $600 Item 2 Description of Item 2 $300 $400 $600 Item 3 Description of Item 3 $300 $400 $600 Item 4 Description of Item 4 $300 $400 $600 Item 5 Description of Item 5 $300 [&hellip;]<\/p>\n","protected":false},"author":1,"featured_media":0,"parent":0,"menu_order":9,"comment_status":"closed","ping_status":"closed","template":"","meta":{"ngg_post_thumbnail":0,"footnotes":""},"class_list":["post-268","page","type-page","status-publish","hentry"],"yoast_head":"<!-- This site is optimized with the Yoast SEO plugin v27.4 - https:\/\/yoast.com\/product\/yoast-seo-wordpress\/ -->\n<title>Elements - DivulgaH2<\/title>\n<meta name=\"description\" content=\"Elements\" \/>\n<meta name=\"robots\" content=\"index, follow, max-snippet:-1, max-image-preview:large, max-video-preview:-1\" \/>\n<link rel=\"canonical\" href=\"https:\/\/divulgah2.es\/elements\/\" \/>\n<meta property=\"og:locale\" content=\"en_US\" \/>\n<meta property=\"og:type\" content=\"article\" \/>\n<meta property=\"og:title\" content=\"Elements - DivulgaH2\" \/>\n<meta property=\"og:description\" content=\"Elements\" \/>\n<meta property=\"og:url\" content=\"https:\/\/divulgah2.es\/elements\/\" \/>\n<meta property=\"og:site_name\" content=\"DivulgaH2\" \/>\n<meta property=\"article:publisher\" content=\"https:\/\/www.facebook.com\/divulgah2?ref=hl\" \/>\n<meta property=\"article:modified_time\" content=\"2014-07-30T19:12:12+00:00\" \/>\n<meta property=\"og:image\" content=\"https:\/\/divulgah2.es\/wp-content\/uploads\/2012\/12\/bird.jpg\" \/>\n<meta name=\"twitter:label1\" content=\"Est. reading time\" \/>\n\t<meta name=\"twitter:data1\" content=\"10 minutes\" \/>\n<script type=\"application\/ld+json\" class=\"yoast-schema-graph\">{\"@context\":\"https:\\\/\\\/schema.org\",\"@graph\":[{\"@type\":\"WebPage\",\"@id\":\"https:\\\/\\\/divulgah2.es\\\/elements\\\/\",\"url\":\"https:\\\/\\\/divulgah2.es\\\/elements\\\/\",\"name\":\"Elements - DivulgaH2\",\"isPartOf\":{\"@id\":\"https:\\\/\\\/divulgah2.es\\\/#website\"},\"primaryImageOfPage\":{\"@id\":\"https:\\\/\\\/divulgah2.es\\\/elements\\\/#primaryimage\"},\"image\":{\"@id\":\"https:\\\/\\\/divulgah2.es\\\/elements\\\/#primaryimage\"},\"thumbnailUrl\":\"https:\\\/\\\/divulgah2.es\\\/wp-content\\\/uploads\\\/2012\\\/12\\\/bird.jpg\",\"datePublished\":\"2012-12-13T14:06:53+00:00\",\"dateModified\":\"2014-07-30T19:12:12+00:00\",\"description\":\"Elements\",\"breadcrumb\":{\"@id\":\"https:\\\/\\\/divulgah2.es\\\/elements\\\/#breadcrumb\"},\"inLanguage\":\"en-US\",\"potentialAction\":[{\"@type\":\"ReadAction\",\"target\":[\"https:\\\/\\\/divulgah2.es\\\/elements\\\/\"]}]},{\"@type\":\"ImageObject\",\"inLanguage\":\"en-US\",\"@id\":\"https:\\\/\\\/divulgah2.es\\\/elements\\\/#primaryimage\",\"url\":\"https:\\\/\\\/divulgah2.es\\\/wp-content\\\/uploads\\\/2012\\\/12\\\/bird.jpg\",\"contentUrl\":\"https:\\\/\\\/divulgah2.es\\\/wp-content\\\/uploads\\\/2012\\\/12\\\/bird.jpg\"},{\"@type\":\"BreadcrumbList\",\"@id\":\"https:\\\/\\\/divulgah2.es\\\/elements\\\/#breadcrumb\",\"itemListElement\":[{\"@type\":\"ListItem\",\"position\":1,\"name\":\"Portada\",\"item\":\"https:\\\/\\\/divulgah2.es\\\/\"},{\"@type\":\"ListItem\",\"position\":2,\"name\":\"Elements\"}]},{\"@type\":\"WebSite\",\"@id\":\"https:\\\/\\\/divulgah2.es\\\/#website\",\"url\":\"https:\\\/\\\/divulgah2.es\\\/\",\"name\":\"DivulgaH2\",\"description\":\"Divulgaci\u00f3n de las tecnolog\u00edas de hidr\u00f3geno y pilas de combustible a la sociedad\",\"potentialAction\":[{\"@type\":\"SearchAction\",\"target\":{\"@type\":\"EntryPoint\",\"urlTemplate\":\"https:\\\/\\\/divulgah2.es\\\/?s={search_term_string}\"},\"query-input\":{\"@type\":\"PropertyValueSpecification\",\"valueRequired\":true,\"valueName\":\"search_term_string\"}}],\"inLanguage\":\"en-US\"}]}<\/script>\n<!-- \/ Yoast SEO plugin. -->","yoast_head_json":{"title":"Elements - DivulgaH2","description":"Elements","robots":{"index":"index","follow":"follow","max-snippet":"max-snippet:-1","max-image-preview":"max-image-preview:large","max-video-preview":"max-video-preview:-1"},"canonical":"https:\/\/divulgah2.es\/elements\/","og_locale":"en_US","og_type":"article","og_title":"Elements - DivulgaH2","og_description":"Elements","og_url":"https:\/\/divulgah2.es\/elements\/","og_site_name":"DivulgaH2","article_publisher":"https:\/\/www.facebook.com\/divulgah2?ref=hl","article_modified_time":"2014-07-30T19:12:12+00:00","og_image":[{"url":"https:\/\/divulgah2.es\/wp-content\/uploads\/2012\/12\/bird.jpg","type":"","width":"","height":""}],"twitter_misc":{"Est. reading time":"10 minutes"},"schema":{"@context":"https:\/\/schema.org","@graph":[{"@type":"WebPage","@id":"https:\/\/divulgah2.es\/elements\/","url":"https:\/\/divulgah2.es\/elements\/","name":"Elements - DivulgaH2","isPartOf":{"@id":"https:\/\/divulgah2.es\/#website"},"primaryImageOfPage":{"@id":"https:\/\/divulgah2.es\/elements\/#primaryimage"},"image":{"@id":"https:\/\/divulgah2.es\/elements\/#primaryimage"},"thumbnailUrl":"https:\/\/divulgah2.es\/wp-content\/uploads\/2012\/12\/bird.jpg","datePublished":"2012-12-13T14:06:53+00:00","dateModified":"2014-07-30T19:12:12+00:00","description":"Elements","breadcrumb":{"@id":"https:\/\/divulgah2.es\/elements\/#breadcrumb"},"inLanguage":"en-US","potentialAction":[{"@type":"ReadAction","target":["https:\/\/divulgah2.es\/elements\/"]}]},{"@type":"ImageObject","inLanguage":"en-US","@id":"https:\/\/divulgah2.es\/elements\/#primaryimage","url":"https:\/\/divulgah2.es\/wp-content\/uploads\/2012\/12\/bird.jpg","contentUrl":"https:\/\/divulgah2.es\/wp-content\/uploads\/2012\/12\/bird.jpg"},{"@type":"BreadcrumbList","@id":"https:\/\/divulgah2.es\/elements\/#breadcrumb","itemListElement":[{"@type":"ListItem","position":1,"name":"Portada","item":"https:\/\/divulgah2.es\/"},{"@type":"ListItem","position":2,"name":"Elements"}]},{"@type":"WebSite","@id":"https:\/\/divulgah2.es\/#website","url":"https:\/\/divulgah2.es\/","name":"DivulgaH2","description":"Divulgaci\u00f3n de las tecnolog\u00edas de hidr\u00f3geno y pilas de combustible a la sociedad","potentialAction":[{"@type":"SearchAction","target":{"@type":"EntryPoint","urlTemplate":"https:\/\/divulgah2.es\/?s={search_term_string}"},"query-input":{"@type":"PropertyValueSpecification","valueRequired":true,"valueName":"search_term_string"}}],"inLanguage":"en-US"}]}},"_links":{"self":[{"href":"https:\/\/divulgah2.es\/en\/wp-json\/wp\/v2\/pages\/268","targetHints":{"allow":["GET"]}}],"collection":[{"href":"https:\/\/divulgah2.es\/en\/wp-json\/wp\/v2\/pages"}],"about":[{"href":"https:\/\/divulgah2.es\/en\/wp-json\/wp\/v2\/types\/page"}],"author":[{"embeddable":true,"href":"https:\/\/divulgah2.es\/en\/wp-json\/wp\/v2\/users\/1"}],"replies":[{"embeddable":true,"href":"https:\/\/divulgah2.es\/en\/wp-json\/wp\/v2\/comments?post=268"}],"version-history":[{"count":1,"href":"https:\/\/divulgah2.es\/en\/wp-json\/wp\/v2\/pages\/268\/revisions"}],"predecessor-version":[{"id":1482,"href":"https:\/\/divulgah2.es\/en\/wp-json\/wp\/v2\/pages\/268\/revisions\/1482"}],"wp:attachment":[{"href":"https:\/\/divulgah2.es\/en\/wp-json\/wp\/v2\/media?parent=268"}],"curies":[{"name":"wp","href":"https:\/\/api.w.org\/{rel}","templated":true}]}}