{"id":416,"date":"2014-04-23T11:56:43","date_gmt":"2014-04-23T11:56:43","guid":{"rendered":"http:\/\/divulgah2.es\/?page_id=416"},"modified":"2014-07-30T18:07:28","modified_gmt":"2014-07-30T18:07:28","slug":"proyecto-divulgah2","status":"publish","type":"page","link":"https:\/\/divulgah2.es\/en\/proyecto-divulgah2\/","title":{"rendered":"DivulgaH2 project"},"content":{"rendered":"<p>The annual program of UCC+i scientific-informative activities of the National Hydrogen Centre is an investment by bringing hydrogen technologies to society.<\/p>\n<p>Hydrogen is still, today, a great unknown to most of society, and for this reason, we want to perform different scientific outreach and dissemination activities of these technologies, with the aim to achieve that hydrogen to be considered as an energy future option and near to society.<\/p>\n<p>Within these initiatives DivulgaH2 project is presented, funded by the Spanish Foundation for Science and Technology (FECYT) &#8211; Ministry of Economy and Competitiveness in the Call for support to the program of scientific culture and innovation 2013, whose main objective is to inform, educate and demonstrate these technologies to different target audience.<\/p>\n<p>The CNH2 considered of great interest the implementation of R&#038;D&#038;i activities and actions, but equally important is to disseminate the results and raise society awareness about the need for research, developments achieved and more specifically about the work of CNH2 as facility serving the scientific and business community, technologies and the advantages of using hydrogen.<\/p>\n<p>\u00a0<br \/>\n<img loading=\"lazy\" decoding=\"async\" src=\"https:\/\/divulgah2.es\/wp-content\/uploads\/2014\/04\/logo_MINECO_FECYT_Web_color1.jpg\" alt=\"logo_MINECO_FECYT_Web_color\" width=\"380\" height=\"47\" class=\"alignleft size-full wp-image-960\" srcset=\"https:\/\/divulgah2.es\/wp-content\/uploads\/2014\/04\/logo_MINECO_FECYT_Web_color1.jpg 380w, https:\/\/divulgah2.es\/wp-content\/uploads\/2014\/04\/logo_MINECO_FECYT_Web_color1-300x37.jpg 300w\" sizes=\"auto, (max-width: 380px) 100vw, 380px\" \/><\/p>","protected":false},"excerpt":{"rendered":"<p>The annual program of UCC+i scientific-informative activities of the National Hydrogen Centre is an investment by bringing hydrogen technologies to society. Hydrogen is still, today, a great unknown to most of society, and for this reason, we want to perform different scientific outreach and dissemination activities of these technologies, with the aim to achieve that [&hellip;]<\/p>\n","protected":false},"author":1,"featured_media":0,"parent":0,"menu_order":0,"comment_status":"closed","ping_status":"closed","template":"page_sidebar.php","meta":{"ngg_post_thumbnail":0,"footnotes":""},"class_list":["post-416","page","type-page","status-publish","hentry"],"yoast_head":"<!-- This site is optimized with the Yoast SEO plugin v27.4 - https:\/\/yoast.com\/product\/yoast-seo-wordpress\/ -->\n<title>Proyecto DivulgaH2<\/title>\n<meta name=\"description\" content=\"El hidr\u00f3geno quiere dejar de ser un desconocido a trav\u00e9s del proyecto DivulgaH2\" \/>\n<meta name=\"robots\" content=\"index, follow, max-snippet:-1, max-image-preview:large, max-video-preview:-1\" \/>\n<link rel=\"canonical\" href=\"https:\/\/divulgah2.es\/proyecto-divulgah2\/\" \/>\n<meta property=\"og:locale\" content=\"en_US\" \/>\n<meta property=\"og:type\" content=\"article\" \/>\n<meta property=\"og:title\" content=\"Proyecto DivulgaH2\" \/>\n<meta property=\"og:description\" content=\"El hidr\u00f3geno quiere dejar de ser un desconocido a trav\u00e9s del proyecto DivulgaH2\" \/>\n<meta property=\"og:url\" content=\"https:\/\/divulgah2.es\/proyecto-divulgah2\/\" \/>\n<meta property=\"og:site_name\" content=\"DivulgaH2\" \/>\n<meta property=\"article:publisher\" content=\"https:\/\/www.facebook.com\/divulgah2?ref=hl\" \/>\n<meta property=\"article:modified_time\" content=\"2014-07-30T18:07:28+00:00\" \/>\n<meta property=\"og:image\" content=\"https:\/\/divulgah2.es\/wp-content\/uploads\/2014\/04\/logo_MINECO_FECYT_Web_color1.jpg\" \/>\n<meta name=\"twitter:label1\" content=\"Est. reading time\" \/>\n\t<meta name=\"twitter:data1\" content=\"2 minutes\" \/>\n<script type=\"application\/ld+json\" class=\"yoast-schema-graph\">{\"@context\":\"https:\\\/\\\/schema.org\",\"@graph\":[{\"@type\":\"WebPage\",\"@id\":\"https:\\\/\\\/divulgah2.es\\\/proyecto-divulgah2\\\/\",\"url\":\"https:\\\/\\\/divulgah2.es\\\/proyecto-divulgah2\\\/\",\"name\":\"Proyecto DivulgaH2\",\"isPartOf\":{\"@id\":\"https:\\\/\\\/divulgah2.es\\\/#website\"},\"primaryImageOfPage\":{\"@id\":\"https:\\\/\\\/divulgah2.es\\\/proyecto-divulgah2\\\/#primaryimage\"},\"image\":{\"@id\":\"https:\\\/\\\/divulgah2.es\\\/proyecto-divulgah2\\\/#primaryimage\"},\"thumbnailUrl\":\"https:\\\/\\\/divulgah2.es\\\/wp-content\\\/uploads\\\/2014\\\/04\\\/logo_MINECO_FECYT_Web_color1.jpg\",\"datePublished\":\"2014-04-23T11:56:43+00:00\",\"dateModified\":\"2014-07-30T18:07:28+00:00\",\"description\":\"El hidr\u00f3geno quiere dejar de ser un desconocido a trav\u00e9s del proyecto DivulgaH2\",\"breadcrumb\":{\"@id\":\"https:\\\/\\\/divulgah2.es\\\/proyecto-divulgah2\\\/#breadcrumb\"},\"inLanguage\":\"en-US\",\"potentialAction\":[{\"@type\":\"ReadAction\",\"target\":[\"https:\\\/\\\/divulgah2.es\\\/proyecto-divulgah2\\\/\"]}]},{\"@type\":\"ImageObject\",\"inLanguage\":\"en-US\",\"@id\":\"https:\\\/\\\/divulgah2.es\\\/proyecto-divulgah2\\\/#primaryimage\",\"url\":\"https:\\\/\\\/divulgah2.es\\\/wp-content\\\/uploads\\\/2014\\\/04\\\/logo_MINECO_FECYT_Web_color1.jpg\",\"contentUrl\":\"https:\\\/\\\/divulgah2.es\\\/wp-content\\\/uploads\\\/2014\\\/04\\\/logo_MINECO_FECYT_Web_color1.jpg\"},{\"@type\":\"BreadcrumbList\",\"@id\":\"https:\\\/\\\/divulgah2.es\\\/proyecto-divulgah2\\\/#breadcrumb\",\"itemListElement\":[{\"@type\":\"ListItem\",\"position\":1,\"name\":\"Portada\",\"item\":\"https:\\\/\\\/divulgah2.es\\\/\"},{\"@type\":\"ListItem\",\"position\":2,\"name\":\"Proyecto DivulgaH2\"}]},{\"@type\":\"WebSite\",\"@id\":\"https:\\\/\\\/divulgah2.es\\\/#website\",\"url\":\"https:\\\/\\\/divulgah2.es\\\/\",\"name\":\"DivulgaH2\",\"description\":\"Divulgaci\u00f3n de las tecnolog\u00edas de hidr\u00f3geno y pilas de combustible a la sociedad\",\"potentialAction\":[{\"@type\":\"SearchAction\",\"target\":{\"@type\":\"EntryPoint\",\"urlTemplate\":\"https:\\\/\\\/divulgah2.es\\\/?s={search_term_string}\"},\"query-input\":{\"@type\":\"PropertyValueSpecification\",\"valueRequired\":true,\"valueName\":\"search_term_string\"}}],\"inLanguage\":\"en-US\"}]}<\/script>\n<!-- \/ Yoast SEO plugin. -->","yoast_head_json":{"title":"Proyecto DivulgaH2","description":"El hidr\u00f3geno quiere dejar de ser un desconocido a trav\u00e9s del proyecto DivulgaH2","robots":{"index":"index","follow":"follow","max-snippet":"max-snippet:-1","max-image-preview":"max-image-preview:large","max-video-preview":"max-video-preview:-1"},"canonical":"https:\/\/divulgah2.es\/proyecto-divulgah2\/","og_locale":"en_US","og_type":"article","og_title":"Proyecto DivulgaH2","og_description":"El hidr\u00f3geno quiere dejar de ser un desconocido a trav\u00e9s del proyecto DivulgaH2","og_url":"https:\/\/divulgah2.es\/proyecto-divulgah2\/","og_site_name":"DivulgaH2","article_publisher":"https:\/\/www.facebook.com\/divulgah2?ref=hl","article_modified_time":"2014-07-30T18:07:28+00:00","og_image":[{"url":"https:\/\/divulgah2.es\/wp-content\/uploads\/2014\/04\/logo_MINECO_FECYT_Web_color1.jpg","type":"","width":"","height":""}],"twitter_misc":{"Est. reading time":"2 minutes"},"schema":{"@context":"https:\/\/schema.org","@graph":[{"@type":"WebPage","@id":"https:\/\/divulgah2.es\/proyecto-divulgah2\/","url":"https:\/\/divulgah2.es\/proyecto-divulgah2\/","name":"Proyecto DivulgaH2","isPartOf":{"@id":"https:\/\/divulgah2.es\/#website"},"primaryImageOfPage":{"@id":"https:\/\/divulgah2.es\/proyecto-divulgah2\/#primaryimage"},"image":{"@id":"https:\/\/divulgah2.es\/proyecto-divulgah2\/#primaryimage"},"thumbnailUrl":"https:\/\/divulgah2.es\/wp-content\/uploads\/2014\/04\/logo_MINECO_FECYT_Web_color1.jpg","datePublished":"2014-04-23T11:56:43+00:00","dateModified":"2014-07-30T18:07:28+00:00","description":"El hidr\u00f3geno quiere dejar de ser un desconocido a trav\u00e9s del proyecto DivulgaH2","breadcrumb":{"@id":"https:\/\/divulgah2.es\/proyecto-divulgah2\/#breadcrumb"},"inLanguage":"en-US","potentialAction":[{"@type":"ReadAction","target":["https:\/\/divulgah2.es\/proyecto-divulgah2\/"]}]},{"@type":"ImageObject","inLanguage":"en-US","@id":"https:\/\/divulgah2.es\/proyecto-divulgah2\/#primaryimage","url":"https:\/\/divulgah2.es\/wp-content\/uploads\/2014\/04\/logo_MINECO_FECYT_Web_color1.jpg","contentUrl":"https:\/\/divulgah2.es\/wp-content\/uploads\/2014\/04\/logo_MINECO_FECYT_Web_color1.jpg"},{"@type":"BreadcrumbList","@id":"https:\/\/divulgah2.es\/proyecto-divulgah2\/#breadcrumb","itemListElement":[{"@type":"ListItem","position":1,"name":"Portada","item":"https:\/\/divulgah2.es\/"},{"@type":"ListItem","position":2,"name":"Proyecto DivulgaH2"}]},{"@type":"WebSite","@id":"https:\/\/divulgah2.es\/#website","url":"https:\/\/divulgah2.es\/","name":"DivulgaH2","description":"Divulgaci\u00f3n de las tecnolog\u00edas de hidr\u00f3geno y pilas de combustible a la sociedad","potentialAction":[{"@type":"SearchAction","target":{"@type":"EntryPoint","urlTemplate":"https:\/\/divulgah2.es\/?s={search_term_string}"},"query-input":{"@type":"PropertyValueSpecification","valueRequired":true,"valueName":"search_term_string"}}],"inLanguage":"en-US"}]}},"_links":{"self":[{"href":"https:\/\/divulgah2.es\/en\/wp-json\/wp\/v2\/pages\/416","targetHints":{"allow":["GET"]}}],"collection":[{"href":"https:\/\/divulgah2.es\/en\/wp-json\/wp\/v2\/pages"}],"about":[{"href":"https:\/\/divulgah2.es\/en\/wp-json\/wp\/v2\/types\/page"}],"author":[{"embeddable":true,"href":"https:\/\/divulgah2.es\/en\/wp-json\/wp\/v2\/users\/1"}],"replies":[{"embeddable":true,"href":"https:\/\/divulgah2.es\/en\/wp-json\/wp\/v2\/comments?post=416"}],"version-history":[{"count":10,"href":"https:\/\/divulgah2.es\/en\/wp-json\/wp\/v2\/pages\/416\/revisions"}],"predecessor-version":[{"id":549,"href":"https:\/\/divulgah2.es\/en\/wp-json\/wp\/v2\/pages\/416\/revisions\/549"}],"wp:attachment":[{"href":"https:\/\/divulgah2.es\/en\/wp-json\/wp\/v2\/media?parent=416"}],"curies":[{"name":"wp","href":"https:\/\/api.w.org\/{rel}","templated":true}]}}