{"id":4299,"date":"2020-11-20T13:12:47","date_gmt":"2020-11-20T13:12:47","guid":{"rendered":"https:\/\/www.divulgah2.es\/?page_id=4299"},"modified":"2020-11-20T13:23:21","modified_gmt":"2020-11-20T13:23:21","slug":"politicacookies","status":"publish","type":"page","link":"https:\/\/divulgah2.es\/en\/politicacookies\/","title":{"rendered":"PoliticaCookies"},"content":{"rendered":"\n<p><em>Esta Pol\u00edtica de cookies se actualiz\u00f3 por \u00faltima vez el 20 de noviembre de 2020 y se aplica a ciudadanos del Reino Unido.<\/em><\/p>\n\n\n\n<h2 class=\"wp-block-heading\">1. Introducci\u00f3n<\/h2>\n\n\n\n<p>Nuestro sitio web, <a href=\"https:\/\/divulgah2.es\">https:\/\/divulgah2.es<\/a> (en adelante: &#8220;el sitio web&#8221;) utiliza cookies y otras tecnolog\u00edas relacionadas (para mayor comodidad, todas las tecnolog\u00edas se denominan &#8220;cookies&#8221;). Las cookies tambi\u00e9n son colocadas por terceros que hemos contratado. En el siguiente documento le informamos sobre el uso de cookies en nuestro sitio web.<\/p>\n\n\n\n<h2 class=\"wp-block-heading\">2. \u00bfQu\u00e9 son las cookies?<\/h2>\n\n\n\n<p>Una cookie es un archivo peque\u00f1o y simple que se env\u00eda junto con las p\u00e1ginas de este sitio web y que su navegador almacena en el disco duro de su computadora u otro dispositivo. La informaci\u00f3n almacenada en el mismo puede ser devuelta a nuestros servidores o a los servidores de los terceros relevantes durante una visita posterior.<\/p>\n\n\n\n<h2 class=\"wp-block-heading\">3. \u00bfQu\u00e9 son los guiones?<\/h2>\n\n\n\n<p>Un script es un fragmento de c\u00f3digo de programa que se utiliza para hacer que nuestro sitio web funcione de manera adecuada e interactiva. Este c\u00f3digo se ejecuta en nuestro servidor o en su dispositivo.<\/p>\n\n\n\n<h2 class=\"wp-block-heading\">4. \u00bfQu\u00e9 es una baliza web?<\/h2>\n\n\n\n<p>Una baliza web (o una etiqueta de p\u00edxel) es un fragmento peque\u00f1o e invisible de texto o imagen en un sitio web que se utiliza para monitorear el tr\u00e1fico en un sitio web. Para hacer esto, varios datos sobre usted se almacenan mediante balizas web.<\/p>\n\n\n\n<h2 class=\"wp-block-heading\">5. Cookies<\/h2>\n\n\n\n<p>5.1 Cookies t\u00e9cnicas o funcionales<\/p>\n\n\n\n<p>Algunas cookies garantizan que determinadas partes del sitio web funcionen correctamente y que se conozcan sus preferencias de usuario. Al colocar cookies funcionales, le facilitamos la visita a nuestro sitio web. De esta manera, no necesita ingresar repetidamente la misma informaci\u00f3n cuando visita nuestro sitio web y, por ejemplo, los art\u00edculos permanecen en su carrito de compras hasta que haya pagado. Podemos colocar estas cookies sin su consentimiento.<\/p>\n\n\n\n<p>5.2 Cookies anal\u00edticas<\/p>\n\n\n\n<p>Utilizamos cookies anal\u00edticas para optimizar la experiencia del sitio web para nuestros usuarios. Con estas cookies anal\u00edticas obtenemos informaci\u00f3n sobre el uso de nuestro sitio web. Solicitamos su permiso para colocar cookies anal\u00edticas.<\/p>\n\n\n\n<figure class=\"wp-block-image size-large\"><img loading=\"lazy\" decoding=\"async\" width=\"615\" height=\"558\" src=\"https:\/\/divulgah2.es\/wp-content\/uploads\/2020\/11\/1.png\" alt=\"\" class=\"wp-image-4300\" srcset=\"https:\/\/divulgah2.es\/wp-content\/uploads\/2020\/11\/1.png 615w, https:\/\/divulgah2.es\/wp-content\/uploads\/2020\/11\/1-300x272.png 300w, https:\/\/divulgah2.es\/wp-content\/uploads\/2020\/11\/1-600x544.png 600w\" sizes=\"auto, (max-width: 615px) 100vw, 615px\" \/><\/figure>\n\n\n\n<figure class=\"wp-block-image size-large\"><img loading=\"lazy\" decoding=\"async\" width=\"614\" height=\"359\" src=\"https:\/\/divulgah2.es\/wp-content\/uploads\/2020\/11\/2.png\" alt=\"\" class=\"wp-image-4301\" srcset=\"https:\/\/divulgah2.es\/wp-content\/uploads\/2020\/11\/2.png 614w, https:\/\/divulgah2.es\/wp-content\/uploads\/2020\/11\/2-300x175.png 300w, https:\/\/divulgah2.es\/wp-content\/uploads\/2020\/11\/2-600x351.png 600w\" sizes=\"auto, (max-width: 614px) 100vw, 614px\" \/><\/figure>\n\n\n\n<figure class=\"wp-block-image size-large\"><img loading=\"lazy\" decoding=\"async\" width=\"624\" height=\"584\" src=\"https:\/\/divulgah2.es\/wp-content\/uploads\/2020\/11\/3.png\" alt=\"\" class=\"wp-image-4302\" srcset=\"https:\/\/divulgah2.es\/wp-content\/uploads\/2020\/11\/3.png 624w, https:\/\/divulgah2.es\/wp-content\/uploads\/2020\/11\/3-300x281.png 300w, https:\/\/divulgah2.es\/wp-content\/uploads\/2020\/11\/3-600x562.png 600w\" sizes=\"auto, (max-width: 624px) 100vw, 624px\" \/><\/figure>\n\n\n\n<figure class=\"wp-block-gallery columns-1 is-cropped wp-block-gallery-1 is-layout-flex wp-block-gallery-is-layout-flex\"><ul class=\"blocks-gallery-grid\"><li class=\"blocks-gallery-item\"><figure><img loading=\"lazy\" decoding=\"async\" width=\"619\" height=\"554\" src=\"https:\/\/divulgah2.es\/wp-content\/uploads\/2020\/11\/4.png\" alt=\"\" data-id=\"4303\" data-full-url=\"https:\/\/divulgah2.es\/wp-content\/uploads\/2020\/11\/4.png\" data-link=\"https:\/\/divulgah2.es\/?attachment_id=4303\" class=\"wp-image-4303\" srcset=\"https:\/\/divulgah2.es\/wp-content\/uploads\/2020\/11\/4.png 619w, https:\/\/divulgah2.es\/wp-content\/uploads\/2020\/11\/4-300x268.png 300w, https:\/\/divulgah2.es\/wp-content\/uploads\/2020\/11\/4-600x537.png 600w\" sizes=\"auto, (max-width: 619px) 100vw, 619px\" \/><\/figure><\/li><\/ul><\/figure>\n\n\n\n<figure class=\"wp-block-image size-large\"><img loading=\"lazy\" decoding=\"async\" width=\"649\" height=\"684\" src=\"https:\/\/divulgah2.es\/wp-content\/uploads\/2020\/11\/3-1.png\" alt=\"\" class=\"wp-image-4315\" srcset=\"https:\/\/divulgah2.es\/wp-content\/uploads\/2020\/11\/3-1.png 649w, https:\/\/divulgah2.es\/wp-content\/uploads\/2020\/11\/3-1-285x300.png 285w, https:\/\/divulgah2.es\/wp-content\/uploads\/2020\/11\/3-1-600x632.png 600w\" sizes=\"auto, (max-width: 649px) 100vw, 649px\" \/><\/figure>\n\n\n\n<figure class=\"wp-block-image size-large\"><img loading=\"lazy\" decoding=\"async\" width=\"618\" height=\"658\" src=\"https:\/\/divulgah2.es\/wp-content\/uploads\/2020\/11\/4-2.png\" alt=\"\" class=\"wp-image-4316\" srcset=\"https:\/\/divulgah2.es\/wp-content\/uploads\/2020\/11\/4-2.png 618w, https:\/\/divulgah2.es\/wp-content\/uploads\/2020\/11\/4-2-282x300.png 282w, https:\/\/divulgah2.es\/wp-content\/uploads\/2020\/11\/4-2-600x639.png 600w\" sizes=\"auto, (max-width: 618px) 100vw, 618px\" \/><\/figure>\n\n\n\n<figure class=\"wp-block-image size-large\"><img loading=\"lazy\" decoding=\"async\" width=\"614\" height=\"728\" src=\"https:\/\/divulgah2.es\/wp-content\/uploads\/2020\/11\/5-2.png\" alt=\"\" class=\"wp-image-4317\" srcset=\"https:\/\/divulgah2.es\/wp-content\/uploads\/2020\/11\/5-2.png 614w, https:\/\/divulgah2.es\/wp-content\/uploads\/2020\/11\/5-2-253x300.png 253w, https:\/\/divulgah2.es\/wp-content\/uploads\/2020\/11\/5-2-600x711.png 600w\" sizes=\"auto, (max-width: 614px) 100vw, 614px\" \/><\/figure>\n\n\n\n<figure class=\"wp-block-image size-large\"><img loading=\"lazy\" decoding=\"async\" width=\"616\" height=\"814\" src=\"https:\/\/divulgah2.es\/wp-content\/uploads\/2020\/11\/6-2.png\" alt=\"\" class=\"wp-image-4318\" srcset=\"https:\/\/divulgah2.es\/wp-content\/uploads\/2020\/11\/6-2.png 616w, https:\/\/divulgah2.es\/wp-content\/uploads\/2020\/11\/6-2-227x300.png 227w, https:\/\/divulgah2.es\/wp-content\/uploads\/2020\/11\/6-2-600x793.png 600w\" sizes=\"auto, (max-width: 616px) 100vw, 616px\" \/><\/figure>\n\n\n\n<figure class=\"wp-block-image size-large\"><img loading=\"lazy\" decoding=\"async\" width=\"620\" height=\"789\" src=\"https:\/\/divulgah2.es\/wp-content\/uploads\/2020\/11\/7-2.png\" alt=\"\" class=\"wp-image-4319\" srcset=\"https:\/\/divulgah2.es\/wp-content\/uploads\/2020\/11\/7-2.png 620w, https:\/\/divulgah2.es\/wp-content\/uploads\/2020\/11\/7-2-236x300.png 236w, https:\/\/divulgah2.es\/wp-content\/uploads\/2020\/11\/7-2-600x764.png 600w\" sizes=\"auto, (max-width: 620px) 100vw, 620px\" \/><\/figure>\n\n\n\n<figure class=\"wp-block-image size-large\"><img loading=\"lazy\" decoding=\"async\" width=\"616\" height=\"542\" src=\"https:\/\/divulgah2.es\/wp-content\/uploads\/2020\/11\/8-2.png\" alt=\"\" class=\"wp-image-4320\" srcset=\"https:\/\/divulgah2.es\/wp-content\/uploads\/2020\/11\/8-2.png 616w, https:\/\/divulgah2.es\/wp-content\/uploads\/2020\/11\/8-2-300x264.png 300w, https:\/\/divulgah2.es\/wp-content\/uploads\/2020\/11\/8-2-600x528.png 600w\" sizes=\"auto, (max-width: 616px) 100vw, 616px\" \/><\/figure>\n\n\n\n<figure class=\"wp-block-image size-large\"><img loading=\"lazy\" decoding=\"async\" width=\"620\" height=\"649\" src=\"https:\/\/divulgah2.es\/wp-content\/uploads\/2020\/11\/9-2.png\" alt=\"\" class=\"wp-image-4321\" srcset=\"https:\/\/divulgah2.es\/wp-content\/uploads\/2020\/11\/9-2.png 620w, https:\/\/divulgah2.es\/wp-content\/uploads\/2020\/11\/9-2-287x300.png 287w, https:\/\/divulgah2.es\/wp-content\/uploads\/2020\/11\/9-2-600x628.png 600w\" sizes=\"auto, (max-width: 620px) 100vw, 620px\" \/><\/figure>\n\n\n\n<p><\/p>\n\n\n\n<h2 class=\"wp-block-heading\">7. Consentimiento<\/h2>\n\n\n\n<p>Cuando visite nuestro sitio web por primera vez, le mostraremos una ventana emergente con una explicaci\u00f3n sobre las cookies. Tan pronto como haga clic en &#8220;Guardar preferencias&#8221;, usted acepta que usemos las categor\u00edas de cookies y complementos que seleccion\u00f3 en la ventana emergente, como se describe en esta Pol\u00edtica de cookies. Puede desactivar el uso de cookies a trav\u00e9s de su navegador, pero tenga en cuenta que es posible que nuestro sitio web ya no funcione correctamente.<\/p>\n\n\n\n<p>7.1 Administre su configuraci\u00f3n de consentimientoFuncionalEstad\u00edsticasM\u00e1rketing<\/p>\n\n\n\n<h2 class=\"wp-block-heading\">8. Sus derechos con respecto a los datos personales<\/h2>\n\n\n\n<p>Tiene los siguientes derechos con respecto a sus datos personales:<\/p>\n\n\n\n<ul class=\"wp-block-list\"><li>Tiene derecho a saber por qu\u00e9 se necesitan sus datos personales, qu\u00e9 suceder\u00e1 con ellos y durante cu\u00e1nto tiempo se conservar\u00e1n.<\/li><li>Derecho de acceso: tiene derecho a acceder a sus datos personales que conocemos.<\/li><li>Right to rectification: you have the right to supplement, correct, have deleted or blocked your personal data whenever you wish.<\/li><li>If you give us your consent to process your data, you have the right to revoke that consent and to have your personal data deleted.<\/li><li>Right to transfer your data: you have the right to request all your personal data from the controller and transfer it in its entirety to another controller.<\/li><li>Right to object: you may object to the processing of your data. We comply with this, unless there are justified grounds for processing.<\/li><\/ul>\n\n\n\n<p>To exercise these rights, please contact us. Please refer to the contact details at the bottom of this Cookie Policy. If you have a complaint about how we handle your data, we would like to hear from you, but you also have the right to submit a complaint to the supervisory authority (the Information Commissioner\u2019s Office (ICO)).<\/p>\n\n\n\n<h2 class=\"wp-block-heading\">9. Enabling\/disabling and deleting cookies<\/h2>\n\n\n\n<p>You can use your internet browser to automatically or manually delete cookies. You can also specify that certain cookies may not be placed. Another option is to change the settings of your internet browser so that you receive a message each time a cookie is placed. For more information about these options, please refer to the instructions in the Help section of your browser.<\/p>\n\n\n\n<p>Please note that our website may not work properly if all cookies are disabled. If you do delete the cookies in your browser, they will be placed again after your consent when you visit our websites again.<\/p>\n\n\n\n<h2 class=\"wp-block-heading\">10. Contact details<\/h2>\n\n\n\n<p>For questions and\/or comments about our Cookie Policy and this statement, please contact us by using the following contact details:<\/p>\n\n\n\n<p>DivulgaH2<br>Prolongaci\u00f3n Fernando el Santo, s\/n<br>13500 Puertollano (Ciudad Real)<br>Espa\u00f1a<br>Website: <a href=\"https:\/\/divulgah2.es\">https:\/\/divulgah2.es<\/a><br>Email: <a href=\"mailto:divulgah2@cnh2.es\">divulgah2@cnh2.es<\/a><br>N\u00famero de tel\u00e9fono: (+34) 926 420 682<\/p>\n\n\n\n<p>Esta pol\u00edtica de cookies ha sido sincronizada con <a href=\"https:\/\/cookiedatabase.org\" target=\"_blank\" rel=\"noreferrer noopener\">cookiedatabase.org<\/a> el 20 noviembre, 2020<\/p>\n","protected":false},"excerpt":{"rendered":"<p>Esta Pol\u00edtica de cookies se actualiz\u00f3 por \u00faltima vez el 20 de noviembre de 2020 y se aplica a ciudadanos del Reino Unido. 1. Introducci\u00f3n Nuestro sitio web, https:\/\/divulgah2.es (en adelante: &#8220;el sitio web&#8221;) utiliza cookies y otras tecnolog\u00edas relacionadas (para mayor comodidad, todas las tecnolog\u00edas se denominan &#8220;cookies&#8221;). Las cookies tambi\u00e9n son colocadas por [&hellip;]<\/p>\n","protected":false},"author":6,"featured_media":0,"parent":0,"menu_order":0,"comment_status":"closed","ping_status":"closed","template":"","meta":{"ngg_post_thumbnail":0,"footnotes":""},"class_list":["post-4299","page","type-page","status-publish","hentry"],"yoast_head":"<!-- This site is optimized with the Yoast SEO plugin v26.8 - https:\/\/yoast.com\/product\/yoast-seo-wordpress\/ -->\n<title>PoliticaCookies - DivulgaH2<\/title>\n<meta name=\"robots\" content=\"index, follow, max-snippet:-1, max-image-preview:large, max-video-preview:-1\" \/>\n<link rel=\"canonical\" href=\"https:\/\/divulgah2.es\/en\/politicacookies\/\" \/>\n<meta property=\"og:locale\" content=\"en_US\" \/>\n<meta property=\"og:type\" content=\"article\" \/>\n<meta property=\"og:title\" content=\"PoliticaCookies - DivulgaH2\" \/>\n<meta property=\"og:description\" content=\"Esta Pol\u00edtica de cookies se actualiz\u00f3 por \u00faltima vez el 20 de noviembre de 2020 y se aplica a ciudadanos del Reino Unido. 1. Introducci\u00f3n Nuestro sitio web, https:\/\/divulgah2.es (en adelante: &#8220;el sitio web&#8221;) utiliza cookies y otras tecnolog\u00edas relacionadas (para mayor comodidad, todas las tecnolog\u00edas se denominan &#8220;cookies&#8221;). Las cookies tambi\u00e9n son colocadas por [&hellip;]\" \/>\n<meta property=\"og:url\" content=\"https:\/\/divulgah2.es\/en\/politicacookies\/\" \/>\n<meta property=\"og:site_name\" content=\"DivulgaH2\" \/>\n<meta property=\"article:publisher\" content=\"https:\/\/www.facebook.com\/divulgah2?ref=hl\" \/>\n<meta property=\"article:modified_time\" content=\"2020-11-20T13:23:21+00:00\" \/>\n<meta property=\"og:image\" content=\"https:\/\/divulgah2.es\/wp-content\/uploads\/2020\/11\/1.png\" \/>\n<meta name=\"twitter:label1\" content=\"Est. reading time\" \/>\n\t<meta name=\"twitter:data1\" content=\"4 minutes\" \/>\n<script type=\"application\/ld+json\" class=\"yoast-schema-graph\">{\"@context\":\"https:\/\/schema.org\",\"@graph\":[{\"@type\":\"WebPage\",\"@id\":\"https:\/\/divulgah2.es\/en\/politicacookies\/\",\"url\":\"https:\/\/divulgah2.es\/en\/politicacookies\/\",\"name\":\"PoliticaCookies - DivulgaH2\",\"isPartOf\":{\"@id\":\"https:\/\/divulgah2.es\/#website\"},\"primaryImageOfPage\":{\"@id\":\"https:\/\/divulgah2.es\/en\/politicacookies\/#primaryimage\"},\"image\":{\"@id\":\"https:\/\/divulgah2.es\/en\/politicacookies\/#primaryimage\"},\"thumbnailUrl\":\"https:\/\/divulgah2.es\/wp-content\/uploads\/2020\/11\/1.png\",\"datePublished\":\"2020-11-20T13:12:47+00:00\",\"dateModified\":\"2020-11-20T13:23:21+00:00\",\"breadcrumb\":{\"@id\":\"https:\/\/divulgah2.es\/en\/politicacookies\/#breadcrumb\"},\"inLanguage\":\"en-US\",\"potentialAction\":[{\"@type\":\"ReadAction\",\"target\":[\"https:\/\/divulgah2.es\/en\/politicacookies\/\"]}]},{\"@type\":\"ImageObject\",\"inLanguage\":\"en-US\",\"@id\":\"https:\/\/divulgah2.es\/en\/politicacookies\/#primaryimage\",\"url\":\"https:\/\/divulgah2.es\/wp-content\/uploads\/2020\/11\/1.png\",\"contentUrl\":\"https:\/\/divulgah2.es\/wp-content\/uploads\/2020\/11\/1.png\"},{\"@type\":\"BreadcrumbList\",\"@id\":\"https:\/\/divulgah2.es\/en\/politicacookies\/#breadcrumb\",\"itemListElement\":[{\"@type\":\"ListItem\",\"position\":1,\"name\":\"Portada\",\"item\":\"https:\/\/divulgah2.es\/\"},{\"@type\":\"ListItem\",\"position\":2,\"name\":\"PoliticaCookies\"}]},{\"@type\":\"WebSite\",\"@id\":\"https:\/\/divulgah2.es\/#website\",\"url\":\"https:\/\/divulgah2.es\/\",\"name\":\"DivulgaH2\",\"description\":\"Divulgaci\u00f3n de las tecnolog\u00edas de hidr\u00f3geno y pilas de combustible a la sociedad\",\"potentialAction\":[{\"@type\":\"SearchAction\",\"target\":{\"@type\":\"EntryPoint\",\"urlTemplate\":\"https:\/\/divulgah2.es\/?s={search_term_string}\"},\"query-input\":{\"@type\":\"PropertyValueSpecification\",\"valueRequired\":true,\"valueName\":\"search_term_string\"}}],\"inLanguage\":\"en-US\"}]}<\/script>\n<!-- \/ Yoast SEO plugin. -->","yoast_head_json":{"title":"PoliticaCookies - DivulgaH2","robots":{"index":"index","follow":"follow","max-snippet":"max-snippet:-1","max-image-preview":"max-image-preview:large","max-video-preview":"max-video-preview:-1"},"canonical":"https:\/\/divulgah2.es\/en\/politicacookies\/","og_locale":"en_US","og_type":"article","og_title":"PoliticaCookies - DivulgaH2","og_description":"Esta Pol\u00edtica de cookies se actualiz\u00f3 por \u00faltima vez el 20 de noviembre de 2020 y se aplica a ciudadanos del Reino Unido. 1. Introducci\u00f3n Nuestro sitio web, https:\/\/divulgah2.es (en adelante: &#8220;el sitio web&#8221;) utiliza cookies y otras tecnolog\u00edas relacionadas (para mayor comodidad, todas las tecnolog\u00edas se denominan &#8220;cookies&#8221;). Las cookies tambi\u00e9n son colocadas por [&hellip;]","og_url":"https:\/\/divulgah2.es\/en\/politicacookies\/","og_site_name":"DivulgaH2","article_publisher":"https:\/\/www.facebook.com\/divulgah2?ref=hl","article_modified_time":"2020-11-20T13:23:21+00:00","og_image":[{"url":"https:\/\/divulgah2.es\/wp-content\/uploads\/2020\/11\/1.png","type":"","width":"","height":""}],"twitter_misc":{"Est. reading time":"4 minutes"},"schema":{"@context":"https:\/\/schema.org","@graph":[{"@type":"WebPage","@id":"https:\/\/divulgah2.es\/en\/politicacookies\/","url":"https:\/\/divulgah2.es\/en\/politicacookies\/","name":"PoliticaCookies - DivulgaH2","isPartOf":{"@id":"https:\/\/divulgah2.es\/#website"},"primaryImageOfPage":{"@id":"https:\/\/divulgah2.es\/en\/politicacookies\/#primaryimage"},"image":{"@id":"https:\/\/divulgah2.es\/en\/politicacookies\/#primaryimage"},"thumbnailUrl":"https:\/\/divulgah2.es\/wp-content\/uploads\/2020\/11\/1.png","datePublished":"2020-11-20T13:12:47+00:00","dateModified":"2020-11-20T13:23:21+00:00","breadcrumb":{"@id":"https:\/\/divulgah2.es\/en\/politicacookies\/#breadcrumb"},"inLanguage":"en-US","potentialAction":[{"@type":"ReadAction","target":["https:\/\/divulgah2.es\/en\/politicacookies\/"]}]},{"@type":"ImageObject","inLanguage":"en-US","@id":"https:\/\/divulgah2.es\/en\/politicacookies\/#primaryimage","url":"https:\/\/divulgah2.es\/wp-content\/uploads\/2020\/11\/1.png","contentUrl":"https:\/\/divulgah2.es\/wp-content\/uploads\/2020\/11\/1.png"},{"@type":"BreadcrumbList","@id":"https:\/\/divulgah2.es\/en\/politicacookies\/#breadcrumb","itemListElement":[{"@type":"ListItem","position":1,"name":"Portada","item":"https:\/\/divulgah2.es\/"},{"@type":"ListItem","position":2,"name":"PoliticaCookies"}]},{"@type":"WebSite","@id":"https:\/\/divulgah2.es\/#website","url":"https:\/\/divulgah2.es\/","name":"DivulgaH2","description":"Divulgaci\u00f3n de las tecnolog\u00edas de hidr\u00f3geno y pilas de combustible a la sociedad","potentialAction":[{"@type":"SearchAction","target":{"@type":"EntryPoint","urlTemplate":"https:\/\/divulgah2.es\/?s={search_term_string}"},"query-input":{"@type":"PropertyValueSpecification","valueRequired":true,"valueName":"search_term_string"}}],"inLanguage":"en-US"}]}},"_links":{"self":[{"href":"https:\/\/divulgah2.es\/en\/wp-json\/wp\/v2\/pages\/4299","targetHints":{"allow":["GET"]}}],"collection":[{"href":"https:\/\/divulgah2.es\/en\/wp-json\/wp\/v2\/pages"}],"about":[{"href":"https:\/\/divulgah2.es\/en\/wp-json\/wp\/v2\/types\/page"}],"author":[{"embeddable":true,"href":"https:\/\/divulgah2.es\/en\/wp-json\/wp\/v2\/users\/6"}],"replies":[{"embeddable":true,"href":"https:\/\/divulgah2.es\/en\/wp-json\/wp\/v2\/comments?post=4299"}],"version-history":[{"count":2,"href":"https:\/\/divulgah2.es\/en\/wp-json\/wp\/v2\/pages\/4299\/revisions"}],"predecessor-version":[{"id":4323,"href":"https:\/\/divulgah2.es\/en\/wp-json\/wp\/v2\/pages\/4299\/revisions\/4323"}],"wp:attachment":[{"href":"https:\/\/divulgah2.es\/en\/wp-json\/wp\/v2\/media?parent=4299"}],"curies":[{"name":"wp","href":"https:\/\/api.w.org\/{rel}","templated":true}]}}