{"id":430,"date":"2014-04-23T14:10:20","date_gmt":"2014-04-23T14:10:20","guid":{"rendered":"http:\/\/divulgah2.es\/?page_id=430"},"modified":"2014-10-09T14:53:03","modified_gmt":"2014-10-09T14:53:03","slug":"encuestas","status":"publish","type":"page","link":"https:\/\/divulgah2.es\/en\/sala-de-prensa\/encuestas\/","title":{"rendered":"Surveys\/Quizzes"},"content":{"rendered":"<p><div id=\"watu_quiz\" class=\"quiz-area single-page-quiz\">\n<form action=\"\" method=\"post\" class=\"quiz-form \" id=\"quiz-1\" >\n<div class='watu-question' id='question-1'><div class='question-content'><p>Hydrogen can be obtained from:<\/p>\n<\/div><input type='hidden' name='question_id[]' value='2' \/><div class='watu-questions-wrap '><input type='hidden' name='answer_ids[]' class='watu-answer-ids' value='513' \/><div class='watu-question-choice'><input type='radio' name='answer-2[]' id='answer-id-513' class='answer answer-1  answerof-2' value='513' \/>&nbsp;<label for='answer-id-513' id='answer-label-513' class=' answer label-1'><span class='answer'>Carb\u00f3n, petr\u00f3leo, gas natural<\/span><\/label><\/div>\n<input type='hidden' name='answer_ids[]' class='watu-answer-ids' value='514' \/><div class='watu-question-choice'><input type='radio' name='answer-2[]' id='answer-id-514' class='answer answer-1  answerof-2' value='514' \/>&nbsp;<label for='answer-id-514' id='answer-label-514' class=' answer label-1'><span class='answer'>Agua<\/span><\/label><\/div>\n<input type='hidden' name='answer_ids[]' class='watu-answer-ids' value='515' \/><div class='watu-question-choice'><input type='radio' name='answer-2[]' id='answer-id-515' class='answer answer-1  answerof-2' value='515' \/>&nbsp;<label for='answer-id-515' id='answer-label-515' class=' answer label-1'><span class='answer'>Biomasa<\/span><\/label><\/div>\n<input type='hidden' name='answer_ids[]' class='watu-answer-ids' value='516' \/><div class='watu-question-choice'><input type='radio' name='answer-2[]' id='answer-id-516' class='answer answer-1  answerof-2' value='516' \/>&nbsp;<label for='answer-id-516' id='answer-label-516' class=' answer label-1'><span class='answer'>Todas las respuestas son correctas<\/span><\/label><\/div>\n<\/div><input type='hidden' id='questionType1' value='radio' class='required'><\/div><div class='watu-question' id='question-2'><div class='question-content'><p>Which is the main feature to classify fuel cells?<\/p>\n<\/div><input type='hidden' name='question_id[]' value='6' \/><div class='watu-questions-wrap '><input type='hidden' name='answer_ids[]' class='watu-answer-ids' value='313' \/><div class='watu-question-choice'><input type='radio' name='answer-6[]' id='answer-id-313' class='answer answer-2  answerof-6' value='313' \/>&nbsp;<label for='answer-id-313' id='answer-label-313' class=' answer label-2'><span class='answer'>Por su tama\u00f1o<\/span><\/label><\/div>\n<input type='hidden' name='answer_ids[]' class='watu-answer-ids' value='314' \/><div class='watu-question-choice'><input type='radio' name='answer-6[]' id='answer-id-314' class='answer answer-2  answerof-6' value='314' \/>&nbsp;<label for='answer-id-314' id='answer-label-314' class=' answer label-2'><span class='answer'>Por el electrolito que utilizan<\/span><\/label><\/div>\n<input type='hidden' name='answer_ids[]' class='watu-answer-ids' value='315' \/><div class='watu-question-choice'><input type='radio' name='answer-6[]' id='answer-id-315' class='answer answer-2  answerof-6' value='315' \/>&nbsp;<label for='answer-id-315' id='answer-label-315' class=' answer label-2'><span class='answer'>Por los materiales de los que est\u00e1n fabricadas<\/span><\/label><\/div>\n<input type='hidden' name='answer_ids[]' class='watu-answer-ids' value='316' \/><div class='watu-question-choice'><input type='radio' name='answer-6[]' id='answer-id-316' class='answer answer-2  answerof-6' value='316' \/>&nbsp;<label for='answer-id-316' id='answer-label-316' class=' answer label-2'><span class='answer'>Las pilas de combustible no se clasifican<\/span><\/label><\/div>\n<\/div><input type='hidden' id='questionType2' value='radio' class='required'><\/div><div class='watu-question' id='question-3'><div class='question-content'><p>Can be hydrogen stored?<\/p>\n<\/div><input type='hidden' name='question_id[]' value='3' \/><div class='watu-questions-wrap '><input type='hidden' name='answer_ids[]' class='watu-answer-ids' value='301' \/><div class='watu-question-choice'><input type='radio' name='answer-3[]' id='answer-id-301' class='answer answer-3  answerof-3' value='301' \/>&nbsp;<label for='answer-id-301' id='answer-label-301' class=' answer label-3'><span class='answer'>S\u00ed, se puede almacenar en cualquier lugar<\/span><\/label><\/div>\n<input type='hidden' name='answer_ids[]' class='watu-answer-ids' value='302' \/><div class='watu-question-choice'><input type='radio' name='answer-3[]' id='answer-id-302' class='answer answer-3  answerof-3' value='302' \/>&nbsp;<label for='answer-id-302' id='answer-label-302' class=' answer label-3'><span class='answer'>S\u00ed, se puede almacenar en botellas abiertas<\/span><\/label><\/div>\n<input type='hidden' name='answer_ids[]' class='watu-answer-ids' value='303' \/><div class='watu-question-choice'><input type='radio' name='answer-3[]' id='answer-id-303' class='answer answer-3  answerof-3' value='303' \/>&nbsp;<label for='answer-id-303' id='answer-label-303' class=' answer label-3'><span class='answer'>S\u00ed, existen diferentes formas de almacenarlo dependiendo de su estado<\/span><\/label><\/div>\n<input type='hidden' name='answer_ids[]' class='watu-answer-ids' value='304' \/><div class='watu-question-choice'><input type='radio' name='answer-3[]' id='answer-id-304' class='answer answer-3  answerof-3' value='304' \/>&nbsp;<label for='answer-id-304' id='answer-label-304' class=' answer label-3'><span class='answer'>No se puede almacenar<\/span><\/label><\/div>\n<\/div><input type='hidden' id='questionType3' value='radio' class='required'><\/div><div class='watu-question' id='question-4'><div class='question-content'><p>Hydrogen is an element &#8230;<\/p>\n<\/div><input type='hidden' name='question_id[]' value='4' \/><div class='watu-questions-wrap '><input type='hidden' name='answer_ids[]' class='watu-answer-ids' value='305' \/><div class='watu-question-choice'><input type='radio' name='answer-4[]' id='answer-id-305' class='answer answer-4  answerof-4' value='305' \/>&nbsp;<label for='answer-id-305' id='answer-label-305' class=' answer label-4'><span class='answer'>Poco conocido y tiene pocos usos<\/span><\/label><\/div>\n<input type='hidden' name='answer_ids[]' class='watu-answer-ids' value='306' \/><div class='watu-question-choice'><input type='radio' name='answer-4[]' id='answer-id-306' class='answer answer-4  answerof-4' value='306' \/>&nbsp;<label for='answer-id-306' id='answer-label-306' class=' answer label-4'><span class='answer'>Ha sido descubierto recientemente<\/span><\/label><\/div>\n<input type='hidden' name='answer_ids[]' class='watu-answer-ids' value='307' \/><div class='watu-question-choice'><input type='radio' name='answer-4[]' id='answer-id-307' class='answer answer-4  answerof-4' value='307' \/>&nbsp;<label for='answer-id-307' id='answer-label-307' class=' answer label-4'><span class='answer'>Se conoce pero no hay una industria muy extendida<\/span><\/label><\/div>\n<input type='hidden' name='answer_ids[]' class='watu-answer-ids' value='308' \/><div class='watu-question-choice'><input type='radio' name='answer-4[]' id='answer-id-308' class='answer answer-4  answerof-4' value='308' \/>&nbsp;<label for='answer-id-308' id='answer-label-308' class=' answer label-4'><span class='answer'>Se conoce desde hace d\u00e9cadas y tiene muchos usos y aplicaciones<\/span><\/label><\/div>\n<\/div><input type='hidden' id='questionType4' value='radio' class='required'><\/div><div class='watu-question' id='question-5'><div class='question-content'><p>Do You think it&#8217;s important to consider the issue of safety in the use of hydrogen?<\/p>\n<\/div><input type='hidden' name='question_id[]' value='8' \/><div class='watu-questions-wrap '><input type='hidden' name='answer_ids[]' class='watu-answer-ids' value='321' \/><div class='watu-question-choice'><input type='radio' name='answer-8[]' id='answer-id-321' class='answer answer-5  answerof-8' value='321' \/>&nbsp;<label for='answer-id-321' id='answer-label-321' class=' answer label-5'><span class='answer'>S\u00ed, pero s\u00f3lo en los aspectos relacionados con la producci\u00f3n de hidr\u00f3geno<\/span><\/label><\/div>\n<input type='hidden' name='answer_ids[]' class='watu-answer-ids' value='322' \/><div class='watu-question-choice'><input type='radio' name='answer-8[]' id='answer-id-322' class='answer answer-5  answerof-8' value='322' \/>&nbsp;<label for='answer-id-322' id='answer-label-322' class=' answer label-5'><span class='answer'>S\u00ed, pero s\u00f3lo cuando se utilicen en aplicaciones al transporte<\/span><\/label><\/div>\n<input type='hidden' name='answer_ids[]' class='watu-answer-ids' value='323' \/><div class='watu-question-choice'><input type='radio' name='answer-8[]' id='answer-id-323' class='answer answer-5  answerof-8' value='323' \/>&nbsp;<label for='answer-id-323' id='answer-label-323' class=' answer label-5'><span class='answer'>S\u00ed, en todos los aspectos del ciclo energ\u00e9tico del hidr\u00f3geno<\/span><\/label><\/div>\n<input type='hidden' name='answer_ids[]' class='watu-answer-ids' value='324' \/><div class='watu-question-choice'><input type='radio' name='answer-8[]' id='answer-id-324' class='answer answer-5  answerof-8' value='324' \/>&nbsp;<label for='answer-id-324' id='answer-label-324' class=' answer label-5'><span class='answer'>No es necesario porque el hidr\u00f3geno no tiene riesgos<\/span><\/label><\/div>\n<\/div><input type='hidden' id='questionType5' value='radio' class='required'><\/div><div class='watu-question' id='question-6'><div class='question-content'><p>\u00bfWhat position does the hydrogen in the periodic table?<\/p>\n<\/div><input type='hidden' name='question_id[]' value='1' \/><div class='watu-questions-wrap '><input type='hidden' name='answer_ids[]' class='watu-answer-ids' value='533' \/><div class='watu-question-choice'><input type='radio' name='answer-1[]' id='answer-id-533' class='answer answer-6  answerof-1' value='533' \/>&nbsp;<label for='answer-id-533' id='answer-label-533' class=' answer label-6'><span class='answer'>\u00daltima posici\u00f3n<\/span><\/label><\/div>\n<input type='hidden' name='answer_ids[]' class='watu-answer-ids' value='534' \/><div class='watu-question-choice'><input type='radio' name='answer-1[]' id='answer-id-534' class='answer answer-6  answerof-1' value='534' \/>&nbsp;<label for='answer-id-534' id='answer-label-534' class=' answer label-6'><span class='answer'>Primera posici\u00f3n<\/span><\/label><\/div>\n<input type='hidden' name='answer_ids[]' class='watu-answer-ids' value='535' \/><div class='watu-question-choice'><input type='radio' name='answer-1[]' id='answer-id-535' class='answer answer-6  answerof-1' value='535' \/>&nbsp;<label for='answer-id-535' id='answer-label-535' class=' answer label-6'><span class='answer'>Decima posici\u00f3n<\/span><\/label><\/div>\n<input type='hidden' name='answer_ids[]' class='watu-answer-ids' value='536' \/><div class='watu-question-choice'><input type='radio' name='answer-1[]' id='answer-id-536' class='answer answer-6  answerof-1' value='536' \/>&nbsp;<label for='answer-id-536' id='answer-label-536' class=' answer label-6'><span class='answer'>Quinta posici\u00f3n<\/span><\/label><\/div>\n<\/div><input type='hidden' id='questionType6' value='radio' class='required'><\/div><div class='watu-question' id='question-7'><div class='question-content'><p>What elements does a fuel cell need to generate electricity?<\/p>\n<\/div><input type='hidden' name='question_id[]' value='5' \/><div class='watu-questions-wrap '><input type='hidden' name='answer_ids[]' class='watu-answer-ids' value='309' \/><div class='watu-question-choice'><input type='radio' name='answer-5[]' id='answer-id-309' class='answer answer-7  answerof-5' value='309' \/>&nbsp;<label for='answer-id-309' id='answer-label-309' class=' answer label-7'><span class='answer'>Helio<\/span><\/label><\/div>\n<input type='hidden' name='answer_ids[]' class='watu-answer-ids' value='310' \/><div class='watu-question-choice'><input type='radio' name='answer-5[]' id='answer-id-310' class='answer answer-7  answerof-5' value='310' \/>&nbsp;<label for='answer-id-310' id='answer-label-310' class=' answer label-7'><span class='answer'>S\u00f3lo ox\u00edgeno<\/span><\/label><\/div>\n<input type='hidden' name='answer_ids[]' class='watu-answer-ids' value='311' \/><div class='watu-question-choice'><input type='radio' name='answer-5[]' id='answer-id-311' class='answer answer-7  answerof-5' value='311' \/>&nbsp;<label for='answer-id-311' id='answer-label-311' class=' answer label-7'><span class='answer'>Hidr\u00f3geno y ox\u00edgeno<\/span><\/label><\/div>\n<input type='hidden' name='answer_ids[]' class='watu-answer-ids' value='312' \/><div class='watu-question-choice'><input type='radio' name='answer-5[]' id='answer-id-312' class='answer answer-7  answerof-5' value='312' \/>&nbsp;<label for='answer-id-312' id='answer-label-312' class=' answer label-7'><span class='answer'>Agua<\/span><\/label><\/div>\n<\/div><input type='hidden' id='questionType7' value='radio' class='required'><\/div><div class='watu-question' id='question-8'><div class='question-content'><p>A fuel cell can be used in:<\/p>\n<\/div><input type='hidden' name='question_id[]' value='7' \/><div class='watu-questions-wrap '><input type='hidden' name='answer_ids[]' class='watu-answer-ids' value='317' \/><div class='watu-question-choice'><input type='radio' name='answer-7[]' id='answer-id-317' class='answer answer-8  answerof-7' value='317' \/>&nbsp;<label for='answer-id-317' id='answer-label-317' class=' answer label-8'><span class='answer'>Ordenadores, tel\u00e9fonos m\u00f3viles, tablets, \u2026<\/span><\/label><\/div>\n<input type='hidden' name='answer_ids[]' class='watu-answer-ids' value='318' \/><div class='watu-question-choice'><input type='radio' name='answer-7[]' id='answer-id-318' class='answer answer-8  answerof-7' value='318' \/>&nbsp;<label for='answer-id-318' id='answer-label-318' class=' answer label-8'><span class='answer'>Oficinas y hospitales para generar electricidad y calor<\/span><\/label><\/div>\n<input type='hidden' name='answer_ids[]' class='watu-answer-ids' value='319' \/><div class='watu-question-choice'><input type='radio' name='answer-7[]' id='answer-id-319' class='answer answer-8  answerof-7' value='319' \/>&nbsp;<label for='answer-id-319' id='answer-label-319' class=' answer label-8'><span class='answer'>Veh\u00edculos el\u00e9ctricos que utilizan hidr\u00f3geno como combustible<\/span><\/label><\/div>\n<input type='hidden' name='answer_ids[]' class='watu-answer-ids' value='320' \/><div class='watu-question-choice'><input type='radio' name='answer-7[]' id='answer-id-320' class='answer answer-8  answerof-7' value='320' \/>&nbsp;<label for='answer-id-320' id='answer-label-320' class=' answer label-8'><span class='answer'>Todas las respuestas son correctas<\/span><\/label><\/div>\n<\/div><input type='hidden' id='questionType8' value='radio' class='required'><\/div><div style='display:none' id='question-9'><br \/><div class='question-content'><img loading=\"lazy\" decoding=\"async\" src=\"https:\/\/divulgah2.es\/wp-content\/plugins\/watu\/loading.gif\" width=\"16\" height=\"16\" alt=\"Loading ...\" title=\"Loading ...\" \/>&nbsp;Loading &#8230;<\/div><\/div><br \/>\n<input type=\"button\" name=\"action\" onclick=\"Watu.submitResult()\" id=\"action-button\" value=\"Submit\"  class=\"watu-submit-button\" \/>\n<input type=\"hidden\" name=\"no_ajax\" value=\"0\"><input type=\"hidden\" name=\"quiz_id\" value=\"1\" \/>\n<input type=\"hidden\" id=\"watuStartTime\" name=\"start_time\" value=\"2026-04-28 13:50:03\" \/>\n<\/form>\n<\/div>\n<div id=\"watu-loading-result\" style=\"display:none;\">\n\t<p align=\"center\"><img loading=\"lazy\" decoding=\"async\" src=\"https:\/\/divulgah2.es\/wp-content\/plugins\/watu\/loading.gif\" width=\"16\" height=\"16\" alt=\"Loading\" title=\"Loading\" \/><\/p>\n<\/div>\t\n<script type=\"text\/javascript\">\nvar exam_id=0;\nvar question_ids='';\nvar watuURL='';\njQuery(function($){\nquestion_ids = \"2,6,3,4,8,1,5,7\";\nexam_id = 1;\nWatu.exam_id = exam_id;\nWatu.qArr = question_ids.split(',');\nWatu.post_id = 430;\nWatu.singlePage = '1';\nWatu.hAppID = \"0.41929100 1777384203\";\nwatuURL = \"https:\/\/divulgah2.es\/wp-admin\/admin-ajax.php\";\nWatu.noAlertUnanswered = 0;\n});\n<\/script><\/p>","protected":false},"excerpt":{"rendered":"<p>Sorry, this entry is only available in Espa\u00f1ol.<\/p>\n","protected":false},"author":1,"featured_media":0,"parent":648,"menu_order":0,"comment_status":"closed","ping_status":"closed","template":"","meta":{"ngg_post_thumbnail":0,"footnotes":""},"class_list":["post-430","page","type-page","status-publish","hentry"],"yoast_head":"<!-- This site is optimized with the Yoast SEO plugin v27.4 - https:\/\/yoast.com\/product\/yoast-seo-wordpress\/ -->\n<title>Surveys\/QuizzesEncuestas\/Concursos - DivulgaH2<\/title>\n<meta name=\"robots\" content=\"index, follow, max-snippet:-1, max-image-preview:large, max-video-preview:-1\" \/>\n<link rel=\"canonical\" href=\"https:\/\/divulgah2.es\/en\/sala-de-prensa\/encuestas\/\" \/>\n<meta property=\"og:locale\" content=\"en_US\" \/>\n<meta property=\"og:type\" content=\"article\" \/>\n<meta property=\"og:title\" content=\"Surveys\/QuizzesEncuestas\/Concursos - DivulgaH2\" \/>\n<meta property=\"og:description\" content=\"Sorry, this entry is only available in Espa\u00f1ol.\" \/>\n<meta property=\"og:url\" content=\"https:\/\/divulgah2.es\/en\/sala-de-prensa\/encuestas\/\" \/>\n<meta property=\"og:site_name\" content=\"DivulgaH2\" \/>\n<meta property=\"article:publisher\" content=\"https:\/\/www.facebook.com\/divulgah2?ref=hl\" \/>\n<meta property=\"article:modified_time\" content=\"2014-10-09T14:53:03+00:00\" \/>\n<meta name=\"twitter:label1\" content=\"Est. reading time\" \/>\n\t<meta name=\"twitter:data1\" content=\"1 minute\" \/>\n<script type=\"application\/ld+json\" class=\"yoast-schema-graph\">{\"@context\":\"https:\\\/\\\/schema.org\",\"@graph\":[{\"@type\":\"WebPage\",\"@id\":\"https:\\\/\\\/divulgah2.es\\\/en\\\/sala-de-prensa\\\/encuestas\\\/\",\"url\":\"https:\\\/\\\/divulgah2.es\\\/en\\\/sala-de-prensa\\\/encuestas\\\/\",\"name\":\"Surveys\\\/QuizzesEncuestas\\\/Concursos - DivulgaH2\",\"isPartOf\":{\"@id\":\"https:\\\/\\\/divulgah2.es\\\/#website\"},\"datePublished\":\"2014-04-23T14:10:20+00:00\",\"dateModified\":\"2014-10-09T14:53:03+00:00\",\"breadcrumb\":{\"@id\":\"https:\\\/\\\/divulgah2.es\\\/en\\\/sala-de-prensa\\\/encuestas\\\/#breadcrumb\"},\"inLanguage\":\"en-US\",\"potentialAction\":[{\"@type\":\"ReadAction\",\"target\":[\"https:\\\/\\\/divulgah2.es\\\/en\\\/sala-de-prensa\\\/encuestas\\\/\"]}]},{\"@type\":\"BreadcrumbList\",\"@id\":\"https:\\\/\\\/divulgah2.es\\\/en\\\/sala-de-prensa\\\/encuestas\\\/#breadcrumb\",\"itemListElement\":[{\"@type\":\"ListItem\",\"position\":1,\"name\":\"Portada\",\"item\":\"https:\\\/\\\/divulgah2.es\\\/\"},{\"@type\":\"ListItem\",\"position\":2,\"name\":\"Press Room\",\"item\":\"https:\\\/\\\/divulgah2.es\\\/en\\\/sala-de-prensa\\\/\"},{\"@type\":\"ListItem\",\"position\":3,\"name\":\"Surveys\\\/Quizzes\"}]},{\"@type\":\"WebSite\",\"@id\":\"https:\\\/\\\/divulgah2.es\\\/#website\",\"url\":\"https:\\\/\\\/divulgah2.es\\\/\",\"name\":\"DivulgaH2\",\"description\":\"Divulgaci\u00f3n de las tecnolog\u00edas de hidr\u00f3geno y pilas de combustible a la sociedad\",\"potentialAction\":[{\"@type\":\"SearchAction\",\"target\":{\"@type\":\"EntryPoint\",\"urlTemplate\":\"https:\\\/\\\/divulgah2.es\\\/?s={search_term_string}\"},\"query-input\":{\"@type\":\"PropertyValueSpecification\",\"valueRequired\":true,\"valueName\":\"search_term_string\"}}],\"inLanguage\":\"en-US\"}]}<\/script>\n<!-- \/ Yoast SEO plugin. -->","yoast_head_json":{"title":"Surveys\/QuizzesEncuestas\/Concursos - DivulgaH2","robots":{"index":"index","follow":"follow","max-snippet":"max-snippet:-1","max-image-preview":"max-image-preview:large","max-video-preview":"max-video-preview:-1"},"canonical":"https:\/\/divulgah2.es\/en\/sala-de-prensa\/encuestas\/","og_locale":"en_US","og_type":"article","og_title":"Surveys\/QuizzesEncuestas\/Concursos - DivulgaH2","og_description":"Sorry, this entry is only available in Espa\u00f1ol.","og_url":"https:\/\/divulgah2.es\/en\/sala-de-prensa\/encuestas\/","og_site_name":"DivulgaH2","article_publisher":"https:\/\/www.facebook.com\/divulgah2?ref=hl","article_modified_time":"2014-10-09T14:53:03+00:00","twitter_misc":{"Est. reading time":"1 minute"},"schema":{"@context":"https:\/\/schema.org","@graph":[{"@type":"WebPage","@id":"https:\/\/divulgah2.es\/en\/sala-de-prensa\/encuestas\/","url":"https:\/\/divulgah2.es\/en\/sala-de-prensa\/encuestas\/","name":"Surveys\/QuizzesEncuestas\/Concursos - DivulgaH2","isPartOf":{"@id":"https:\/\/divulgah2.es\/#website"},"datePublished":"2014-04-23T14:10:20+00:00","dateModified":"2014-10-09T14:53:03+00:00","breadcrumb":{"@id":"https:\/\/divulgah2.es\/en\/sala-de-prensa\/encuestas\/#breadcrumb"},"inLanguage":"en-US","potentialAction":[{"@type":"ReadAction","target":["https:\/\/divulgah2.es\/en\/sala-de-prensa\/encuestas\/"]}]},{"@type":"BreadcrumbList","@id":"https:\/\/divulgah2.es\/en\/sala-de-prensa\/encuestas\/#breadcrumb","itemListElement":[{"@type":"ListItem","position":1,"name":"Portada","item":"https:\/\/divulgah2.es\/"},{"@type":"ListItem","position":2,"name":"Press Room","item":"https:\/\/divulgah2.es\/en\/sala-de-prensa\/"},{"@type":"ListItem","position":3,"name":"Surveys\/Quizzes"}]},{"@type":"WebSite","@id":"https:\/\/divulgah2.es\/#website","url":"https:\/\/divulgah2.es\/","name":"DivulgaH2","description":"Divulgaci\u00f3n de las tecnolog\u00edas de hidr\u00f3geno y pilas de combustible a la sociedad","potentialAction":[{"@type":"SearchAction","target":{"@type":"EntryPoint","urlTemplate":"https:\/\/divulgah2.es\/?s={search_term_string}"},"query-input":{"@type":"PropertyValueSpecification","valueRequired":true,"valueName":"search_term_string"}}],"inLanguage":"en-US"}]}},"_links":{"self":[{"href":"https:\/\/divulgah2.es\/en\/wp-json\/wp\/v2\/pages\/430","targetHints":{"allow":["GET"]}}],"collection":[{"href":"https:\/\/divulgah2.es\/en\/wp-json\/wp\/v2\/pages"}],"about":[{"href":"https:\/\/divulgah2.es\/en\/wp-json\/wp\/v2\/types\/page"}],"author":[{"embeddable":true,"href":"https:\/\/divulgah2.es\/en\/wp-json\/wp\/v2\/users\/1"}],"replies":[{"embeddable":true,"href":"https:\/\/divulgah2.es\/en\/wp-json\/wp\/v2\/comments?post=430"}],"version-history":[{"count":8,"href":"https:\/\/divulgah2.es\/en\/wp-json\/wp\/v2\/pages\/430\/revisions"}],"predecessor-version":[{"id":1656,"href":"https:\/\/divulgah2.es\/en\/wp-json\/wp\/v2\/pages\/430\/revisions\/1656"}],"up":[{"embeddable":true,"href":"https:\/\/divulgah2.es\/en\/wp-json\/wp\/v2\/pages\/648"}],"wp:attachment":[{"href":"https:\/\/divulgah2.es\/en\/wp-json\/wp\/v2\/media?parent=430"}],"curies":[{"name":"wp","href":"https:\/\/api.w.org\/{rel}","templated":true}]}}