{"id":518,"date":"2014-04-25T08:47:49","date_gmt":"2014-04-25T08:47:49","guid":{"rendered":"http:\/\/divulgah2.es\/?page_id=518"},"modified":"2014-11-16T18:49:00","modified_gmt":"2014-11-16T18:49:00","slug":"semana-de-la-ciencia-2014","status":"publish","type":"page","link":"https:\/\/divulgah2.es\/en\/actividades-divulgah2\/semana-de-la-ciencia-2014\/","title":{"rendered":"2014 Science Week"},"content":{"rendered":"<p>The objective of all proposed activities proposed within the Science Week 2014 is to approach and inform students of all ages about science and hydrogen and fuel cells technologies, no-known for many of them, explaining different applications of these technologies.<\/p>\n<p>The CNH2 will make sessions for different schools and colleges of any city of the province of Ciudad Real that have previously booked an appointment for assistance.<\/p>\n<p><h2 class=\"title\"><span>Action 1: Dissemination Session &#8220;Hydrogen Formula&#8221;<\/span><\/h2><br \/>\nIts foundation will be the development of a workshop whose base is running a kart developed in Spain powered by a fuel cell. The aim is to generate awareness of technological change that is occurring worldwide in the transport sector and thus draw attention to the students about the technology being developed in our country and in other countries.<br \/>\nAttendees will see running a hydrogen-powered kart property of AIJU (Technological Institute for children\u2019s products &#038; Leisure).<\/p>\n<p><h2 class=\"title\"><span>Action 2: Dissemination session \u201cFuture housing\u201d.<\/span><\/h2><br \/>\nThe aim is to show the capabilities and applications of the renewable energy and hydrogen and fuel cell technologies combination with special emphasis on the operation of a self-supplying housing by combining technologies referred.<br \/>\nA demonstration of the application of technologies will be used by a model that represents a self-supplying housing electrically by a combination of renewable energy (mini-turbine) and hydrogen technologies (electrolyser, storage) and fuel cells.<\/p>\n<blockquote><p>\n<a href=\"\/quienes-somos\/quieres-participar\/?lang=en\" title=\"Rellenar Formulario\"><img loading=\"lazy\" decoding=\"async\" src=\"https:\/\/divulgah2.es\/wp-content\/uploads\/2014\/04\/ico-formulario.png\" alt=\"ico-formulario\" width=\"30\" height=\"43\" class=\"alignleft size-full wp-image-1050\" style=\"margin:-10px 10px 0 0;\" \/> Do you want to participate?<\/a>\n<\/p><\/blockquote>\n<p><\/p>","protected":false},"excerpt":{"rendered":"<p>The objective of all proposed activities proposed within the Science Week 2014 is to approach and inform students of all ages about science and hydrogen and fuel cells technologies, no-known for many of them, explaining different applications of these technologies. The CNH2 will make sessions for different schools and colleges of any city of the [&hellip;]<\/p>\n","protected":false},"author":1,"featured_media":0,"parent":143,"menu_order":0,"comment_status":"closed","ping_status":"closed","template":"page_sidebar.php","meta":{"ngg_post_thumbnail":0,"footnotes":""},"class_list":["post-518","page","type-page","status-publish","hentry"],"yoast_head":"<!-- This site is optimized with the Yoast SEO plugin v27.4 - https:\/\/yoast.com\/product\/yoast-seo-wordpress\/ -->\n<title>Semana de la Ciencia 2014 - DivulgaH2<\/title>\n<meta name=\"description\" content=\"El objetivo de todas las actividades que se proponen desarrollar dentro de la Semana de la Ciencia 2014 es acercar y dar a conocer a estudiantes de todas...\" \/>\n<meta name=\"robots\" content=\"index, follow, max-snippet:-1, max-image-preview:large, max-video-preview:-1\" \/>\n<link rel=\"canonical\" href=\"https:\/\/divulgah2.es\/actividades-divulgah2\/semana-de-la-ciencia-2014\/\" \/>\n<meta property=\"og:locale\" content=\"en_US\" \/>\n<meta property=\"og:type\" content=\"article\" \/>\n<meta property=\"og:title\" content=\"Semana de la Ciencia 2014 - DivulgaH2\" \/>\n<meta property=\"og:description\" content=\"El objetivo de todas las actividades que se proponen desarrollar dentro de la Semana de la Ciencia 2014 es acercar y dar a conocer a estudiantes de todas...\" \/>\n<meta property=\"og:url\" content=\"https:\/\/divulgah2.es\/actividades-divulgah2\/semana-de-la-ciencia-2014\/\" \/>\n<meta property=\"og:site_name\" content=\"DivulgaH2\" \/>\n<meta property=\"article:publisher\" content=\"https:\/\/www.facebook.com\/divulgah2?ref=hl\" \/>\n<meta property=\"article:modified_time\" content=\"2014-11-16T18:49:00+00:00\" \/>\n<meta property=\"og:image\" content=\"https:\/\/divulgah2.es\/wp-content\/uploads\/2014\/04\/ico-formulario.png\" \/>\n<meta name=\"twitter:label1\" content=\"Est. reading time\" \/>\n\t<meta name=\"twitter:data1\" content=\"3 minutes\" \/>\n<script type=\"application\/ld+json\" class=\"yoast-schema-graph\">{\"@context\":\"https:\\\/\\\/schema.org\",\"@graph\":[{\"@type\":\"WebPage\",\"@id\":\"https:\\\/\\\/divulgah2.es\\\/actividades-divulgah2\\\/semana-de-la-ciencia-2014\\\/\",\"url\":\"https:\\\/\\\/divulgah2.es\\\/actividades-divulgah2\\\/semana-de-la-ciencia-2014\\\/\",\"name\":\"Semana de la Ciencia 2014 - DivulgaH2\",\"isPartOf\":{\"@id\":\"https:\\\/\\\/divulgah2.es\\\/#website\"},\"primaryImageOfPage\":{\"@id\":\"https:\\\/\\\/divulgah2.es\\\/actividades-divulgah2\\\/semana-de-la-ciencia-2014\\\/#primaryimage\"},\"image\":{\"@id\":\"https:\\\/\\\/divulgah2.es\\\/actividades-divulgah2\\\/semana-de-la-ciencia-2014\\\/#primaryimage\"},\"thumbnailUrl\":\"https:\\\/\\\/divulgah2.es\\\/wp-content\\\/uploads\\\/2014\\\/04\\\/ico-formulario.png\",\"datePublished\":\"2014-04-25T08:47:49+00:00\",\"dateModified\":\"2014-11-16T18:49:00+00:00\",\"description\":\"El objetivo de todas las actividades que se proponen desarrollar dentro de la Semana de la Ciencia 2014 es acercar y dar a conocer a estudiantes de todas...\",\"breadcrumb\":{\"@id\":\"https:\\\/\\\/divulgah2.es\\\/actividades-divulgah2\\\/semana-de-la-ciencia-2014\\\/#breadcrumb\"},\"inLanguage\":\"en-US\",\"potentialAction\":[{\"@type\":\"ReadAction\",\"target\":[\"https:\\\/\\\/divulgah2.es\\\/actividades-divulgah2\\\/semana-de-la-ciencia-2014\\\/\"]}]},{\"@type\":\"ImageObject\",\"inLanguage\":\"en-US\",\"@id\":\"https:\\\/\\\/divulgah2.es\\\/actividades-divulgah2\\\/semana-de-la-ciencia-2014\\\/#primaryimage\",\"url\":\"https:\\\/\\\/divulgah2.es\\\/wp-content\\\/uploads\\\/2014\\\/04\\\/ico-formulario.png\",\"contentUrl\":\"https:\\\/\\\/divulgah2.es\\\/wp-content\\\/uploads\\\/2014\\\/04\\\/ico-formulario.png\"},{\"@type\":\"BreadcrumbList\",\"@id\":\"https:\\\/\\\/divulgah2.es\\\/actividades-divulgah2\\\/semana-de-la-ciencia-2014\\\/#breadcrumb\",\"itemListElement\":[{\"@type\":\"ListItem\",\"position\":1,\"name\":\"Portada\",\"item\":\"https:\\\/\\\/divulgah2.es\\\/\"},{\"@type\":\"ListItem\",\"position\":2,\"name\":\"DivulgaH2 Activities\",\"item\":\"https:\\\/\\\/divulgah2.es\\\/actividades-divulgah2\\\/\"},{\"@type\":\"ListItem\",\"position\":3,\"name\":\"Semana de la Ciencia 2014\"}]},{\"@type\":\"WebSite\",\"@id\":\"https:\\\/\\\/divulgah2.es\\\/#website\",\"url\":\"https:\\\/\\\/divulgah2.es\\\/\",\"name\":\"DivulgaH2\",\"description\":\"Divulgaci\u00f3n de las tecnolog\u00edas de hidr\u00f3geno y pilas de combustible a la sociedad\",\"potentialAction\":[{\"@type\":\"SearchAction\",\"target\":{\"@type\":\"EntryPoint\",\"urlTemplate\":\"https:\\\/\\\/divulgah2.es\\\/?s={search_term_string}\"},\"query-input\":{\"@type\":\"PropertyValueSpecification\",\"valueRequired\":true,\"valueName\":\"search_term_string\"}}],\"inLanguage\":\"en-US\"}]}<\/script>\n<!-- \/ Yoast SEO plugin. -->","yoast_head_json":{"title":"Semana de la Ciencia 2014 - DivulgaH2","description":"El objetivo de todas las actividades que se proponen desarrollar dentro de la Semana de la Ciencia 2014 es acercar y dar a conocer a estudiantes de todas...","robots":{"index":"index","follow":"follow","max-snippet":"max-snippet:-1","max-image-preview":"max-image-preview:large","max-video-preview":"max-video-preview:-1"},"canonical":"https:\/\/divulgah2.es\/actividades-divulgah2\/semana-de-la-ciencia-2014\/","og_locale":"en_US","og_type":"article","og_title":"Semana de la Ciencia 2014 - DivulgaH2","og_description":"El objetivo de todas las actividades que se proponen desarrollar dentro de la Semana de la Ciencia 2014 es acercar y dar a conocer a estudiantes de todas...","og_url":"https:\/\/divulgah2.es\/actividades-divulgah2\/semana-de-la-ciencia-2014\/","og_site_name":"DivulgaH2","article_publisher":"https:\/\/www.facebook.com\/divulgah2?ref=hl","article_modified_time":"2014-11-16T18:49:00+00:00","og_image":[{"url":"https:\/\/divulgah2.es\/wp-content\/uploads\/2014\/04\/ico-formulario.png","type":"","width":"","height":""}],"twitter_misc":{"Est. reading time":"3 minutes"},"schema":{"@context":"https:\/\/schema.org","@graph":[{"@type":"WebPage","@id":"https:\/\/divulgah2.es\/actividades-divulgah2\/semana-de-la-ciencia-2014\/","url":"https:\/\/divulgah2.es\/actividades-divulgah2\/semana-de-la-ciencia-2014\/","name":"Semana de la Ciencia 2014 - DivulgaH2","isPartOf":{"@id":"https:\/\/divulgah2.es\/#website"},"primaryImageOfPage":{"@id":"https:\/\/divulgah2.es\/actividades-divulgah2\/semana-de-la-ciencia-2014\/#primaryimage"},"image":{"@id":"https:\/\/divulgah2.es\/actividades-divulgah2\/semana-de-la-ciencia-2014\/#primaryimage"},"thumbnailUrl":"https:\/\/divulgah2.es\/wp-content\/uploads\/2014\/04\/ico-formulario.png","datePublished":"2014-04-25T08:47:49+00:00","dateModified":"2014-11-16T18:49:00+00:00","description":"El objetivo de todas las actividades que se proponen desarrollar dentro de la Semana de la Ciencia 2014 es acercar y dar a conocer a estudiantes de todas...","breadcrumb":{"@id":"https:\/\/divulgah2.es\/actividades-divulgah2\/semana-de-la-ciencia-2014\/#breadcrumb"},"inLanguage":"en-US","potentialAction":[{"@type":"ReadAction","target":["https:\/\/divulgah2.es\/actividades-divulgah2\/semana-de-la-ciencia-2014\/"]}]},{"@type":"ImageObject","inLanguage":"en-US","@id":"https:\/\/divulgah2.es\/actividades-divulgah2\/semana-de-la-ciencia-2014\/#primaryimage","url":"https:\/\/divulgah2.es\/wp-content\/uploads\/2014\/04\/ico-formulario.png","contentUrl":"https:\/\/divulgah2.es\/wp-content\/uploads\/2014\/04\/ico-formulario.png"},{"@type":"BreadcrumbList","@id":"https:\/\/divulgah2.es\/actividades-divulgah2\/semana-de-la-ciencia-2014\/#breadcrumb","itemListElement":[{"@type":"ListItem","position":1,"name":"Portada","item":"https:\/\/divulgah2.es\/"},{"@type":"ListItem","position":2,"name":"DivulgaH2 Activities","item":"https:\/\/divulgah2.es\/actividades-divulgah2\/"},{"@type":"ListItem","position":3,"name":"Semana de la Ciencia 2014"}]},{"@type":"WebSite","@id":"https:\/\/divulgah2.es\/#website","url":"https:\/\/divulgah2.es\/","name":"DivulgaH2","description":"Divulgaci\u00f3n de las tecnolog\u00edas de hidr\u00f3geno y pilas de combustible a la sociedad","potentialAction":[{"@type":"SearchAction","target":{"@type":"EntryPoint","urlTemplate":"https:\/\/divulgah2.es\/?s={search_term_string}"},"query-input":{"@type":"PropertyValueSpecification","valueRequired":true,"valueName":"search_term_string"}}],"inLanguage":"en-US"}]}},"_links":{"self":[{"href":"https:\/\/divulgah2.es\/en\/wp-json\/wp\/v2\/pages\/518","targetHints":{"allow":["GET"]}}],"collection":[{"href":"https:\/\/divulgah2.es\/en\/wp-json\/wp\/v2\/pages"}],"about":[{"href":"https:\/\/divulgah2.es\/en\/wp-json\/wp\/v2\/types\/page"}],"author":[{"embeddable":true,"href":"https:\/\/divulgah2.es\/en\/wp-json\/wp\/v2\/users\/1"}],"replies":[{"embeddable":true,"href":"https:\/\/divulgah2.es\/en\/wp-json\/wp\/v2\/comments?post=518"}],"version-history":[{"count":18,"href":"https:\/\/divulgah2.es\/en\/wp-json\/wp\/v2\/pages\/518\/revisions"}],"predecessor-version":[{"id":1859,"href":"https:\/\/divulgah2.es\/en\/wp-json\/wp\/v2\/pages\/518\/revisions\/1859"}],"up":[{"embeddable":true,"href":"https:\/\/divulgah2.es\/en\/wp-json\/wp\/v2\/pages\/143"}],"wp:attachment":[{"href":"https:\/\/divulgah2.es\/en\/wp-json\/wp\/v2\/media?parent=518"}],"curies":[{"name":"wp","href":"https:\/\/api.w.org\/{rel}","templated":true}]}}