{"id":533,"date":"2014-04-25T09:21:02","date_gmt":"2014-04-25T09:21:02","guid":{"rendered":"http:\/\/divulgah2.es\/?page_id=533"},"modified":"2014-07-30T19:06:55","modified_gmt":"2014-07-30T19:06:55","slug":"el-hidrogeno-te-mueve","status":"publish","type":"page","link":"https:\/\/divulgah2.es\/en\/actividades-divulgah2\/el-hidrogeno-te-mueve\/","title":{"rendered":"Hydrogen moves you"},"content":{"rendered":"<p><h2 class=\"title\"><span>II Educational Sessions \u201cHydrogen moves you\u201d<\/span><\/h2><h2 class=\"title\"><span>Action 4: \u201cHydrogen moves you\u201d<\/span><\/h2><br \/>\n<a href=\"https:\/\/divulgah2.es\/wp-content\/uploads\/2014\/04\/Actividades-DivulgaH2_El-hidro\u0301geno-te-mueve.png\"><img loading=\"lazy\" decoding=\"async\" src=\"https:\/\/divulgah2.es\/wp-content\/uploads\/2014\/04\/Actividades-DivulgaH2_El-hidro\u0301geno-te-mueve-300x110.png\" alt=\"Actividades DivulgaH2_El hidro\u0301geno te mueve\" width=\"300\" height=\"110\" class=\"alignleft size-medium wp-image-819\" srcset=\"https:\/\/divulgah2.es\/wp-content\/uploads\/2014\/04\/Actividades-DivulgaH2_El-hidro\u0301geno-te-mueve-300x110.png 300w, https:\/\/divulgah2.es\/wp-content\/uploads\/2014\/04\/Actividades-DivulgaH2_El-hidro\u0301geno-te-mueve-1024x378.png 1024w, https:\/\/divulgah2.es\/wp-content\/uploads\/2014\/04\/Actividades-DivulgaH2_El-hidro\u0301geno-te-mueve-600x221.png 600w, https:\/\/divulgah2.es\/wp-content\/uploads\/2014\/04\/Actividades-DivulgaH2_El-hidro\u0301geno-te-mueve.png 1525w\" sizes=\"auto, (max-width: 300px) 100vw, 300px\" \/><\/a> Educational workshops directed to Secondary, Professional Training and college students of different centers in Puertollano. They are intended to enable young people to raise awareness and understanding of renewable energy, hydrogen as an energy carrier and fuel cells applications aimed at movement energy.<\/p>\n<p>These workshops are developed in collaboration with the Puertollano City Council<br \/>\nThese sessions will give an overview of the current energy situation and the advantages of using these technologies in everyday life applications through practical workshops and experimental demonstrations.<br \/>\n<h2 class=\"title\"><span>Previous editions<\/span><\/h2><\/p>\n<ul id=\"seguridad\">\n<li><a href=\"\/i-jornadas-de-ciclo-de-conferencias-organizada-por-chn2\/?lang=en\">I Jornadas did\u00e1cticas El Hidr\u00f3geno te mueve<\/a><\/li>\n<\/ul>\n<p><\/p>\n<h2 class=\"title\"><span>Gallery<\/span><\/h2>\n<p>\t<div class='ngg-imagebrowser default-view'\n\t\tid='ngg-imagebrowser-573311ec85e381a2a9fdf1966a4dc8e6-533'\n\t\tdata-nextgen-gallery-id=\"1\"\n\t\tdata-gallery-id=\"1\"\n\t\t\t\tdata-gallery-name=\"el hidrogeno te mueve\"\n\t\t>\n\n\t\t<h3>Actividades-DivulgaH2_El-hidro\u0301geno-te-mueve_2<\/h3>\n\n\t\t<div id=\"ngg-image-0\" class=\"pic\" \n\t\t\t\t\t>\n\t\t\t\t<a href='https:\/\/divulgah2.es\/wp-content\/gallery\/el-hidrogeno-te-mueve\/Actividades-DivulgaH2_El-hidro%CC%81geno-te-mueve_2.jpg?t=1582635363'\n\t\t\ttitle=' '\n\t\t\tdata-src=\"https:\/\/divulgah2.es\/wp-content\/gallery\/el-hidrogeno-te-mueve\/Actividades-DivulgaH2_El-hidro%CC%81geno-te-mueve_2.jpg?t=1582635363\"\n\t\t\tdata-thumbnail=\"https:\/\/divulgah2.es\/wp-content\/gallery\/el-hidrogeno-te-mueve\/thumbs\/thumbs_Actividades-DivulgaH2_El-hidro%CC%81geno-te-mueve_2.jpg?t=1582635363\"\n\t\t\tdata-image-id=\"1\"\n\t\t\tdata-image-name=\"Actividades-DivulgaH2_El-hidro\u0301geno-te-mueve_2.jpg\"\n\t\t\tdata-title=\"Actividades-DivulgaH2_El-hidro\u0301geno-te-mueve_2\"\n\t\t\tdata-description=\" \"\n\t\t\t\t\t\t\t\t\t\t\t\t\t\t\tclass=\"ngg-fancybox\" rel=\"573311ec85e381a2a9fdf1966a4dc8e6\">\n\t\t\t\t\t\t<img title='Actividades-DivulgaH2_El-hidro\u0301geno-te-mueve_2'\n\t\t\t\talt='Actividades-DivulgaH2_El-hidro\u0301geno-te-mueve_2'\n\t\t\t\tsrc='https:\/\/divulgah2.es\/wp-content\/gallery\/el-hidrogeno-te-mueve\/Actividades-DivulgaH2_El-hidro%CC%81geno-te-mueve_2.jpg?t=1582635363'\/>\n\t\t<\/a>\n\n\t\t<\/div>\n\t\t<div class='ngg-imagebrowser-nav'>\n\n\t\t\t<div class='back'>\n\t\t\t\t<a class='ngg-browser-prev'\n\t\t\t\t\tid='ngg-prev-4'\n\t\t\t\t\thref='https:\/\/divulgah2.es\/en\/actividades-divulgah2\/el-hidrogeno-te-mueve\/nggallery\/image\/actividades-divulgah2_el-hidro%cc%81geno-te-mueve_3-1\/'>\n\t\t\t\t\t<i class=\"fa fa-chevron-left\" aria-hidden=\"true\"><\/i>\n\t\t\t\t<\/a>\n\t\t\t<\/div>\n\n\t\t\t<div class='next'>\n\t\t\t\t<a class='ngg-browser-next'\n\t\t\t\t\tid='ngg-next-2'\n\t\t\t\t\thref='https:\/\/divulgah2.es\/en\/actividades-divulgah2\/el-hidrogeno-te-mueve\/nggallery\/image\/actividades-divulgah2_el-hidro%cc%81geno-te-mueve_5-1\/'>\n\t\t\t\t\t<i class=\"fa fa-chevron-right\" aria-hidden=\"true\"><\/i>\n\t\t\t\t<\/a>\n\t\t\t<\/div>\n\n\t\t\t<div class='counter'>\n\t\t\t\tImage\t\t\t\t1\t\t\t\tof\t\t\t\t4\t\t\t<\/div>\n\n\t\t<\/div>\n\n\t\t<div class='ngg-imagebrowser-desc'>\n\t\t\t<p> <\/p>\n\t\t<\/div>\n\n\t<\/div>\t\t<\/div>\n\t<\/div>\n<\/p>","protected":false},"excerpt":{"rendered":"<p>Educational workshops directed to Secondary, Professional Training and college students of different centers in Puertollano. They are intended to enable young people to raise awareness and understanding of renewable energy, hydrogen as an energy carrier and fuel cells applications aimed at movement energy. These workshops are developed in collaboration with the Puertollano City Council These [&hellip;]<\/p>\n","protected":false},"author":1,"featured_media":0,"parent":143,"menu_order":2,"comment_status":"closed","ping_status":"closed","template":"page_sidebar.php","meta":{"ngg_post_thumbnail":0,"footnotes":""},"class_list":["post-533","page","type-page","status-publish","hentry"],"yoast_head":"<!-- This site is optimized with the Yoast SEO plugin v27.4 - https:\/\/yoast.com\/product\/yoast-seo-wordpress\/ -->\n<title>El Hidr\u00f3geno te mueve - DivulgaH2<\/title>\n<meta name=\"description\" content=\"El hidr\u00f3geno te mueve...\" \/>\n<meta name=\"robots\" content=\"index, follow, max-snippet:-1, max-image-preview:large, max-video-preview:-1\" \/>\n<link rel=\"canonical\" href=\"https:\/\/divulgah2.es\/actividades-divulgah2\/el-hidrogeno-te-mueve\/\" \/>\n<meta property=\"og:locale\" content=\"en_US\" \/>\n<meta property=\"og:type\" content=\"article\" \/>\n<meta property=\"og:title\" content=\"El Hidr\u00f3geno te mueve - DivulgaH2\" \/>\n<meta property=\"og:description\" content=\"El hidr\u00f3geno te mueve...\" \/>\n<meta property=\"og:url\" content=\"https:\/\/divulgah2.es\/actividades-divulgah2\/el-hidrogeno-te-mueve\/\" \/>\n<meta property=\"og:site_name\" content=\"DivulgaH2\" \/>\n<meta property=\"article:publisher\" content=\"https:\/\/www.facebook.com\/divulgah2?ref=hl\" \/>\n<meta property=\"article:modified_time\" content=\"2014-07-30T19:06:55+00:00\" \/>\n<meta property=\"og:image\" content=\"https:\/\/divulgah2.es\/wp-content\/uploads\/2014\/04\/Actividades-DivulgaH2_El-hidro\u0301geno-te-mueve-300x110.png\" \/>\n<meta name=\"twitter:label1\" content=\"Est. reading time\" \/>\n\t<meta name=\"twitter:data1\" content=\"1 minute\" \/>\n<script type=\"application\/ld+json\" class=\"yoast-schema-graph\">{\"@context\":\"https:\\\/\\\/schema.org\",\"@graph\":[{\"@type\":\"WebPage\",\"@id\":\"https:\\\/\\\/divulgah2.es\\\/actividades-divulgah2\\\/el-hidrogeno-te-mueve\\\/\",\"url\":\"https:\\\/\\\/divulgah2.es\\\/actividades-divulgah2\\\/el-hidrogeno-te-mueve\\\/\",\"name\":\"El Hidr\u00f3geno te mueve - DivulgaH2\",\"isPartOf\":{\"@id\":\"https:\\\/\\\/divulgah2.es\\\/#website\"},\"primaryImageOfPage\":{\"@id\":\"https:\\\/\\\/divulgah2.es\\\/actividades-divulgah2\\\/el-hidrogeno-te-mueve\\\/#primaryimage\"},\"image\":{\"@id\":\"https:\\\/\\\/divulgah2.es\\\/actividades-divulgah2\\\/el-hidrogeno-te-mueve\\\/#primaryimage\"},\"thumbnailUrl\":\"https:\\\/\\\/divulgah2.es\\\/nextgen-attach_to_post\\\/preview\\\/id--1105\",\"datePublished\":\"2014-04-25T09:21:02+00:00\",\"dateModified\":\"2014-07-30T19:06:55+00:00\",\"description\":\"El hidr\u00f3geno te mueve...\",\"breadcrumb\":{\"@id\":\"https:\\\/\\\/divulgah2.es\\\/actividades-divulgah2\\\/el-hidrogeno-te-mueve\\\/#breadcrumb\"},\"inLanguage\":\"en-US\",\"potentialAction\":[{\"@type\":\"ReadAction\",\"target\":[\"https:\\\/\\\/divulgah2.es\\\/actividades-divulgah2\\\/el-hidrogeno-te-mueve\\\/\"]}]},{\"@type\":\"ImageObject\",\"inLanguage\":\"en-US\",\"@id\":\"https:\\\/\\\/divulgah2.es\\\/actividades-divulgah2\\\/el-hidrogeno-te-mueve\\\/#primaryimage\",\"url\":\"https:\\\/\\\/divulgah2.es\\\/nextgen-attach_to_post\\\/preview\\\/id--1105\",\"contentUrl\":\"https:\\\/\\\/divulgah2.es\\\/nextgen-attach_to_post\\\/preview\\\/id--1105\"},{\"@type\":\"BreadcrumbList\",\"@id\":\"https:\\\/\\\/divulgah2.es\\\/actividades-divulgah2\\\/el-hidrogeno-te-mueve\\\/#breadcrumb\",\"itemListElement\":[{\"@type\":\"ListItem\",\"position\":1,\"name\":\"Portada\",\"item\":\"https:\\\/\\\/divulgah2.es\\\/\"},{\"@type\":\"ListItem\",\"position\":2,\"name\":\"DivulgaH2 Activities\",\"item\":\"https:\\\/\\\/divulgah2.es\\\/actividades-divulgah2\\\/\"},{\"@type\":\"ListItem\",\"position\":3,\"name\":\"El hidr\u00f3geno te mueve\"}]},{\"@type\":\"WebSite\",\"@id\":\"https:\\\/\\\/divulgah2.es\\\/#website\",\"url\":\"https:\\\/\\\/divulgah2.es\\\/\",\"name\":\"DivulgaH2\",\"description\":\"Divulgaci\u00f3n de las tecnolog\u00edas de hidr\u00f3geno y pilas de combustible a la sociedad\",\"potentialAction\":[{\"@type\":\"SearchAction\",\"target\":{\"@type\":\"EntryPoint\",\"urlTemplate\":\"https:\\\/\\\/divulgah2.es\\\/?s={search_term_string}\"},\"query-input\":{\"@type\":\"PropertyValueSpecification\",\"valueRequired\":true,\"valueName\":\"search_term_string\"}}],\"inLanguage\":\"en-US\"}]}<\/script>\n<!-- \/ Yoast SEO plugin. -->","yoast_head_json":{"title":"El Hidr\u00f3geno te mueve - DivulgaH2","description":"El hidr\u00f3geno te mueve...","robots":{"index":"index","follow":"follow","max-snippet":"max-snippet:-1","max-image-preview":"max-image-preview:large","max-video-preview":"max-video-preview:-1"},"canonical":"https:\/\/divulgah2.es\/actividades-divulgah2\/el-hidrogeno-te-mueve\/","og_locale":"en_US","og_type":"article","og_title":"El Hidr\u00f3geno te mueve - DivulgaH2","og_description":"El hidr\u00f3geno te mueve...","og_url":"https:\/\/divulgah2.es\/actividades-divulgah2\/el-hidrogeno-te-mueve\/","og_site_name":"DivulgaH2","article_publisher":"https:\/\/www.facebook.com\/divulgah2?ref=hl","article_modified_time":"2014-07-30T19:06:55+00:00","og_image":[{"url":"https:\/\/divulgah2.es\/wp-content\/uploads\/2014\/04\/Actividades-DivulgaH2_El-hidro\u0301geno-te-mueve-300x110.png","type":"","width":"","height":""}],"twitter_misc":{"Est. reading time":"1 minute"},"schema":{"@context":"https:\/\/schema.org","@graph":[{"@type":"WebPage","@id":"https:\/\/divulgah2.es\/actividades-divulgah2\/el-hidrogeno-te-mueve\/","url":"https:\/\/divulgah2.es\/actividades-divulgah2\/el-hidrogeno-te-mueve\/","name":"El Hidr\u00f3geno te mueve - DivulgaH2","isPartOf":{"@id":"https:\/\/divulgah2.es\/#website"},"primaryImageOfPage":{"@id":"https:\/\/divulgah2.es\/actividades-divulgah2\/el-hidrogeno-te-mueve\/#primaryimage"},"image":{"@id":"https:\/\/divulgah2.es\/actividades-divulgah2\/el-hidrogeno-te-mueve\/#primaryimage"},"thumbnailUrl":"https:\/\/divulgah2.es\/nextgen-attach_to_post\/preview\/id--1105","datePublished":"2014-04-25T09:21:02+00:00","dateModified":"2014-07-30T19:06:55+00:00","description":"El hidr\u00f3geno te mueve...","breadcrumb":{"@id":"https:\/\/divulgah2.es\/actividades-divulgah2\/el-hidrogeno-te-mueve\/#breadcrumb"},"inLanguage":"en-US","potentialAction":[{"@type":"ReadAction","target":["https:\/\/divulgah2.es\/actividades-divulgah2\/el-hidrogeno-te-mueve\/"]}]},{"@type":"ImageObject","inLanguage":"en-US","@id":"https:\/\/divulgah2.es\/actividades-divulgah2\/el-hidrogeno-te-mueve\/#primaryimage","url":"https:\/\/divulgah2.es\/nextgen-attach_to_post\/preview\/id--1105","contentUrl":"https:\/\/divulgah2.es\/nextgen-attach_to_post\/preview\/id--1105"},{"@type":"BreadcrumbList","@id":"https:\/\/divulgah2.es\/actividades-divulgah2\/el-hidrogeno-te-mueve\/#breadcrumb","itemListElement":[{"@type":"ListItem","position":1,"name":"Portada","item":"https:\/\/divulgah2.es\/"},{"@type":"ListItem","position":2,"name":"DivulgaH2 Activities","item":"https:\/\/divulgah2.es\/actividades-divulgah2\/"},{"@type":"ListItem","position":3,"name":"El hidr\u00f3geno te mueve"}]},{"@type":"WebSite","@id":"https:\/\/divulgah2.es\/#website","url":"https:\/\/divulgah2.es\/","name":"DivulgaH2","description":"Divulgaci\u00f3n de las tecnolog\u00edas de hidr\u00f3geno y pilas de combustible a la sociedad","potentialAction":[{"@type":"SearchAction","target":{"@type":"EntryPoint","urlTemplate":"https:\/\/divulgah2.es\/?s={search_term_string}"},"query-input":{"@type":"PropertyValueSpecification","valueRequired":true,"valueName":"search_term_string"}}],"inLanguage":"en-US"}]}},"_links":{"self":[{"href":"https:\/\/divulgah2.es\/en\/wp-json\/wp\/v2\/pages\/533","targetHints":{"allow":["GET"]}}],"collection":[{"href":"https:\/\/divulgah2.es\/en\/wp-json\/wp\/v2\/pages"}],"about":[{"href":"https:\/\/divulgah2.es\/en\/wp-json\/wp\/v2\/types\/page"}],"author":[{"embeddable":true,"href":"https:\/\/divulgah2.es\/en\/wp-json\/wp\/v2\/users\/1"}],"replies":[{"embeddable":true,"href":"https:\/\/divulgah2.es\/en\/wp-json\/wp\/v2\/comments?post=533"}],"version-history":[{"count":29,"href":"https:\/\/divulgah2.es\/en\/wp-json\/wp\/v2\/pages\/533\/revisions"}],"predecessor-version":[{"id":818,"href":"https:\/\/divulgah2.es\/en\/wp-json\/wp\/v2\/pages\/533\/revisions\/818"}],"up":[{"embeddable":true,"href":"https:\/\/divulgah2.es\/en\/wp-json\/wp\/v2\/pages\/143"}],"wp:attachment":[{"href":"https:\/\/divulgah2.es\/en\/wp-json\/wp\/v2\/media?parent=533"}],"curies":[{"name":"wp","href":"https:\/\/api.w.org\/{rel}","templated":true}]}}