{"id":559,"date":"2014-04-25T10:39:16","date_gmt":"2014-04-25T10:39:16","guid":{"rendered":"http:\/\/divulgah2.es\/?page_id=559"},"modified":"2014-07-30T18:14:19","modified_gmt":"2014-07-30T18:14:19","slug":"pilas-de-combustible","status":"publish","type":"page","link":"https:\/\/divulgah2.es\/en\/proyecto-divulgah2\/pilas-de-combustible\/","title":{"rendered":"Objective"},"content":{"rendered":"<p>The objectives of the DivulgaH2 project are aligned with the training, outreach, communication and social perception activities that the CNH2 develops and are considered of great interest for the center, the staff, the public and the <em>Science-Technology-Enterprise<\/em> chain.<\/p>\n<h2 class=\"title\"><span>Outlined below are the most important objectives:<\/span><\/h2>\n\n<ul class=\"checked\">\n<li><strong>Informing and bringing <\/strong> the public closer to the research and development of hydrogen and fuel cells technologies activities that the CNH2 as ICTS serving to Science-Technology-Enterprise chain develops.<\/li>\n<li><strong>Explaining and demonstrating the advantages and requirements<\/strong> of hydrogen and fuel cells technologies to different target audience with examples from everyday life, reducing ignorance, fear and social barriers on hydrogen.<\/li>\n<li><strong>Training to students and teachers <\/strong>of primary, secondary, Bachelor and training courses within the region.<\/li>\n<li><strong>Developing pilot demonstrations and workshops<\/strong> with students and the general public through educational kits that allow the manipulation of technology and higher learning.<\/li>\n<li><strong>Conducting CNH2 Open days<\/strong> where fuel cells applications will be exposed to the public.<\/li>\n<li><strong>Participating in the Science Week 2014<\/strong> with activities that show hydrogen applications for transport and fuel cells as a power supply housing combined with renewable energies<\/li>\n<li><strong>Preparing social acceptance studies<\/strong> among the target audience and analyzing the results, to improve outreach and dissemination activities.<\/li>\n<li><strong>Making dissemination of project results<\/strong> in which CNH2 is involved.<\/li>\n<\/ul>\n<p><\/p>","protected":false},"excerpt":{"rendered":"<p>The objectives of the DivulgaH2 project are aligned with the training, outreach, communication and social perception activities that the CNH2 develops and are considered of great interest for the center, the staff, the public and the Science-Technology-Enterprise chain.<\/p>\n","protected":false},"author":1,"featured_media":0,"parent":416,"menu_order":0,"comment_status":"closed","ping_status":"closed","template":"page_sidebar.php","meta":{"ngg_post_thumbnail":0,"footnotes":""},"class_list":["post-559","page","type-page","status-publish","hentry"],"yoast_head":"<!-- This site is optimized with the Yoast SEO plugin v26.8 - https:\/\/yoast.com\/product\/yoast-seo-wordpress\/ -->\n<title>Objetivo - DivulgaH2<\/title>\n<meta name=\"description\" content=\"Acercar y dar a conocer a la ciudadan\u00eda las actividades de investigaci\u00f3n y desarrollo de tecnolog\u00edas del hidr\u00f3geno y pilas de combustible que el CNH2...\" \/>\n<meta name=\"robots\" content=\"index, follow, max-snippet:-1, max-image-preview:large, max-video-preview:-1\" \/>\n<link rel=\"canonical\" href=\"https:\/\/divulgah2.es\/proyecto-divulgah2\/pilas-de-combustible\/\" \/>\n<meta property=\"og:locale\" content=\"en_US\" \/>\n<meta property=\"og:type\" content=\"article\" \/>\n<meta property=\"og:title\" content=\"Objetivo - DivulgaH2\" \/>\n<meta property=\"og:description\" content=\"Acercar y dar a conocer a la ciudadan\u00eda las actividades de investigaci\u00f3n y desarrollo de tecnolog\u00edas del hidr\u00f3geno y pilas de combustible que el CNH2...\" \/>\n<meta property=\"og:url\" content=\"https:\/\/divulgah2.es\/proyecto-divulgah2\/pilas-de-combustible\/\" \/>\n<meta property=\"og:site_name\" content=\"DivulgaH2\" \/>\n<meta property=\"article:publisher\" content=\"https:\/\/www.facebook.com\/divulgah2?ref=hl\" \/>\n<meta property=\"article:modified_time\" content=\"2014-07-30T18:14:19+00:00\" \/>\n<meta name=\"twitter:label1\" content=\"Est. reading time\" \/>\n\t<meta name=\"twitter:data1\" content=\"3 minutes\" \/>\n<script type=\"application\/ld+json\" class=\"yoast-schema-graph\">{\"@context\":\"https:\/\/schema.org\",\"@graph\":[{\"@type\":\"WebPage\",\"@id\":\"https:\/\/divulgah2.es\/proyecto-divulgah2\/pilas-de-combustible\/\",\"url\":\"https:\/\/divulgah2.es\/proyecto-divulgah2\/pilas-de-combustible\/\",\"name\":\"Objetivo - DivulgaH2\",\"isPartOf\":{\"@id\":\"https:\/\/divulgah2.es\/#website\"},\"datePublished\":\"2014-04-25T10:39:16+00:00\",\"dateModified\":\"2014-07-30T18:14:19+00:00\",\"description\":\"Acercar y dar a conocer a la ciudadan\u00eda las actividades de investigaci\u00f3n y desarrollo de tecnolog\u00edas del hidr\u00f3geno y pilas de combustible que el CNH2...\",\"breadcrumb\":{\"@id\":\"https:\/\/divulgah2.es\/proyecto-divulgah2\/pilas-de-combustible\/#breadcrumb\"},\"inLanguage\":\"en-US\",\"potentialAction\":[{\"@type\":\"ReadAction\",\"target\":[\"https:\/\/divulgah2.es\/proyecto-divulgah2\/pilas-de-combustible\/\"]}]},{\"@type\":\"BreadcrumbList\",\"@id\":\"https:\/\/divulgah2.es\/proyecto-divulgah2\/pilas-de-combustible\/#breadcrumb\",\"itemListElement\":[{\"@type\":\"ListItem\",\"position\":1,\"name\":\"Portada\",\"item\":\"https:\/\/divulgah2.es\/\"},{\"@type\":\"ListItem\",\"position\":2,\"name\":\"Proyecto DivulgaH2\",\"item\":\"https:\/\/divulgah2.es\/proyecto-divulgah2\/\"},{\"@type\":\"ListItem\",\"position\":3,\"name\":\"Objetivo\"}]},{\"@type\":\"WebSite\",\"@id\":\"https:\/\/divulgah2.es\/#website\",\"url\":\"https:\/\/divulgah2.es\/\",\"name\":\"DivulgaH2\",\"description\":\"Divulgaci\u00f3n de las tecnolog\u00edas de hidr\u00f3geno y pilas de combustible a la sociedad\",\"potentialAction\":[{\"@type\":\"SearchAction\",\"target\":{\"@type\":\"EntryPoint\",\"urlTemplate\":\"https:\/\/divulgah2.es\/?s={search_term_string}\"},\"query-input\":{\"@type\":\"PropertyValueSpecification\",\"valueRequired\":true,\"valueName\":\"search_term_string\"}}],\"inLanguage\":\"en-US\"}]}<\/script>\n<!-- \/ Yoast SEO plugin. -->","yoast_head_json":{"title":"Objetivo - DivulgaH2","description":"Acercar y dar a conocer a la ciudadan\u00eda las actividades de investigaci\u00f3n y desarrollo de tecnolog\u00edas del hidr\u00f3geno y pilas de combustible que el CNH2...","robots":{"index":"index","follow":"follow","max-snippet":"max-snippet:-1","max-image-preview":"max-image-preview:large","max-video-preview":"max-video-preview:-1"},"canonical":"https:\/\/divulgah2.es\/proyecto-divulgah2\/pilas-de-combustible\/","og_locale":"en_US","og_type":"article","og_title":"Objetivo - DivulgaH2","og_description":"Acercar y dar a conocer a la ciudadan\u00eda las actividades de investigaci\u00f3n y desarrollo de tecnolog\u00edas del hidr\u00f3geno y pilas de combustible que el CNH2...","og_url":"https:\/\/divulgah2.es\/proyecto-divulgah2\/pilas-de-combustible\/","og_site_name":"DivulgaH2","article_publisher":"https:\/\/www.facebook.com\/divulgah2?ref=hl","article_modified_time":"2014-07-30T18:14:19+00:00","twitter_misc":{"Est. reading time":"3 minutes"},"schema":{"@context":"https:\/\/schema.org","@graph":[{"@type":"WebPage","@id":"https:\/\/divulgah2.es\/proyecto-divulgah2\/pilas-de-combustible\/","url":"https:\/\/divulgah2.es\/proyecto-divulgah2\/pilas-de-combustible\/","name":"Objetivo - DivulgaH2","isPartOf":{"@id":"https:\/\/divulgah2.es\/#website"},"datePublished":"2014-04-25T10:39:16+00:00","dateModified":"2014-07-30T18:14:19+00:00","description":"Acercar y dar a conocer a la ciudadan\u00eda las actividades de investigaci\u00f3n y desarrollo de tecnolog\u00edas del hidr\u00f3geno y pilas de combustible que el CNH2...","breadcrumb":{"@id":"https:\/\/divulgah2.es\/proyecto-divulgah2\/pilas-de-combustible\/#breadcrumb"},"inLanguage":"en-US","potentialAction":[{"@type":"ReadAction","target":["https:\/\/divulgah2.es\/proyecto-divulgah2\/pilas-de-combustible\/"]}]},{"@type":"BreadcrumbList","@id":"https:\/\/divulgah2.es\/proyecto-divulgah2\/pilas-de-combustible\/#breadcrumb","itemListElement":[{"@type":"ListItem","position":1,"name":"Portada","item":"https:\/\/divulgah2.es\/"},{"@type":"ListItem","position":2,"name":"Proyecto DivulgaH2","item":"https:\/\/divulgah2.es\/proyecto-divulgah2\/"},{"@type":"ListItem","position":3,"name":"Objetivo"}]},{"@type":"WebSite","@id":"https:\/\/divulgah2.es\/#website","url":"https:\/\/divulgah2.es\/","name":"DivulgaH2","description":"Divulgaci\u00f3n de las tecnolog\u00edas de hidr\u00f3geno y pilas de combustible a la sociedad","potentialAction":[{"@type":"SearchAction","target":{"@type":"EntryPoint","urlTemplate":"https:\/\/divulgah2.es\/?s={search_term_string}"},"query-input":{"@type":"PropertyValueSpecification","valueRequired":true,"valueName":"search_term_string"}}],"inLanguage":"en-US"}]}},"_links":{"self":[{"href":"https:\/\/divulgah2.es\/en\/wp-json\/wp\/v2\/pages\/559","targetHints":{"allow":["GET"]}}],"collection":[{"href":"https:\/\/divulgah2.es\/en\/wp-json\/wp\/v2\/pages"}],"about":[{"href":"https:\/\/divulgah2.es\/en\/wp-json\/wp\/v2\/types\/page"}],"author":[{"embeddable":true,"href":"https:\/\/divulgah2.es\/en\/wp-json\/wp\/v2\/users\/1"}],"replies":[{"embeddable":true,"href":"https:\/\/divulgah2.es\/en\/wp-json\/wp\/v2\/comments?post=559"}],"version-history":[{"count":11,"href":"https:\/\/divulgah2.es\/en\/wp-json\/wp\/v2\/pages\/559\/revisions"}],"predecessor-version":[{"id":4268,"href":"https:\/\/divulgah2.es\/en\/wp-json\/wp\/v2\/pages\/559\/revisions\/4268"}],"up":[{"embeddable":true,"href":"https:\/\/divulgah2.es\/en\/wp-json\/wp\/v2\/pages\/416"}],"wp:attachment":[{"href":"https:\/\/divulgah2.es\/en\/wp-json\/wp\/v2\/media?parent=559"}],"curies":[{"name":"wp","href":"https:\/\/api.w.org\/{rel}","templated":true}]}}