{"id":569,"date":"2014-04-25T10:45:38","date_gmt":"2014-04-25T10:45:38","guid":{"rendered":"http:\/\/divulgah2.es\/?page_id=569"},"modified":"2014-07-29T07:19:02","modified_gmt":"2014-07-29T07:19:02","slug":"seguridad","status":"publish","type":"page","link":"https:\/\/divulgah2.es\/en\/proyecto-divulgah2\/seguridad\/","title":{"rendered":"Activities"},"content":{"rendered":"<p>Scientific dissemination activities that arise within the DivulgaH2 project intended to promote and encourage the approach of science, technology and innovation to citizens, shortening distances between scientific and technological world and society in general, as the<strong>SCIENTIFIC, TECHNOLOGY AND INNOVATION RESEARCH PLAN STATE 2013-2016 includes among its specific objectives.<\/strong><\/p>\n<h2 class=\"title\"><span>Activities under the project DivulgaH2 contemplate different actions:<\/span><\/h2>\n<blockquote><p>\n<strong>Science Week 2014.<\/strong><br \/>\n<strong>Action 1:<\/strong> Dissemination session <em>\u201cHydrogen Formula\u201d.<\/em><br \/>\n<strong>Action 2:<\/strong> Dissemination session <em>\u201cFuture housing\u201d.<\/em>\n <\/p><\/blockquote>\n<blockquote><p>\n<strong>Energy Week in Puertollano.<\/strong><br \/>\n<strong>Action 3:<\/strong> <em>\u201cEnergy Route\u201d.<\/em>\n <\/p><\/blockquote>\n<blockquote><p>\n<strong>II Educational Sessions \u201cHydrogen moves you\u201d.<\/strong><br \/>\n<strong>Action 4: <\/strong><em>\u201cHydrogen moves you\u201d.<\/em>\n <\/p><\/blockquote>\n<blockquote><p>\n<strong>CNH2 Open Days.<\/strong><br \/>\n<strong>Action 5:<\/strong><em> \u201cHydrogen and Energy\u201d.<\/em>\n <\/p><\/blockquote>\n<blockquote><p>\n<strong>Training in schools and colleges.<\/strong><br \/>\n<strong>Action 6: <\/strong><em>\u201cEducational Centers Cultural Week\u201d.<\/em>\n <\/p><\/blockquote>\n<blockquote><p>\n<strong>Communication and digital media.<\/strong><br \/>\n<strong>Action 7: <\/strong>Web <em><a href=\"http:\/\/www.divulgah2.es\" title=\"Ir a la pagina\">www.divulgah2.es<\/a><\/em>and social networks\n <\/p><\/blockquote>\n<p><\/p>","protected":false},"excerpt":{"rendered":"<p>Scientific dissemination activities that arise within the DivulgaH2 project intended to promote and encourage the approach of science, technology and innovation to citizens, shortening distances between scientific and technological world and society in general, as theSCIENTIFIC, TECHNOLOGY AND INNOVATION RESEARCH PLAN STATE 2013-2016 includes among its specific objectives. Science Week 2014. Action 1: Dissemination session [&hellip;]<\/p>\n","protected":false},"author":1,"featured_media":0,"parent":416,"menu_order":0,"comment_status":"closed","ping_status":"closed","template":"page_sidebar.php","meta":{"ngg_post_thumbnail":0,"footnotes":""},"class_list":["post-569","page","type-page","status-publish","hentry"],"yoast_head":"<!-- This site is optimized with the Yoast SEO plugin v27.4 - https:\/\/yoast.com\/product\/yoast-seo-wordpress\/ -->\n<title>Actividades DivulgaH2<\/title>\n<meta name=\"description\" content=\"Actividades DivulgaH2\" \/>\n<meta name=\"robots\" content=\"index, follow, max-snippet:-1, max-image-preview:large, max-video-preview:-1\" \/>\n<link rel=\"canonical\" href=\"https:\/\/divulgah2.es\/proyecto-divulgah2\/seguridad\/\" \/>\n<meta property=\"og:locale\" content=\"en_US\" \/>\n<meta property=\"og:type\" content=\"article\" \/>\n<meta property=\"og:title\" content=\"Actividades DivulgaH2\" \/>\n<meta property=\"og:description\" content=\"Actividades DivulgaH2\" \/>\n<meta property=\"og:url\" content=\"https:\/\/divulgah2.es\/proyecto-divulgah2\/seguridad\/\" \/>\n<meta property=\"og:site_name\" content=\"DivulgaH2\" \/>\n<meta property=\"article:publisher\" content=\"https:\/\/www.facebook.com\/divulgah2?ref=hl\" \/>\n<meta property=\"article:modified_time\" content=\"2014-07-29T07:19:02+00:00\" \/>\n<meta name=\"twitter:label1\" content=\"Est. reading time\" \/>\n\t<meta name=\"twitter:data1\" content=\"1 minute\" \/>\n<script type=\"application\/ld+json\" class=\"yoast-schema-graph\">{\"@context\":\"https:\\\/\\\/schema.org\",\"@graph\":[{\"@type\":\"WebPage\",\"@id\":\"https:\\\/\\\/divulgah2.es\\\/proyecto-divulgah2\\\/seguridad\\\/\",\"url\":\"https:\\\/\\\/divulgah2.es\\\/proyecto-divulgah2\\\/seguridad\\\/\",\"name\":\"Actividades DivulgaH2\",\"isPartOf\":{\"@id\":\"https:\\\/\\\/divulgah2.es\\\/#website\"},\"datePublished\":\"2014-04-25T10:45:38+00:00\",\"dateModified\":\"2014-07-29T07:19:02+00:00\",\"description\":\"Actividades DivulgaH2\",\"breadcrumb\":{\"@id\":\"https:\\\/\\\/divulgah2.es\\\/proyecto-divulgah2\\\/seguridad\\\/#breadcrumb\"},\"inLanguage\":\"en-US\",\"potentialAction\":[{\"@type\":\"ReadAction\",\"target\":[\"https:\\\/\\\/divulgah2.es\\\/proyecto-divulgah2\\\/seguridad\\\/\"]}]},{\"@type\":\"BreadcrumbList\",\"@id\":\"https:\\\/\\\/divulgah2.es\\\/proyecto-divulgah2\\\/seguridad\\\/#breadcrumb\",\"itemListElement\":[{\"@type\":\"ListItem\",\"position\":1,\"name\":\"Portada\",\"item\":\"https:\\\/\\\/divulgah2.es\\\/\"},{\"@type\":\"ListItem\",\"position\":2,\"name\":\"Proyecto DivulgaH2\",\"item\":\"https:\\\/\\\/divulgah2.es\\\/proyecto-divulgah2\\\/\"},{\"@type\":\"ListItem\",\"position\":3,\"name\":\"Actividades\"}]},{\"@type\":\"WebSite\",\"@id\":\"https:\\\/\\\/divulgah2.es\\\/#website\",\"url\":\"https:\\\/\\\/divulgah2.es\\\/\",\"name\":\"DivulgaH2\",\"description\":\"Divulgaci\u00f3n de las tecnolog\u00edas de hidr\u00f3geno y pilas de combustible a la sociedad\",\"potentialAction\":[{\"@type\":\"SearchAction\",\"target\":{\"@type\":\"EntryPoint\",\"urlTemplate\":\"https:\\\/\\\/divulgah2.es\\\/?s={search_term_string}\"},\"query-input\":{\"@type\":\"PropertyValueSpecification\",\"valueRequired\":true,\"valueName\":\"search_term_string\"}}],\"inLanguage\":\"en-US\"}]}<\/script>\n<!-- \/ Yoast SEO plugin. -->","yoast_head_json":{"title":"Actividades DivulgaH2","description":"Actividades DivulgaH2","robots":{"index":"index","follow":"follow","max-snippet":"max-snippet:-1","max-image-preview":"max-image-preview:large","max-video-preview":"max-video-preview:-1"},"canonical":"https:\/\/divulgah2.es\/proyecto-divulgah2\/seguridad\/","og_locale":"en_US","og_type":"article","og_title":"Actividades DivulgaH2","og_description":"Actividades DivulgaH2","og_url":"https:\/\/divulgah2.es\/proyecto-divulgah2\/seguridad\/","og_site_name":"DivulgaH2","article_publisher":"https:\/\/www.facebook.com\/divulgah2?ref=hl","article_modified_time":"2014-07-29T07:19:02+00:00","twitter_misc":{"Est. reading time":"1 minute"},"schema":{"@context":"https:\/\/schema.org","@graph":[{"@type":"WebPage","@id":"https:\/\/divulgah2.es\/proyecto-divulgah2\/seguridad\/","url":"https:\/\/divulgah2.es\/proyecto-divulgah2\/seguridad\/","name":"Actividades DivulgaH2","isPartOf":{"@id":"https:\/\/divulgah2.es\/#website"},"datePublished":"2014-04-25T10:45:38+00:00","dateModified":"2014-07-29T07:19:02+00:00","description":"Actividades DivulgaH2","breadcrumb":{"@id":"https:\/\/divulgah2.es\/proyecto-divulgah2\/seguridad\/#breadcrumb"},"inLanguage":"en-US","potentialAction":[{"@type":"ReadAction","target":["https:\/\/divulgah2.es\/proyecto-divulgah2\/seguridad\/"]}]},{"@type":"BreadcrumbList","@id":"https:\/\/divulgah2.es\/proyecto-divulgah2\/seguridad\/#breadcrumb","itemListElement":[{"@type":"ListItem","position":1,"name":"Portada","item":"https:\/\/divulgah2.es\/"},{"@type":"ListItem","position":2,"name":"Proyecto DivulgaH2","item":"https:\/\/divulgah2.es\/proyecto-divulgah2\/"},{"@type":"ListItem","position":3,"name":"Actividades"}]},{"@type":"WebSite","@id":"https:\/\/divulgah2.es\/#website","url":"https:\/\/divulgah2.es\/","name":"DivulgaH2","description":"Divulgaci\u00f3n de las tecnolog\u00edas de hidr\u00f3geno y pilas de combustible a la sociedad","potentialAction":[{"@type":"SearchAction","target":{"@type":"EntryPoint","urlTemplate":"https:\/\/divulgah2.es\/?s={search_term_string}"},"query-input":{"@type":"PropertyValueSpecification","valueRequired":true,"valueName":"search_term_string"}}],"inLanguage":"en-US"}]}},"_links":{"self":[{"href":"https:\/\/divulgah2.es\/en\/wp-json\/wp\/v2\/pages\/569","targetHints":{"allow":["GET"]}}],"collection":[{"href":"https:\/\/divulgah2.es\/en\/wp-json\/wp\/v2\/pages"}],"about":[{"href":"https:\/\/divulgah2.es\/en\/wp-json\/wp\/v2\/types\/page"}],"author":[{"embeddable":true,"href":"https:\/\/divulgah2.es\/en\/wp-json\/wp\/v2\/users\/1"}],"replies":[{"embeddable":true,"href":"https:\/\/divulgah2.es\/en\/wp-json\/wp\/v2\/comments?post=569"}],"version-history":[{"count":19,"href":"https:\/\/divulgah2.es\/en\/wp-json\/wp\/v2\/pages\/569\/revisions"}],"predecessor-version":[{"id":4295,"href":"https:\/\/divulgah2.es\/en\/wp-json\/wp\/v2\/pages\/569\/revisions\/4295"}],"up":[{"embeddable":true,"href":"https:\/\/divulgah2.es\/en\/wp-json\/wp\/v2\/pages\/416"}],"wp:attachment":[{"href":"https:\/\/divulgah2.es\/en\/wp-json\/wp\/v2\/media?parent=569"}],"curies":[{"name":"wp","href":"https:\/\/api.w.org\/{rel}","templated":true}]}}