{"id":630,"date":"2014-05-09T09:25:49","date_gmt":"2014-05-09T09:25:49","guid":{"rendered":"http:\/\/divulgah2.es\/?page_id=630"},"modified":"2014-07-30T18:37:05","modified_gmt":"2014-07-30T18:37:05","slug":"resultados","status":"publish","type":"page","link":"https:\/\/divulgah2.es\/en\/proyecto-divulgah2\/resultados\/","title":{"rendered":"Results"},"content":{"rendered":"<p>The expected project execution <strong>DivulgaH2<\/strong> results are manifold.<\/p>\n<h2 class=\"title\"><span>Among which state:<\/span><\/h2>\n\n<ul class=\"checked\">\n<li><strong>Improving knowledge <\/strong>of hydrogen technologies and their applications by citizens and students.<\/li>\n<li><strong>Promoting interest<\/strong> on renewable energy and its use with hydrogen as energy storage.<\/li>\n<li><strong>Arousing curiosity<\/strong> of students and teachers, as well as citizens by fuel cells applications used in equipment or products of everyday life..<\/li>\n<li><strong>Promoting<\/strong> the Science Week, Energy Week and other informative activities developed by CNH2 at local, provincial, regional and national levels.<\/li>\n<li><strong>Conducting dissemination<\/strong> of the results obtained in R &#038; D projects in which the CNH2 is involved.<\/li>\n<\/ul>\n<p><br \/>\n<\/p>","protected":false},"excerpt":{"rendered":"<p>The expected project execution DivulgaH2 results are manifold.<\/p>\n","protected":false},"author":1,"featured_media":0,"parent":416,"menu_order":0,"comment_status":"closed","ping_status":"closed","template":"page_sidebar.php","meta":{"ngg_post_thumbnail":0,"footnotes":""},"class_list":["post-630","page","type-page","status-publish","hentry"],"yoast_head":"<!-- This site is optimized with the Yoast SEO plugin v26.8 - https:\/\/yoast.com\/product\/yoast-seo-wordpress\/ -->\n<title>Resultados - DivulgaH2<\/title>\n<meta name=\"description\" content=\"Los resultados son ampliar el conocimiento de las tecnolog\u00edas del hidr\u00f3geno y sus aplicaciones por parte de la sociedad\" \/>\n<meta name=\"robots\" content=\"index, follow, max-snippet:-1, max-image-preview:large, max-video-preview:-1\" \/>\n<link rel=\"canonical\" href=\"https:\/\/divulgah2.es\/proyecto-divulgah2\/resultados\/\" \/>\n<meta property=\"og:locale\" content=\"en_US\" \/>\n<meta property=\"og:type\" content=\"article\" \/>\n<meta property=\"og:title\" content=\"Resultados - DivulgaH2\" \/>\n<meta property=\"og:description\" content=\"Los resultados son ampliar el conocimiento de las tecnolog\u00edas del hidr\u00f3geno y sus aplicaciones por parte de la sociedad\" \/>\n<meta property=\"og:url\" content=\"https:\/\/divulgah2.es\/proyecto-divulgah2\/resultados\/\" \/>\n<meta property=\"og:site_name\" content=\"DivulgaH2\" \/>\n<meta property=\"article:publisher\" content=\"https:\/\/www.facebook.com\/divulgah2?ref=hl\" \/>\n<meta property=\"article:modified_time\" content=\"2014-07-30T18:37:05+00:00\" \/>\n<meta name=\"twitter:label1\" content=\"Est. reading time\" \/>\n\t<meta name=\"twitter:data1\" content=\"1 minute\" \/>\n<script type=\"application\/ld+json\" class=\"yoast-schema-graph\">{\"@context\":\"https:\/\/schema.org\",\"@graph\":[{\"@type\":\"WebPage\",\"@id\":\"https:\/\/divulgah2.es\/proyecto-divulgah2\/resultados\/\",\"url\":\"https:\/\/divulgah2.es\/proyecto-divulgah2\/resultados\/\",\"name\":\"Resultados - DivulgaH2\",\"isPartOf\":{\"@id\":\"https:\/\/divulgah2.es\/#website\"},\"datePublished\":\"2014-05-09T09:25:49+00:00\",\"dateModified\":\"2014-07-30T18:37:05+00:00\",\"description\":\"Los resultados son ampliar el conocimiento de las tecnolog\u00edas del hidr\u00f3geno y sus aplicaciones por parte de la sociedad\",\"breadcrumb\":{\"@id\":\"https:\/\/divulgah2.es\/proyecto-divulgah2\/resultados\/#breadcrumb\"},\"inLanguage\":\"en-US\",\"potentialAction\":[{\"@type\":\"ReadAction\",\"target\":[\"https:\/\/divulgah2.es\/proyecto-divulgah2\/resultados\/\"]}]},{\"@type\":\"BreadcrumbList\",\"@id\":\"https:\/\/divulgah2.es\/proyecto-divulgah2\/resultados\/#breadcrumb\",\"itemListElement\":[{\"@type\":\"ListItem\",\"position\":1,\"name\":\"Portada\",\"item\":\"https:\/\/divulgah2.es\/\"},{\"@type\":\"ListItem\",\"position\":2,\"name\":\"Proyecto DivulgaH2\",\"item\":\"https:\/\/divulgah2.es\/proyecto-divulgah2\/\"},{\"@type\":\"ListItem\",\"position\":3,\"name\":\"Resultados\"}]},{\"@type\":\"WebSite\",\"@id\":\"https:\/\/divulgah2.es\/#website\",\"url\":\"https:\/\/divulgah2.es\/\",\"name\":\"DivulgaH2\",\"description\":\"Divulgaci\u00f3n de las tecnolog\u00edas de hidr\u00f3geno y pilas de combustible a la sociedad\",\"potentialAction\":[{\"@type\":\"SearchAction\",\"target\":{\"@type\":\"EntryPoint\",\"urlTemplate\":\"https:\/\/divulgah2.es\/?s={search_term_string}\"},\"query-input\":{\"@type\":\"PropertyValueSpecification\",\"valueRequired\":true,\"valueName\":\"search_term_string\"}}],\"inLanguage\":\"en-US\"}]}<\/script>\n<!-- \/ Yoast SEO plugin. -->","yoast_head_json":{"title":"Resultados - DivulgaH2","description":"Los resultados son ampliar el conocimiento de las tecnolog\u00edas del hidr\u00f3geno y sus aplicaciones por parte de la sociedad","robots":{"index":"index","follow":"follow","max-snippet":"max-snippet:-1","max-image-preview":"max-image-preview:large","max-video-preview":"max-video-preview:-1"},"canonical":"https:\/\/divulgah2.es\/proyecto-divulgah2\/resultados\/","og_locale":"en_US","og_type":"article","og_title":"Resultados - DivulgaH2","og_description":"Los resultados son ampliar el conocimiento de las tecnolog\u00edas del hidr\u00f3geno y sus aplicaciones por parte de la sociedad","og_url":"https:\/\/divulgah2.es\/proyecto-divulgah2\/resultados\/","og_site_name":"DivulgaH2","article_publisher":"https:\/\/www.facebook.com\/divulgah2?ref=hl","article_modified_time":"2014-07-30T18:37:05+00:00","twitter_misc":{"Est. reading time":"1 minute"},"schema":{"@context":"https:\/\/schema.org","@graph":[{"@type":"WebPage","@id":"https:\/\/divulgah2.es\/proyecto-divulgah2\/resultados\/","url":"https:\/\/divulgah2.es\/proyecto-divulgah2\/resultados\/","name":"Resultados - DivulgaH2","isPartOf":{"@id":"https:\/\/divulgah2.es\/#website"},"datePublished":"2014-05-09T09:25:49+00:00","dateModified":"2014-07-30T18:37:05+00:00","description":"Los resultados son ampliar el conocimiento de las tecnolog\u00edas del hidr\u00f3geno y sus aplicaciones por parte de la sociedad","breadcrumb":{"@id":"https:\/\/divulgah2.es\/proyecto-divulgah2\/resultados\/#breadcrumb"},"inLanguage":"en-US","potentialAction":[{"@type":"ReadAction","target":["https:\/\/divulgah2.es\/proyecto-divulgah2\/resultados\/"]}]},{"@type":"BreadcrumbList","@id":"https:\/\/divulgah2.es\/proyecto-divulgah2\/resultados\/#breadcrumb","itemListElement":[{"@type":"ListItem","position":1,"name":"Portada","item":"https:\/\/divulgah2.es\/"},{"@type":"ListItem","position":2,"name":"Proyecto DivulgaH2","item":"https:\/\/divulgah2.es\/proyecto-divulgah2\/"},{"@type":"ListItem","position":3,"name":"Resultados"}]},{"@type":"WebSite","@id":"https:\/\/divulgah2.es\/#website","url":"https:\/\/divulgah2.es\/","name":"DivulgaH2","description":"Divulgaci\u00f3n de las tecnolog\u00edas de hidr\u00f3geno y pilas de combustible a la sociedad","potentialAction":[{"@type":"SearchAction","target":{"@type":"EntryPoint","urlTemplate":"https:\/\/divulgah2.es\/?s={search_term_string}"},"query-input":{"@type":"PropertyValueSpecification","valueRequired":true,"valueName":"search_term_string"}}],"inLanguage":"en-US"}]}},"_links":{"self":[{"href":"https:\/\/divulgah2.es\/en\/wp-json\/wp\/v2\/pages\/630","targetHints":{"allow":["GET"]}}],"collection":[{"href":"https:\/\/divulgah2.es\/en\/wp-json\/wp\/v2\/pages"}],"about":[{"href":"https:\/\/divulgah2.es\/en\/wp-json\/wp\/v2\/types\/page"}],"author":[{"embeddable":true,"href":"https:\/\/divulgah2.es\/en\/wp-json\/wp\/v2\/users\/1"}],"replies":[{"embeddable":true,"href":"https:\/\/divulgah2.es\/en\/wp-json\/wp\/v2\/comments?post=630"}],"version-history":[{"count":7,"href":"https:\/\/divulgah2.es\/en\/wp-json\/wp\/v2\/pages\/630\/revisions"}],"predecessor-version":[{"id":1464,"href":"https:\/\/divulgah2.es\/en\/wp-json\/wp\/v2\/pages\/630\/revisions\/1464"}],"up":[{"embeddable":true,"href":"https:\/\/divulgah2.es\/en\/wp-json\/wp\/v2\/pages\/416"}],"wp:attachment":[{"href":"https:\/\/divulgah2.es\/en\/wp-json\/wp\/v2\/media?parent=630"}],"curies":[{"name":"wp","href":"https:\/\/api.w.org\/{rel}","templated":true}]}}