{"id":641,"date":"2014-05-09T09:31:19","date_gmt":"2014-05-09T09:31:19","guid":{"rendered":"http:\/\/divulgah2.es\/?page_id=641"},"modified":"2016-06-23T14:44:56","modified_gmt":"2016-06-23T14:44:56","slug":"jornada-puertas-abiertas","status":"publish","type":"page","link":"https:\/\/divulgah2.es\/en\/actividades-divulgah2\/jornada-puertas-abiertas\/","title":{"rendered":"CNH2 Open Days"},"content":{"rendered":"<p><h2 class=\"title\"><span>CNH2 OPEN DAY<\/span><\/h2><\/p>\n<p>With the intention of disseminating and educating all sectors of society in terms of science and technology of hydrogen and fuel cells, the CNH2 organizes in its facilities the development of Open Days oriented to any segment of the population that not familiar with these technologies.<\/p>\n<p>The aim is to show the activities developed in the CNH2 and the technologies to get as many people as possible, from elementary students begin to understand the different types of energy to neighborhood associations, cultural centers or other opinion who are interested in acquiring new knowledge.<\/p>\n<blockquote><p><a title=\"Do you want to participate?\" href=\"\/quienes-somos\/quieres-participar\/?lang=en\"><img loading=\"lazy\" decoding=\"async\" class=\"alignleft size-full wp-image-1050\" style=\"margin: -10px 10px 0 0;\" src=\"https:\/\/divulgah2.es\/wp-content\/uploads\/2014\/04\/ico-formulario.png\" alt=\"ico-formulario\" width=\"30\" height=\"43\" \/> Do you want to participate?<\/a><\/p><\/blockquote>\n<p><\/p>","protected":false},"excerpt":{"rendered":"<p>With the intention of disseminating and educating all sectors of society in terms of science and technology of hydrogen and fuel cells, the CNH2 organizes in its facilities the development of Open Days oriented to any segment of the population that not familiar with these technologies. The aim is to show the activities developed in [&hellip;]<\/p>\n","protected":false},"author":1,"featured_media":0,"parent":143,"menu_order":2,"comment_status":"closed","ping_status":"closed","template":"page_sidebar.php","meta":{"ngg_post_thumbnail":0,"footnotes":""},"class_list":["post-641","page","type-page","status-publish","hentry"],"yoast_head":"<!-- This site is optimized with the Yoast SEO plugin v26.8 - https:\/\/yoast.com\/product\/yoast-seo-wordpress\/ -->\n<title>Jornada de Puertas Abiertas en el CNH2 - DivulgaH2<\/title>\n<meta name=\"description\" content=\"DivulgaH2 - Jornada de Puertas Abiertas en el CNH2\" \/>\n<meta name=\"robots\" content=\"index, follow, max-snippet:-1, max-image-preview:large, max-video-preview:-1\" \/>\n<link rel=\"canonical\" href=\"https:\/\/divulgah2.es\/en\/actividades-divulgah2\/jornada-puertas-abiertas\/\" \/>\n<meta property=\"og:locale\" content=\"en_US\" \/>\n<meta property=\"og:type\" content=\"article\" \/>\n<meta property=\"og:title\" content=\"Jornada de Puertas Abiertas en el CNH2 - DivulgaH2\" \/>\n<meta property=\"og:description\" content=\"DivulgaH2 - Jornada de Puertas Abiertas en el CNH2\" \/>\n<meta property=\"og:url\" content=\"https:\/\/divulgah2.es\/en\/actividades-divulgah2\/jornada-puertas-abiertas\/\" \/>\n<meta property=\"og:site_name\" content=\"DivulgaH2\" \/>\n<meta property=\"article:publisher\" content=\"https:\/\/www.facebook.com\/divulgah2?ref=hl\" \/>\n<meta property=\"article:modified_time\" content=\"2016-06-23T14:44:56+00:00\" \/>\n<meta property=\"og:image\" content=\"https:\/\/divulgah2.es\/wp-content\/uploads\/2014\/04\/ico-formulario.png\" \/>\n<meta name=\"twitter:label1\" content=\"Est. reading time\" \/>\n\t<meta name=\"twitter:data1\" content=\"2 minutes\" \/>\n<script type=\"application\/ld+json\" class=\"yoast-schema-graph\">{\"@context\":\"https:\/\/schema.org\",\"@graph\":[{\"@type\":\"WebPage\",\"@id\":\"https:\/\/divulgah2.es\/en\/actividades-divulgah2\/jornada-puertas-abiertas\/\",\"url\":\"https:\/\/divulgah2.es\/en\/actividades-divulgah2\/jornada-puertas-abiertas\/\",\"name\":\"Jornada de Puertas Abiertas en el CNH2 - DivulgaH2\",\"isPartOf\":{\"@id\":\"https:\/\/divulgah2.es\/#website\"},\"primaryImageOfPage\":{\"@id\":\"https:\/\/divulgah2.es\/en\/actividades-divulgah2\/jornada-puertas-abiertas\/#primaryimage\"},\"image\":{\"@id\":\"https:\/\/divulgah2.es\/en\/actividades-divulgah2\/jornada-puertas-abiertas\/#primaryimage\"},\"thumbnailUrl\":\"https:\/\/divulgah2.es\/wp-content\/uploads\/2014\/04\/ico-formulario.png\",\"datePublished\":\"2014-05-09T09:31:19+00:00\",\"dateModified\":\"2016-06-23T14:44:56+00:00\",\"description\":\"DivulgaH2 - Jornada de Puertas Abiertas en el CNH2\",\"breadcrumb\":{\"@id\":\"https:\/\/divulgah2.es\/en\/actividades-divulgah2\/jornada-puertas-abiertas\/#breadcrumb\"},\"inLanguage\":\"en-US\",\"potentialAction\":[{\"@type\":\"ReadAction\",\"target\":[\"https:\/\/divulgah2.es\/en\/actividades-divulgah2\/jornada-puertas-abiertas\/\"]}]},{\"@type\":\"ImageObject\",\"inLanguage\":\"en-US\",\"@id\":\"https:\/\/divulgah2.es\/en\/actividades-divulgah2\/jornada-puertas-abiertas\/#primaryimage\",\"url\":\"https:\/\/divulgah2.es\/wp-content\/uploads\/2014\/04\/ico-formulario.png\",\"contentUrl\":\"https:\/\/divulgah2.es\/wp-content\/uploads\/2014\/04\/ico-formulario.png\"},{\"@type\":\"BreadcrumbList\",\"@id\":\"https:\/\/divulgah2.es\/en\/actividades-divulgah2\/jornada-puertas-abiertas\/#breadcrumb\",\"itemListElement\":[{\"@type\":\"ListItem\",\"position\":1,\"name\":\"Portada\",\"item\":\"https:\/\/divulgah2.es\/\"},{\"@type\":\"ListItem\",\"position\":2,\"name\":\"DivulgaH2 Activities\",\"item\":\"https:\/\/divulgah2.es\/actividades-divulgah2\/\"},{\"@type\":\"ListItem\",\"position\":3,\"name\":\"CNH2 Open Days\"}]},{\"@type\":\"WebSite\",\"@id\":\"https:\/\/divulgah2.es\/#website\",\"url\":\"https:\/\/divulgah2.es\/\",\"name\":\"DivulgaH2\",\"description\":\"Divulgaci\u00f3n de las tecnolog\u00edas de hidr\u00f3geno y pilas de combustible a la sociedad\",\"potentialAction\":[{\"@type\":\"SearchAction\",\"target\":{\"@type\":\"EntryPoint\",\"urlTemplate\":\"https:\/\/divulgah2.es\/?s={search_term_string}\"},\"query-input\":{\"@type\":\"PropertyValueSpecification\",\"valueRequired\":true,\"valueName\":\"search_term_string\"}}],\"inLanguage\":\"en-US\"}]}<\/script>\n<!-- \/ Yoast SEO plugin. -->","yoast_head_json":{"title":"Jornada de Puertas Abiertas en el CNH2 - DivulgaH2","description":"DivulgaH2 - Jornada de Puertas Abiertas en el CNH2","robots":{"index":"index","follow":"follow","max-snippet":"max-snippet:-1","max-image-preview":"max-image-preview:large","max-video-preview":"max-video-preview:-1"},"canonical":"https:\/\/divulgah2.es\/en\/actividades-divulgah2\/jornada-puertas-abiertas\/","og_locale":"en_US","og_type":"article","og_title":"Jornada de Puertas Abiertas en el CNH2 - DivulgaH2","og_description":"DivulgaH2 - Jornada de Puertas Abiertas en el CNH2","og_url":"https:\/\/divulgah2.es\/en\/actividades-divulgah2\/jornada-puertas-abiertas\/","og_site_name":"DivulgaH2","article_publisher":"https:\/\/www.facebook.com\/divulgah2?ref=hl","article_modified_time":"2016-06-23T14:44:56+00:00","og_image":[{"url":"https:\/\/divulgah2.es\/wp-content\/uploads\/2014\/04\/ico-formulario.png","type":"","width":"","height":""}],"twitter_misc":{"Est. reading time":"2 minutes"},"schema":{"@context":"https:\/\/schema.org","@graph":[{"@type":"WebPage","@id":"https:\/\/divulgah2.es\/en\/actividades-divulgah2\/jornada-puertas-abiertas\/","url":"https:\/\/divulgah2.es\/en\/actividades-divulgah2\/jornada-puertas-abiertas\/","name":"Jornada de Puertas Abiertas en el CNH2 - DivulgaH2","isPartOf":{"@id":"https:\/\/divulgah2.es\/#website"},"primaryImageOfPage":{"@id":"https:\/\/divulgah2.es\/en\/actividades-divulgah2\/jornada-puertas-abiertas\/#primaryimage"},"image":{"@id":"https:\/\/divulgah2.es\/en\/actividades-divulgah2\/jornada-puertas-abiertas\/#primaryimage"},"thumbnailUrl":"https:\/\/divulgah2.es\/wp-content\/uploads\/2014\/04\/ico-formulario.png","datePublished":"2014-05-09T09:31:19+00:00","dateModified":"2016-06-23T14:44:56+00:00","description":"DivulgaH2 - Jornada de Puertas Abiertas en el CNH2","breadcrumb":{"@id":"https:\/\/divulgah2.es\/en\/actividades-divulgah2\/jornada-puertas-abiertas\/#breadcrumb"},"inLanguage":"en-US","potentialAction":[{"@type":"ReadAction","target":["https:\/\/divulgah2.es\/en\/actividades-divulgah2\/jornada-puertas-abiertas\/"]}]},{"@type":"ImageObject","inLanguage":"en-US","@id":"https:\/\/divulgah2.es\/en\/actividades-divulgah2\/jornada-puertas-abiertas\/#primaryimage","url":"https:\/\/divulgah2.es\/wp-content\/uploads\/2014\/04\/ico-formulario.png","contentUrl":"https:\/\/divulgah2.es\/wp-content\/uploads\/2014\/04\/ico-formulario.png"},{"@type":"BreadcrumbList","@id":"https:\/\/divulgah2.es\/en\/actividades-divulgah2\/jornada-puertas-abiertas\/#breadcrumb","itemListElement":[{"@type":"ListItem","position":1,"name":"Portada","item":"https:\/\/divulgah2.es\/"},{"@type":"ListItem","position":2,"name":"DivulgaH2 Activities","item":"https:\/\/divulgah2.es\/actividades-divulgah2\/"},{"@type":"ListItem","position":3,"name":"CNH2 Open Days"}]},{"@type":"WebSite","@id":"https:\/\/divulgah2.es\/#website","url":"https:\/\/divulgah2.es\/","name":"DivulgaH2","description":"Divulgaci\u00f3n de las tecnolog\u00edas de hidr\u00f3geno y pilas de combustible a la sociedad","potentialAction":[{"@type":"SearchAction","target":{"@type":"EntryPoint","urlTemplate":"https:\/\/divulgah2.es\/?s={search_term_string}"},"query-input":{"@type":"PropertyValueSpecification","valueRequired":true,"valueName":"search_term_string"}}],"inLanguage":"en-US"}]}},"_links":{"self":[{"href":"https:\/\/divulgah2.es\/en\/wp-json\/wp\/v2\/pages\/641","targetHints":{"allow":["GET"]}}],"collection":[{"href":"https:\/\/divulgah2.es\/en\/wp-json\/wp\/v2\/pages"}],"about":[{"href":"https:\/\/divulgah2.es\/en\/wp-json\/wp\/v2\/types\/page"}],"author":[{"embeddable":true,"href":"https:\/\/divulgah2.es\/en\/wp-json\/wp\/v2\/users\/1"}],"replies":[{"embeddable":true,"href":"https:\/\/divulgah2.es\/en\/wp-json\/wp\/v2\/comments?post=641"}],"version-history":[{"count":12,"href":"https:\/\/divulgah2.es\/en\/wp-json\/wp\/v2\/pages\/641\/revisions"}],"predecessor-version":[{"id":3045,"href":"https:\/\/divulgah2.es\/en\/wp-json\/wp\/v2\/pages\/641\/revisions\/3045"}],"up":[{"embeddable":true,"href":"https:\/\/divulgah2.es\/en\/wp-json\/wp\/v2\/pages\/143"}],"wp:attachment":[{"href":"https:\/\/divulgah2.es\/en\/wp-json\/wp\/v2\/media?parent=641"}],"curies":[{"name":"wp","href":"https:\/\/api.w.org\/{rel}","templated":true}]}}