{"id":643,"date":"2014-05-09T09:32:13","date_gmt":"2014-05-09T09:32:13","guid":{"rendered":"http:\/\/divulgah2.es\/?page_id=643"},"modified":"2014-07-30T19:08:40","modified_gmt":"2014-07-30T19:08:40","slug":"formacion-colegios-e-institutos","status":"publish","type":"page","link":"https:\/\/divulgah2.es\/en\/actividades-divulgah2\/formacion-colegios-e-institutos\/","title":{"rendered":"Training in Schools and Colleges"},"content":{"rendered":"<p><h2 class=\"title\"><span>Action 6: \u201cEducational Centers Cultural Week\u201d<\/span><\/h2><\/p>\n<p>The objective of this action is to bring science and innovation into schools and colleges through some training sessions in hydrogen technologies aimed at primary school students, secondary and high schools. These sessions will be part of the cultural program of the different centers.<\/p>\n<p>Para la planificaci\u00f3n de las jornadas, se realizar\u00e1 un env\u00edo de mails\/puesta en contacto con los distintos colegios para organizar con antelaci\u00f3n las acciones y que sean incluidas en la programaci\u00f3n del colegio.<\/p>\n<p>For the planning of the sessions an email sending will take place with different schools to organize and advance the actions that are included in the program of the school.<\/p>\n<blockquote><p>\n<a href=\"\/actividades-divulgah2\/quieres-participar\/?lang=en\" title=\"Do you want to participate?\"><img loading=\"lazy\" decoding=\"async\" src=\"https:\/\/divulgah2.es\/wp-content\/uploads\/2014\/04\/ico-formulario.png\" alt=\"ico-formulario\" width=\"30\" height=\"43\" class=\"alignleft size-full wp-image-1050\" style=\"margin:-10px 10px 0 0;\" \/> Do you want to participate?<\/a>\n<\/p><\/blockquote>\n<p><\/p>","protected":false},"excerpt":{"rendered":"<p>The objective of this action is to bring science and innovation into schools and colleges through some training sessions in hydrogen technologies aimed at primary school students, secondary and high schools. These sessions will be part of the cultural program of the different centers. Para la planificaci\u00f3n de las jornadas, se realizar\u00e1 un env\u00edo de [&hellip;]<\/p>\n","protected":false},"author":1,"featured_media":0,"parent":143,"menu_order":2,"comment_status":"closed","ping_status":"closed","template":"page_sidebar.php","meta":{"ngg_post_thumbnail":0,"footnotes":""},"class_list":["post-643","page","type-page","status-publish","hentry"],"yoast_head":"<!-- This site is optimized with the Yoast SEO plugin v27.4 - https:\/\/yoast.com\/product\/yoast-seo-wordpress\/ -->\n<title>Formaci\u00f3n - DivulgaH2<\/title>\n<meta name=\"description\" content=\"El objetivo de esta formaci\u00f3n es acercar la ciencia y la innovaci\u00f3n a los colegios e institutos a trav\u00e9s de unas jornadas formativas en tecnolog\u00edas del...\" \/>\n<meta name=\"robots\" content=\"index, follow, max-snippet:-1, max-image-preview:large, max-video-preview:-1\" \/>\n<link rel=\"canonical\" href=\"https:\/\/divulgah2.es\/actividades-divulgah2\/formacion-colegios-e-institutos\/\" \/>\n<meta property=\"og:locale\" content=\"en_US\" \/>\n<meta property=\"og:type\" content=\"article\" \/>\n<meta property=\"og:title\" content=\"Formaci\u00f3n - DivulgaH2\" \/>\n<meta property=\"og:description\" content=\"El objetivo de esta formaci\u00f3n es acercar la ciencia y la innovaci\u00f3n a los colegios e institutos a trav\u00e9s de unas jornadas formativas en tecnolog\u00edas del...\" \/>\n<meta property=\"og:url\" content=\"https:\/\/divulgah2.es\/actividades-divulgah2\/formacion-colegios-e-institutos\/\" \/>\n<meta property=\"og:site_name\" content=\"DivulgaH2\" \/>\n<meta property=\"article:publisher\" content=\"https:\/\/www.facebook.com\/divulgah2?ref=hl\" \/>\n<meta property=\"article:modified_time\" content=\"2014-07-30T19:08:40+00:00\" \/>\n<meta property=\"og:image\" content=\"https:\/\/divulgah2.es\/wp-content\/uploads\/2014\/04\/ico-formulario.png\" \/>\n<meta name=\"twitter:label1\" content=\"Est. reading time\" \/>\n\t<meta name=\"twitter:data1\" content=\"1 minute\" \/>\n<script type=\"application\/ld+json\" class=\"yoast-schema-graph\">{\"@context\":\"https:\\\/\\\/schema.org\",\"@graph\":[{\"@type\":\"WebPage\",\"@id\":\"https:\\\/\\\/divulgah2.es\\\/actividades-divulgah2\\\/formacion-colegios-e-institutos\\\/\",\"url\":\"https:\\\/\\\/divulgah2.es\\\/actividades-divulgah2\\\/formacion-colegios-e-institutos\\\/\",\"name\":\"Formaci\u00f3n - DivulgaH2\",\"isPartOf\":{\"@id\":\"https:\\\/\\\/divulgah2.es\\\/#website\"},\"primaryImageOfPage\":{\"@id\":\"https:\\\/\\\/divulgah2.es\\\/actividades-divulgah2\\\/formacion-colegios-e-institutos\\\/#primaryimage\"},\"image\":{\"@id\":\"https:\\\/\\\/divulgah2.es\\\/actividades-divulgah2\\\/formacion-colegios-e-institutos\\\/#primaryimage\"},\"thumbnailUrl\":\"https:\\\/\\\/divulgah2.es\\\/wp-content\\\/uploads\\\/2014\\\/04\\\/ico-formulario.png\",\"datePublished\":\"2014-05-09T09:32:13+00:00\",\"dateModified\":\"2014-07-30T19:08:40+00:00\",\"description\":\"El objetivo de esta formaci\u00f3n es acercar la ciencia y la innovaci\u00f3n a los colegios e institutos a trav\u00e9s de unas jornadas formativas en tecnolog\u00edas del...\",\"breadcrumb\":{\"@id\":\"https:\\\/\\\/divulgah2.es\\\/actividades-divulgah2\\\/formacion-colegios-e-institutos\\\/#breadcrumb\"},\"inLanguage\":\"en-US\",\"potentialAction\":[{\"@type\":\"ReadAction\",\"target\":[\"https:\\\/\\\/divulgah2.es\\\/actividades-divulgah2\\\/formacion-colegios-e-institutos\\\/\"]}]},{\"@type\":\"ImageObject\",\"inLanguage\":\"en-US\",\"@id\":\"https:\\\/\\\/divulgah2.es\\\/actividades-divulgah2\\\/formacion-colegios-e-institutos\\\/#primaryimage\",\"url\":\"https:\\\/\\\/divulgah2.es\\\/wp-content\\\/uploads\\\/2014\\\/04\\\/ico-formulario.png\",\"contentUrl\":\"https:\\\/\\\/divulgah2.es\\\/wp-content\\\/uploads\\\/2014\\\/04\\\/ico-formulario.png\"},{\"@type\":\"BreadcrumbList\",\"@id\":\"https:\\\/\\\/divulgah2.es\\\/actividades-divulgah2\\\/formacion-colegios-e-institutos\\\/#breadcrumb\",\"itemListElement\":[{\"@type\":\"ListItem\",\"position\":1,\"name\":\"Portada\",\"item\":\"https:\\\/\\\/divulgah2.es\\\/\"},{\"@type\":\"ListItem\",\"position\":2,\"name\":\"DivulgaH2 Activities\",\"item\":\"https:\\\/\\\/divulgah2.es\\\/actividades-divulgah2\\\/\"},{\"@type\":\"ListItem\",\"position\":3,\"name\":\"Formaci\u00f3n Colegios e Institutos\"}]},{\"@type\":\"WebSite\",\"@id\":\"https:\\\/\\\/divulgah2.es\\\/#website\",\"url\":\"https:\\\/\\\/divulgah2.es\\\/\",\"name\":\"DivulgaH2\",\"description\":\"Divulgaci\u00f3n de las tecnolog\u00edas de hidr\u00f3geno y pilas de combustible a la sociedad\",\"potentialAction\":[{\"@type\":\"SearchAction\",\"target\":{\"@type\":\"EntryPoint\",\"urlTemplate\":\"https:\\\/\\\/divulgah2.es\\\/?s={search_term_string}\"},\"query-input\":{\"@type\":\"PropertyValueSpecification\",\"valueRequired\":true,\"valueName\":\"search_term_string\"}}],\"inLanguage\":\"en-US\"}]}<\/script>\n<!-- \/ Yoast SEO plugin. -->","yoast_head_json":{"title":"Formaci\u00f3n - DivulgaH2","description":"El objetivo de esta formaci\u00f3n es acercar la ciencia y la innovaci\u00f3n a los colegios e institutos a trav\u00e9s de unas jornadas formativas en tecnolog\u00edas del...","robots":{"index":"index","follow":"follow","max-snippet":"max-snippet:-1","max-image-preview":"max-image-preview:large","max-video-preview":"max-video-preview:-1"},"canonical":"https:\/\/divulgah2.es\/actividades-divulgah2\/formacion-colegios-e-institutos\/","og_locale":"en_US","og_type":"article","og_title":"Formaci\u00f3n - DivulgaH2","og_description":"El objetivo de esta formaci\u00f3n es acercar la ciencia y la innovaci\u00f3n a los colegios e institutos a trav\u00e9s de unas jornadas formativas en tecnolog\u00edas del...","og_url":"https:\/\/divulgah2.es\/actividades-divulgah2\/formacion-colegios-e-institutos\/","og_site_name":"DivulgaH2","article_publisher":"https:\/\/www.facebook.com\/divulgah2?ref=hl","article_modified_time":"2014-07-30T19:08:40+00:00","og_image":[{"url":"https:\/\/divulgah2.es\/wp-content\/uploads\/2014\/04\/ico-formulario.png","type":"","width":"","height":""}],"twitter_misc":{"Est. reading time":"1 minute"},"schema":{"@context":"https:\/\/schema.org","@graph":[{"@type":"WebPage","@id":"https:\/\/divulgah2.es\/actividades-divulgah2\/formacion-colegios-e-institutos\/","url":"https:\/\/divulgah2.es\/actividades-divulgah2\/formacion-colegios-e-institutos\/","name":"Formaci\u00f3n - DivulgaH2","isPartOf":{"@id":"https:\/\/divulgah2.es\/#website"},"primaryImageOfPage":{"@id":"https:\/\/divulgah2.es\/actividades-divulgah2\/formacion-colegios-e-institutos\/#primaryimage"},"image":{"@id":"https:\/\/divulgah2.es\/actividades-divulgah2\/formacion-colegios-e-institutos\/#primaryimage"},"thumbnailUrl":"https:\/\/divulgah2.es\/wp-content\/uploads\/2014\/04\/ico-formulario.png","datePublished":"2014-05-09T09:32:13+00:00","dateModified":"2014-07-30T19:08:40+00:00","description":"El objetivo de esta formaci\u00f3n es acercar la ciencia y la innovaci\u00f3n a los colegios e institutos a trav\u00e9s de unas jornadas formativas en tecnolog\u00edas del...","breadcrumb":{"@id":"https:\/\/divulgah2.es\/actividades-divulgah2\/formacion-colegios-e-institutos\/#breadcrumb"},"inLanguage":"en-US","potentialAction":[{"@type":"ReadAction","target":["https:\/\/divulgah2.es\/actividades-divulgah2\/formacion-colegios-e-institutos\/"]}]},{"@type":"ImageObject","inLanguage":"en-US","@id":"https:\/\/divulgah2.es\/actividades-divulgah2\/formacion-colegios-e-institutos\/#primaryimage","url":"https:\/\/divulgah2.es\/wp-content\/uploads\/2014\/04\/ico-formulario.png","contentUrl":"https:\/\/divulgah2.es\/wp-content\/uploads\/2014\/04\/ico-formulario.png"},{"@type":"BreadcrumbList","@id":"https:\/\/divulgah2.es\/actividades-divulgah2\/formacion-colegios-e-institutos\/#breadcrumb","itemListElement":[{"@type":"ListItem","position":1,"name":"Portada","item":"https:\/\/divulgah2.es\/"},{"@type":"ListItem","position":2,"name":"DivulgaH2 Activities","item":"https:\/\/divulgah2.es\/actividades-divulgah2\/"},{"@type":"ListItem","position":3,"name":"Formaci\u00f3n Colegios e Institutos"}]},{"@type":"WebSite","@id":"https:\/\/divulgah2.es\/#website","url":"https:\/\/divulgah2.es\/","name":"DivulgaH2","description":"Divulgaci\u00f3n de las tecnolog\u00edas de hidr\u00f3geno y pilas de combustible a la sociedad","potentialAction":[{"@type":"SearchAction","target":{"@type":"EntryPoint","urlTemplate":"https:\/\/divulgah2.es\/?s={search_term_string}"},"query-input":{"@type":"PropertyValueSpecification","valueRequired":true,"valueName":"search_term_string"}}],"inLanguage":"en-US"}]}},"_links":{"self":[{"href":"https:\/\/divulgah2.es\/en\/wp-json\/wp\/v2\/pages\/643","targetHints":{"allow":["GET"]}}],"collection":[{"href":"https:\/\/divulgah2.es\/en\/wp-json\/wp\/v2\/pages"}],"about":[{"href":"https:\/\/divulgah2.es\/en\/wp-json\/wp\/v2\/types\/page"}],"author":[{"embeddable":true,"href":"https:\/\/divulgah2.es\/en\/wp-json\/wp\/v2\/users\/1"}],"replies":[{"embeddable":true,"href":"https:\/\/divulgah2.es\/en\/wp-json\/wp\/v2\/comments?post=643"}],"version-history":[{"count":8,"href":"https:\/\/divulgah2.es\/en\/wp-json\/wp\/v2\/pages\/643\/revisions"}],"predecessor-version":[{"id":1479,"href":"https:\/\/divulgah2.es\/en\/wp-json\/wp\/v2\/pages\/643\/revisions\/1479"}],"up":[{"embeddable":true,"href":"https:\/\/divulgah2.es\/en\/wp-json\/wp\/v2\/pages\/143"}],"wp:attachment":[{"href":"https:\/\/divulgah2.es\/en\/wp-json\/wp\/v2\/media?parent=643"}],"curies":[{"name":"wp","href":"https:\/\/api.w.org\/{rel}","templated":true}]}}