{"id":645,"date":"2014-05-09T09:32:42","date_gmt":"2014-05-09T09:32:42","guid":{"rendered":"http:\/\/divulgah2.es\/?page_id=645"},"modified":"2017-02-03T09:35:02","modified_gmt":"2017-02-03T09:35:02","slug":"web-divulgah2","status":"publish","type":"page","link":"https:\/\/divulgah2.es\/en\/actividades-divulgah2\/web-divulgah2\/","title":{"rendered":"Web DivulgaH2"},"content":{"rendered":"<p><h2 class=\"title\"><span>Communication and digital media<\/span><\/h2><\/p>\n<h2 class=\"title\"><span>\u201cWeb www.divulgah2.es and social networks\u201d<\/span><\/h2>\n<p>Development of project website <a href=\"http:\/\/www.divulgah2.es\">www.divulgah2<\/a>.es intended to perform the diffusion and dissemination of hydrogen and fuel cells technologies, and information about the various activities, events and conferences that CNH2 carried out within the project.<\/p>\n<p>In addition, everybody will have access to the most important sector news, reports, publications and informative surveys the CNH2 performed and can subscribe to our newsletter.<\/p>\n<p>United the creation of this web it is also expected the creation of social media profiles (Facebook, Twitter) and pictures or videos channels that allow to publicize events and news and to complete surveys for the development of social perception studies.<\/p>\n<p><strong>Follow us in:<\/strong><\/p>\n<div style=\"float: left; width: 100%;\">\n<div style=\"float: left; width: 50%;\"><iframe loading=\"lazy\" style=\"border: none; width: 250px; height: 66px;\" src=\"http:\/\/www.facebook.com\/plugins\/like.php?href=https:\/\/www.facebook.com\/divulgah2?ref=hl\" width=\"300\" height=\"150\" frameborder=\"0\" scrolling=\"no\"><\/iframe><\/div>\n<div style=\"float: left; width: 50%;\"><a class=\"twitter-follow-button\" href=\"https:\/\/twitter.com\/DivulgaH2\" data-show-count=\"false\" data-lang=\"es\">Follow us @DivulgaH2<\/a><br \/>\n<script>\/\/ <![CDATA[ !function(d,s,id){var js,fjs=d.getElementsByTagName(s)[0],p=\/^http:\/.test(d.location)?'http':'https';if(!d.getElementById(id)){js=d.createElement(s);js.id=id;js.src=p+':\/\/platform.twitter.com\/widgets.js';fjs.parentNode.insertBefore(js,fjs);}}(document, 'script', 'twitter-wjs'); \/\/ ]]><\/script><\/div>\n<\/div>\n<blockquote><p><a title=\"What do you know about hydrogen?\" href=\"\/actividades-divulgah2\/quieres-participar\/?lang=en\"><img loading=\"lazy\" decoding=\"async\" style=\"margin: -10px 10px 0 0;\" src=\"https:\/\/divulgah2.es\/wp-content\/uploads\/2014\/05\/ico-participar1.png\" alt=\"ico-participar\" width=\"42\" height=\"42\" align=\"left\">What do you know about hydrogen?<\/a><\/p><\/blockquote>\n<p><\/p>","protected":false},"excerpt":{"rendered":"<p>Development of project website www.divulgah2.es intended to perform the diffusion and dissemination of hydrogen and fuel cells technologies, and information about the various activities, events and conferences that CNH2 carried out within the project. In addition, everybody will have access to the most important sector news, reports, publications and informative surveys the CNH2 performed and [&hellip;]<\/p>\n","protected":false},"author":1,"featured_media":0,"parent":143,"menu_order":2,"comment_status":"closed","ping_status":"closed","template":"page_sidebar.php","meta":{"ngg_post_thumbnail":0,"footnotes":""},"class_list":["post-645","page","type-page","status-publish","hentry"],"yoast_head":"<!-- This site is optimized with the Yoast SEO plugin v27.4 - https:\/\/yoast.com\/product\/yoast-seo-wordpress\/ -->\n<title>Web DivulgaH2 - DivulgaH2<\/title>\n<meta name=\"description\" content=\"P\u00e1gina web DivulgaH2\" \/>\n<meta name=\"robots\" content=\"index, follow, max-snippet:-1, max-image-preview:large, max-video-preview:-1\" \/>\n<link rel=\"canonical\" href=\"https:\/\/divulgah2.es\/actividades-divulgah2\/web-divulgah2\/\" \/>\n<meta property=\"og:locale\" content=\"en_US\" \/>\n<meta property=\"og:type\" content=\"article\" \/>\n<meta property=\"og:title\" content=\"Web DivulgaH2 - DivulgaH2\" \/>\n<meta property=\"og:description\" content=\"P\u00e1gina web DivulgaH2\" \/>\n<meta property=\"og:url\" content=\"https:\/\/divulgah2.es\/actividades-divulgah2\/web-divulgah2\/\" \/>\n<meta property=\"og:site_name\" content=\"DivulgaH2\" \/>\n<meta property=\"article:publisher\" content=\"https:\/\/www.facebook.com\/divulgah2?ref=hl\" \/>\n<meta property=\"article:modified_time\" content=\"2017-02-03T09:35:02+00:00\" \/>\n<meta property=\"og:image\" content=\"https:\/\/divulgah2.es\/wp-content\/uploads\/2014\/05\/ico-participar1.png\" \/>\n<meta name=\"twitter:label1\" content=\"Est. reading time\" \/>\n\t<meta name=\"twitter:data1\" content=\"1 minute\" \/>\n<script type=\"application\/ld+json\" class=\"yoast-schema-graph\">{\"@context\":\"https:\\\/\\\/schema.org\",\"@graph\":[{\"@type\":\"WebPage\",\"@id\":\"https:\\\/\\\/divulgah2.es\\\/actividades-divulgah2\\\/web-divulgah2\\\/\",\"url\":\"https:\\\/\\\/divulgah2.es\\\/actividades-divulgah2\\\/web-divulgah2\\\/\",\"name\":\"Web DivulgaH2 - DivulgaH2\",\"isPartOf\":{\"@id\":\"https:\\\/\\\/divulgah2.es\\\/#website\"},\"primaryImageOfPage\":{\"@id\":\"https:\\\/\\\/divulgah2.es\\\/actividades-divulgah2\\\/web-divulgah2\\\/#primaryimage\"},\"image\":{\"@id\":\"https:\\\/\\\/divulgah2.es\\\/actividades-divulgah2\\\/web-divulgah2\\\/#primaryimage\"},\"thumbnailUrl\":\"https:\\\/\\\/divulgah2.es\\\/wp-content\\\/uploads\\\/2014\\\/05\\\/ico-participar1.png\",\"datePublished\":\"2014-05-09T09:32:42+00:00\",\"dateModified\":\"2017-02-03T09:35:02+00:00\",\"description\":\"P\u00e1gina web DivulgaH2\",\"breadcrumb\":{\"@id\":\"https:\\\/\\\/divulgah2.es\\\/actividades-divulgah2\\\/web-divulgah2\\\/#breadcrumb\"},\"inLanguage\":\"en-US\",\"potentialAction\":[{\"@type\":\"ReadAction\",\"target\":[\"https:\\\/\\\/divulgah2.es\\\/actividades-divulgah2\\\/web-divulgah2\\\/\"]}]},{\"@type\":\"ImageObject\",\"inLanguage\":\"en-US\",\"@id\":\"https:\\\/\\\/divulgah2.es\\\/actividades-divulgah2\\\/web-divulgah2\\\/#primaryimage\",\"url\":\"https:\\\/\\\/divulgah2.es\\\/wp-content\\\/uploads\\\/2014\\\/05\\\/ico-participar1.png\",\"contentUrl\":\"https:\\\/\\\/divulgah2.es\\\/wp-content\\\/uploads\\\/2014\\\/05\\\/ico-participar1.png\"},{\"@type\":\"BreadcrumbList\",\"@id\":\"https:\\\/\\\/divulgah2.es\\\/actividades-divulgah2\\\/web-divulgah2\\\/#breadcrumb\",\"itemListElement\":[{\"@type\":\"ListItem\",\"position\":1,\"name\":\"Portada\",\"item\":\"https:\\\/\\\/divulgah2.es\\\/\"},{\"@type\":\"ListItem\",\"position\":2,\"name\":\"DivulgaH2 Activities\",\"item\":\"https:\\\/\\\/divulgah2.es\\\/actividades-divulgah2\\\/\"},{\"@type\":\"ListItem\",\"position\":3,\"name\":\"Web DivulgaH2\"}]},{\"@type\":\"WebSite\",\"@id\":\"https:\\\/\\\/divulgah2.es\\\/#website\",\"url\":\"https:\\\/\\\/divulgah2.es\\\/\",\"name\":\"DivulgaH2\",\"description\":\"Divulgaci\u00f3n de las tecnolog\u00edas de hidr\u00f3geno y pilas de combustible a la sociedad\",\"potentialAction\":[{\"@type\":\"SearchAction\",\"target\":{\"@type\":\"EntryPoint\",\"urlTemplate\":\"https:\\\/\\\/divulgah2.es\\\/?s={search_term_string}\"},\"query-input\":{\"@type\":\"PropertyValueSpecification\",\"valueRequired\":true,\"valueName\":\"search_term_string\"}}],\"inLanguage\":\"en-US\"}]}<\/script>\n<!-- \/ Yoast SEO plugin. -->","yoast_head_json":{"title":"Web DivulgaH2 - DivulgaH2","description":"P\u00e1gina web DivulgaH2","robots":{"index":"index","follow":"follow","max-snippet":"max-snippet:-1","max-image-preview":"max-image-preview:large","max-video-preview":"max-video-preview:-1"},"canonical":"https:\/\/divulgah2.es\/actividades-divulgah2\/web-divulgah2\/","og_locale":"en_US","og_type":"article","og_title":"Web DivulgaH2 - DivulgaH2","og_description":"P\u00e1gina web DivulgaH2","og_url":"https:\/\/divulgah2.es\/actividades-divulgah2\/web-divulgah2\/","og_site_name":"DivulgaH2","article_publisher":"https:\/\/www.facebook.com\/divulgah2?ref=hl","article_modified_time":"2017-02-03T09:35:02+00:00","og_image":[{"url":"https:\/\/divulgah2.es\/wp-content\/uploads\/2014\/05\/ico-participar1.png","type":"","width":"","height":""}],"twitter_misc":{"Est. reading time":"1 minute"},"schema":{"@context":"https:\/\/schema.org","@graph":[{"@type":"WebPage","@id":"https:\/\/divulgah2.es\/actividades-divulgah2\/web-divulgah2\/","url":"https:\/\/divulgah2.es\/actividades-divulgah2\/web-divulgah2\/","name":"Web DivulgaH2 - DivulgaH2","isPartOf":{"@id":"https:\/\/divulgah2.es\/#website"},"primaryImageOfPage":{"@id":"https:\/\/divulgah2.es\/actividades-divulgah2\/web-divulgah2\/#primaryimage"},"image":{"@id":"https:\/\/divulgah2.es\/actividades-divulgah2\/web-divulgah2\/#primaryimage"},"thumbnailUrl":"https:\/\/divulgah2.es\/wp-content\/uploads\/2014\/05\/ico-participar1.png","datePublished":"2014-05-09T09:32:42+00:00","dateModified":"2017-02-03T09:35:02+00:00","description":"P\u00e1gina web DivulgaH2","breadcrumb":{"@id":"https:\/\/divulgah2.es\/actividades-divulgah2\/web-divulgah2\/#breadcrumb"},"inLanguage":"en-US","potentialAction":[{"@type":"ReadAction","target":["https:\/\/divulgah2.es\/actividades-divulgah2\/web-divulgah2\/"]}]},{"@type":"ImageObject","inLanguage":"en-US","@id":"https:\/\/divulgah2.es\/actividades-divulgah2\/web-divulgah2\/#primaryimage","url":"https:\/\/divulgah2.es\/wp-content\/uploads\/2014\/05\/ico-participar1.png","contentUrl":"https:\/\/divulgah2.es\/wp-content\/uploads\/2014\/05\/ico-participar1.png"},{"@type":"BreadcrumbList","@id":"https:\/\/divulgah2.es\/actividades-divulgah2\/web-divulgah2\/#breadcrumb","itemListElement":[{"@type":"ListItem","position":1,"name":"Portada","item":"https:\/\/divulgah2.es\/"},{"@type":"ListItem","position":2,"name":"DivulgaH2 Activities","item":"https:\/\/divulgah2.es\/actividades-divulgah2\/"},{"@type":"ListItem","position":3,"name":"Web DivulgaH2"}]},{"@type":"WebSite","@id":"https:\/\/divulgah2.es\/#website","url":"https:\/\/divulgah2.es\/","name":"DivulgaH2","description":"Divulgaci\u00f3n de las tecnolog\u00edas de hidr\u00f3geno y pilas de combustible a la sociedad","potentialAction":[{"@type":"SearchAction","target":{"@type":"EntryPoint","urlTemplate":"https:\/\/divulgah2.es\/?s={search_term_string}"},"query-input":{"@type":"PropertyValueSpecification","valueRequired":true,"valueName":"search_term_string"}}],"inLanguage":"en-US"}]}},"_links":{"self":[{"href":"https:\/\/divulgah2.es\/en\/wp-json\/wp\/v2\/pages\/645","targetHints":{"allow":["GET"]}}],"collection":[{"href":"https:\/\/divulgah2.es\/en\/wp-json\/wp\/v2\/pages"}],"about":[{"href":"https:\/\/divulgah2.es\/en\/wp-json\/wp\/v2\/types\/page"}],"author":[{"embeddable":true,"href":"https:\/\/divulgah2.es\/en\/wp-json\/wp\/v2\/users\/1"}],"replies":[{"embeddable":true,"href":"https:\/\/divulgah2.es\/en\/wp-json\/wp\/v2\/comments?post=645"}],"version-history":[{"count":47,"href":"https:\/\/divulgah2.es\/en\/wp-json\/wp\/v2\/pages\/645\/revisions"}],"predecessor-version":[{"id":3670,"href":"https:\/\/divulgah2.es\/en\/wp-json\/wp\/v2\/pages\/645\/revisions\/3670"}],"up":[{"embeddable":true,"href":"https:\/\/divulgah2.es\/en\/wp-json\/wp\/v2\/pages\/143"}],"wp:attachment":[{"href":"https:\/\/divulgah2.es\/en\/wp-json\/wp\/v2\/media?parent=645"}],"curies":[{"name":"wp","href":"https:\/\/api.w.org\/{rel}","templated":true}]}}