{"id":666,"date":"2014-05-09T10:01:53","date_gmt":"2014-05-09T10:01:53","guid":{"rendered":"http:\/\/divulgah2.es\/?page_id=666"},"modified":"2014-07-30T18:37:57","modified_gmt":"2014-07-30T18:37:57","slug":"aprende-sobre","status":"publish","type":"page","link":"https:\/\/divulgah2.es\/en\/aprende-sobre\/","title":{"rendered":"Learn about&#8230;"},"content":{"rendered":"<p>Hydrogen appears as an energy carrier due to the need for energy storage and new carriers.<\/p>\n<p>Hydrogen has been used always linked to carbon (in the form of hydrocarbons), but it has been recently when it became necessary to have an energy storage system and new carriers. Here is where the hydrogen appears as an energy carrier, so that in the future it can be used independently.<\/p>\n<p>The utility of hydrogen as an energy carrier lies in the development of fuel cells as systems of transformation of the energy stored in hydrogen into electricity and heat, and its use in domestic, stationary, portable or automotive applications.<\/p>","protected":false},"excerpt":{"rendered":"<p>Hydrogen appears as an energy carrier due to the need for energy storage and new carriers. Hydrogen has been used always linked to carbon (in the form of hydrocarbons), but it has been recently when it became necessary to have an energy storage system and new carriers. Here is where the hydrogen appears as an [&hellip;]<\/p>\n","protected":false},"author":1,"featured_media":0,"parent":0,"menu_order":0,"comment_status":"closed","ping_status":"closed","template":"page_sidebar.php","meta":{"ngg_post_thumbnail":0,"footnotes":""},"class_list":["post-666","page","type-page","status-publish","hentry"],"yoast_head":"<!-- This site is optimized with the Yoast SEO plugin v27.4 - https:\/\/yoast.com\/product\/yoast-seo-wordpress\/ -->\n<title>Aprende Sobre... - DivulgaH2<\/title>\n<meta name=\"description\" content=\"Aprende - El hidr\u00f3geno aparece como un vector energ\u00e9tico ante la necesidad de disponer de un almacenamiento energ\u00e9tico y de nuevos portadores.\" \/>\n<meta name=\"robots\" content=\"index, follow, max-snippet:-1, max-image-preview:large, max-video-preview:-1\" \/>\n<link rel=\"canonical\" href=\"https:\/\/divulgah2.es\/aprende-sobre\/\" \/>\n<meta property=\"og:locale\" content=\"en_US\" \/>\n<meta property=\"og:type\" content=\"article\" \/>\n<meta property=\"og:title\" content=\"Aprende Sobre... - DivulgaH2\" \/>\n<meta property=\"og:description\" content=\"Aprende - El hidr\u00f3geno aparece como un vector energ\u00e9tico ante la necesidad de disponer de un almacenamiento energ\u00e9tico y de nuevos portadores.\" \/>\n<meta property=\"og:url\" content=\"https:\/\/divulgah2.es\/aprende-sobre\/\" \/>\n<meta property=\"og:site_name\" content=\"DivulgaH2\" \/>\n<meta property=\"article:publisher\" content=\"https:\/\/www.facebook.com\/divulgah2?ref=hl\" \/>\n<meta property=\"article:modified_time\" content=\"2014-07-30T18:37:57+00:00\" \/>\n<meta name=\"twitter:label1\" content=\"Est. reading time\" \/>\n\t<meta name=\"twitter:data1\" content=\"1 minute\" \/>\n<script type=\"application\/ld+json\" class=\"yoast-schema-graph\">{\"@context\":\"https:\\\/\\\/schema.org\",\"@graph\":[{\"@type\":\"WebPage\",\"@id\":\"https:\\\/\\\/divulgah2.es\\\/aprende-sobre\\\/\",\"url\":\"https:\\\/\\\/divulgah2.es\\\/aprende-sobre\\\/\",\"name\":\"Aprende Sobre... - DivulgaH2\",\"isPartOf\":{\"@id\":\"https:\\\/\\\/divulgah2.es\\\/#website\"},\"datePublished\":\"2014-05-09T10:01:53+00:00\",\"dateModified\":\"2014-07-30T18:37:57+00:00\",\"description\":\"Aprende - El hidr\u00f3geno aparece como un vector energ\u00e9tico ante la necesidad de disponer de un almacenamiento energ\u00e9tico y de nuevos portadores.\",\"breadcrumb\":{\"@id\":\"https:\\\/\\\/divulgah2.es\\\/aprende-sobre\\\/#breadcrumb\"},\"inLanguage\":\"en-US\",\"potentialAction\":[{\"@type\":\"ReadAction\",\"target\":[\"https:\\\/\\\/divulgah2.es\\\/aprende-sobre\\\/\"]}]},{\"@type\":\"BreadcrumbList\",\"@id\":\"https:\\\/\\\/divulgah2.es\\\/aprende-sobre\\\/#breadcrumb\",\"itemListElement\":[{\"@type\":\"ListItem\",\"position\":1,\"name\":\"Portada\",\"item\":\"https:\\\/\\\/divulgah2.es\\\/\"},{\"@type\":\"ListItem\",\"position\":2,\"name\":\"Aprende sobre&#8230;\"}]},{\"@type\":\"WebSite\",\"@id\":\"https:\\\/\\\/divulgah2.es\\\/#website\",\"url\":\"https:\\\/\\\/divulgah2.es\\\/\",\"name\":\"DivulgaH2\",\"description\":\"Divulgaci\u00f3n de las tecnolog\u00edas de hidr\u00f3geno y pilas de combustible a la sociedad\",\"potentialAction\":[{\"@type\":\"SearchAction\",\"target\":{\"@type\":\"EntryPoint\",\"urlTemplate\":\"https:\\\/\\\/divulgah2.es\\\/?s={search_term_string}\"},\"query-input\":{\"@type\":\"PropertyValueSpecification\",\"valueRequired\":true,\"valueName\":\"search_term_string\"}}],\"inLanguage\":\"en-US\"}]}<\/script>\n<!-- \/ Yoast SEO plugin. -->","yoast_head_json":{"title":"Aprende Sobre... - DivulgaH2","description":"Aprende - El hidr\u00f3geno aparece como un vector energ\u00e9tico ante la necesidad de disponer de un almacenamiento energ\u00e9tico y de nuevos portadores.","robots":{"index":"index","follow":"follow","max-snippet":"max-snippet:-1","max-image-preview":"max-image-preview:large","max-video-preview":"max-video-preview:-1"},"canonical":"https:\/\/divulgah2.es\/aprende-sobre\/","og_locale":"en_US","og_type":"article","og_title":"Aprende Sobre... - DivulgaH2","og_description":"Aprende - El hidr\u00f3geno aparece como un vector energ\u00e9tico ante la necesidad de disponer de un almacenamiento energ\u00e9tico y de nuevos portadores.","og_url":"https:\/\/divulgah2.es\/aprende-sobre\/","og_site_name":"DivulgaH2","article_publisher":"https:\/\/www.facebook.com\/divulgah2?ref=hl","article_modified_time":"2014-07-30T18:37:57+00:00","twitter_misc":{"Est. reading time":"1 minute"},"schema":{"@context":"https:\/\/schema.org","@graph":[{"@type":"WebPage","@id":"https:\/\/divulgah2.es\/aprende-sobre\/","url":"https:\/\/divulgah2.es\/aprende-sobre\/","name":"Aprende Sobre... - DivulgaH2","isPartOf":{"@id":"https:\/\/divulgah2.es\/#website"},"datePublished":"2014-05-09T10:01:53+00:00","dateModified":"2014-07-30T18:37:57+00:00","description":"Aprende - El hidr\u00f3geno aparece como un vector energ\u00e9tico ante la necesidad de disponer de un almacenamiento energ\u00e9tico y de nuevos portadores.","breadcrumb":{"@id":"https:\/\/divulgah2.es\/aprende-sobre\/#breadcrumb"},"inLanguage":"en-US","potentialAction":[{"@type":"ReadAction","target":["https:\/\/divulgah2.es\/aprende-sobre\/"]}]},{"@type":"BreadcrumbList","@id":"https:\/\/divulgah2.es\/aprende-sobre\/#breadcrumb","itemListElement":[{"@type":"ListItem","position":1,"name":"Portada","item":"https:\/\/divulgah2.es\/"},{"@type":"ListItem","position":2,"name":"Aprende sobre&#8230;"}]},{"@type":"WebSite","@id":"https:\/\/divulgah2.es\/#website","url":"https:\/\/divulgah2.es\/","name":"DivulgaH2","description":"Divulgaci\u00f3n de las tecnolog\u00edas de hidr\u00f3geno y pilas de combustible a la sociedad","potentialAction":[{"@type":"SearchAction","target":{"@type":"EntryPoint","urlTemplate":"https:\/\/divulgah2.es\/?s={search_term_string}"},"query-input":{"@type":"PropertyValueSpecification","valueRequired":true,"valueName":"search_term_string"}}],"inLanguage":"en-US"}]}},"_links":{"self":[{"href":"https:\/\/divulgah2.es\/en\/wp-json\/wp\/v2\/pages\/666","targetHints":{"allow":["GET"]}}],"collection":[{"href":"https:\/\/divulgah2.es\/en\/wp-json\/wp\/v2\/pages"}],"about":[{"href":"https:\/\/divulgah2.es\/en\/wp-json\/wp\/v2\/types\/page"}],"author":[{"embeddable":true,"href":"https:\/\/divulgah2.es\/en\/wp-json\/wp\/v2\/users\/1"}],"replies":[{"embeddable":true,"href":"https:\/\/divulgah2.es\/en\/wp-json\/wp\/v2\/comments?post=666"}],"version-history":[{"count":4,"href":"https:\/\/divulgah2.es\/en\/wp-json\/wp\/v2\/pages\/666\/revisions"}],"predecessor-version":[{"id":967,"href":"https:\/\/divulgah2.es\/en\/wp-json\/wp\/v2\/pages\/666\/revisions\/967"}],"wp:attachment":[{"href":"https:\/\/divulgah2.es\/en\/wp-json\/wp\/v2\/media?parent=666"}],"curies":[{"name":"wp","href":"https:\/\/api.w.org\/{rel}","templated":true}]}}