{"id":670,"date":"2014-05-09T10:04:02","date_gmt":"2014-05-09T10:04:02","guid":{"rendered":"http:\/\/divulgah2.es\/?page_id=670"},"modified":"2014-07-30T18:41:28","modified_gmt":"2014-07-30T18:41:28","slug":"aplicaciones","status":"publish","type":"page","link":"https:\/\/divulgah2.es\/en\/aprende-sobre\/hidrogeno\/aplicaciones\/","title":{"rendered":"Hydrogen &#8211; Applications"},"content":{"rendered":"<p>Hydrogen has been used safely for many decades in a wide range of industrial applications, including in the food, metal, glass and chemical industries. The global hydrogen industry is well established and produces more than 50 million tonnes of hydrogen per year.<\/p>\n<p>With respect to energy, hydrogen can be used as a fuel for transport, and to generate electricity in fuel cells.<\/p>\n<p>One kilogram of hydrogen can release more energy than any other fuel (almost the triple of gasoline or natural gas), and to release that energy it does not emit any carbon dioxide, only water vapour, so <strong>the environmental impact is zero.<\/strong><\/p>\n<p>A hydrogen internal combustion engine (ICE) vehicle uses a conventional internal combustion engine modified to burn gaseous hydrogen. Hydrogen ICE vehicles are typically about 30% more efficient than comparable fuel vehicles, and perform well under all weather conditions, including cold temperatures.<\/p>\n<h2 class=\"title\"><span>Hydrogen Stations<\/span><\/h2>\n<p>A hydrogen refueling station (HRS) is a storage or filling station for hydrogen.<\/p>\n<p><img loading=\"lazy\" decoding=\"async\" class=\" sombreado alignright\" src=\"https:\/\/divulgah2.es\/wp-content\/uploads\/2014\/05\/Hidrogenera-1024x768.jpg\" alt=\"Hidrogenera\" width=\"356\" height=\"281\" \/><\/p>\n<p>It is a relatively new concept and it is intended in transportation is to use fuel cells to replace diesel or gasoline to hydrogen in HRS. It is expected that the stations will be gradually replaced from fossil fuels with petroleum-based to fuel cells or hydrogen.<\/p>\n<p>Hydrogen fuel is intended to be an intermediary between renewable energy and the final user, avoiding the problem of discontinuity generation and mobility in the case of transportation.<\/p>\n<p>Hydrogen stations can obtain hydrogen by electrolysis of water with surplus renewable electricity from wind farms or solar panels located in public parkings.<\/p>","protected":false},"excerpt":{"rendered":"<p>Hydrogen has been used safely for many decades in a wide range of industrial applications, including in the food, metal, glass and chemical industries. The global hydrogen industry is well established and produces more than 50 million tonnes of hydrogen per year. With respect to energy, hydrogen can be used as a fuel for transport, [&hellip;]<\/p>\n","protected":false},"author":1,"featured_media":0,"parent":671,"menu_order":0,"comment_status":"closed","ping_status":"closed","template":"page_sidebar.php","meta":{"ngg_post_thumbnail":0,"footnotes":""},"class_list":["post-670","page","type-page","status-publish","hentry"],"yoast_head":"<!-- This site is optimized with the Yoast SEO plugin v27.4 - https:\/\/yoast.com\/product\/yoast-seo-wordpress\/ -->\n<title>Aplicaciones Hidr\u00f3geno - DivulgaH2<\/title>\n<meta name=\"description\" content=\"El hidr\u00f3geno se ha utilizado con seguridad durante muchas d\u00e9cadas en una amplia gama de aplicaciones, incluyendo las industrias de la alimentaci\u00f3n, metal...\" \/>\n<meta name=\"robots\" content=\"index, follow, max-snippet:-1, max-image-preview:large, max-video-preview:-1\" \/>\n<link rel=\"canonical\" href=\"https:\/\/divulgah2.es\/aprende-sobre\/hidrogeno\/aplicaciones\/\" \/>\n<meta property=\"og:locale\" content=\"en_US\" \/>\n<meta property=\"og:type\" content=\"article\" \/>\n<meta property=\"og:title\" content=\"Aplicaciones Hidr\u00f3geno - DivulgaH2\" \/>\n<meta property=\"og:description\" content=\"El hidr\u00f3geno se ha utilizado con seguridad durante muchas d\u00e9cadas en una amplia gama de aplicaciones, incluyendo las industrias de la alimentaci\u00f3n, metal...\" \/>\n<meta property=\"og:url\" content=\"https:\/\/divulgah2.es\/aprende-sobre\/hidrogeno\/aplicaciones\/\" \/>\n<meta property=\"og:site_name\" content=\"DivulgaH2\" \/>\n<meta property=\"article:publisher\" content=\"https:\/\/www.facebook.com\/divulgah2?ref=hl\" \/>\n<meta property=\"article:modified_time\" content=\"2014-07-30T18:41:28+00:00\" \/>\n<meta property=\"og:image\" content=\"https:\/\/divulgah2.es\/wp-content\/uploads\/2014\/05\/Hidrogenera-1024x768.jpg\" \/>\n<meta name=\"twitter:label1\" content=\"Est. reading time\" \/>\n\t<meta name=\"twitter:data1\" content=\"3 minutes\" \/>\n<script type=\"application\/ld+json\" class=\"yoast-schema-graph\">{\"@context\":\"https:\\\/\\\/schema.org\",\"@graph\":[{\"@type\":\"WebPage\",\"@id\":\"https:\\\/\\\/divulgah2.es\\\/aprende-sobre\\\/hidrogeno\\\/aplicaciones\\\/\",\"url\":\"https:\\\/\\\/divulgah2.es\\\/aprende-sobre\\\/hidrogeno\\\/aplicaciones\\\/\",\"name\":\"Aplicaciones Hidr\u00f3geno - DivulgaH2\",\"isPartOf\":{\"@id\":\"https:\\\/\\\/divulgah2.es\\\/#website\"},\"primaryImageOfPage\":{\"@id\":\"https:\\\/\\\/divulgah2.es\\\/aprende-sobre\\\/hidrogeno\\\/aplicaciones\\\/#primaryimage\"},\"image\":{\"@id\":\"https:\\\/\\\/divulgah2.es\\\/aprende-sobre\\\/hidrogeno\\\/aplicaciones\\\/#primaryimage\"},\"thumbnailUrl\":\"https:\\\/\\\/divulgah2.es\\\/wp-content\\\/uploads\\\/2014\\\/05\\\/Hidrogenera-1024x768.jpg\",\"datePublished\":\"2014-05-09T10:04:02+00:00\",\"dateModified\":\"2014-07-30T18:41:28+00:00\",\"description\":\"El hidr\u00f3geno se ha utilizado con seguridad durante muchas d\u00e9cadas en una amplia gama de aplicaciones, incluyendo las industrias de la alimentaci\u00f3n, metal...\",\"breadcrumb\":{\"@id\":\"https:\\\/\\\/divulgah2.es\\\/aprende-sobre\\\/hidrogeno\\\/aplicaciones\\\/#breadcrumb\"},\"inLanguage\":\"en-US\",\"potentialAction\":[{\"@type\":\"ReadAction\",\"target\":[\"https:\\\/\\\/divulgah2.es\\\/aprende-sobre\\\/hidrogeno\\\/aplicaciones\\\/\"]}]},{\"@type\":\"ImageObject\",\"inLanguage\":\"en-US\",\"@id\":\"https:\\\/\\\/divulgah2.es\\\/aprende-sobre\\\/hidrogeno\\\/aplicaciones\\\/#primaryimage\",\"url\":\"https:\\\/\\\/divulgah2.es\\\/wp-content\\\/uploads\\\/2014\\\/05\\\/Hidrogenera-1024x768.jpg\",\"contentUrl\":\"https:\\\/\\\/divulgah2.es\\\/wp-content\\\/uploads\\\/2014\\\/05\\\/Hidrogenera-1024x768.jpg\"},{\"@type\":\"BreadcrumbList\",\"@id\":\"https:\\\/\\\/divulgah2.es\\\/aprende-sobre\\\/hidrogeno\\\/aplicaciones\\\/#breadcrumb\",\"itemListElement\":[{\"@type\":\"ListItem\",\"position\":1,\"name\":\"Portada\",\"item\":\"https:\\\/\\\/divulgah2.es\\\/\"},{\"@type\":\"ListItem\",\"position\":2,\"name\":\"Aprende sobre&#8230;\",\"item\":\"https:\\\/\\\/divulgah2.es\\\/aprende-sobre\\\/\"},{\"@type\":\"ListItem\",\"position\":3,\"name\":\"Hidr\u00f3geno\",\"item\":\"https:\\\/\\\/divulgah2.es\\\/aprende-sobre\\\/hidrogeno\\\/\"},{\"@type\":\"ListItem\",\"position\":4,\"name\":\"Hidr\u00f3geno &#8211; Aplicaciones\"}]},{\"@type\":\"WebSite\",\"@id\":\"https:\\\/\\\/divulgah2.es\\\/#website\",\"url\":\"https:\\\/\\\/divulgah2.es\\\/\",\"name\":\"DivulgaH2\",\"description\":\"Divulgaci\u00f3n de las tecnolog\u00edas de hidr\u00f3geno y pilas de combustible a la sociedad\",\"potentialAction\":[{\"@type\":\"SearchAction\",\"target\":{\"@type\":\"EntryPoint\",\"urlTemplate\":\"https:\\\/\\\/divulgah2.es\\\/?s={search_term_string}\"},\"query-input\":{\"@type\":\"PropertyValueSpecification\",\"valueRequired\":true,\"valueName\":\"search_term_string\"}}],\"inLanguage\":\"en-US\"}]}<\/script>\n<!-- \/ Yoast SEO plugin. -->","yoast_head_json":{"title":"Aplicaciones Hidr\u00f3geno - DivulgaH2","description":"El hidr\u00f3geno se ha utilizado con seguridad durante muchas d\u00e9cadas en una amplia gama de aplicaciones, incluyendo las industrias de la alimentaci\u00f3n, metal...","robots":{"index":"index","follow":"follow","max-snippet":"max-snippet:-1","max-image-preview":"max-image-preview:large","max-video-preview":"max-video-preview:-1"},"canonical":"https:\/\/divulgah2.es\/aprende-sobre\/hidrogeno\/aplicaciones\/","og_locale":"en_US","og_type":"article","og_title":"Aplicaciones Hidr\u00f3geno - DivulgaH2","og_description":"El hidr\u00f3geno se ha utilizado con seguridad durante muchas d\u00e9cadas en una amplia gama de aplicaciones, incluyendo las industrias de la alimentaci\u00f3n, metal...","og_url":"https:\/\/divulgah2.es\/aprende-sobre\/hidrogeno\/aplicaciones\/","og_site_name":"DivulgaH2","article_publisher":"https:\/\/www.facebook.com\/divulgah2?ref=hl","article_modified_time":"2014-07-30T18:41:28+00:00","og_image":[{"url":"https:\/\/divulgah2.es\/wp-content\/uploads\/2014\/05\/Hidrogenera-1024x768.jpg","type":"","width":"","height":""}],"twitter_misc":{"Est. reading time":"3 minutes"},"schema":{"@context":"https:\/\/schema.org","@graph":[{"@type":"WebPage","@id":"https:\/\/divulgah2.es\/aprende-sobre\/hidrogeno\/aplicaciones\/","url":"https:\/\/divulgah2.es\/aprende-sobre\/hidrogeno\/aplicaciones\/","name":"Aplicaciones Hidr\u00f3geno - DivulgaH2","isPartOf":{"@id":"https:\/\/divulgah2.es\/#website"},"primaryImageOfPage":{"@id":"https:\/\/divulgah2.es\/aprende-sobre\/hidrogeno\/aplicaciones\/#primaryimage"},"image":{"@id":"https:\/\/divulgah2.es\/aprende-sobre\/hidrogeno\/aplicaciones\/#primaryimage"},"thumbnailUrl":"https:\/\/divulgah2.es\/wp-content\/uploads\/2014\/05\/Hidrogenera-1024x768.jpg","datePublished":"2014-05-09T10:04:02+00:00","dateModified":"2014-07-30T18:41:28+00:00","description":"El hidr\u00f3geno se ha utilizado con seguridad durante muchas d\u00e9cadas en una amplia gama de aplicaciones, incluyendo las industrias de la alimentaci\u00f3n, metal...","breadcrumb":{"@id":"https:\/\/divulgah2.es\/aprende-sobre\/hidrogeno\/aplicaciones\/#breadcrumb"},"inLanguage":"en-US","potentialAction":[{"@type":"ReadAction","target":["https:\/\/divulgah2.es\/aprende-sobre\/hidrogeno\/aplicaciones\/"]}]},{"@type":"ImageObject","inLanguage":"en-US","@id":"https:\/\/divulgah2.es\/aprende-sobre\/hidrogeno\/aplicaciones\/#primaryimage","url":"https:\/\/divulgah2.es\/wp-content\/uploads\/2014\/05\/Hidrogenera-1024x768.jpg","contentUrl":"https:\/\/divulgah2.es\/wp-content\/uploads\/2014\/05\/Hidrogenera-1024x768.jpg"},{"@type":"BreadcrumbList","@id":"https:\/\/divulgah2.es\/aprende-sobre\/hidrogeno\/aplicaciones\/#breadcrumb","itemListElement":[{"@type":"ListItem","position":1,"name":"Portada","item":"https:\/\/divulgah2.es\/"},{"@type":"ListItem","position":2,"name":"Aprende sobre&#8230;","item":"https:\/\/divulgah2.es\/aprende-sobre\/"},{"@type":"ListItem","position":3,"name":"Hidr\u00f3geno","item":"https:\/\/divulgah2.es\/aprende-sobre\/hidrogeno\/"},{"@type":"ListItem","position":4,"name":"Hidr\u00f3geno &#8211; Aplicaciones"}]},{"@type":"WebSite","@id":"https:\/\/divulgah2.es\/#website","url":"https:\/\/divulgah2.es\/","name":"DivulgaH2","description":"Divulgaci\u00f3n de las tecnolog\u00edas de hidr\u00f3geno y pilas de combustible a la sociedad","potentialAction":[{"@type":"SearchAction","target":{"@type":"EntryPoint","urlTemplate":"https:\/\/divulgah2.es\/?s={search_term_string}"},"query-input":{"@type":"PropertyValueSpecification","valueRequired":true,"valueName":"search_term_string"}}],"inLanguage":"en-US"}]}},"_links":{"self":[{"href":"https:\/\/divulgah2.es\/en\/wp-json\/wp\/v2\/pages\/670","targetHints":{"allow":["GET"]}}],"collection":[{"href":"https:\/\/divulgah2.es\/en\/wp-json\/wp\/v2\/pages"}],"about":[{"href":"https:\/\/divulgah2.es\/en\/wp-json\/wp\/v2\/types\/page"}],"author":[{"embeddable":true,"href":"https:\/\/divulgah2.es\/en\/wp-json\/wp\/v2\/users\/1"}],"replies":[{"embeddable":true,"href":"https:\/\/divulgah2.es\/en\/wp-json\/wp\/v2\/comments?post=670"}],"version-history":[{"count":15,"href":"https:\/\/divulgah2.es\/en\/wp-json\/wp\/v2\/pages\/670\/revisions"}],"predecessor-version":[{"id":997,"href":"https:\/\/divulgah2.es\/en\/wp-json\/wp\/v2\/pages\/670\/revisions\/997"}],"up":[{"embeddable":true,"href":"https:\/\/divulgah2.es\/en\/wp-json\/wp\/v2\/pages\/671"}],"wp:attachment":[{"href":"https:\/\/divulgah2.es\/en\/wp-json\/wp\/v2\/media?parent=670"}],"curies":[{"name":"wp","href":"https:\/\/api.w.org\/{rel}","templated":true}]}}