{"id":671,"date":"2014-05-09T10:04:26","date_gmt":"2014-05-09T10:04:26","guid":{"rendered":"http:\/\/divulgah2.es\/?page_id=671"},"modified":"2014-07-30T18:40:50","modified_gmt":"2014-07-30T18:40:50","slug":"hidrogeno","status":"publish","type":"page","link":"https:\/\/divulgah2.es\/en\/aprende-sobre\/hidrogeno\/","title":{"rendered":"Hydrogen"},"content":{"rendered":"<p><h2 class=\"title\"><span>What is Hydrogen?<\/span><\/h2><\/p>\n<p>Hydrogen is the first element of the periodic table.<\/strong>. <img loading=\"lazy\" decoding=\"async\" src=\"https:\/\/divulgah2.es\/wp-content\/uploads\/2014\/05\/hidrogeno-elemento-260x300.jpg\" alt=\"hidrogeno elemento\" width=\"140\" height=\"160\" class=\"alignright size-medium wp-image-843\" srcset=\"https:\/\/divulgah2.es\/wp-content\/uploads\/2014\/05\/hidrogeno-elemento-890x1024.jpg 890w, https:\/\/divulgah2.es\/wp-content\/uploads\/2014\/05\/hidrogeno-elemento-600x689.jpg 600w, https:\/\/divulgah2.es\/wp-content\/uploads\/2014\/05\/hidrogeno-elemento.jpg 997w\" sizes=\"auto, (max-width: 140px) 100vw, 140px\" \/><\/p>\n<p>It is the lightest chemical element that exists; the atom consists of one proton and one electron and is stable as a diatomic molecule (H2).<\/p>\n<p>Under normal conditions hydrogen is in gaseous state, and is tasteless, colorless and odorless.<\/p>\n<p>On Earth is abundant, it constitutes approximately 75% of matter in the universe, but is combined with other elements such as oxygen to form water molecules, or carbon to form organic compounds. Therefore, there is a fuel that cannot be taken directly from nature, but an energy carrier (like electricity) and therefore it must be \u201cmanufactured.\u201d<\/p>","protected":false},"excerpt":{"rendered":"<p>Hydrogen is the first element of the periodic table.. It is the lightest chemical element that exists; the atom consists of one proton and one electron and is stable as a diatomic molecule (H2). Under normal conditions hydrogen is in gaseous state, and is tasteless, colorless and odorless. On Earth is abundant, it constitutes approximately [&hellip;]<\/p>\n","protected":false},"author":1,"featured_media":0,"parent":666,"menu_order":0,"comment_status":"closed","ping_status":"closed","template":"page_sidebar.php","meta":{"ngg_post_thumbnail":0,"footnotes":""},"class_list":["post-671","page","type-page","status-publish","hentry"],"yoast_head":"<!-- This site is optimized with the Yoast SEO plugin v27.4 - https:\/\/yoast.com\/product\/yoast-seo-wordpress\/ -->\n<title>Hidr\u00f3geno - DivulgaH2<\/title>\n<meta name=\"description\" content=\"El hidr\u00f3geno es el primer elemento de la tabla peri\u00f3dica. hidrogeno elemento. Es el elemento qu\u00edmico m\u00e1s ligero que existe, su \u00e1tomo est\u00e1 formado por...\" \/>\n<meta name=\"robots\" content=\"index, follow, max-snippet:-1, max-image-preview:large, max-video-preview:-1\" \/>\n<link rel=\"canonical\" href=\"https:\/\/divulgah2.es\/aprende-sobre\/hidrogeno\/\" \/>\n<meta property=\"og:locale\" content=\"en_US\" \/>\n<meta property=\"og:type\" content=\"article\" \/>\n<meta property=\"og:title\" content=\"Hidr\u00f3geno - DivulgaH2\" \/>\n<meta property=\"og:description\" content=\"El hidr\u00f3geno es el primer elemento de la tabla peri\u00f3dica. hidrogeno elemento. Es el elemento qu\u00edmico m\u00e1s ligero que existe, su \u00e1tomo est\u00e1 formado por...\" \/>\n<meta property=\"og:url\" content=\"https:\/\/divulgah2.es\/aprende-sobre\/hidrogeno\/\" \/>\n<meta property=\"og:site_name\" content=\"DivulgaH2\" \/>\n<meta property=\"article:publisher\" content=\"https:\/\/www.facebook.com\/divulgah2?ref=hl\" \/>\n<meta property=\"article:modified_time\" content=\"2014-07-30T18:40:50+00:00\" \/>\n<meta property=\"og:image\" content=\"https:\/\/divulgah2.es\/wp-content\/uploads\/2014\/05\/hidrogeno-elemento-260x300.jpg\" \/>\n<meta name=\"twitter:label1\" content=\"Est. reading time\" \/>\n\t<meta name=\"twitter:data1\" content=\"1 minute\" \/>\n<script type=\"application\/ld+json\" class=\"yoast-schema-graph\">{\"@context\":\"https:\\\/\\\/schema.org\",\"@graph\":[{\"@type\":\"WebPage\",\"@id\":\"https:\\\/\\\/divulgah2.es\\\/aprende-sobre\\\/hidrogeno\\\/\",\"url\":\"https:\\\/\\\/divulgah2.es\\\/aprende-sobre\\\/hidrogeno\\\/\",\"name\":\"Hidr\u00f3geno - DivulgaH2\",\"isPartOf\":{\"@id\":\"https:\\\/\\\/divulgah2.es\\\/#website\"},\"primaryImageOfPage\":{\"@id\":\"https:\\\/\\\/divulgah2.es\\\/aprende-sobre\\\/hidrogeno\\\/#primaryimage\"},\"image\":{\"@id\":\"https:\\\/\\\/divulgah2.es\\\/aprende-sobre\\\/hidrogeno\\\/#primaryimage\"},\"thumbnailUrl\":\"https:\\\/\\\/divulgah2.es\\\/wp-content\\\/uploads\\\/2014\\\/05\\\/hidrogeno-elemento-260x300.jpg\",\"datePublished\":\"2014-05-09T10:04:26+00:00\",\"dateModified\":\"2014-07-30T18:40:50+00:00\",\"description\":\"El hidr\u00f3geno es el primer elemento de la tabla peri\u00f3dica. hidrogeno elemento. Es el elemento qu\u00edmico m\u00e1s ligero que existe, su \u00e1tomo est\u00e1 formado por...\",\"breadcrumb\":{\"@id\":\"https:\\\/\\\/divulgah2.es\\\/aprende-sobre\\\/hidrogeno\\\/#breadcrumb\"},\"inLanguage\":\"en-US\",\"potentialAction\":[{\"@type\":\"ReadAction\",\"target\":[\"https:\\\/\\\/divulgah2.es\\\/aprende-sobre\\\/hidrogeno\\\/\"]}]},{\"@type\":\"ImageObject\",\"inLanguage\":\"en-US\",\"@id\":\"https:\\\/\\\/divulgah2.es\\\/aprende-sobre\\\/hidrogeno\\\/#primaryimage\",\"url\":\"https:\\\/\\\/divulgah2.es\\\/wp-content\\\/uploads\\\/2014\\\/05\\\/hidrogeno-elemento-260x300.jpg\",\"contentUrl\":\"https:\\\/\\\/divulgah2.es\\\/wp-content\\\/uploads\\\/2014\\\/05\\\/hidrogeno-elemento-260x300.jpg\"},{\"@type\":\"BreadcrumbList\",\"@id\":\"https:\\\/\\\/divulgah2.es\\\/aprende-sobre\\\/hidrogeno\\\/#breadcrumb\",\"itemListElement\":[{\"@type\":\"ListItem\",\"position\":1,\"name\":\"Portada\",\"item\":\"https:\\\/\\\/divulgah2.es\\\/\"},{\"@type\":\"ListItem\",\"position\":2,\"name\":\"Aprende sobre&#8230;\",\"item\":\"https:\\\/\\\/divulgah2.es\\\/aprende-sobre\\\/\"},{\"@type\":\"ListItem\",\"position\":3,\"name\":\"Hidr\u00f3geno\"}]},{\"@type\":\"WebSite\",\"@id\":\"https:\\\/\\\/divulgah2.es\\\/#website\",\"url\":\"https:\\\/\\\/divulgah2.es\\\/\",\"name\":\"DivulgaH2\",\"description\":\"Divulgaci\u00f3n de las tecnolog\u00edas de hidr\u00f3geno y pilas de combustible a la sociedad\",\"potentialAction\":[{\"@type\":\"SearchAction\",\"target\":{\"@type\":\"EntryPoint\",\"urlTemplate\":\"https:\\\/\\\/divulgah2.es\\\/?s={search_term_string}\"},\"query-input\":{\"@type\":\"PropertyValueSpecification\",\"valueRequired\":true,\"valueName\":\"search_term_string\"}}],\"inLanguage\":\"en-US\"}]}<\/script>\n<!-- \/ Yoast SEO plugin. -->","yoast_head_json":{"title":"Hidr\u00f3geno - DivulgaH2","description":"El hidr\u00f3geno es el primer elemento de la tabla peri\u00f3dica. hidrogeno elemento. Es el elemento qu\u00edmico m\u00e1s ligero que existe, su \u00e1tomo est\u00e1 formado por...","robots":{"index":"index","follow":"follow","max-snippet":"max-snippet:-1","max-image-preview":"max-image-preview:large","max-video-preview":"max-video-preview:-1"},"canonical":"https:\/\/divulgah2.es\/aprende-sobre\/hidrogeno\/","og_locale":"en_US","og_type":"article","og_title":"Hidr\u00f3geno - DivulgaH2","og_description":"El hidr\u00f3geno es el primer elemento de la tabla peri\u00f3dica. hidrogeno elemento. Es el elemento qu\u00edmico m\u00e1s ligero que existe, su \u00e1tomo est\u00e1 formado por...","og_url":"https:\/\/divulgah2.es\/aprende-sobre\/hidrogeno\/","og_site_name":"DivulgaH2","article_publisher":"https:\/\/www.facebook.com\/divulgah2?ref=hl","article_modified_time":"2014-07-30T18:40:50+00:00","og_image":[{"url":"https:\/\/divulgah2.es\/wp-content\/uploads\/2014\/05\/hidrogeno-elemento-260x300.jpg","type":"","width":"","height":""}],"twitter_misc":{"Est. reading time":"1 minute"},"schema":{"@context":"https:\/\/schema.org","@graph":[{"@type":"WebPage","@id":"https:\/\/divulgah2.es\/aprende-sobre\/hidrogeno\/","url":"https:\/\/divulgah2.es\/aprende-sobre\/hidrogeno\/","name":"Hidr\u00f3geno - DivulgaH2","isPartOf":{"@id":"https:\/\/divulgah2.es\/#website"},"primaryImageOfPage":{"@id":"https:\/\/divulgah2.es\/aprende-sobre\/hidrogeno\/#primaryimage"},"image":{"@id":"https:\/\/divulgah2.es\/aprende-sobre\/hidrogeno\/#primaryimage"},"thumbnailUrl":"https:\/\/divulgah2.es\/wp-content\/uploads\/2014\/05\/hidrogeno-elemento-260x300.jpg","datePublished":"2014-05-09T10:04:26+00:00","dateModified":"2014-07-30T18:40:50+00:00","description":"El hidr\u00f3geno es el primer elemento de la tabla peri\u00f3dica. hidrogeno elemento. Es el elemento qu\u00edmico m\u00e1s ligero que existe, su \u00e1tomo est\u00e1 formado por...","breadcrumb":{"@id":"https:\/\/divulgah2.es\/aprende-sobre\/hidrogeno\/#breadcrumb"},"inLanguage":"en-US","potentialAction":[{"@type":"ReadAction","target":["https:\/\/divulgah2.es\/aprende-sobre\/hidrogeno\/"]}]},{"@type":"ImageObject","inLanguage":"en-US","@id":"https:\/\/divulgah2.es\/aprende-sobre\/hidrogeno\/#primaryimage","url":"https:\/\/divulgah2.es\/wp-content\/uploads\/2014\/05\/hidrogeno-elemento-260x300.jpg","contentUrl":"https:\/\/divulgah2.es\/wp-content\/uploads\/2014\/05\/hidrogeno-elemento-260x300.jpg"},{"@type":"BreadcrumbList","@id":"https:\/\/divulgah2.es\/aprende-sobre\/hidrogeno\/#breadcrumb","itemListElement":[{"@type":"ListItem","position":1,"name":"Portada","item":"https:\/\/divulgah2.es\/"},{"@type":"ListItem","position":2,"name":"Aprende sobre&#8230;","item":"https:\/\/divulgah2.es\/aprende-sobre\/"},{"@type":"ListItem","position":3,"name":"Hidr\u00f3geno"}]},{"@type":"WebSite","@id":"https:\/\/divulgah2.es\/#website","url":"https:\/\/divulgah2.es\/","name":"DivulgaH2","description":"Divulgaci\u00f3n de las tecnolog\u00edas de hidr\u00f3geno y pilas de combustible a la sociedad","potentialAction":[{"@type":"SearchAction","target":{"@type":"EntryPoint","urlTemplate":"https:\/\/divulgah2.es\/?s={search_term_string}"},"query-input":{"@type":"PropertyValueSpecification","valueRequired":true,"valueName":"search_term_string"}}],"inLanguage":"en-US"}]}},"_links":{"self":[{"href":"https:\/\/divulgah2.es\/en\/wp-json\/wp\/v2\/pages\/671","targetHints":{"allow":["GET"]}}],"collection":[{"href":"https:\/\/divulgah2.es\/en\/wp-json\/wp\/v2\/pages"}],"about":[{"href":"https:\/\/divulgah2.es\/en\/wp-json\/wp\/v2\/types\/page"}],"author":[{"embeddable":true,"href":"https:\/\/divulgah2.es\/en\/wp-json\/wp\/v2\/users\/1"}],"replies":[{"embeddable":true,"href":"https:\/\/divulgah2.es\/en\/wp-json\/wp\/v2\/comments?post=671"}],"version-history":[{"count":17,"href":"https:\/\/divulgah2.es\/en\/wp-json\/wp\/v2\/pages\/671\/revisions"}],"predecessor-version":[{"id":1467,"href":"https:\/\/divulgah2.es\/en\/wp-json\/wp\/v2\/pages\/671\/revisions\/1467"}],"up":[{"embeddable":true,"href":"https:\/\/divulgah2.es\/en\/wp-json\/wp\/v2\/pages\/666"}],"wp:attachment":[{"href":"https:\/\/divulgah2.es\/en\/wp-json\/wp\/v2\/media?parent=671"}],"curies":[{"name":"wp","href":"https:\/\/api.w.org\/{rel}","templated":true}]}}