{"id":74,"date":"2012-12-11T15:07:43","date_gmt":"2012-12-11T15:07:43","guid":{"rendered":"http:\/\/blueowlcreative.com\/wp\/aqua\/?page_id=74"},"modified":"2014-08-05T07:42:22","modified_gmt":"2014-08-05T07:42:22","slug":"ucc-i-cnh2","status":"publish","type":"page","link":"https:\/\/divulgah2.es\/en\/ucc-i-cnh2\/","title":{"rendered":"UCC+i-CNH2"},"content":{"rendered":"<p><strong><a title=\"CNH2\" href=\"http:\/\/www.cnh2.es\" target=\"_blank\">National Hydrogen Centre<\/a> (CNH2),<\/strong>\u00a0located in Puertollano (Ciudad Real),\u00a0arises from the need to promote hydrogen and fuel cells technologies, which provides research and development services to the entire national and international scientific and technological community.<\/p>\n<p><strong>Units of Scientific Culture and Innovation (UCC+i)<\/strong> are today one of the main actors in the dissemination and popularization of science and innovation in Spain and they are a key service for <strong>improving and increasing training, culture and citizens scientific knowledge.<\/strong><\/p>\n<p>According to the need for knowledge, to improve and increase training, culture and scientific and technological knowledge and creativity in the whole of Spanish society, and to diffuse hydrogen technologies, in 2012 the opportunity of belonging to the UCC+I Network was presented, creating the <strong>UCC+i-CNH2<\/strong> by <strong><a title=\"FECYT\" href=\"http:\/\/www.fecyt.es\" target=\"_blank\">Spanish Foundation for Science and Technology <\/a>(FECYT).<\/strong><\/p>\n<p>The main goal marked by CNH2 is to contribute to the approach of science, technology and innovation to the public, closing the gap between scientific and technological world and society in general.<\/p>\n<p>Whether the consolidation of CNH2 as Scientific Culture Unit will facilitate the dissemination and outreach of these R&amp;D&amp;I technologies and the scientific and technological development projects, planning different activities and analyzing the results of them.<\/p>\n<p style=\"margin-top: 50px;\"><a href=\"http:\/\/www.cnh2.es\" target=\"_blank\"><img loading=\"lazy\" decoding=\"async\" class=\"aligncenter wp-image-958 size-full\" src=\"https:\/\/divulgah2.es\/wp-content\/uploads\/2012\/12\/logo-UCC+i-CNH222.jpg\" alt=\"logo-UCC+i-CNH22\" width=\"380\" height=\"65\" srcset=\"https:\/\/divulgah2.es\/wp-content\/uploads\/2012\/12\/logo-UCC+i-CNH222.jpg 380w, https:\/\/divulgah2.es\/wp-content\/uploads\/2012\/12\/logo-UCC+i-CNH222-300x51.jpg 300w\" sizes=\"auto, (max-width: 380px) 100vw, 380px\" \/><\/a><\/p>\n<p><\/p>","protected":false},"excerpt":{"rendered":"<p>National Hydrogen Centre (CNH2),\u00a0located in Puertollano (Ciudad Real),\u00a0arises from the need to promote hydrogen and fuel cells technologies, which provides research and development services to the entire national and international scientific and technological community. Units of Scientific Culture and Innovation (UCC+i) are today one of the main actors in the dissemination and popularization of science [&hellip;]<\/p>\n","protected":false},"author":1,"featured_media":0,"parent":0,"menu_order":0,"comment_status":"closed","ping_status":"closed","template":"","meta":{"ngg_post_thumbnail":0,"footnotes":""},"class_list":["post-74","page","type-page","status-publish","hentry"],"yoast_head":"<!-- This site is optimized with the Yoast SEO plugin v27.4 - https:\/\/yoast.com\/product\/yoast-seo-wordpress\/ -->\n<title>UCC+i-CNH2UCC+i-CNH2 - DivulgaH2<\/title>\n<meta name=\"description\" content=\"DivulgaH2 - El CNH2 ubicado en Puertollano, surge por la necesidad de impulsar las tecnolog\u00edas de hidr\u00f3geno y pilas de combustible\" \/>\n<meta name=\"robots\" content=\"index, follow, max-snippet:-1, max-image-preview:large, max-video-preview:-1\" \/>\n<link rel=\"canonical\" href=\"https:\/\/divulgah2.es\/ucc-i-cnh2\/\" \/>\n<meta property=\"og:locale\" content=\"en_US\" \/>\n<meta property=\"og:type\" content=\"article\" \/>\n<meta property=\"og:title\" content=\"UCC+i-CNH2UCC+i-CNH2 - DivulgaH2\" \/>\n<meta property=\"og:description\" content=\"DivulgaH2 - El CNH2 ubicado en Puertollano, surge por la necesidad de impulsar las tecnolog\u00edas de hidr\u00f3geno y pilas de combustible\" \/>\n<meta property=\"og:url\" content=\"https:\/\/divulgah2.es\/ucc-i-cnh2\/\" \/>\n<meta property=\"og:site_name\" content=\"DivulgaH2\" \/>\n<meta property=\"article:publisher\" content=\"https:\/\/www.facebook.com\/divulgah2?ref=hl\" \/>\n<meta property=\"article:modified_time\" content=\"2014-08-05T07:42:22+00:00\" \/>\n<meta property=\"og:image\" content=\"https:\/\/divulgah2.es\/wp-content\/uploads\/2012\/12\/logo-UCC+i-CNH222.jpg\" \/>\n<meta name=\"twitter:label1\" content=\"Est. reading time\" \/>\n\t<meta name=\"twitter:data1\" content=\"2 minutes\" \/>\n<script type=\"application\/ld+json\" class=\"yoast-schema-graph\">{\"@context\":\"https:\\\/\\\/schema.org\",\"@graph\":[{\"@type\":\"WebPage\",\"@id\":\"https:\\\/\\\/divulgah2.es\\\/ucc-i-cnh2\\\/\",\"url\":\"https:\\\/\\\/divulgah2.es\\\/ucc-i-cnh2\\\/\",\"name\":\"UCC+i-CNH2UCC+i-CNH2 - DivulgaH2\",\"isPartOf\":{\"@id\":\"https:\\\/\\\/divulgah2.es\\\/#website\"},\"primaryImageOfPage\":{\"@id\":\"https:\\\/\\\/divulgah2.es\\\/ucc-i-cnh2\\\/#primaryimage\"},\"image\":{\"@id\":\"https:\\\/\\\/divulgah2.es\\\/ucc-i-cnh2\\\/#primaryimage\"},\"thumbnailUrl\":\"https:\\\/\\\/divulgah2.es\\\/wp-content\\\/uploads\\\/2012\\\/12\\\/logo-UCC+i-CNH222.jpg\",\"datePublished\":\"2012-12-11T15:07:43+00:00\",\"dateModified\":\"2014-08-05T07:42:22+00:00\",\"description\":\"DivulgaH2 - El CNH2 ubicado en Puertollano, surge por la necesidad de impulsar las tecnolog\u00edas de hidr\u00f3geno y pilas de combustible\",\"breadcrumb\":{\"@id\":\"https:\\\/\\\/divulgah2.es\\\/ucc-i-cnh2\\\/#breadcrumb\"},\"inLanguage\":\"en-US\",\"potentialAction\":[{\"@type\":\"ReadAction\",\"target\":[\"https:\\\/\\\/divulgah2.es\\\/ucc-i-cnh2\\\/\"]}]},{\"@type\":\"ImageObject\",\"inLanguage\":\"en-US\",\"@id\":\"https:\\\/\\\/divulgah2.es\\\/ucc-i-cnh2\\\/#primaryimage\",\"url\":\"https:\\\/\\\/divulgah2.es\\\/wp-content\\\/uploads\\\/2012\\\/12\\\/logo-UCC+i-CNH222.jpg\",\"contentUrl\":\"https:\\\/\\\/divulgah2.es\\\/wp-content\\\/uploads\\\/2012\\\/12\\\/logo-UCC+i-CNH222.jpg\"},{\"@type\":\"BreadcrumbList\",\"@id\":\"https:\\\/\\\/divulgah2.es\\\/ucc-i-cnh2\\\/#breadcrumb\",\"itemListElement\":[{\"@type\":\"ListItem\",\"position\":1,\"name\":\"Portada\",\"item\":\"https:\\\/\\\/divulgah2.es\\\/\"},{\"@type\":\"ListItem\",\"position\":2,\"name\":\"UCC+i-CNH2\"}]},{\"@type\":\"WebSite\",\"@id\":\"https:\\\/\\\/divulgah2.es\\\/#website\",\"url\":\"https:\\\/\\\/divulgah2.es\\\/\",\"name\":\"DivulgaH2\",\"description\":\"Divulgaci\u00f3n de las tecnolog\u00edas de hidr\u00f3geno y pilas de combustible a la sociedad\",\"potentialAction\":[{\"@type\":\"SearchAction\",\"target\":{\"@type\":\"EntryPoint\",\"urlTemplate\":\"https:\\\/\\\/divulgah2.es\\\/?s={search_term_string}\"},\"query-input\":{\"@type\":\"PropertyValueSpecification\",\"valueRequired\":true,\"valueName\":\"search_term_string\"}}],\"inLanguage\":\"en-US\"}]}<\/script>\n<!-- \/ Yoast SEO plugin. -->","yoast_head_json":{"title":"UCC+i-CNH2UCC+i-CNH2 - DivulgaH2","description":"DivulgaH2 - El CNH2 ubicado en Puertollano, surge por la necesidad de impulsar las tecnolog\u00edas de hidr\u00f3geno y pilas de combustible","robots":{"index":"index","follow":"follow","max-snippet":"max-snippet:-1","max-image-preview":"max-image-preview:large","max-video-preview":"max-video-preview:-1"},"canonical":"https:\/\/divulgah2.es\/ucc-i-cnh2\/","og_locale":"en_US","og_type":"article","og_title":"UCC+i-CNH2UCC+i-CNH2 - DivulgaH2","og_description":"DivulgaH2 - El CNH2 ubicado en Puertollano, surge por la necesidad de impulsar las tecnolog\u00edas de hidr\u00f3geno y pilas de combustible","og_url":"https:\/\/divulgah2.es\/ucc-i-cnh2\/","og_site_name":"DivulgaH2","article_publisher":"https:\/\/www.facebook.com\/divulgah2?ref=hl","article_modified_time":"2014-08-05T07:42:22+00:00","og_image":[{"url":"https:\/\/divulgah2.es\/wp-content\/uploads\/2012\/12\/logo-UCC+i-CNH222.jpg","type":"","width":"","height":""}],"twitter_misc":{"Est. reading time":"2 minutes"},"schema":{"@context":"https:\/\/schema.org","@graph":[{"@type":"WebPage","@id":"https:\/\/divulgah2.es\/ucc-i-cnh2\/","url":"https:\/\/divulgah2.es\/ucc-i-cnh2\/","name":"UCC+i-CNH2UCC+i-CNH2 - DivulgaH2","isPartOf":{"@id":"https:\/\/divulgah2.es\/#website"},"primaryImageOfPage":{"@id":"https:\/\/divulgah2.es\/ucc-i-cnh2\/#primaryimage"},"image":{"@id":"https:\/\/divulgah2.es\/ucc-i-cnh2\/#primaryimage"},"thumbnailUrl":"https:\/\/divulgah2.es\/wp-content\/uploads\/2012\/12\/logo-UCC+i-CNH222.jpg","datePublished":"2012-12-11T15:07:43+00:00","dateModified":"2014-08-05T07:42:22+00:00","description":"DivulgaH2 - El CNH2 ubicado en Puertollano, surge por la necesidad de impulsar las tecnolog\u00edas de hidr\u00f3geno y pilas de combustible","breadcrumb":{"@id":"https:\/\/divulgah2.es\/ucc-i-cnh2\/#breadcrumb"},"inLanguage":"en-US","potentialAction":[{"@type":"ReadAction","target":["https:\/\/divulgah2.es\/ucc-i-cnh2\/"]}]},{"@type":"ImageObject","inLanguage":"en-US","@id":"https:\/\/divulgah2.es\/ucc-i-cnh2\/#primaryimage","url":"https:\/\/divulgah2.es\/wp-content\/uploads\/2012\/12\/logo-UCC+i-CNH222.jpg","contentUrl":"https:\/\/divulgah2.es\/wp-content\/uploads\/2012\/12\/logo-UCC+i-CNH222.jpg"},{"@type":"BreadcrumbList","@id":"https:\/\/divulgah2.es\/ucc-i-cnh2\/#breadcrumb","itemListElement":[{"@type":"ListItem","position":1,"name":"Portada","item":"https:\/\/divulgah2.es\/"},{"@type":"ListItem","position":2,"name":"UCC+i-CNH2"}]},{"@type":"WebSite","@id":"https:\/\/divulgah2.es\/#website","url":"https:\/\/divulgah2.es\/","name":"DivulgaH2","description":"Divulgaci\u00f3n de las tecnolog\u00edas de hidr\u00f3geno y pilas de combustible a la sociedad","potentialAction":[{"@type":"SearchAction","target":{"@type":"EntryPoint","urlTemplate":"https:\/\/divulgah2.es\/?s={search_term_string}"},"query-input":{"@type":"PropertyValueSpecification","valueRequired":true,"valueName":"search_term_string"}}],"inLanguage":"en-US"}]}},"_links":{"self":[{"href":"https:\/\/divulgah2.es\/en\/wp-json\/wp\/v2\/pages\/74","targetHints":{"allow":["GET"]}}],"collection":[{"href":"https:\/\/divulgah2.es\/en\/wp-json\/wp\/v2\/pages"}],"about":[{"href":"https:\/\/divulgah2.es\/en\/wp-json\/wp\/v2\/types\/page"}],"author":[{"embeddable":true,"href":"https:\/\/divulgah2.es\/en\/wp-json\/wp\/v2\/users\/1"}],"replies":[{"embeddable":true,"href":"https:\/\/divulgah2.es\/en\/wp-json\/wp\/v2\/comments?post=74"}],"version-history":[{"count":45,"href":"https:\/\/divulgah2.es\/en\/wp-json\/wp\/v2\/pages\/74\/revisions"}],"predecessor-version":[{"id":3408,"href":"https:\/\/divulgah2.es\/en\/wp-json\/wp\/v2\/pages\/74\/revisions\/3408"}],"wp:attachment":[{"href":"https:\/\/divulgah2.es\/en\/wp-json\/wp\/v2\/media?parent=74"}],"curies":[{"name":"wp","href":"https:\/\/api.w.org\/{rel}","templated":true}]}}