{"id":781,"date":"2014-05-15T15:28:09","date_gmt":"2014-05-15T15:28:09","guid":{"rendered":"http:\/\/divulgah2.es\/?page_id=781"},"modified":"2014-07-21T14:49:02","modified_gmt":"2014-07-21T14:49:02","slug":"quieres-participar","status":"publish","type":"page","link":"https:\/\/divulgah2.es\/en\/actividades-divulgah2\/quieres-participar\/","title":{"rendered":"Do you want to participate?"},"content":{"rendered":"<p><h2 class=\"title\"><span>Formulario de solicitud de participaci\u00f3n en las actividades DivulgaH2<\/span><\/h2><\/p>\n\n<div class=\"wpcf7 no-js\" id=\"wpcf7-f4-o1\" lang=\"en-US\" dir=\"ltr\" data-wpcf7-id=\"4\">\n<div class=\"screen-reader-response\"><p role=\"status\" aria-live=\"polite\" aria-atomic=\"true\"><\/p> <ul><\/ul><\/div>\n<form action=\"\/en\/wp-json\/wp\/v2\/pages\/781#wpcf7-f4-o1\" method=\"post\" class=\"wpcf7-form init\" aria-label=\"Contact form\" novalidate=\"novalidate\" data-status=\"init\">\n<fieldset class=\"hidden-fields-container\"><input type=\"hidden\" name=\"_wpcf7\" value=\"4\" \/><input type=\"hidden\" name=\"_wpcf7_version\" value=\"6.1.4\" \/><input type=\"hidden\" name=\"_wpcf7_locale\" value=\"en_US\" \/><input type=\"hidden\" name=\"_wpcf7_unit_tag\" value=\"wpcf7-f4-o1\" \/><input type=\"hidden\" name=\"_wpcf7_container_post\" value=\"0\" \/><input type=\"hidden\" name=\"_wpcf7_posted_data_hash\" value=\"\" \/><input type=\"hidden\" name=\"_wpcf7_recaptcha_response\" value=\"\" \/>\n<\/fieldset>\n<p><label class=\"required\"><span style=\"color:#000;\">Nombre (requerido):<\/span><\/label><span class=\"wpcf7-form-control-wrap\" data-name=\"nombre\"><input size=\"40\" maxlength=\"400\" class=\"wpcf7-form-control wpcf7-text wpcf7-validates-as-required\" aria-required=\"true\" aria-invalid=\"false\" value=\"\" type=\"text\" name=\"nombre\" \/><\/span>\n<\/p>\n<p><label class=\"required\"><span style=\"color:#000;\">Email (requerido):<\/span><span style=\"color:#FF0000>*<\/span><\/label><span class=\"wpcf7-form-control-wrap\" data-name=\"email\"><input size=\"40\" maxlength=\"400\" class=\"wpcf7-form-control wpcf7-email wpcf7-validates-as-required wpcf7-text wpcf7-validates-as-email\" aria-required=\"true\" aria-invalid=\"false\" value=\"\" type=\"email\" name=\"email\" \/><\/span>\n<\/p>\n<p><label class=\"required\"><span style=\"color:#000;\">Asunto (requerido) :<\/span><\/label><span class=\"wpcf7-form-control-wrap\" data-name=\"asunto\"><input size=\"40\" maxlength=\"400\" class=\"wpcf7-form-control wpcf7-text wpcf7-validates-as-required\" aria-required=\"true\" aria-invalid=\"false\" value=\"\" type=\"text\" name=\"asunto\" \/><\/span>\n<\/p>\n<p><label class=\"required\"><span style=\"color:#000;\">Mensaje (requerido) :<\/span><\/label><span class=\"wpcf7-form-control-wrap\" data-name=\"textarea-432\"><textarea cols=\"40\" rows=\"10\" maxlength=\"2000\" class=\"wpcf7-form-control wpcf7-textarea wpcf7-validates-as-required\" aria-required=\"true\" aria-invalid=\"false\" name=\"textarea-432\"><\/textarea><\/span>\n<\/p>\n<p><input class=\"wpcf7-form-control wpcf7-submit has-spinner\" type=\"submit\" value=\"Enviar\" \/>\n<\/p><p style=\"display: none !important;\" class=\"akismet-fields-container\" data-prefix=\"_wpcf7_ak_\"><label>&#916;<textarea name=\"_wpcf7_ak_hp_textarea\" cols=\"45\" rows=\"8\" maxlength=\"100\"><\/textarea><\/label><input type=\"hidden\" id=\"ak_js_1\" name=\"_wpcf7_ak_js\" value=\"14\"\/><script>document.getElementById( \"ak_js_1\" ).setAttribute( \"value\", ( new Date() ).getTime() );<\/script><\/p><div class=\"wpcf7-response-output\" aria-hidden=\"true\"><\/div>\n<\/form>\n<\/div>\n\n<p>Fill out the form and we will contact you shortly.<\/p>\n<p>En cumplimiento de la Ley Org\u00e1nica de Protecci\u00f3n de Datos de Car\u00e1cter Personal (LOPD), se le informa de que sus datos personales pueden ser incluidos en un fichero de tratamiento del que es titular el Centro Nacional de Experimentaci\u00f3n de Tecnolog\u00edas de Hidr\u00f3geno y Pilas de Combustible (CNH2). <a title=\"LOPD\" href=\"https:\/\/divulgah2.es\/proteccion-de-datos-de-caracter-personal\/\" target=\"_blank\"><em>M\u00e1s informaci\u00f3n<\/em><\/a><\/p>","protected":false},"excerpt":{"rendered":"<p>Fill out the form and we will contact you shortly. En cumplimiento de la Ley Org\u00e1nica de Protecci\u00f3n de Datos de Car\u00e1cter Personal (LOPD), se le informa de que sus datos personales pueden ser incluidos en un fichero de tratamiento del que es titular el Centro Nacional de Experimentaci\u00f3n de Tecnolog\u00edas de Hidr\u00f3geno y Pilas [&hellip;]<\/p>\n","protected":false},"author":1,"featured_media":0,"parent":143,"menu_order":2,"comment_status":"closed","ping_status":"closed","template":"page_sidebar.php","meta":{"ngg_post_thumbnail":0,"footnotes":""},"class_list":["post-781","page","type-page","status-publish","hentry"],"yoast_head":"<!-- This site is optimized with the Yoast SEO plugin v26.8 - https:\/\/yoast.com\/product\/yoast-seo-wordpress\/ -->\n<title>Do you want to participate?Quieres participar? - DivulgaH2<\/title>\n<meta name=\"robots\" content=\"index, follow, max-snippet:-1, max-image-preview:large, max-video-preview:-1\" \/>\n<link rel=\"canonical\" href=\"https:\/\/divulgah2.es\/en\/actividades-divulgah2\/quieres-participar\/\" \/>\n<meta property=\"og:locale\" content=\"en_US\" \/>\n<meta property=\"og:type\" content=\"article\" \/>\n<meta property=\"og:title\" content=\"Do you want to participate?Quieres participar? - DivulgaH2\" \/>\n<meta property=\"og:description\" content=\"Fill out the form and we will contact you shortly. En cumplimiento de la Ley Org\u00e1nica de Protecci\u00f3n de Datos de Car\u00e1cter Personal (LOPD), se le informa de que sus datos personales pueden ser incluidos en un fichero de tratamiento del que es titular el Centro Nacional de Experimentaci\u00f3n de Tecnolog\u00edas de Hidr\u00f3geno y Pilas [&hellip;]\" \/>\n<meta property=\"og:url\" content=\"https:\/\/divulgah2.es\/en\/actividades-divulgah2\/quieres-participar\/\" \/>\n<meta property=\"og:site_name\" content=\"DivulgaH2\" \/>\n<meta property=\"article:publisher\" content=\"https:\/\/www.facebook.com\/divulgah2?ref=hl\" \/>\n<meta property=\"article:modified_time\" content=\"2014-07-21T14:49:02+00:00\" \/>\n<meta name=\"twitter:label1\" content=\"Est. reading time\" \/>\n\t<meta name=\"twitter:data1\" content=\"1 minute\" \/>\n<script type=\"application\/ld+json\" class=\"yoast-schema-graph\">{\"@context\":\"https:\/\/schema.org\",\"@graph\":[{\"@type\":\"WebPage\",\"@id\":\"https:\/\/divulgah2.es\/en\/actividades-divulgah2\/quieres-participar\/\",\"url\":\"https:\/\/divulgah2.es\/en\/actividades-divulgah2\/quieres-participar\/\",\"name\":\"Do you want to participate?Quieres participar? - DivulgaH2\",\"isPartOf\":{\"@id\":\"https:\/\/divulgah2.es\/#website\"},\"datePublished\":\"2014-05-15T15:28:09+00:00\",\"dateModified\":\"2014-07-21T14:49:02+00:00\",\"breadcrumb\":{\"@id\":\"https:\/\/divulgah2.es\/en\/actividades-divulgah2\/quieres-participar\/#breadcrumb\"},\"inLanguage\":\"en-US\",\"potentialAction\":[{\"@type\":\"ReadAction\",\"target\":[\"https:\/\/divulgah2.es\/en\/actividades-divulgah2\/quieres-participar\/\"]}]},{\"@type\":\"BreadcrumbList\",\"@id\":\"https:\/\/divulgah2.es\/en\/actividades-divulgah2\/quieres-participar\/#breadcrumb\",\"itemListElement\":[{\"@type\":\"ListItem\",\"position\":1,\"name\":\"Portada\",\"item\":\"https:\/\/divulgah2.es\/\"},{\"@type\":\"ListItem\",\"position\":2,\"name\":\"DivulgaH2 Activities\",\"item\":\"https:\/\/divulgah2.es\/actividades-divulgah2\/\"},{\"@type\":\"ListItem\",\"position\":3,\"name\":\"Do you want to participate?\"}]},{\"@type\":\"WebSite\",\"@id\":\"https:\/\/divulgah2.es\/#website\",\"url\":\"https:\/\/divulgah2.es\/\",\"name\":\"DivulgaH2\",\"description\":\"Divulgaci\u00f3n de las tecnolog\u00edas de hidr\u00f3geno y pilas de combustible a la sociedad\",\"potentialAction\":[{\"@type\":\"SearchAction\",\"target\":{\"@type\":\"EntryPoint\",\"urlTemplate\":\"https:\/\/divulgah2.es\/?s={search_term_string}\"},\"query-input\":{\"@type\":\"PropertyValueSpecification\",\"valueRequired\":true,\"valueName\":\"search_term_string\"}}],\"inLanguage\":\"en-US\"}]}<\/script>\n<!-- \/ Yoast SEO plugin. -->","yoast_head_json":{"title":"Do you want to participate?Quieres participar? - DivulgaH2","robots":{"index":"index","follow":"follow","max-snippet":"max-snippet:-1","max-image-preview":"max-image-preview:large","max-video-preview":"max-video-preview:-1"},"canonical":"https:\/\/divulgah2.es\/en\/actividades-divulgah2\/quieres-participar\/","og_locale":"en_US","og_type":"article","og_title":"Do you want to participate?Quieres participar? - DivulgaH2","og_description":"Fill out the form and we will contact you shortly. En cumplimiento de la Ley Org\u00e1nica de Protecci\u00f3n de Datos de Car\u00e1cter Personal (LOPD), se le informa de que sus datos personales pueden ser incluidos en un fichero de tratamiento del que es titular el Centro Nacional de Experimentaci\u00f3n de Tecnolog\u00edas de Hidr\u00f3geno y Pilas [&hellip;]","og_url":"https:\/\/divulgah2.es\/en\/actividades-divulgah2\/quieres-participar\/","og_site_name":"DivulgaH2","article_publisher":"https:\/\/www.facebook.com\/divulgah2?ref=hl","article_modified_time":"2014-07-21T14:49:02+00:00","twitter_misc":{"Est. reading time":"1 minute"},"schema":{"@context":"https:\/\/schema.org","@graph":[{"@type":"WebPage","@id":"https:\/\/divulgah2.es\/en\/actividades-divulgah2\/quieres-participar\/","url":"https:\/\/divulgah2.es\/en\/actividades-divulgah2\/quieres-participar\/","name":"Do you want to participate?Quieres participar? - DivulgaH2","isPartOf":{"@id":"https:\/\/divulgah2.es\/#website"},"datePublished":"2014-05-15T15:28:09+00:00","dateModified":"2014-07-21T14:49:02+00:00","breadcrumb":{"@id":"https:\/\/divulgah2.es\/en\/actividades-divulgah2\/quieres-participar\/#breadcrumb"},"inLanguage":"en-US","potentialAction":[{"@type":"ReadAction","target":["https:\/\/divulgah2.es\/en\/actividades-divulgah2\/quieres-participar\/"]}]},{"@type":"BreadcrumbList","@id":"https:\/\/divulgah2.es\/en\/actividades-divulgah2\/quieres-participar\/#breadcrumb","itemListElement":[{"@type":"ListItem","position":1,"name":"Portada","item":"https:\/\/divulgah2.es\/"},{"@type":"ListItem","position":2,"name":"DivulgaH2 Activities","item":"https:\/\/divulgah2.es\/actividades-divulgah2\/"},{"@type":"ListItem","position":3,"name":"Do you want to participate?"}]},{"@type":"WebSite","@id":"https:\/\/divulgah2.es\/#website","url":"https:\/\/divulgah2.es\/","name":"DivulgaH2","description":"Divulgaci\u00f3n de las tecnolog\u00edas de hidr\u00f3geno y pilas de combustible a la sociedad","potentialAction":[{"@type":"SearchAction","target":{"@type":"EntryPoint","urlTemplate":"https:\/\/divulgah2.es\/?s={search_term_string}"},"query-input":{"@type":"PropertyValueSpecification","valueRequired":true,"valueName":"search_term_string"}}],"inLanguage":"en-US"}]}},"_links":{"self":[{"href":"https:\/\/divulgah2.es\/en\/wp-json\/wp\/v2\/pages\/781","targetHints":{"allow":["GET"]}}],"collection":[{"href":"https:\/\/divulgah2.es\/en\/wp-json\/wp\/v2\/pages"}],"about":[{"href":"https:\/\/divulgah2.es\/en\/wp-json\/wp\/v2\/types\/page"}],"author":[{"embeddable":true,"href":"https:\/\/divulgah2.es\/en\/wp-json\/wp\/v2\/users\/1"}],"replies":[{"embeddable":true,"href":"https:\/\/divulgah2.es\/en\/wp-json\/wp\/v2\/comments?post=781"}],"version-history":[{"count":4,"href":"https:\/\/divulgah2.es\/en\/wp-json\/wp\/v2\/pages\/781\/revisions"}],"predecessor-version":[{"id":1405,"href":"https:\/\/divulgah2.es\/en\/wp-json\/wp\/v2\/pages\/781\/revisions\/1405"}],"up":[{"embeddable":true,"href":"https:\/\/divulgah2.es\/en\/wp-json\/wp\/v2\/pages\/143"}],"wp:attachment":[{"href":"https:\/\/divulgah2.es\/en\/wp-json\/wp\/v2\/media?parent=781"}],"curies":[{"name":"wp","href":"https:\/\/api.w.org\/{rel}","templated":true}]}}