{"id":877,"date":"2014-05-20T14:41:18","date_gmt":"2014-05-20T14:41:18","guid":{"rendered":"http:\/\/divulgah2.es\/?page_id=877"},"modified":"2014-07-30T18:42:57","modified_gmt":"2014-07-30T18:42:57","slug":"seguridad","status":"publish","type":"page","link":"https:\/\/divulgah2.es\/en\/aprende-sobre\/seguridad\/","title":{"rendered":"Segurity"},"content":{"rendered":"<p>Similarly to other fuels, as natural gas or petrol, security is one of the prime issues to be considered when handling hydrogen. Security is a crosscutting matter that must be considered at any stage of the use of hydrogen as an energy carrier, this is: production, transport, storage, distribution and final use. This is why normative, standards, technical specifications, codes of practice and regulations on hydrogen and fuel cells are required. Some of those regulations can be found by following the links below:<\/p>\n<ul id=\"seguridad\">\n<li><a title=\"Ir a la pagina\" href=\"http:\/\/www.hysafe.org\/\" target=\"_blank\">http:\/\/www.hysafe.org\/<\/a><\/li>\n<li><a title=\"Ir a la pagina\" href=\"http:\/\/www.boe.es\/diario_boe\/\" target=\"_blank\">http:\/\/www.boe.es\/diario_boe\/<\/a><\/li>\n<li><a title=\"Ir a la pagina\" href=\"http:\/\/www.aenor.es\/aenor\/normas\/buscadornormas\/buscadornormas.asp\" target=\"_blank\">http:\/\/www.aenor.es\/aenor\/normas\/buscadornormas\/buscadornormas.asp<\/a><\/li>\n<li><a title=\"Ir a la pagina\" href=\"http:\/\/www.iso.org\/iso\/iso_catalogue.htm\" target=\"_blank\">http:\/\/www.iso.org\/iso\/iso_catalogue.htm<\/a><\/li>\n<li><a title=\"Ir a la pagina\" href=\"http:\/\/www.iec.ch\/http:\/\/www.fuelcellstandards.com\" target=\"_blank\">http:\/\/www.iec.ch\/http:\/\/www.fuelcellstandards.com<\/a>\/<\/li>\n<li><a title=\"Ir a la pagina\" href=\"http:\/\/www.hydrogenandfuelcellsafety.info\/\" target=\"_blank\">http:\/\/www.hydrogenandfuelcellsafety.info\/<\/a><\/li>\n<\/ul>\n<p>Pure hydrogen combustion produces, exclusively, heat and water. As no carbon is produced and the water is vaporized into steam absorbing large amounts of heat, hydrogen fire transfers less heat to the surroundings than hydrocarbon fuel fires.<br \/>\nHydrogen has a wide flammability range (concentration in air between 4% and 74% by volume) and very low minimum ignition energy (0.02 mJ). For example, at concentrations below 10%v the ignition energy increases up to the ignition energy values of natural gas or petrol, which are widely used in everyday applications and solutions nowadays..<\/p>\n<p>Hydrogen has a lower explosion risk rather than other fuels as it becomes explosive for concentrations in air between 18.3%v and 59%v while petrol vapour may explode at concentration levels slightly above 1%v. Furthermore, while hydrogen tends to disperse very quickly upwards into the atmosphere, propane, petrol vapour and other heavier gases accumulate close to the ground surface increasing, therefore, the risk of explosion.<br \/>\nFinally, it is important to remind that hydrogen is not toxic, is not a contaminant, it does not stain or smell, and, with current available technology, it doesn\u2019t harm the environment.<\/p>","protected":false},"excerpt":{"rendered":"<p>Similarly to other fuels, as natural gas or petrol, security is one of the prime issues to be considered when handling hydrogen. Security is a crosscutting matter that must be considered at any stage of the use of hydrogen as an energy carrier, this is: production, transport, storage, distribution and final use. This is why [&hellip;]<\/p>\n","protected":false},"author":1,"featured_media":0,"parent":666,"menu_order":0,"comment_status":"closed","ping_status":"closed","template":"page_sidebar.php","meta":{"ngg_post_thumbnail":0,"footnotes":""},"class_list":["post-877","page","type-page","status-publish","hentry"],"yoast_head":"<!-- This site is optimized with the Yoast SEO plugin v26.8 - https:\/\/yoast.com\/product\/yoast-seo-wordpress\/ -->\n<title>Seguridad Hidr\u00f3geno - DivulgaH2<\/title>\n<meta name=\"description\" content=\"La seguridad es uno de los temas primordiales a tener en cuenta en el uso del hidr\u00f3geno. La seguridad debe ser considerada en todos los aspectos del ciclo energ\u00e9tico del hidr\u00f3geno\" \/>\n<meta name=\"robots\" content=\"index, follow, max-snippet:-1, max-image-preview:large, max-video-preview:-1\" \/>\n<link rel=\"canonical\" href=\"https:\/\/divulgah2.es\/aprende-sobre\/seguridad\/\" \/>\n<meta property=\"og:locale\" content=\"en_US\" \/>\n<meta property=\"og:type\" content=\"article\" \/>\n<meta property=\"og:title\" content=\"Seguridad Hidr\u00f3geno - DivulgaH2\" \/>\n<meta property=\"og:description\" content=\"La seguridad es uno de los temas primordiales a tener en cuenta en el uso del hidr\u00f3geno. La seguridad debe ser considerada en todos los aspectos del ciclo energ\u00e9tico del hidr\u00f3geno\" \/>\n<meta property=\"og:url\" content=\"https:\/\/divulgah2.es\/aprende-sobre\/seguridad\/\" \/>\n<meta property=\"og:site_name\" content=\"DivulgaH2\" \/>\n<meta property=\"article:publisher\" content=\"https:\/\/www.facebook.com\/divulgah2?ref=hl\" \/>\n<meta property=\"article:modified_time\" content=\"2014-07-30T18:42:57+00:00\" \/>\n<meta name=\"twitter:label1\" content=\"Est. reading time\" \/>\n\t<meta name=\"twitter:data1\" content=\"3 minutes\" \/>\n<script type=\"application\/ld+json\" class=\"yoast-schema-graph\">{\"@context\":\"https:\/\/schema.org\",\"@graph\":[{\"@type\":\"WebPage\",\"@id\":\"https:\/\/divulgah2.es\/aprende-sobre\/seguridad\/\",\"url\":\"https:\/\/divulgah2.es\/aprende-sobre\/seguridad\/\",\"name\":\"Seguridad Hidr\u00f3geno - DivulgaH2\",\"isPartOf\":{\"@id\":\"https:\/\/divulgah2.es\/#website\"},\"datePublished\":\"2014-05-20T14:41:18+00:00\",\"dateModified\":\"2014-07-30T18:42:57+00:00\",\"description\":\"La seguridad es uno de los temas primordiales a tener en cuenta en el uso del hidr\u00f3geno. La seguridad debe ser considerada en todos los aspectos del ciclo energ\u00e9tico del hidr\u00f3geno\",\"breadcrumb\":{\"@id\":\"https:\/\/divulgah2.es\/aprende-sobre\/seguridad\/#breadcrumb\"},\"inLanguage\":\"en-US\",\"potentialAction\":[{\"@type\":\"ReadAction\",\"target\":[\"https:\/\/divulgah2.es\/aprende-sobre\/seguridad\/\"]}]},{\"@type\":\"BreadcrumbList\",\"@id\":\"https:\/\/divulgah2.es\/aprende-sobre\/seguridad\/#breadcrumb\",\"itemListElement\":[{\"@type\":\"ListItem\",\"position\":1,\"name\":\"Portada\",\"item\":\"https:\/\/divulgah2.es\/\"},{\"@type\":\"ListItem\",\"position\":2,\"name\":\"Aprende sobre&#8230;\",\"item\":\"https:\/\/divulgah2.es\/aprende-sobre\/\"},{\"@type\":\"ListItem\",\"position\":3,\"name\":\"Seguridad\"}]},{\"@type\":\"WebSite\",\"@id\":\"https:\/\/divulgah2.es\/#website\",\"url\":\"https:\/\/divulgah2.es\/\",\"name\":\"DivulgaH2\",\"description\":\"Divulgaci\u00f3n de las tecnolog\u00edas de hidr\u00f3geno y pilas de combustible a la sociedad\",\"potentialAction\":[{\"@type\":\"SearchAction\",\"target\":{\"@type\":\"EntryPoint\",\"urlTemplate\":\"https:\/\/divulgah2.es\/?s={search_term_string}\"},\"query-input\":{\"@type\":\"PropertyValueSpecification\",\"valueRequired\":true,\"valueName\":\"search_term_string\"}}],\"inLanguage\":\"en-US\"}]}<\/script>\n<!-- \/ Yoast SEO plugin. -->","yoast_head_json":{"title":"Seguridad Hidr\u00f3geno - DivulgaH2","description":"La seguridad es uno de los temas primordiales a tener en cuenta en el uso del hidr\u00f3geno. La seguridad debe ser considerada en todos los aspectos del ciclo energ\u00e9tico del hidr\u00f3geno","robots":{"index":"index","follow":"follow","max-snippet":"max-snippet:-1","max-image-preview":"max-image-preview:large","max-video-preview":"max-video-preview:-1"},"canonical":"https:\/\/divulgah2.es\/aprende-sobre\/seguridad\/","og_locale":"en_US","og_type":"article","og_title":"Seguridad Hidr\u00f3geno - DivulgaH2","og_description":"La seguridad es uno de los temas primordiales a tener en cuenta en el uso del hidr\u00f3geno. La seguridad debe ser considerada en todos los aspectos del ciclo energ\u00e9tico del hidr\u00f3geno","og_url":"https:\/\/divulgah2.es\/aprende-sobre\/seguridad\/","og_site_name":"DivulgaH2","article_publisher":"https:\/\/www.facebook.com\/divulgah2?ref=hl","article_modified_time":"2014-07-30T18:42:57+00:00","twitter_misc":{"Est. reading time":"3 minutes"},"schema":{"@context":"https:\/\/schema.org","@graph":[{"@type":"WebPage","@id":"https:\/\/divulgah2.es\/aprende-sobre\/seguridad\/","url":"https:\/\/divulgah2.es\/aprende-sobre\/seguridad\/","name":"Seguridad Hidr\u00f3geno - DivulgaH2","isPartOf":{"@id":"https:\/\/divulgah2.es\/#website"},"datePublished":"2014-05-20T14:41:18+00:00","dateModified":"2014-07-30T18:42:57+00:00","description":"La seguridad es uno de los temas primordiales a tener en cuenta en el uso del hidr\u00f3geno. La seguridad debe ser considerada en todos los aspectos del ciclo energ\u00e9tico del hidr\u00f3geno","breadcrumb":{"@id":"https:\/\/divulgah2.es\/aprende-sobre\/seguridad\/#breadcrumb"},"inLanguage":"en-US","potentialAction":[{"@type":"ReadAction","target":["https:\/\/divulgah2.es\/aprende-sobre\/seguridad\/"]}]},{"@type":"BreadcrumbList","@id":"https:\/\/divulgah2.es\/aprende-sobre\/seguridad\/#breadcrumb","itemListElement":[{"@type":"ListItem","position":1,"name":"Portada","item":"https:\/\/divulgah2.es\/"},{"@type":"ListItem","position":2,"name":"Aprende sobre&#8230;","item":"https:\/\/divulgah2.es\/aprende-sobre\/"},{"@type":"ListItem","position":3,"name":"Seguridad"}]},{"@type":"WebSite","@id":"https:\/\/divulgah2.es\/#website","url":"https:\/\/divulgah2.es\/","name":"DivulgaH2","description":"Divulgaci\u00f3n de las tecnolog\u00edas de hidr\u00f3geno y pilas de combustible a la sociedad","potentialAction":[{"@type":"SearchAction","target":{"@type":"EntryPoint","urlTemplate":"https:\/\/divulgah2.es\/?s={search_term_string}"},"query-input":{"@type":"PropertyValueSpecification","valueRequired":true,"valueName":"search_term_string"}}],"inLanguage":"en-US"}]}},"_links":{"self":[{"href":"https:\/\/divulgah2.es\/en\/wp-json\/wp\/v2\/pages\/877","targetHints":{"allow":["GET"]}}],"collection":[{"href":"https:\/\/divulgah2.es\/en\/wp-json\/wp\/v2\/pages"}],"about":[{"href":"https:\/\/divulgah2.es\/en\/wp-json\/wp\/v2\/types\/page"}],"author":[{"embeddable":true,"href":"https:\/\/divulgah2.es\/en\/wp-json\/wp\/v2\/users\/1"}],"replies":[{"embeddable":true,"href":"https:\/\/divulgah2.es\/en\/wp-json\/wp\/v2\/comments?post=877"}],"version-history":[{"count":7,"href":"https:\/\/divulgah2.es\/en\/wp-json\/wp\/v2\/pages\/877\/revisions"}],"predecessor-version":[{"id":955,"href":"https:\/\/divulgah2.es\/en\/wp-json\/wp\/v2\/pages\/877\/revisions\/955"}],"up":[{"embeddable":true,"href":"https:\/\/divulgah2.es\/en\/wp-json\/wp\/v2\/pages\/666"}],"wp:attachment":[{"href":"https:\/\/divulgah2.es\/en\/wp-json\/wp\/v2\/media?parent=877"}],"curies":[{"name":"wp","href":"https:\/\/api.w.org\/{rel}","templated":true}]}}