{"id":880,"date":"2014-05-20T14:42:06","date_gmt":"2014-05-20T14:42:06","guid":{"rendered":"http:\/\/divulgah2.es\/?page_id=880"},"modified":"2014-10-01T13:58:41","modified_gmt":"2014-10-01T13:58:41","slug":"cuanto-sabes-de","status":"publish","type":"page","link":"https:\/\/divulgah2.es\/en\/aprende-sobre\/cuanto-sabes-de\/","title":{"rendered":"What do you know about&#8230;?"},"content":{"rendered":"<p><h2 class=\"title\"><span><a href=\"\/aprende-sobre\/cuanto-sabes-de\/cuanto-sabes-de-nivel-1-2\/?lang=en\" title=\"Go to the questionnaire\">\u00bfWhat do you know about \u2026? (Level 1)<\/a><\/span><\/h2><br \/>\n<h2 class=\"title\"><span><a href=\"\/aprende-sobre\/cuanto-sabes-de\/cuanto-sabes-de-nivel-2\/?lang=en\" title=\"Go to the questionnaire\">\u00bfWhat do you know about \u2026? (Level 2)<\/a><\/span><\/h2><br \/>\n<h2 class=\"title\"><span><a href=\"\/aprende-sobre\/cuanto-sabes-de\/cuanto-sabes-de-nivel-3\/?lang=en\" title=\"Go to the questionnaire\">\u00bfWhat do you know about \u2026? (Level 3)<\/a><\/span><\/h2><\/p>","protected":false},"excerpt":{"rendered":"","protected":false},"author":1,"featured_media":0,"parent":666,"menu_order":0,"comment_status":"closed","ping_status":"closed","template":"page_sidebar.php","meta":{"ngg_post_thumbnail":0,"footnotes":""},"class_list":["post-880","page","type-page","status-publish","hentry"],"yoast_head":"<!-- This site is optimized with the Yoast SEO plugin v27.4 - https:\/\/yoast.com\/product\/yoast-seo-wordpress\/ -->\n<title>\u00bfCu\u00e1nto sabes de...? - DivulgaH2<\/title>\n<meta name=\"description\" content=\"\u00bfCu\u00e1nto sabes de...?\" \/>\n<meta name=\"robots\" content=\"index, follow, max-snippet:-1, max-image-preview:large, max-video-preview:-1\" \/>\n<link rel=\"canonical\" href=\"https:\/\/divulgah2.es\/aprende-sobre\/cuanto-sabes-de\/\" \/>\n<meta property=\"og:locale\" content=\"en_US\" \/>\n<meta property=\"og:type\" content=\"article\" \/>\n<meta property=\"og:title\" content=\"\u00bfCu\u00e1nto sabes de...? - DivulgaH2\" \/>\n<meta property=\"og:description\" content=\"\u00bfCu\u00e1nto sabes de...?\" \/>\n<meta property=\"og:url\" content=\"https:\/\/divulgah2.es\/aprende-sobre\/cuanto-sabes-de\/\" \/>\n<meta property=\"og:site_name\" content=\"DivulgaH2\" \/>\n<meta property=\"article:publisher\" content=\"https:\/\/www.facebook.com\/divulgah2?ref=hl\" \/>\n<meta property=\"article:modified_time\" content=\"2014-10-01T13:58:41+00:00\" \/>\n<script type=\"application\/ld+json\" class=\"yoast-schema-graph\">{\"@context\":\"https:\\\/\\\/schema.org\",\"@graph\":[{\"@type\":\"WebPage\",\"@id\":\"https:\\\/\\\/divulgah2.es\\\/aprende-sobre\\\/cuanto-sabes-de\\\/\",\"url\":\"https:\\\/\\\/divulgah2.es\\\/aprende-sobre\\\/cuanto-sabes-de\\\/\",\"name\":\"\u00bfCu\u00e1nto sabes de...? - DivulgaH2\",\"isPartOf\":{\"@id\":\"https:\\\/\\\/divulgah2.es\\\/#website\"},\"datePublished\":\"2014-05-20T14:42:06+00:00\",\"dateModified\":\"2014-10-01T13:58:41+00:00\",\"description\":\"\u00bfCu\u00e1nto sabes de...?\",\"breadcrumb\":{\"@id\":\"https:\\\/\\\/divulgah2.es\\\/aprende-sobre\\\/cuanto-sabes-de\\\/#breadcrumb\"},\"inLanguage\":\"en-US\",\"potentialAction\":[{\"@type\":\"ReadAction\",\"target\":[\"https:\\\/\\\/divulgah2.es\\\/aprende-sobre\\\/cuanto-sabes-de\\\/\"]}]},{\"@type\":\"BreadcrumbList\",\"@id\":\"https:\\\/\\\/divulgah2.es\\\/aprende-sobre\\\/cuanto-sabes-de\\\/#breadcrumb\",\"itemListElement\":[{\"@type\":\"ListItem\",\"position\":1,\"name\":\"Portada\",\"item\":\"https:\\\/\\\/divulgah2.es\\\/\"},{\"@type\":\"ListItem\",\"position\":2,\"name\":\"Aprende sobre&#8230;\",\"item\":\"https:\\\/\\\/divulgah2.es\\\/aprende-sobre\\\/\"},{\"@type\":\"ListItem\",\"position\":3,\"name\":\"\u00bfCu\u00e1nto sabes de&#8230;?\"}]},{\"@type\":\"WebSite\",\"@id\":\"https:\\\/\\\/divulgah2.es\\\/#website\",\"url\":\"https:\\\/\\\/divulgah2.es\\\/\",\"name\":\"DivulgaH2\",\"description\":\"Divulgaci\u00f3n de las tecnolog\u00edas de hidr\u00f3geno y pilas de combustible a la sociedad\",\"potentialAction\":[{\"@type\":\"SearchAction\",\"target\":{\"@type\":\"EntryPoint\",\"urlTemplate\":\"https:\\\/\\\/divulgah2.es\\\/?s={search_term_string}\"},\"query-input\":{\"@type\":\"PropertyValueSpecification\",\"valueRequired\":true,\"valueName\":\"search_term_string\"}}],\"inLanguage\":\"en-US\"}]}<\/script>\n<!-- \/ Yoast SEO plugin. -->","yoast_head_json":{"title":"\u00bfCu\u00e1nto sabes de...? - DivulgaH2","description":"\u00bfCu\u00e1nto sabes de...?","robots":{"index":"index","follow":"follow","max-snippet":"max-snippet:-1","max-image-preview":"max-image-preview:large","max-video-preview":"max-video-preview:-1"},"canonical":"https:\/\/divulgah2.es\/aprende-sobre\/cuanto-sabes-de\/","og_locale":"en_US","og_type":"article","og_title":"\u00bfCu\u00e1nto sabes de...? - DivulgaH2","og_description":"\u00bfCu\u00e1nto sabes de...?","og_url":"https:\/\/divulgah2.es\/aprende-sobre\/cuanto-sabes-de\/","og_site_name":"DivulgaH2","article_publisher":"https:\/\/www.facebook.com\/divulgah2?ref=hl","article_modified_time":"2014-10-01T13:58:41+00:00","schema":{"@context":"https:\/\/schema.org","@graph":[{"@type":"WebPage","@id":"https:\/\/divulgah2.es\/aprende-sobre\/cuanto-sabes-de\/","url":"https:\/\/divulgah2.es\/aprende-sobre\/cuanto-sabes-de\/","name":"\u00bfCu\u00e1nto sabes de...? - DivulgaH2","isPartOf":{"@id":"https:\/\/divulgah2.es\/#website"},"datePublished":"2014-05-20T14:42:06+00:00","dateModified":"2014-10-01T13:58:41+00:00","description":"\u00bfCu\u00e1nto sabes de...?","breadcrumb":{"@id":"https:\/\/divulgah2.es\/aprende-sobre\/cuanto-sabes-de\/#breadcrumb"},"inLanguage":"en-US","potentialAction":[{"@type":"ReadAction","target":["https:\/\/divulgah2.es\/aprende-sobre\/cuanto-sabes-de\/"]}]},{"@type":"BreadcrumbList","@id":"https:\/\/divulgah2.es\/aprende-sobre\/cuanto-sabes-de\/#breadcrumb","itemListElement":[{"@type":"ListItem","position":1,"name":"Portada","item":"https:\/\/divulgah2.es\/"},{"@type":"ListItem","position":2,"name":"Aprende sobre&#8230;","item":"https:\/\/divulgah2.es\/aprende-sobre\/"},{"@type":"ListItem","position":3,"name":"\u00bfCu\u00e1nto sabes de&#8230;?"}]},{"@type":"WebSite","@id":"https:\/\/divulgah2.es\/#website","url":"https:\/\/divulgah2.es\/","name":"DivulgaH2","description":"Divulgaci\u00f3n de las tecnolog\u00edas de hidr\u00f3geno y pilas de combustible a la sociedad","potentialAction":[{"@type":"SearchAction","target":{"@type":"EntryPoint","urlTemplate":"https:\/\/divulgah2.es\/?s={search_term_string}"},"query-input":{"@type":"PropertyValueSpecification","valueRequired":true,"valueName":"search_term_string"}}],"inLanguage":"en-US"}]}},"_links":{"self":[{"href":"https:\/\/divulgah2.es\/en\/wp-json\/wp\/v2\/pages\/880","targetHints":{"allow":["GET"]}}],"collection":[{"href":"https:\/\/divulgah2.es\/en\/wp-json\/wp\/v2\/pages"}],"about":[{"href":"https:\/\/divulgah2.es\/en\/wp-json\/wp\/v2\/types\/page"}],"author":[{"embeddable":true,"href":"https:\/\/divulgah2.es\/en\/wp-json\/wp\/v2\/users\/1"}],"replies":[{"embeddable":true,"href":"https:\/\/divulgah2.es\/en\/wp-json\/wp\/v2\/comments?post=880"}],"version-history":[{"count":12,"href":"https:\/\/divulgah2.es\/en\/wp-json\/wp\/v2\/pages\/880\/revisions"}],"predecessor-version":[{"id":1651,"href":"https:\/\/divulgah2.es\/en\/wp-json\/wp\/v2\/pages\/880\/revisions\/1651"}],"up":[{"embeddable":true,"href":"https:\/\/divulgah2.es\/en\/wp-json\/wp\/v2\/pages\/666"}],"wp:attachment":[{"href":"https:\/\/divulgah2.es\/en\/wp-json\/wp\/v2\/media?parent=880"}],"curies":[{"name":"wp","href":"https:\/\/api.w.org\/{rel}","templated":true}]}}