{"id":891,"date":"2014-06-05T10:45:42","date_gmt":"2014-06-05T10:45:42","guid":{"rendered":"http:\/\/divulgah2.es\/?page_id=891"},"modified":"2014-07-30T18:40:02","modified_gmt":"2014-07-30T18:40:02","slug":"tipos","status":"publish","type":"page","link":"https:\/\/divulgah2.es\/en\/aprende-sobre\/pilas-de-combustible\/tipos\/","title":{"rendered":"Types"},"content":{"rendered":"<p>Fuel cells are classified primarily by the kind of electrolyte they use. This determines the kind of chemical reactions that take place in the cell, the kind of catalysts required to enable the reaction, the temperature range in which the cell operates, and the fuel required. These characteristics, in turn, affect the applications for which these cells are most suitable.<\/p>\n<p>There are several types of fuel cells, each with its own advantages, properties and potential applications, as summarized in the following table:<\/p>\n<p><img loading=\"lazy\" decoding=\"async\" class=\"alignleft size-full wp-image-903\" src=\"https:\/\/divulgah2.es\/wp-content\/uploads\/2014\/06\/Tipos-Pilas-Combustible_en1.png\" alt=\"Tipos-Pilas-Combustible_en\" width=\"940\" height=\"331\" srcset=\"https:\/\/divulgah2.es\/wp-content\/uploads\/2014\/06\/Tipos-Pilas-Combustible_en1.png 940w, https:\/\/divulgah2.es\/wp-content\/uploads\/2014\/06\/Tipos-Pilas-Combustible_en1-300x105.png 300w, https:\/\/divulgah2.es\/wp-content\/uploads\/2014\/06\/Tipos-Pilas-Combustible_en1-600x211.png 600w\" sizes=\"auto, (max-width: 940px) 100vw, 940px\" \/><\/p>\n<p>\u00a0\u00a0\u00a0\u00a0\u00a0\u00a0<\/p>","protected":false},"excerpt":{"rendered":"<p>Fuel cells are classified primarily by the kind of electrolyte they use. This determines the kind of chemical reactions that take place in the cell, the kind of catalysts required to enable the reaction, the temperature range in which the cell operates, and the fuel required. These characteristics, in turn, affect the applications for which [&hellip;]<\/p>\n","protected":false},"author":1,"featured_media":0,"parent":875,"menu_order":0,"comment_status":"closed","ping_status":"closed","template":"page.php","meta":{"ngg_post_thumbnail":0,"footnotes":""},"class_list":["post-891","page","type-page","status-publish","hentry"],"yoast_head":"<!-- This site is optimized with the Yoast SEO plugin v26.8 - https:\/\/yoast.com\/product\/yoast-seo-wordpress\/ -->\n<title>Tipos Pilas de Combustible - DivulgaH2<\/title>\n<meta name=\"description\" content=\"Los tipos de pilas de combustible se clasifican principalmente por el electrolito que utilizan. Esto determina el tipo de reacciones qu\u00edmicas...\" \/>\n<meta name=\"robots\" content=\"index, follow, max-snippet:-1, max-image-preview:large, max-video-preview:-1\" \/>\n<link rel=\"canonical\" href=\"https:\/\/divulgah2.es\/aprende-sobre\/pilas-de-combustible\/tipos\/\" \/>\n<meta property=\"og:locale\" content=\"en_US\" \/>\n<meta property=\"og:type\" content=\"article\" \/>\n<meta property=\"og:title\" content=\"Tipos Pilas de Combustible - DivulgaH2\" \/>\n<meta property=\"og:description\" content=\"Los tipos de pilas de combustible se clasifican principalmente por el electrolito que utilizan. Esto determina el tipo de reacciones qu\u00edmicas...\" \/>\n<meta property=\"og:url\" content=\"https:\/\/divulgah2.es\/aprende-sobre\/pilas-de-combustible\/tipos\/\" \/>\n<meta property=\"og:site_name\" content=\"DivulgaH2\" \/>\n<meta property=\"article:publisher\" content=\"https:\/\/www.facebook.com\/divulgah2?ref=hl\" \/>\n<meta property=\"article:modified_time\" content=\"2014-07-30T18:40:02+00:00\" \/>\n<meta property=\"og:image\" content=\"https:\/\/divulgah2.es\/wp-content\/uploads\/2014\/06\/Tipos-Pilas-Combustible_en1.png\" \/>\n<meta name=\"twitter:label1\" content=\"Est. reading time\" \/>\n\t<meta name=\"twitter:data1\" content=\"1 minute\" \/>\n<script type=\"application\/ld+json\" class=\"yoast-schema-graph\">{\"@context\":\"https:\/\/schema.org\",\"@graph\":[{\"@type\":\"WebPage\",\"@id\":\"https:\/\/divulgah2.es\/aprende-sobre\/pilas-de-combustible\/tipos\/\",\"url\":\"https:\/\/divulgah2.es\/aprende-sobre\/pilas-de-combustible\/tipos\/\",\"name\":\"Tipos Pilas de Combustible - DivulgaH2\",\"isPartOf\":{\"@id\":\"https:\/\/divulgah2.es\/#website\"},\"primaryImageOfPage\":{\"@id\":\"https:\/\/divulgah2.es\/aprende-sobre\/pilas-de-combustible\/tipos\/#primaryimage\"},\"image\":{\"@id\":\"https:\/\/divulgah2.es\/aprende-sobre\/pilas-de-combustible\/tipos\/#primaryimage\"},\"thumbnailUrl\":\"https:\/\/divulgah2.es\/wp-content\/uploads\/2014\/06\/Tipos-Pilas-Combustible_en1.png\",\"datePublished\":\"2014-06-05T10:45:42+00:00\",\"dateModified\":\"2014-07-30T18:40:02+00:00\",\"description\":\"Los tipos de pilas de combustible se clasifican principalmente por el electrolito que utilizan. Esto determina el tipo de reacciones qu\u00edmicas...\",\"breadcrumb\":{\"@id\":\"https:\/\/divulgah2.es\/aprende-sobre\/pilas-de-combustible\/tipos\/#breadcrumb\"},\"inLanguage\":\"en-US\",\"potentialAction\":[{\"@type\":\"ReadAction\",\"target\":[\"https:\/\/divulgah2.es\/aprende-sobre\/pilas-de-combustible\/tipos\/\"]}]},{\"@type\":\"ImageObject\",\"inLanguage\":\"en-US\",\"@id\":\"https:\/\/divulgah2.es\/aprende-sobre\/pilas-de-combustible\/tipos\/#primaryimage\",\"url\":\"https:\/\/divulgah2.es\/wp-content\/uploads\/2014\/06\/Tipos-Pilas-Combustible_en1.png\",\"contentUrl\":\"https:\/\/divulgah2.es\/wp-content\/uploads\/2014\/06\/Tipos-Pilas-Combustible_en1.png\"},{\"@type\":\"BreadcrumbList\",\"@id\":\"https:\/\/divulgah2.es\/aprende-sobre\/pilas-de-combustible\/tipos\/#breadcrumb\",\"itemListElement\":[{\"@type\":\"ListItem\",\"position\":1,\"name\":\"Portada\",\"item\":\"https:\/\/divulgah2.es\/\"},{\"@type\":\"ListItem\",\"position\":2,\"name\":\"Aprende sobre&#8230;\",\"item\":\"https:\/\/divulgah2.es\/aprende-sobre\/\"},{\"@type\":\"ListItem\",\"position\":3,\"name\":\"Pilas de combustible\",\"item\":\"https:\/\/divulgah2.es\/aprende-sobre\/pilas-de-combustible\/\"},{\"@type\":\"ListItem\",\"position\":4,\"name\":\"Tipos\"}]},{\"@type\":\"WebSite\",\"@id\":\"https:\/\/divulgah2.es\/#website\",\"url\":\"https:\/\/divulgah2.es\/\",\"name\":\"DivulgaH2\",\"description\":\"Divulgaci\u00f3n de las tecnolog\u00edas de hidr\u00f3geno y pilas de combustible a la sociedad\",\"potentialAction\":[{\"@type\":\"SearchAction\",\"target\":{\"@type\":\"EntryPoint\",\"urlTemplate\":\"https:\/\/divulgah2.es\/?s={search_term_string}\"},\"query-input\":{\"@type\":\"PropertyValueSpecification\",\"valueRequired\":true,\"valueName\":\"search_term_string\"}}],\"inLanguage\":\"en-US\"}]}<\/script>\n<!-- \/ Yoast SEO plugin. -->","yoast_head_json":{"title":"Tipos Pilas de Combustible - DivulgaH2","description":"Los tipos de pilas de combustible se clasifican principalmente por el electrolito que utilizan. Esto determina el tipo de reacciones qu\u00edmicas...","robots":{"index":"index","follow":"follow","max-snippet":"max-snippet:-1","max-image-preview":"max-image-preview:large","max-video-preview":"max-video-preview:-1"},"canonical":"https:\/\/divulgah2.es\/aprende-sobre\/pilas-de-combustible\/tipos\/","og_locale":"en_US","og_type":"article","og_title":"Tipos Pilas de Combustible - DivulgaH2","og_description":"Los tipos de pilas de combustible se clasifican principalmente por el electrolito que utilizan. Esto determina el tipo de reacciones qu\u00edmicas...","og_url":"https:\/\/divulgah2.es\/aprende-sobre\/pilas-de-combustible\/tipos\/","og_site_name":"DivulgaH2","article_publisher":"https:\/\/www.facebook.com\/divulgah2?ref=hl","article_modified_time":"2014-07-30T18:40:02+00:00","og_image":[{"url":"https:\/\/divulgah2.es\/wp-content\/uploads\/2014\/06\/Tipos-Pilas-Combustible_en1.png","type":"","width":"","height":""}],"twitter_misc":{"Est. reading time":"1 minute"},"schema":{"@context":"https:\/\/schema.org","@graph":[{"@type":"WebPage","@id":"https:\/\/divulgah2.es\/aprende-sobre\/pilas-de-combustible\/tipos\/","url":"https:\/\/divulgah2.es\/aprende-sobre\/pilas-de-combustible\/tipos\/","name":"Tipos Pilas de Combustible - DivulgaH2","isPartOf":{"@id":"https:\/\/divulgah2.es\/#website"},"primaryImageOfPage":{"@id":"https:\/\/divulgah2.es\/aprende-sobre\/pilas-de-combustible\/tipos\/#primaryimage"},"image":{"@id":"https:\/\/divulgah2.es\/aprende-sobre\/pilas-de-combustible\/tipos\/#primaryimage"},"thumbnailUrl":"https:\/\/divulgah2.es\/wp-content\/uploads\/2014\/06\/Tipos-Pilas-Combustible_en1.png","datePublished":"2014-06-05T10:45:42+00:00","dateModified":"2014-07-30T18:40:02+00:00","description":"Los tipos de pilas de combustible se clasifican principalmente por el electrolito que utilizan. Esto determina el tipo de reacciones qu\u00edmicas...","breadcrumb":{"@id":"https:\/\/divulgah2.es\/aprende-sobre\/pilas-de-combustible\/tipos\/#breadcrumb"},"inLanguage":"en-US","potentialAction":[{"@type":"ReadAction","target":["https:\/\/divulgah2.es\/aprende-sobre\/pilas-de-combustible\/tipos\/"]}]},{"@type":"ImageObject","inLanguage":"en-US","@id":"https:\/\/divulgah2.es\/aprende-sobre\/pilas-de-combustible\/tipos\/#primaryimage","url":"https:\/\/divulgah2.es\/wp-content\/uploads\/2014\/06\/Tipos-Pilas-Combustible_en1.png","contentUrl":"https:\/\/divulgah2.es\/wp-content\/uploads\/2014\/06\/Tipos-Pilas-Combustible_en1.png"},{"@type":"BreadcrumbList","@id":"https:\/\/divulgah2.es\/aprende-sobre\/pilas-de-combustible\/tipos\/#breadcrumb","itemListElement":[{"@type":"ListItem","position":1,"name":"Portada","item":"https:\/\/divulgah2.es\/"},{"@type":"ListItem","position":2,"name":"Aprende sobre&#8230;","item":"https:\/\/divulgah2.es\/aprende-sobre\/"},{"@type":"ListItem","position":3,"name":"Pilas de combustible","item":"https:\/\/divulgah2.es\/aprende-sobre\/pilas-de-combustible\/"},{"@type":"ListItem","position":4,"name":"Tipos"}]},{"@type":"WebSite","@id":"https:\/\/divulgah2.es\/#website","url":"https:\/\/divulgah2.es\/","name":"DivulgaH2","description":"Divulgaci\u00f3n de las tecnolog\u00edas de hidr\u00f3geno y pilas de combustible a la sociedad","potentialAction":[{"@type":"SearchAction","target":{"@type":"EntryPoint","urlTemplate":"https:\/\/divulgah2.es\/?s={search_term_string}"},"query-input":{"@type":"PropertyValueSpecification","valueRequired":true,"valueName":"search_term_string"}}],"inLanguage":"en-US"}]}},"_links":{"self":[{"href":"https:\/\/divulgah2.es\/en\/wp-json\/wp\/v2\/pages\/891","targetHints":{"allow":["GET"]}}],"collection":[{"href":"https:\/\/divulgah2.es\/en\/wp-json\/wp\/v2\/pages"}],"about":[{"href":"https:\/\/divulgah2.es\/en\/wp-json\/wp\/v2\/types\/page"}],"author":[{"embeddable":true,"href":"https:\/\/divulgah2.es\/en\/wp-json\/wp\/v2\/users\/1"}],"replies":[{"embeddable":true,"href":"https:\/\/divulgah2.es\/en\/wp-json\/wp\/v2\/comments?post=891"}],"version-history":[{"count":7,"href":"https:\/\/divulgah2.es\/en\/wp-json\/wp\/v2\/pages\/891\/revisions"}],"predecessor-version":[{"id":1466,"href":"https:\/\/divulgah2.es\/en\/wp-json\/wp\/v2\/pages\/891\/revisions\/1466"}],"up":[{"embeddable":true,"href":"https:\/\/divulgah2.es\/en\/wp-json\/wp\/v2\/pages\/875"}],"wp:attachment":[{"href":"https:\/\/divulgah2.es\/en\/wp-json\/wp\/v2\/media?parent=891"}],"curies":[{"name":"wp","href":"https:\/\/api.w.org\/{rel}","templated":true}]}}