{"id":962,"date":"2014-06-10T07:18:48","date_gmt":"2014-06-10T07:18:48","guid":{"rendered":"http:\/\/divulgah2.es\/?page_id=962"},"modified":"2014-07-30T18:24:34","modified_gmt":"2014-07-30T18:24:34","slug":"aplicaciones","status":"publish","type":"page","link":"https:\/\/divulgah2.es\/en\/aprende-sobre\/pilas-de-combustible\/aplicaciones\/","title":{"rendered":"Applications"},"content":{"rendered":"<p>Fuel cells comprise a wide <strong>variety of applications:<\/strong><\/p>\n<ul>\n<li><strong>Portable<\/strong>, oriented to small electrical devices, increasingly abundant around us (computers, Smart phones, small appliances).<\/li>\n<li><strong>Stationary systems<\/strong>, after using the hydrogen as storage system it can be used to generate electricity and heat to businesses, hospitals, residential areas and power generators in emergency cases when the main supply fails.<\/li>\n<li><strong>Transport applications<\/strong>, the use of hydrogen as fuel in fuel cells for electric vehicles of all kinds (cars, buses, ships) are contemplated, appearing with increasing frequency, prototypes and test models powered by these technologies. It is expected even marketing these vehicles for the coming years.<\/li>\n<\/ul>\n<p><\/p>","protected":false},"excerpt":{"rendered":"<p>Fuel cells comprise a wide variety of applications: Portable, oriented to small electrical devices, increasingly abundant around us (computers, Smart phones, small appliances). Stationary systems, after using the hydrogen as storage system it can be used to generate electricity and heat to businesses, hospitals, residential areas and power generators in emergency cases when the main [&hellip;]<\/p>\n","protected":false},"author":1,"featured_media":0,"parent":875,"menu_order":0,"comment_status":"closed","ping_status":"closed","template":"page_sidebar.php","meta":{"ngg_post_thumbnail":0,"footnotes":""},"class_list":["post-962","page","type-page","status-publish","hentry"],"yoast_head":"<!-- This site is optimized with the Yoast SEO plugin v27.4 - https:\/\/yoast.com\/product\/yoast-seo-wordpress\/ -->\n<title>Aplicaciones Pilas de Combustible - DivulgaH2<\/title>\n<meta name=\"description\" content=\"Las pilas de combustible comprenden una amplia variedad de aplicaciones...\" \/>\n<meta name=\"robots\" content=\"index, follow, max-snippet:-1, max-image-preview:large, max-video-preview:-1\" \/>\n<link rel=\"canonical\" href=\"https:\/\/divulgah2.es\/aprende-sobre\/pilas-de-combustible\/aplicaciones\/\" \/>\n<meta property=\"og:locale\" content=\"en_US\" \/>\n<meta property=\"og:type\" content=\"article\" \/>\n<meta property=\"og:title\" content=\"Aplicaciones Pilas de Combustible - DivulgaH2\" \/>\n<meta property=\"og:description\" content=\"Las pilas de combustible comprenden una amplia variedad de aplicaciones...\" \/>\n<meta property=\"og:url\" content=\"https:\/\/divulgah2.es\/aprende-sobre\/pilas-de-combustible\/aplicaciones\/\" \/>\n<meta property=\"og:site_name\" content=\"DivulgaH2\" \/>\n<meta property=\"article:publisher\" content=\"https:\/\/www.facebook.com\/divulgah2?ref=hl\" \/>\n<meta property=\"article:modified_time\" content=\"2014-07-30T18:24:34+00:00\" \/>\n<meta name=\"twitter:label1\" content=\"Est. reading time\" \/>\n\t<meta name=\"twitter:data1\" content=\"1 minute\" \/>\n<script type=\"application\/ld+json\" class=\"yoast-schema-graph\">{\"@context\":\"https:\\\/\\\/schema.org\",\"@graph\":[{\"@type\":\"WebPage\",\"@id\":\"https:\\\/\\\/divulgah2.es\\\/aprende-sobre\\\/pilas-de-combustible\\\/aplicaciones\\\/\",\"url\":\"https:\\\/\\\/divulgah2.es\\\/aprende-sobre\\\/pilas-de-combustible\\\/aplicaciones\\\/\",\"name\":\"Aplicaciones Pilas de Combustible - DivulgaH2\",\"isPartOf\":{\"@id\":\"https:\\\/\\\/divulgah2.es\\\/#website\"},\"datePublished\":\"2014-06-10T07:18:48+00:00\",\"dateModified\":\"2014-07-30T18:24:34+00:00\",\"description\":\"Las pilas de combustible comprenden una amplia variedad de aplicaciones...\",\"breadcrumb\":{\"@id\":\"https:\\\/\\\/divulgah2.es\\\/aprende-sobre\\\/pilas-de-combustible\\\/aplicaciones\\\/#breadcrumb\"},\"inLanguage\":\"en-US\",\"potentialAction\":[{\"@type\":\"ReadAction\",\"target\":[\"https:\\\/\\\/divulgah2.es\\\/aprende-sobre\\\/pilas-de-combustible\\\/aplicaciones\\\/\"]}]},{\"@type\":\"BreadcrumbList\",\"@id\":\"https:\\\/\\\/divulgah2.es\\\/aprende-sobre\\\/pilas-de-combustible\\\/aplicaciones\\\/#breadcrumb\",\"itemListElement\":[{\"@type\":\"ListItem\",\"position\":1,\"name\":\"Portada\",\"item\":\"https:\\\/\\\/divulgah2.es\\\/\"},{\"@type\":\"ListItem\",\"position\":2,\"name\":\"Aprende sobre&#8230;\",\"item\":\"https:\\\/\\\/divulgah2.es\\\/aprende-sobre\\\/\"},{\"@type\":\"ListItem\",\"position\":3,\"name\":\"Pilas de combustible\",\"item\":\"https:\\\/\\\/divulgah2.es\\\/aprende-sobre\\\/pilas-de-combustible\\\/\"},{\"@type\":\"ListItem\",\"position\":4,\"name\":\"Aplicaciones\"}]},{\"@type\":\"WebSite\",\"@id\":\"https:\\\/\\\/divulgah2.es\\\/#website\",\"url\":\"https:\\\/\\\/divulgah2.es\\\/\",\"name\":\"DivulgaH2\",\"description\":\"Divulgaci\u00f3n de las tecnolog\u00edas de hidr\u00f3geno y pilas de combustible a la sociedad\",\"potentialAction\":[{\"@type\":\"SearchAction\",\"target\":{\"@type\":\"EntryPoint\",\"urlTemplate\":\"https:\\\/\\\/divulgah2.es\\\/?s={search_term_string}\"},\"query-input\":{\"@type\":\"PropertyValueSpecification\",\"valueRequired\":true,\"valueName\":\"search_term_string\"}}],\"inLanguage\":\"en-US\"}]}<\/script>\n<!-- \/ Yoast SEO plugin. -->","yoast_head_json":{"title":"Aplicaciones Pilas de Combustible - DivulgaH2","description":"Las pilas de combustible comprenden una amplia variedad de aplicaciones...","robots":{"index":"index","follow":"follow","max-snippet":"max-snippet:-1","max-image-preview":"max-image-preview:large","max-video-preview":"max-video-preview:-1"},"canonical":"https:\/\/divulgah2.es\/aprende-sobre\/pilas-de-combustible\/aplicaciones\/","og_locale":"en_US","og_type":"article","og_title":"Aplicaciones Pilas de Combustible - DivulgaH2","og_description":"Las pilas de combustible comprenden una amplia variedad de aplicaciones...","og_url":"https:\/\/divulgah2.es\/aprende-sobre\/pilas-de-combustible\/aplicaciones\/","og_site_name":"DivulgaH2","article_publisher":"https:\/\/www.facebook.com\/divulgah2?ref=hl","article_modified_time":"2014-07-30T18:24:34+00:00","twitter_misc":{"Est. reading time":"1 minute"},"schema":{"@context":"https:\/\/schema.org","@graph":[{"@type":"WebPage","@id":"https:\/\/divulgah2.es\/aprende-sobre\/pilas-de-combustible\/aplicaciones\/","url":"https:\/\/divulgah2.es\/aprende-sobre\/pilas-de-combustible\/aplicaciones\/","name":"Aplicaciones Pilas de Combustible - DivulgaH2","isPartOf":{"@id":"https:\/\/divulgah2.es\/#website"},"datePublished":"2014-06-10T07:18:48+00:00","dateModified":"2014-07-30T18:24:34+00:00","description":"Las pilas de combustible comprenden una amplia variedad de aplicaciones...","breadcrumb":{"@id":"https:\/\/divulgah2.es\/aprende-sobre\/pilas-de-combustible\/aplicaciones\/#breadcrumb"},"inLanguage":"en-US","potentialAction":[{"@type":"ReadAction","target":["https:\/\/divulgah2.es\/aprende-sobre\/pilas-de-combustible\/aplicaciones\/"]}]},{"@type":"BreadcrumbList","@id":"https:\/\/divulgah2.es\/aprende-sobre\/pilas-de-combustible\/aplicaciones\/#breadcrumb","itemListElement":[{"@type":"ListItem","position":1,"name":"Portada","item":"https:\/\/divulgah2.es\/"},{"@type":"ListItem","position":2,"name":"Aprende sobre&#8230;","item":"https:\/\/divulgah2.es\/aprende-sobre\/"},{"@type":"ListItem","position":3,"name":"Pilas de combustible","item":"https:\/\/divulgah2.es\/aprende-sobre\/pilas-de-combustible\/"},{"@type":"ListItem","position":4,"name":"Aplicaciones"}]},{"@type":"WebSite","@id":"https:\/\/divulgah2.es\/#website","url":"https:\/\/divulgah2.es\/","name":"DivulgaH2","description":"Divulgaci\u00f3n de las tecnolog\u00edas de hidr\u00f3geno y pilas de combustible a la sociedad","potentialAction":[{"@type":"SearchAction","target":{"@type":"EntryPoint","urlTemplate":"https:\/\/divulgah2.es\/?s={search_term_string}"},"query-input":{"@type":"PropertyValueSpecification","valueRequired":true,"valueName":"search_term_string"}}],"inLanguage":"en-US"}]}},"_links":{"self":[{"href":"https:\/\/divulgah2.es\/en\/wp-json\/wp\/v2\/pages\/962","targetHints":{"allow":["GET"]}}],"collection":[{"href":"https:\/\/divulgah2.es\/en\/wp-json\/wp\/v2\/pages"}],"about":[{"href":"https:\/\/divulgah2.es\/en\/wp-json\/wp\/v2\/types\/page"}],"author":[{"embeddable":true,"href":"https:\/\/divulgah2.es\/en\/wp-json\/wp\/v2\/users\/1"}],"replies":[{"embeddable":true,"href":"https:\/\/divulgah2.es\/en\/wp-json\/wp\/v2\/comments?post=962"}],"version-history":[{"count":4,"href":"https:\/\/divulgah2.es\/en\/wp-json\/wp\/v2\/pages\/962\/revisions"}],"predecessor-version":[{"id":970,"href":"https:\/\/divulgah2.es\/en\/wp-json\/wp\/v2\/pages\/962\/revisions\/970"}],"up":[{"embeddable":true,"href":"https:\/\/divulgah2.es\/en\/wp-json\/wp\/v2\/pages\/875"}],"wp:attachment":[{"href":"https:\/\/divulgah2.es\/en\/wp-json\/wp\/v2\/media?parent=962"}],"curies":[{"name":"wp","href":"https:\/\/api.w.org\/{rel}","templated":true}]}}